{"id":2243,"date":"2021-06-07T08:07:54","date_gmt":"2021-06-07T08:07:54","guid":{"rendered":"https:\/\/fastercasinos.com\/?page_id=2243"},"modified":"2023-09-21T07:21:11","modified_gmt":"2023-09-21T07:21:11","slug":"bewertungen","status":"publish","type":"page","link":"https:\/\/fastercasinos.com\/de\/casino\/bewertungen\/","title":{"rendered":"Casino Bewertungen"},"content":{"rendered":"\n<h1 class=\"wp-block-heading\">Casino Bewertungen bei Fastercasinos<\/h1>\n\n\n\n<p>Fast jeden Tag erscheint in Deutschland ein neues Online-Casino. Klar ist es bei dieser F\u00fclle an Angeboten nicht m\u00f6glich, jede Spielhalle einzeln auszuprobieren. Deswegen versuchen wir bei Fastercasinos, dir mit Hilfe unserer Expertise im Bereich Online Casinos, nur das Beste zu zeigen, indem wir s\u00e4mtliche Anbieter auf dem Markt unter die Lupe nehmen und bewerten. Unsere Bewertungen basieren auf strengen Kriterien, wobei der Faktor Geschwindigkeit von h\u00f6chster Bedeutung ist. Auf unserer Seite findest du viele Bewertungen mit Fokus auf die schnellen Abl\u00e4ufe im Casino.<\/p>\n\n\n\n<h2 class=\"wp-block-heading\">Unser Casino Bewertungen<\/h2>\n\n\n<div class=\"card-review\">\n    <div class=\"image\">\n        <img decoding=\"async\" src=\"https:\/\/fastercasinos.com\/wp-content\/uploads\/2024\/08\/Lord-Lucky-Casino.png\" alt=\"Lord Lucky Casino\"\/>\n    <\/div>\n    <div class=\"title\">\n        Lord Lucky Casino\n    <\/div>\n    <div class=\"link\">\n        <a href=\"https:\/\/fastercasinos.com\/de\/casino\/bewertungen\/lord-lucky-casino\/\" class=\"button outline full-width\">Lord Lucky Casino<\/a>\n    <\/div>\n<\/div>\n<div class=\"card-review\">\n    <div class=\"image\">\n        <img decoding=\"async\" src=\"https:\/\/fastercasinos.com\/wp-content\/uploads\/2024\/08\/nine-casino-1.png\" alt=\"Nine casino\"\/>\n    <\/div>\n    <div class=\"title\">\n        Nine casino\n    <\/div>\n    <div class=\"link\">\n        <a href=\"https:\/\/fastercasinos.com\/de\/casino\/bewertungen\/nine-casino\/\" class=\"button outline full-width\">Nine casino<\/a>\n    <\/div>\n<\/div>\n<div class=\"card-review\">\n    <div class=\"image\">\n        <img decoding=\"async\" src=\"https:\/\/fastercasinos.com\/wp-content\/uploads\/2024\/04\/need-for-spin-casino-logo-230x230s.svg\" alt=\"Need for Spin\u00a0Casino\"\/>\n    <\/div>\n    <div class=\"title\">\n        Need for Spin\u00a0Casino\n    <\/div>\n    <div class=\"link\">\n        <a href=\"https:\/\/fastercasinos.com\/de\/casino\/bewertungen\/need-for-spin-casino\/\" class=\"button outline full-width\">Need for Spin\u00a0Casino<\/a>\n    <\/div>\n<\/div>\n<div class=\"card-review\">\n    <div class=\"image\">\n        <img decoding=\"async\" src=\"https:\/\/fastercasinos.com\/wp-content\/uploads\/2024\/04\/starda-casino-logo.png\" alt=\"Starda Casino\"\/>\n    <\/div>\n    <div class=\"title\">\n        Starda Casino\n    <\/div>\n    <div class=\"link\">\n        <a href=\"https:\/\/fastercasinos.com\/de\/casino\/bewertungen\/starda-casino\/\" class=\"button outline full-width\">Starda Casino<\/a>\n    <\/div>\n<\/div>\n<div class=\"card-review\">\n    <div class=\"image\">\n        <img decoding=\"async\" src=\"https:\/\/fastercasinos.com\/wp-content\/uploads\/2024\/04\/pelican-casino-logo-180.webp\" alt=\"Pelican Casino\"\/>\n    <\/div>\n    <div class=\"title\">\n        Pelican Casino\n    <\/div>\n    <div class=\"link\">\n        <a href=\"https:\/\/fastercasinos.com\/de\/casino\/bewertungen\/pelican-casino\/\" class=\"button outline full-width\">Pelican Casino<\/a>\n    <\/div>\n<\/div>\n<div class=\"card-review\">\n    <div class=\"image\">\n        <img decoding=\"async\" src=\"https:\/\/fastercasinos.com\/wp-content\/uploads\/2024\/04\/slotmagie-logo.png.webp\" alt=\"Slotmagie\"\/>\n    <\/div>\n    <div class=\"title\">\n        Slotmagie\n    <\/div>\n    <div class=\"link\">\n        <a href=\"https:\/\/fastercasinos.com\/de\/casino\/bewertungen\/slotmagie\/\" class=\"button outline full-width\">Slotmagie<\/a>\n    <\/div>\n<\/div>\n<div class=\"card-review\">\n    <div class=\"image\">\n        <img decoding=\"async\" src=\"https:\/\/fastercasinos.com\/wp-content\/uploads\/2021\/06\/MountGold-Casino.png\" alt=\"Mount Gold Casino\"\/>\n    <\/div>\n    <div class=\"title\">\n        Mount Gold Casino\n    <\/div>\n    <div class=\"link\">\n        <a href=\"https:\/\/fastercasinos.com\/de\/casino\/bewertungen\/mount-gold-casino\/\" class=\"button outline full-width\">Mount Gold Casino<\/a>\n    <\/div>\n<\/div>\n<div class=\"card-review\">\n    <div class=\"image\">\n        <img decoding=\"async\" src=\"https:\/\/fastercasinos.com\/wp-content\/uploads\/2021\/06\/VulkanVegas-Casino.png\" alt=\"Vulkan Vegas\"\/>\n    <\/div>\n    <div class=\"title\">\n        Vulkan Vegas\n    <\/div>\n    <div class=\"link\">\n        <a href=\"https:\/\/fastercasinos.com\/de\/casino\/bewertungen\/vulkan-vegas\/\" class=\"button outline full-width\">Vulkan Vegas<\/a>\n    <\/div>\n<\/div>\n<div class=\"card-review\">\n    <div class=\"image\">\n        <img decoding=\"async\" src=\"https:\/\/fastercasinos.com\/wp-content\/uploads\/2021\/06\/KingBilly-Casino.png\" alt=\"King Billy Casino\"\/>\n    <\/div>\n    <div class=\"title\">\n        King Billy Casino\n    <\/div>\n    <div class=\"link\">\n        <a href=\"https:\/\/fastercasinos.com\/de\/casino\/bewertungen\/king-billy-casino\/\" class=\"button outline full-width\">King Billy Casino<\/a>\n    <\/div>\n<\/div>\n<div class=\"card-review\">\n    <div class=\"image\">\n        <img decoding=\"async\" src=\"https:\/\/fastercasinos.com\/wp-content\/uploads\/2021\/06\/N1-Casino.png\" alt=\"N1 Casino\"\/>\n    <\/div>\n    <div class=\"title\">\n        N1 Casino\n    <\/div>\n    <div class=\"link\">\n        <a href=\"https:\/\/fastercasinos.com\/de\/casino\/bewertungen\/n1-casino\/\" class=\"button outline full-width\">N1 Casino<\/a>\n    <\/div>\n<\/div>\n<div class=\"card-review\">\n    <div class=\"image\">\n        <img decoding=\"async\" src=\"https:\/\/fastercasinos.com\/wp-content\/uploads\/2021\/06\/Frumzi-Casino.png\" alt=\"Frumzi Casino\"\/>\n    <\/div>\n    <div class=\"title\">\n        Frumzi Casino\n    <\/div>\n    <div class=\"link\">\n        <a href=\"https:\/\/fastercasinos.com\/de\/casino\/bewertungen\/frumzi-casino\/\" class=\"button outline full-width\">Frumzi Casino<\/a>\n    <\/div>\n<\/div>\n<div class=\"card-review\">\n    <div class=\"image\">\n        <img decoding=\"async\" src=\"https:\/\/fastercasinos.com\/wp-content\/uploads\/2021\/06\/Gslot-Casino.png\" alt=\"GSlot\"\/>\n    <\/div>\n    <div class=\"title\">\n        GSlot\n    <\/div>\n    <div class=\"link\">\n        <a href=\"https:\/\/fastercasinos.com\/de\/casino\/bewertungen\/gslot\/\" class=\"button outline full-width\">GSlot<\/a>\n    <\/div>\n<\/div>\n<div class=\"card-review\">\n    <div class=\"image\">\n        <img decoding=\"async\" src=\"https:\/\/fastercasinos.com\/wp-content\/uploads\/2021\/06\/SvenPlay-Casino.png\" alt=\"Svenplay Casino\"\/>\n    <\/div>\n    <div class=\"title\">\n        Svenplay Casino\n    <\/div>\n    <div class=\"link\">\n        <a href=\"https:\/\/fastercasinos.com\/de\/casino\/bewertungen\/svenplay-casino\/\" class=\"button outline full-width\">Svenplay Casino<\/a>\n    <\/div>\n<\/div>\n<div class=\"card-review\">\n    <div class=\"image\">\n        <img decoding=\"async\" src=\"https:\/\/fastercasinos.com\/wp-content\/uploads\/2021\/06\/Unikrn-Casino.png\" alt=\"Unikrn Casino\"\/>\n    <\/div>\n    <div class=\"title\">\n        Unikrn Casino\n    <\/div>\n    <div class=\"link\">\n        <a href=\"https:\/\/fastercasinos.com\/de\/casino\/bewertungen\/unikrn-casino\/\" class=\"button outline full-width\">Unikrn Casino<\/a>\n    <\/div>\n<\/div>\n\n\n\n\n<h2 class=\"wp-block-heading\">Worauf achten wir bei unseren Casino Bewertungen<\/h2>\n\n\n<div class=\"wp-block-image\">\n<figure class=\"alignleft size-large\"><img loading=\"lazy\" decoding=\"async\" width=\"800\" height=\"400\" src=\"https:\/\/fastercasinos.com\/wp-content\/uploads\/2021\/06\/CasinoBewertungen-1.png\" alt=\"Casino Bewertungen und die Kriterien\" class=\"wp-image-2246\" srcset=\"https:\/\/fastercasinos.com\/wp-content\/uploads\/2021\/06\/CasinoBewertungen-1.png 800w, https:\/\/fastercasinos.com\/wp-content\/uploads\/2021\/06\/CasinoBewertungen-1-300x150.png 300w, https:\/\/fastercasinos.com\/wp-content\/uploads\/2021\/06\/CasinoBewertungen-1-768x384.png 768w\" sizes=\"auto, (max-width: 800px) 100vw, 800px\" \/><\/figure>\n<\/div>\n\n\n<p>Das Erste, was jeden Spieler in einem Online-Casino interessiert, ist die Auswahl guter Spieltitel, gefolgt von Casino Boni. Ob dein Aufenthalt in der Spielhalle jedoch ein spezielles Erlebnis sein oder dich entt\u00e4uschen wird, bestimmen viele andere, scheinbar unbedeutende Dinge. Bei der \u00dcberpr\u00fcfung, dem Vergleich und der Beurteilung eines Gl\u00fccksspielanbieters bei Fastercasinos, nutzen wir zahlreiche Kriterien, immer mit dem Fokus auf Schnelligkeit. Die wichtigsten Abl\u00e4ufe in einem Casino sollten stets mit hoher Geschwindigkeit vonstatten gehen, wobei wir im besten Fall sogar von einem \u00e4u\u00dferst schnellen <a href=\"https:\/\/fastercasinos.com\/de\/casino\/ohne-umsatzbedingungen\/\">Casino ohne Umsatzbedingungen<\/a> sprechen. Online Casino Kriterien, auf die wir besonderen Wert legen sind folgende:<\/p>\n\n\n\n<ul class=\"wp-block-list\"><li>Schnelle Einzahlungen: Wie schnell und einfach ist es, Geld auf dein Casino-Konto einzuzahlen, bevor du anf\u00e4ngst zu spielen?<\/li><li>Schnelle Zahlungsmethoden: Wie lange dauert es, bis dein Geld das Casino erreicht, wenn du die vielen heute verf\u00fcgbaren Optionen zur Zahlung nutzt?<\/li><li>Schnelle Auszahlungen: Wie lange musst du warten, bis die Betr\u00e4ge ausgezahlt werden, die du gewonnen hast?<\/li><li>Aktuelle Bonusangebote: Was bietet das Online-Casino seinen Neukunden und Stammspielern spezielles an? Sind die Bedingungen der Sonderangebote erf\u00fcllbar?<\/li><li>Deutsche Sprache im Casino: Kannst du dich auf die freundliche und kompetente Hilfe der Mitarbeiter verlassen? Ist der Kundendienst in deutscher Sprache verf\u00fcgbar?<\/li><li>Richtige Lizenzen: Ist es m\u00f6glich, im Casino bedenkenlos, ohne die Gefahr von Betrug, zu spielen?<\/li><\/ul>\n\n\n\n<p>All diese Faktoren bestimmen das allgemeine Gef\u00fchl eines Spielers bei seinem Besuch in der Spielhalle. Deshalb widmen wir ihnen bei Fastercasinos besondere Aufmerksamkeit. Das Wichtigste f\u00fcr uns ist jedoch das gute Gef\u00fchl beim jeweiligen Gl\u00fccksspielanbieter. Das Hauptziel eines jeden Spielfans ist, das gew\u00fcnschte Spiel so schnell wie m\u00f6glich zu erreichen, um den Spielspa\u00df in vollen Z\u00fcgen und unmittelbar genie\u00dfen zu k\u00f6nnen. Aus diesem Grund haben wir das Thema Geschwindigkeit im Casino zu unserer Mission gemacht. Mal sehen, was die Bewertungskriterien vor diesem Hintergrund im Detail bedeuten.<\/p>\n\n\n\n<h3 class=\"wp-block-heading\"><strong>Schnelle Einzahlungen<\/strong><\/h3>\n\n\n\n<p>Um dein Lieblingsspiel mit Echtgeld genie\u00dfen zu k\u00f6nnen, musst du zun\u00e4chst Geld einzahlen. Fast alle modernen Zahlungsmethoden bieten eine schnelle \u00dcberweisung auf das Casino-Konto, aber nicht alle Vorg\u00e4nge waren in unserem Test gleich schnell. Oft musst du dich zun\u00e4chst beim Casino deiner Wahl anmelden. Falls du kein Casino-Kunde bist, steht eine Registrierung bevor. Wenn das Spiel dein Ziel ist, ist dies sehr nervig und braucht vor allem viel Zeit. In Pay-N-Play Casinos spielt man sofort und vorerst ohne Anmeldung.&nbsp;<\/p>\n\n\n\n<h3 class=\"wp-block-heading\"><strong>Schnelle Zahlungsmethoden<\/strong><\/h3>\n\n\n\n<p>Dank der Digitalisierung der Branche sind schnelle Zahlungen in einem Online-Casino heute kein Problem mehr. Bei der Bewertung eines Anbieters nach diesem Kriterium schauen wir uns nach Optionen f\u00fcr schnelle Zahlungen um. E-Wallets, Sofort\u00fcberweisungen und Zahlungen mit Kryptow\u00e4hrungen sind in der Regel die schnellsten Methoden. Mit Kredit- und Debitkarten dauert die Einzahlung etwas l\u00e4nger, aber auch hier geschieht das N\u00f6tige in wenigen Minuten. Verz\u00f6gerungen gibt es wegen der jeweiligen Regeln der Bankinstitute. Bank\u00fcberweisungen sind f\u00fcr die schnelllebige Welt der Online-Gl\u00fccksspiele weniger geeignet.<\/p>\n\n\n\n<h3 class=\"wp-block-heading\"><strong>Schnelle Auszahlungen<\/strong><\/h3>\n\n\n\n<p>Bei Einzahlungen geht es oft schnell voran. Doch bei der Auszahlung von Gewinnen ist dies leider etwas anders. Ein <a href=\"https:\/\/fastercasinos.com\/de\/\">Online Casino mit Sofortauszahlung<\/a> ist somit die Wahl jener Spieler, f\u00fcr die es schnell gehen muss. Deshalb legen wir bei Fastercasinos gro\u00dfen Wert auf Casinos mit schnellen Auszahlungen. Die Zahlungsmethoden eines Anbieters sind verschieden schnell. Auch hier sind E-Wallets wie Neteller und Skrill sowie Dienste wie Trustly f\u00fchrend. Jedoch ist die Verifizierung der Auszahlungen durch das Online-Casino manchmal ein Problem und kann leicht mehrere Tage dauern. Genau das nehmen wir bei unseren Bewertungen genau unter die Lupe.<\/p>\n\n\n\n<h3 class=\"wp-block-heading\"><strong>Aktuelle Bonusangebote<\/strong><\/h3>\n\n\n\n<p>Heute konkurrieren Online-Casinos darum, ihren Kunden immer bessere Angebote zu machen. Selbst vierstellige Boni sind dabei m\u00f6glich. Aber Bonus ist nicht gleich Bonus. Jedes Angebot ist an bestimmte Umsatzbedingungen gebunden, die innerhalb eines bestimmten Zeitraums erf\u00fcllt werden m\u00fcssen. Einige Casinos bieten die sogenannten Sticky-Boni an, die Spieler niemals freispielen k\u00f6nnen. Genau solche schwarzen Schafe behalten wir bei Fastercasinos im Auge. Die Boni der von uns empfohlenen Anbieter sollten nicht nur gro\u00dfz\u00fcgig sein, sondern auch faire Bedingungen haben.<\/p>\n\n\n\n<h3 class=\"wp-block-heading\"><strong>Deutsche Sprache im Casino<\/strong><\/h3>\n\n\n\n<p>Zu Beginn seiner Spielerkarriere hat fast jeder Casino-Kunde eine Menge Fragen. Da ist ein schneller und kompetenter Kundendienst gefragt. Bei unseren Bewertungen ist es uns wichtig, dass die Antworten auf die Fragen und die L\u00f6sungen f\u00fcr etwaige Probleme effektiv sind, ohne dass man jedoch ewig darauf warten muss. Aber was n\u00fctzt es dem deutschen Spieler, wenn der Mitarbeiter im Kundendienst kein Deutsch spricht? Deshalb legen wir Wert auf einen deutschsprachigen Kundendienst. Die Casino-Seite muss ebenfalls auf Deutsch verfasst sein.<\/p>\n\n\n\n<h3 class=\"wp-block-heading\"><strong>Seri\u00f6se Lizenzen<\/strong><\/h3>\n\n\n\n<p>Ein wichtiges Merkmal eines seri\u00f6sen Anbieters ist eine g\u00fcltige Lizenz. Nicht alle Lizenzbeh\u00f6rden sind aber gleich streng. Deshalb bevorzugen wir eher Spielhallen mit g\u00fcltigen EU-Lizenzen, wie zum Beispiel von der Malta Gaming Authority (MGA), die f\u00fcr ihre gr\u00fcndlichen Inspektionen bekannt ist. So ist man als Spieler sicher, dass Gewinne ausgezahlt werden. Nat\u00fcrlich pr\u00fcfen wir genau, wie Finanztransaktionen und personenbezogene Daten vor neugierigen Blicken gesch\u00fctzt sind. Zudem lassen wir den Schutz der Spieler vor Spielsucht und die rechtlichen Informationen auf der Casino-Webseite nicht au\u00dfer Acht.<\/p>\n\n\n\n<h2 class=\"wp-block-heading\">Die Erfahrungen, die wir bei unseren Casino Bewertungen gesammelt haben<\/h2>\n\n\n\n<p>Beim Testen und Vergleichen all dieser Casinos haben wir sehr wertvolle Erfahrungen gesammelt. Diese helfen uns auch in Zukunft, die besten Angebote in der Welt des Online-Gl\u00fccksspiels f\u00fcr dich zu finden. Wir sind auf viele Casinos mit fragw\u00fcrdigen Lizenzen gesto\u00dfen, die wir dir nat\u00fcrlich niemals empfehlen werden. Auch haben wir viele schlecht \u00fcbersetzte Casino-Seiten und wenig interessierte Mitarbeiter im Kundendienst getroffen, die wir nur mit einem automatischen \u00dcbersetzer verstehen konnten. All dies wird dir mit den von Fastercasinos empfohlenen Online-Casinos erspart bleiben.<\/p>\n\n\n\n<h2 class=\"wp-block-heading\">Online-Casinos, die in unseren Casino Bewertungen stark punkten<\/h2>\n\n\n\n<p>Die Spielotheken, die wir empfehlen, bieten in der Regel verschiedene Leistungen an, die uns besonders wertvoll scheinen. In einigen Online-Casinos kannst du einen tollen Bonus zu guten Bedingungen genie\u00dfen, wobei Gewinne schnell und ohne viel b\u00fcrokratischen Schnickschnack ausgezahlt werden. Oft gibt es aber in Casinos mit schnellen Auszahlungen oder in Spielhallen, in denen du sofort nach der Einzahlung ohne Anmeldung spielen kannst, keine guten Boni. Bei Fastercasinos werden nat\u00fcrlich alle Aspekte ber\u00fccksichtigt.<\/p>\n\n\n\n<h2 class=\"wp-block-heading\">Auf unsere Casino Bewertungen kannst du dich verlassen<\/h2>\n\n\n\n<p>Die Wahl des richtigen Online-Casinos ist heute nicht einfach. \u00dcberall locken tolle Angebote. Wenn du keinen Fehler machen willst, der dir den Spa\u00df beim Spielen verdirbt, baust du auf unsere Erfahrung. Die Anbieter, die wir f\u00fcr dich ausgew\u00e4hlt haben, sind sicher und vor allem schnell. Du sollst nicht ewig warten, um mit dem Spiel zu beginnen. Mit unseren Erfahrungen werden deine Gewinne bald auf deinem Konto eintreffen und dein Herz h\u00f6her schlagen lassen. Vertraue uns und lies unsere Casino Bewertungen, bevor du dich entscheidest!<\/p>\n","protected":false},"excerpt":{"rendered":"<p>Casino Bewertungen bei Fastercasinos Fast jeden Tag erscheint in Deutschland ein neues Online-Casino. Klar ist es bei dieser F\u00fclle an&#8230;<\/p>\n","protected":false},"author":6,"featured_media":0,"parent":2226,"menu_order":0,"comment_status":"closed","ping_status":"closed","template":"","meta":{"_acf_changed":false,"footnotes":""},"class_list":["post-2243","page","type-page","status-publish","hentry"],"acf":[],"yoast_head":"<!-- This site is optimized with the Yoast SEO plugin v27.0 - https:\/\/yoast.com\/product\/yoast-seo-wordpress\/ -->\n<title>Die ehrlichen Casino Bewertungen, bei denen Schnelligkeit z\u00e4hlt<\/title>\n<meta name=\"description\" content=\"Bei den Casino Bewertungen w\u00e4hlen wir f\u00fcr dich die besten Online-Spielhallen nach verschiedenen Kriterien aus. Schnelligkeit ist dabei f\u00fcr uns sehr wichtig.\" \/>\n<meta name=\"robots\" content=\"index, follow, max-snippet:-1, max-image-preview:large, max-video-preview:-1\" \/>\n<link rel=\"canonical\" href=\"https:\/\/fastercasinos.com\/de\/casino\/bewertungen\/\" \/>\n<meta property=\"og:locale\" content=\"de_DE\" \/>\n<meta property=\"og:type\" content=\"article\" \/>\n<meta property=\"og:title\" content=\"Die ehrlichen Casino Bewertungen, bei denen Schnelligkeit z\u00e4hlt\" \/>\n<meta property=\"og:description\" content=\"Bei den Casino Bewertungen w\u00e4hlen wir f\u00fcr dich die besten Online-Spielhallen nach verschiedenen Kriterien aus. Schnelligkeit ist dabei f\u00fcr uns sehr wichtig.\" \/>\n<meta property=\"og:url\" content=\"https:\/\/fastercasinos.com\/de\/casino\/bewertungen\/\" \/>\n<meta property=\"og:site_name\" content=\"Faster casinos\" \/>\n<meta property=\"article:modified_time\" content=\"2023-09-21T07:21:11+00:00\" \/>\n<meta property=\"og:image\" content=\"https:\/\/fastercasinos.com\/wp-content\/uploads\/2021\/06\/CasinoBewertungen-1.png\" \/>\n<meta name=\"twitter:card\" content=\"summary_large_image\" \/>\n<meta name=\"twitter:label1\" content=\"Gesch\u00e4tzte Lesezeit\" \/>\n\t<meta name=\"twitter:data1\" content=\"6\u00a0Minuten\" \/>\n<script type=\"application\/ld+json\" class=\"yoast-schema-graph\">{\"@context\":\"https:\/\/schema.org\",\"@graph\":[{\"@type\":\"WebPage\",\"@id\":\"https:\/\/fastercasinos.com\/de\/casino\/bewertungen\/\",\"url\":\"https:\/\/fastercasinos.com\/de\/casino\/bewertungen\/\",\"name\":\"Die ehrlichen Casino Bewertungen, bei denen Schnelligkeit z\u00e4hlt\",\"isPartOf\":{\"@id\":\"https:\/\/fastercasinos.com\/de\/#website\"},\"primaryImageOfPage\":{\"@id\":\"https:\/\/fastercasinos.com\/de\/casino\/bewertungen\/#primaryimage\"},\"image\":{\"@id\":\"https:\/\/fastercasinos.com\/de\/casino\/bewertungen\/#primaryimage\"},\"thumbnailUrl\":\"https:\/\/fastercasinos.com\/wp-content\/uploads\/2021\/06\/CasinoBewertungen-1.png\",\"datePublished\":\"2021-06-07T08:07:54+00:00\",\"dateModified\":\"2023-09-21T07:21:11+00:00\",\"description\":\"Bei den Casino Bewertungen w\u00e4hlen wir f\u00fcr dich die besten Online-Spielhallen nach verschiedenen Kriterien aus. Schnelligkeit ist dabei f\u00fcr uns sehr wichtig.\",\"breadcrumb\":{\"@id\":\"https:\/\/fastercasinos.com\/de\/casino\/bewertungen\/#breadcrumb\"},\"inLanguage\":\"de\",\"potentialAction\":[{\"@type\":\"ReadAction\",\"target\":[\"https:\/\/fastercasinos.com\/de\/casino\/bewertungen\/\"]}]},{\"@type\":\"ImageObject\",\"inLanguage\":\"de\",\"@id\":\"https:\/\/fastercasinos.com\/de\/casino\/bewertungen\/#primaryimage\",\"url\":\"https:\/\/fastercasinos.com\/wp-content\/uploads\/2021\/06\/CasinoBewertungen-1.png\",\"contentUrl\":\"https:\/\/fastercasinos.com\/wp-content\/uploads\/2021\/06\/CasinoBewertungen-1.png\"},{\"@type\":\"BreadcrumbList\",\"@id\":\"https:\/\/fastercasinos.com\/de\/casino\/bewertungen\/#breadcrumb\",\"itemListElement\":[{\"@type\":\"ListItem\",\"position\":1,\"name\":\"Schnelle Casinos\",\"item\":\"https:\/\/fastercasinos.com\/de\/\"},{\"@type\":\"ListItem\",\"position\":2,\"name\":\"Deutsche Online Casinos\",\"item\":\"https:\/\/fastercasinos.com\/de\/casino\/\"},{\"@type\":\"ListItem\",\"position\":3,\"name\":\"Casino Bewertungen\"}]},{\"@type\":\"WebSite\",\"@id\":\"https:\/\/fastercasinos.com\/de\/#website\",\"url\":\"https:\/\/fastercasinos.com\/de\/\",\"name\":\"Faster casinos\",\"description\":\"Fast or nothing!\",\"publisher\":{\"@id\":\"https:\/\/fastercasinos.com\/de\/#organization\"},\"potentialAction\":[{\"@type\":\"SearchAction\",\"target\":{\"@type\":\"EntryPoint\",\"urlTemplate\":\"https:\/\/fastercasinos.com\/de\/?s={search_term_string}\"},\"query-input\":{\"@type\":\"PropertyValueSpecification\",\"valueRequired\":true,\"valueName\":\"search_term_string\"}}],\"inLanguage\":\"de\"},{\"@type\":\"Organization\",\"@id\":\"https:\/\/fastercasinos.com\/de\/#organization\",\"name\":\"Fastercasinos.com\",\"url\":\"https:\/\/fastercasinos.com\/de\/\",\"logo\":{\"@type\":\"ImageObject\",\"inLanguage\":\"de\",\"@id\":\"https:\/\/fastercasinos.com\/de\/#\/schema\/logo\/image\/\",\"url\":\"https:\/\/fastercasinos.com\/wp-content\/uploads\/2022\/06\/Fastercasinos-logo.svg\",\"contentUrl\":\"https:\/\/fastercasinos.com\/wp-content\/uploads\/2022\/06\/Fastercasinos-logo.svg\",\"caption\":\"Fastercasinos.com\"},\"image\":{\"@id\":\"https:\/\/fastercasinos.com\/de\/#\/schema\/logo\/image\/\"}}]}<\/script>\n<!-- \/ Yoast SEO plugin. -->","yoast_head_json":{"title":"Die ehrlichen Casino Bewertungen, bei denen Schnelligkeit z\u00e4hlt","description":"Bei den Casino Bewertungen w\u00e4hlen wir f\u00fcr dich die besten Online-Spielhallen nach verschiedenen Kriterien aus. Schnelligkeit ist dabei f\u00fcr uns sehr wichtig.","robots":{"index":"index","follow":"follow","max-snippet":"max-snippet:-1","max-image-preview":"max-image-preview:large","max-video-preview":"max-video-preview:-1"},"canonical":"https:\/\/fastercasinos.com\/de\/casino\/bewertungen\/","og_locale":"de_DE","og_type":"article","og_title":"Die ehrlichen Casino Bewertungen, bei denen Schnelligkeit z\u00e4hlt","og_description":"Bei den Casino Bewertungen w\u00e4hlen wir f\u00fcr dich die besten Online-Spielhallen nach verschiedenen Kriterien aus. Schnelligkeit ist dabei f\u00fcr uns sehr wichtig.","og_url":"https:\/\/fastercasinos.com\/de\/casino\/bewertungen\/","og_site_name":"Faster casinos","article_modified_time":"2023-09-21T07:21:11+00:00","og_image":[{"url":"https:\/\/fastercasinos.com\/wp-content\/uploads\/2021\/06\/CasinoBewertungen-1.png","type":"","width":"","height":""}],"twitter_card":"summary_large_image","twitter_misc":{"Gesch\u00e4tzte Lesezeit":"6\u00a0Minuten"},"schema":{"@context":"https:\/\/schema.org","@graph":[{"@type":"WebPage","@id":"https:\/\/fastercasinos.com\/de\/casino\/bewertungen\/","url":"https:\/\/fastercasinos.com\/de\/casino\/bewertungen\/","name":"Die ehrlichen Casino Bewertungen, bei denen Schnelligkeit z\u00e4hlt","isPartOf":{"@id":"https:\/\/fastercasinos.com\/de\/#website"},"primaryImageOfPage":{"@id":"https:\/\/fastercasinos.com\/de\/casino\/bewertungen\/#primaryimage"},"image":{"@id":"https:\/\/fastercasinos.com\/de\/casino\/bewertungen\/#primaryimage"},"thumbnailUrl":"https:\/\/fastercasinos.com\/wp-content\/uploads\/2021\/06\/CasinoBewertungen-1.png","datePublished":"2021-06-07T08:07:54+00:00","dateModified":"2023-09-21T07:21:11+00:00","description":"Bei den Casino Bewertungen w\u00e4hlen wir f\u00fcr dich die besten Online-Spielhallen nach verschiedenen Kriterien aus. Schnelligkeit ist dabei f\u00fcr uns sehr wichtig.","breadcrumb":{"@id":"https:\/\/fastercasinos.com\/de\/casino\/bewertungen\/#breadcrumb"},"inLanguage":"de","potentialAction":[{"@type":"ReadAction","target":["https:\/\/fastercasinos.com\/de\/casino\/bewertungen\/"]}]},{"@type":"ImageObject","inLanguage":"de","@id":"https:\/\/fastercasinos.com\/de\/casino\/bewertungen\/#primaryimage","url":"https:\/\/fastercasinos.com\/wp-content\/uploads\/2021\/06\/CasinoBewertungen-1.png","contentUrl":"https:\/\/fastercasinos.com\/wp-content\/uploads\/2021\/06\/CasinoBewertungen-1.png"},{"@type":"BreadcrumbList","@id":"https:\/\/fastercasinos.com\/de\/casino\/bewertungen\/#breadcrumb","itemListElement":[{"@type":"ListItem","position":1,"name":"Schnelle Casinos","item":"https:\/\/fastercasinos.com\/de\/"},{"@type":"ListItem","position":2,"name":"Deutsche Online Casinos","item":"https:\/\/fastercasinos.com\/de\/casino\/"},{"@type":"ListItem","position":3,"name":"Casino Bewertungen"}]},{"@type":"WebSite","@id":"https:\/\/fastercasinos.com\/de\/#website","url":"https:\/\/fastercasinos.com\/de\/","name":"Faster casinos","description":"Fast or nothing!","publisher":{"@id":"https:\/\/fastercasinos.com\/de\/#organization"},"potentialAction":[{"@type":"SearchAction","target":{"@type":"EntryPoint","urlTemplate":"https:\/\/fastercasinos.com\/de\/?s={search_term_string}"},"query-input":{"@type":"PropertyValueSpecification","valueRequired":true,"valueName":"search_term_string"}}],"inLanguage":"de"},{"@type":"Organization","@id":"https:\/\/fastercasinos.com\/de\/#organization","name":"Fastercasinos.com","url":"https:\/\/fastercasinos.com\/de\/","logo":{"@type":"ImageObject","inLanguage":"de","@id":"https:\/\/fastercasinos.com\/de\/#\/schema\/logo\/image\/","url":"https:\/\/fastercasinos.com\/wp-content\/uploads\/2022\/06\/Fastercasinos-logo.svg","contentUrl":"https:\/\/fastercasinos.com\/wp-content\/uploads\/2022\/06\/Fastercasinos-logo.svg","caption":"Fastercasinos.com"},"image":{"@id":"https:\/\/fastercasinos.com\/de\/#\/schema\/logo\/image\/"}}]}},"_links":{"self":[{"href":"https:\/\/fastercasinos.com\/de\/wp-json\/wp\/v2\/pages\/2243","targetHints":{"allow":["GET"]}}],"collection":[{"href":"https:\/\/fastercasinos.com\/de\/wp-json\/wp\/v2\/pages"}],"about":[{"href":"https:\/\/fastercasinos.com\/de\/wp-json\/wp\/v2\/types\/page"}],"author":[{"embeddable":true,"href":"https:\/\/fastercasinos.com\/de\/wp-json\/wp\/v2\/users\/6"}],"replies":[{"embeddable":true,"href":"https:\/\/fastercasinos.com\/de\/wp-json\/wp\/v2\/comments?post=2243"}],"version-history":[{"count":6,"href":"https:\/\/fastercasinos.com\/de\/wp-json\/wp\/v2\/pages\/2243\/revisions"}],"predecessor-version":[{"id":5140,"href":"https:\/\/fastercasinos.com\/de\/wp-json\/wp\/v2\/pages\/2243\/revisions\/5140"}],"up":[{"embeddable":true,"href":"https:\/\/fastercasinos.com\/de\/wp-json\/wp\/v2\/pages\/2226"}],"wp:attachment":[{"href":"https:\/\/fastercasinos.com\/de\/wp-json\/wp\/v2\/media?parent=2243"}],"curies":[{"name":"wp","href":"https:\/\/api.w.org\/{rel}","templated":true}]}}