{"id":2397,"date":"2021-06-17T17:18:50","date_gmt":"2021-06-17T17:18:50","guid":{"rendered":"https:\/\/fastercasinos.com\/?page_id=2397"},"modified":"2021-06-17T17:18:52","modified_gmt":"2021-06-17T17:18:52","slug":"ueber-uns","status":"publish","type":"page","link":"https:\/\/fastercasinos.com\/de\/ueber-uns\/","title":{"rendered":"\u00dcber uns"},"content":{"rendered":"\n<h1 class=\"wp-block-heading\"><strong>\u00dcber uns<\/strong><\/h1>\n\n\n\n<p>Fastercasinos ist eine Gruppe von Casino-Experten, die es sich zur Aufgabe gemacht hat, eine umfassende Vergleichsseite zu schaffen, auf der Casino-Fans z\u00fcgig an Informationen und Fakten zu s\u00e4mtlichen Themen im Online Gl\u00fccksspiel gelangen. Hier erf\u00e4hrt man alles dar\u00fcber, wie man schnell im Casino unterwegs ist. Von der Auswahl eines Casinos bis hin zu schnellen Ein- und Auszahlungen. Die Betonung liegt auf \u201cschnell\u201d, denn hier gilt das Motto: \u201cSchnell, schneller, Fastercasinos!\u201d<\/p>\n\n\n\n<h2 class=\"wp-block-heading\"><strong>Wer steckt hinter Fastercasinos?<\/strong><\/h2>\n\n\n\n<p>Fastercasinos ist eine Gruppe von erfahrenen Casino-Experten, welche von ihrer Leidenschaft zum schnellen Online Gl\u00fccksspiel zusammengebracht wurde. Wir sind alle der Meinung, dass ein Spielerlebnis im Casino schnell und einfach ablaufen sollte. Aus diesem Anlass helfen wir mit unserer Expertise jedem Casinospieler, der gerne auf der \u00dcberholspur im Casino unterwegs ist.&nbsp;<\/p>\n\n\n\n<h2 class=\"wp-block-heading\"><strong>Wer bei Fastercasinos f\u00fcndig wird<\/strong><\/h2>\n\n\n\n<p>Bei Fastercasinos steht vor allem die Schnelligkeit im Casino im Vordergrund. Wer also von langsamen Abl\u00e4ufen im Casino gelangweilt ist, der ist hier richtig! Hier findet man alle Informationen dar\u00fcber, wie man schnell im Casino spielt. Wir helfen dabei ein schnelles Casino zu finden und haben spezielle Tipps parat, mit denen das Spielerlebnis noch schneller wird. Es spielt also keine Rolle, ob du ein Casino Anf\u00e4nger oder Experte bist.<\/p>\n\n\n\n<h2 class=\"wp-block-heading\"><strong>Unsere Mission<\/strong><\/h2>\n\n\n\n<p>Bei Fastercasinos geben wir uns nicht mit langsamen Abl\u00e4ufen im Casino zufrieden! Unsere Mission besteht darin, eine Vergleichsseite zu schaffen, die ein schnelles Casinoerlebnis garantiert. Wir werden also Casinoanbieter unter die Lupe nehmen und Informationen, Fakten und Kenntnisse kompakt f\u00fcr unsere Zielgruppe zusammenfassen. Mit Fastercasinos an deiner Seite wirst du zuk\u00fcnftig bei Registrierungs- oder Verifizierungsprozessen gut beraten sein. Au\u00dferdem zeigen wir dir, welche Zahlungsmethoden am besten und vor allem schnellsten funktionieren. Nat\u00fcrlich ber\u00fccksichtigen wir auch wichtige Aspekte im Zusammenhang mit verantwortungsbewusstem Spielen. Wir kl\u00e4ren \u00fcber spielbeschr\u00e4nkende Ma\u00dfnahmen wie Spiel-Limits oder Selbst-Ausschl\u00fcsse auf. Bei Fastercasinos spielst du sicher und schnell zugleich!<\/p>\n\n\n\n<p>Bitte beachte, dass selbst bei einer guten Sicherheitsstruktur die Notwendigkeit besteht, mit Selbstdisziplin und Verantwortungsbewusstsein im Casino um Echtgeld zu spielen.<\/p>\n\n\n\n<p>Viel Gl\u00fcck und Erfolg.<\/p>\n\n\n\n<p>\/ Das Team von Fastercasinos.com<\/p>\n","protected":false},"excerpt":{"rendered":"<p>\u00dcber uns Fastercasinos ist eine Gruppe von Casino-Experten, die es sich zur Aufgabe gemacht hat, eine umfassende Vergleichsseite zu schaffen,&#8230;<\/p>\n","protected":false},"author":6,"featured_media":0,"parent":0,"menu_order":0,"comment_status":"closed","ping_status":"closed","template":"","meta":{"_acf_changed":false,"footnotes":""},"class_list":["post-2397","page","type-page","status-publish","hentry"],"acf":[],"yoast_head":"<!-- This site is optimized with the Yoast SEO plugin v27.0 - https:\/\/yoast.com\/product\/yoast-seo-wordpress\/ -->\n<title>Alles \u00fcber uns bei Fastercasinos - Mission, Zielgruppe, Inhalte<\/title>\n<meta name=\"description\" content=\"Erfahre alles \u00fcber Fastercasinos. Wir erz\u00e4hlen dir, wer wir sind und warum es uns auf Schnelligkeit im Online Casino ankommt.\" \/>\n<meta name=\"robots\" content=\"index, follow, max-snippet:-1, max-image-preview:large, max-video-preview:-1\" \/>\n<link rel=\"canonical\" href=\"https:\/\/fastercasinos.com\/de\/ueber-uns\/\" \/>\n<meta property=\"og:locale\" content=\"de_DE\" \/>\n<meta property=\"og:type\" content=\"article\" \/>\n<meta property=\"og:title\" content=\"Alles \u00fcber uns bei Fastercasinos - Mission, Zielgruppe, Inhalte\" \/>\n<meta property=\"og:description\" content=\"Erfahre alles \u00fcber Fastercasinos. Wir erz\u00e4hlen dir, wer wir sind und warum es uns auf Schnelligkeit im Online Casino ankommt.\" \/>\n<meta property=\"og:url\" content=\"https:\/\/fastercasinos.com\/de\/ueber-uns\/\" \/>\n<meta property=\"og:site_name\" content=\"Faster casinos\" \/>\n<meta property=\"article:modified_time\" content=\"2021-06-17T17:18:52+00:00\" \/>\n<meta name=\"twitter:card\" content=\"summary_large_image\" \/>\n<meta name=\"twitter:label1\" content=\"Gesch\u00e4tzte Lesezeit\" \/>\n\t<meta name=\"twitter:data1\" content=\"2\u00a0Minuten\" \/>\n<script type=\"application\/ld+json\" class=\"yoast-schema-graph\">{\"@context\":\"https:\/\/schema.org\",\"@graph\":[{\"@type\":\"WebPage\",\"@id\":\"https:\/\/fastercasinos.com\/de\/ueber-uns\/\",\"url\":\"https:\/\/fastercasinos.com\/de\/ueber-uns\/\",\"name\":\"Alles \u00fcber uns bei Fastercasinos - Mission, Zielgruppe, Inhalte\",\"isPartOf\":{\"@id\":\"https:\/\/fastercasinos.com\/de\/#website\"},\"datePublished\":\"2021-06-17T17:18:50+00:00\",\"dateModified\":\"2021-06-17T17:18:52+00:00\",\"description\":\"Erfahre alles \u00fcber Fastercasinos. Wir erz\u00e4hlen dir, wer wir sind und warum es uns auf Schnelligkeit im Online Casino ankommt.\",\"breadcrumb\":{\"@id\":\"https:\/\/fastercasinos.com\/de\/ueber-uns\/#breadcrumb\"},\"inLanguage\":\"de\",\"potentialAction\":[{\"@type\":\"ReadAction\",\"target\":[\"https:\/\/fastercasinos.com\/de\/ueber-uns\/\"]}]},{\"@type\":\"BreadcrumbList\",\"@id\":\"https:\/\/fastercasinos.com\/de\/ueber-uns\/#breadcrumb\",\"itemListElement\":[{\"@type\":\"ListItem\",\"position\":1,\"name\":\"Schnelle Casinos\",\"item\":\"https:\/\/fastercasinos.com\/de\/\"},{\"@type\":\"ListItem\",\"position\":2,\"name\":\"\u00dcber uns\"}]},{\"@type\":\"WebSite\",\"@id\":\"https:\/\/fastercasinos.com\/de\/#website\",\"url\":\"https:\/\/fastercasinos.com\/de\/\",\"name\":\"Faster casinos\",\"description\":\"Fast or nothing!\",\"publisher\":{\"@id\":\"https:\/\/fastercasinos.com\/de\/#organization\"},\"potentialAction\":[{\"@type\":\"SearchAction\",\"target\":{\"@type\":\"EntryPoint\",\"urlTemplate\":\"https:\/\/fastercasinos.com\/de\/?s={search_term_string}\"},\"query-input\":{\"@type\":\"PropertyValueSpecification\",\"valueRequired\":true,\"valueName\":\"search_term_string\"}}],\"inLanguage\":\"de\"},{\"@type\":\"Organization\",\"@id\":\"https:\/\/fastercasinos.com\/de\/#organization\",\"name\":\"Fastercasinos.com\",\"url\":\"https:\/\/fastercasinos.com\/de\/\",\"logo\":{\"@type\":\"ImageObject\",\"inLanguage\":\"de\",\"@id\":\"https:\/\/fastercasinos.com\/de\/#\/schema\/logo\/image\/\",\"url\":\"https:\/\/fastercasinos.com\/wp-content\/uploads\/2022\/06\/Fastercasinos-logo.svg\",\"contentUrl\":\"https:\/\/fastercasinos.com\/wp-content\/uploads\/2022\/06\/Fastercasinos-logo.svg\",\"caption\":\"Fastercasinos.com\"},\"image\":{\"@id\":\"https:\/\/fastercasinos.com\/de\/#\/schema\/logo\/image\/\"}}]}<\/script>\n<!-- \/ Yoast SEO plugin. -->","yoast_head_json":{"title":"Alles \u00fcber uns bei Fastercasinos - Mission, Zielgruppe, Inhalte","description":"Erfahre alles \u00fcber Fastercasinos. Wir erz\u00e4hlen dir, wer wir sind und warum es uns auf Schnelligkeit im Online Casino ankommt.","robots":{"index":"index","follow":"follow","max-snippet":"max-snippet:-1","max-image-preview":"max-image-preview:large","max-video-preview":"max-video-preview:-1"},"canonical":"https:\/\/fastercasinos.com\/de\/ueber-uns\/","og_locale":"de_DE","og_type":"article","og_title":"Alles \u00fcber uns bei Fastercasinos - Mission, Zielgruppe, Inhalte","og_description":"Erfahre alles \u00fcber Fastercasinos. Wir erz\u00e4hlen dir, wer wir sind und warum es uns auf Schnelligkeit im Online Casino ankommt.","og_url":"https:\/\/fastercasinos.com\/de\/ueber-uns\/","og_site_name":"Faster casinos","article_modified_time":"2021-06-17T17:18:52+00:00","twitter_card":"summary_large_image","twitter_misc":{"Gesch\u00e4tzte Lesezeit":"2\u00a0Minuten"},"schema":{"@context":"https:\/\/schema.org","@graph":[{"@type":"WebPage","@id":"https:\/\/fastercasinos.com\/de\/ueber-uns\/","url":"https:\/\/fastercasinos.com\/de\/ueber-uns\/","name":"Alles \u00fcber uns bei Fastercasinos - Mission, Zielgruppe, Inhalte","isPartOf":{"@id":"https:\/\/fastercasinos.com\/de\/#website"},"datePublished":"2021-06-17T17:18:50+00:00","dateModified":"2021-06-17T17:18:52+00:00","description":"Erfahre alles \u00fcber Fastercasinos. Wir erz\u00e4hlen dir, wer wir sind und warum es uns auf Schnelligkeit im Online Casino ankommt.","breadcrumb":{"@id":"https:\/\/fastercasinos.com\/de\/ueber-uns\/#breadcrumb"},"inLanguage":"de","potentialAction":[{"@type":"ReadAction","target":["https:\/\/fastercasinos.com\/de\/ueber-uns\/"]}]},{"@type":"BreadcrumbList","@id":"https:\/\/fastercasinos.com\/de\/ueber-uns\/#breadcrumb","itemListElement":[{"@type":"ListItem","position":1,"name":"Schnelle Casinos","item":"https:\/\/fastercasinos.com\/de\/"},{"@type":"ListItem","position":2,"name":"\u00dcber uns"}]},{"@type":"WebSite","@id":"https:\/\/fastercasinos.com\/de\/#website","url":"https:\/\/fastercasinos.com\/de\/","name":"Faster casinos","description":"Fast or nothing!","publisher":{"@id":"https:\/\/fastercasinos.com\/de\/#organization"},"potentialAction":[{"@type":"SearchAction","target":{"@type":"EntryPoint","urlTemplate":"https:\/\/fastercasinos.com\/de\/?s={search_term_string}"},"query-input":{"@type":"PropertyValueSpecification","valueRequired":true,"valueName":"search_term_string"}}],"inLanguage":"de"},{"@type":"Organization","@id":"https:\/\/fastercasinos.com\/de\/#organization","name":"Fastercasinos.com","url":"https:\/\/fastercasinos.com\/de\/","logo":{"@type":"ImageObject","inLanguage":"de","@id":"https:\/\/fastercasinos.com\/de\/#\/schema\/logo\/image\/","url":"https:\/\/fastercasinos.com\/wp-content\/uploads\/2022\/06\/Fastercasinos-logo.svg","contentUrl":"https:\/\/fastercasinos.com\/wp-content\/uploads\/2022\/06\/Fastercasinos-logo.svg","caption":"Fastercasinos.com"},"image":{"@id":"https:\/\/fastercasinos.com\/de\/#\/schema\/logo\/image\/"}}]}},"_links":{"self":[{"href":"https:\/\/fastercasinos.com\/de\/wp-json\/wp\/v2\/pages\/2397","targetHints":{"allow":["GET"]}}],"collection":[{"href":"https:\/\/fastercasinos.com\/de\/wp-json\/wp\/v2\/pages"}],"about":[{"href":"https:\/\/fastercasinos.com\/de\/wp-json\/wp\/v2\/types\/page"}],"author":[{"embeddable":true,"href":"https:\/\/fastercasinos.com\/de\/wp-json\/wp\/v2\/users\/6"}],"replies":[{"embeddable":true,"href":"https:\/\/fastercasinos.com\/de\/wp-json\/wp\/v2\/comments?post=2397"}],"version-history":[{"count":1,"href":"https:\/\/fastercasinos.com\/de\/wp-json\/wp\/v2\/pages\/2397\/revisions"}],"predecessor-version":[{"id":2398,"href":"https:\/\/fastercasinos.com\/de\/wp-json\/wp\/v2\/pages\/2397\/revisions\/2398"}],"wp:attachment":[{"href":"https:\/\/fastercasinos.com\/de\/wp-json\/wp\/v2\/media?parent=2397"}],"curies":[{"name":"wp","href":"https:\/\/api.w.org\/{rel}","templated":true}]}}