{"id":5358,"date":"2024-04-15T12:00:36","date_gmt":"2024-04-15T12:00:36","guid":{"rendered":"https:\/\/fastercasinos.com\/?page_id=5358"},"modified":"2024-04-15T12:00:38","modified_gmt":"2024-04-15T12:00:38","slug":"cash-to-code-casino","status":"publish","type":"page","link":"https:\/\/fastercasinos.com\/de\/casino\/cash-to-code-casino\/","title":{"rendered":"Cash to Code Casino"},"content":{"rendered":"\n<h1 class=\"wp-block-heading\">Cash to Code Casino<\/h1>\n\n\n\n<p>Casinos und Gl\u00fccksspiel sind ein beliebter Zeitvertreib in aller Welt. Gerade in den letzten Jahren hat die Industrie allerdings eine echte Boomphase erlebt. Das liegt an der massiven und rapiden Entwicklung von <a href=\"https:\/\/fastercasinos.com\/de\/casino\/\">Online Casinos<\/a>, die Gl\u00fccksspiel im Internet anbieten. Dadurch haben sich die Betreiber v\u00f6llig neue Kundengruppen erschlossen, die zuvor vielleicht den Weg ins Casino gescheut haben. Doch nicht nur die Industrie selbst hat sich stark gewandelt. Auch andere Bereiche, deren Technologie das Gl\u00fccksspiel im Internet ber\u00fchrt, haben sich exponenziell entwickelt. Dazu geh\u00f6ren auch die verschiedenen Zahlungsmethoden im Internet, die mittlerweile mehr Flexibilit\u00e4t und praktische Funktionalit\u00e4t bieten, als jemals zuvor. Aus diesem Grund m\u00f6chten wir uns heute einmal mit dem neuen Ph\u00e4nomen des\u00a0Cash to Code Casinobesch\u00e4ftigen.<\/p>\n\n\n\n<h2 class=\"wp-block-heading\">Traditionelle Zahlungsmethoden<\/h2>\n\n\n\n<p>Wer sich gerne einmal mit Gl\u00fccksspiel im Internet besch\u00e4ftigt, der wird wissen, dass gerade kundenfreundliche Anbieter oftmals eine ganze Reihe von Zahlungsmethoden im Angebot haben. Das bedeutet f\u00fcr den Kunden eine h\u00f6here Flexibilit\u00e4t und eine gr\u00f6\u00dfere Auswahl bei der Ein- und Auszahlung. Zwar muss man als Kunde nicht alle dieser m\u00f6glichen Optionen nutzen, sollte aber zumindest einmal mit den grunds\u00e4tzlichen Funktionen vertraut sein. Daher haben wir die bekanntesten und beliebtesten Zahlungsmethoden im Internet im Folgenden einmal vorgestellt. Wir ber\u00fccksichtigen dabei die Vorteile und Nachteile, sodass jeder Nutzer sich ein gutes Bild machen und anschlie\u00dfend eine informierte Entscheidung treffen kann.<\/p>\n\n\n\n<h2 class=\"wp-block-heading\">Varianten<\/h2>\n\n\n\n<p>Zahlungsmethoden gibt es wie Sand am Meer, aber einige haben sich \u00fcber die Jahre als besonders beliebt herausgestellt. Die klassische Kreditkarte ist f\u00fcr die meisten Spieler nach wie vor die Methode der Wahl. Dazu geh\u00f6ren die bekanntesten Vertreter VISA und MasterCard. In den letzten Jahren kamen allerdings immer mehr E-Wallets hinzu. Die bekannteste Variante ist <a href=\"https:\/\/fastercasinos.com\/de\/casino\/paypal\/\">PayPal<\/a>. Viele Casinos haben aber auch Skrill, NeTeller oder Payoneer mit im Angebot. Wer es besonders traditionell liebt, der kann sich bei vielen Anbietern nach wie vor auch auf die klassische Bank\u00fcberweisung verlassen. Inzwischen hat sich der Markt au\u00dferdem so entwickelt, dass Kryptow\u00e4hrungen nicht mehr als Exoten angesehen werden, sondern bei vielen Casinos bereits mit zum Standard geh\u00f6ren.<\/p>\n\n\n\n<h2 class=\"wp-block-heading\">Vorteile<\/h2>\n\n\n\n<p>Die Vorteile der klassischen Zahlungsmethoden liegen in erster Linie in der Sicherheit und Verl\u00e4sslichkeit des Bankensystems. Wer mit seiner Kreditkarte auf einen Scam hereinf\u00e4llt, der hat meist bessere Chancen, sein Geld zur\u00fcckzuerhalten. F\u00fcr viele Nutzer ist es au\u00dferdem besonders hilfreich, dass man das eigene Guthaben immer schnell nachpr\u00fcfen kann. So beh\u00e4lt der passionierte Spieler auch im Eifer des Gefechts immer den \u00dcberblick \u00fcber die eigenen Mittel. Man kann sogar Auszahlungslimits auf die eigenen Konten verh\u00e4ngen, wenn man sich ein bestimmtes Limit gesetzt hat. Die Er\u00f6ffnung eines Kontos per E-Wallet oder auch f\u00fcr Kryptow\u00e4hrungen ist zudem relativ einfach, der Kunde muss dazu oftmals noch nicht einmal das Haus verlassen. Die Bindung des Kontos an die eigene Identit\u00e4t ist au\u00dferdem ein Sicherheitsfaktor, wenn es einmal zu Streitf\u00e4llen kommen sollte.<\/p>\n\n\n\n<h2 class=\"wp-block-heading\">Nachteile<\/h2>\n\n\n\n<p>Obwohl die klassischen Zahlungsmethoden eine ganze Reihe von Vorteilen genie\u00dfen, gibt es auch ein paar Nachteile zu ber\u00fccksichtigen. F\u00fcr die meisten Nutzer von einem&nbsp;Cash to Code Casino&nbsp;ist die erh\u00f6hte Privatsph\u00e4re ein entscheidender Faktor, bei klassischen Zahlungsmethoden k\u00f6nnen Identit\u00e4t und der Zahlungsweg n\u00e4mlich meist vollst\u00e4ndig nachvollzogen werden. Dazu kommt, dass gerade bei den Wegen, die das Banksystem nutzen, oftmals viel Zeit ins Land geht, bevor der Vorgang abgeschlossen ist. Ein weiterer negativer Aspekt ist zudem, dass bei einem Transfer durch ein klassisches Zahlungssystem meist eine relativ hohe Geb\u00fchr anf\u00e4llt. Diese bemisst sich oft als ein Prozentsatz, eine Geb\u00fchr von 10 EUR oder mehr kann also durchaus vorkommen.<\/p>\n\n\n\n<h2 class=\"wp-block-heading\">Cash to Code<\/h2>\n\n\n\n<p>Nicht nur die Anbieter von Casinos haben erkannt, dass es gerade in der Gemeinde der leidenschaftlichen Spieler einen Bedarf f\u00fcr alternative Zahlungsmethoden gibt. Geschwindigkeit, Privatsph\u00e4re und niedrige Geb\u00fchren spielen hier eine signifikante Rolle, da die meisten klassischen Zahlungsmethoden in einem dieser Bereiche meist das Nachsehen haben. Das Unternehmen CashtoCode gibt es zwar bereits seit 2014, es hat aber gerade in den letzten Jahren eine neue Form der Popularit\u00e4t erreicht. Die Korrelation mit dem Wachstum der Branche des Onlinegl\u00fccksspiels ist hierbei kein Zufall. Viele Nutzer der neuen Zahlungsmethode sind gleichzeitig Kunden von einem&nbsp;Cash to Code Casino.<\/p>\n\n\n\n<h2 class=\"wp-block-heading\">Die Technologie<\/h2>\n\n\n\n<p>Die Anwendung von Cash to Code ist relativ simpel. Als Erstes muss man sich einen Service aussuchen, der Cash to Code als eine Zahlungsmethode akzeptiert. Man w\u00e4hlt dann das entsprechende Produkt aus, im Falle eines Casinos w\u00e4re das meistens die Einzahlung auf dem Konto. Dann w\u00e4hlt man Cash to Code als Zahlungsmethode aus. Das System generiert anschlie\u00dfend einen Barcode, den man per SMS erh\u00e4lt oder als Screenshot speichert. Nun geht man zum physischen Partner von Cash to Code, zum Beispiel ein Kiosk, Zeitungsladen, eine Postfiliale oder \u00c4hnliches. Der Mitarbeiter vor Ort scannt den Code und man bezahlt den ausstehenden Betrag in bar. Nun ist der Service verf\u00fcgbar.<\/p>\n\n\n\n<h2 class=\"wp-block-heading\">Vorteile<\/h2>\n\n\n\n<p>F\u00fcr die meisten Nutzer ist die erh\u00f6hte Privatsph\u00e4re der Hauptgrund, warum sie CashtoCode nutzen. Die Abwicklung der Zahlung geht n\u00e4mlich ohne die Preisgabe von pers\u00f6nlichen Daten vonstatten. Dank der Zahlung per Bargeld bleibt auch kein nachvollziehbarer Zahlungsweg zur\u00fcck. Ein weiterer Vorteil ist, dass man sich f\u00fcr die Nutzung von Cash to Code kein Nutzerkonto zulegen muss. Die Zahlung erfolgt v\u00f6llig ohne Anmeldung. Durch das direkte Bezahlen mit Bargeld und die Best\u00e4tigung durch den Mitarbeiter ist der Vorgang auch besonders schnell. Man kann nach dem Bezahlen sofort auf den Service zugreifen.<\/p>\n\n\n\n<h2 class=\"wp-block-heading\">Nachteile<\/h2>\n\n\n\n<p>Nat\u00fcrlich hat Cash to Code auch ein paar Nachteile zu verzeichnen. So muss man immer Bargeld parat haben, um den vollen Umfang der Vorteile genie\u00dfen zu k\u00f6nnen. Wenn man den Code n\u00e4mlich mit einer Kreditkarte oder einer anderen Zahlungsmethode bezahlt, dann hinterl\u00e4sst man pers\u00f6nliche Daten, was ja vermieden werden sollte. Dazu kommt, dass der Nutzer pers\u00f6nlich in einem physischen Gesch\u00e4ft erscheinen muss, um die Zahlung zu vervollst\u00e4ndigen. Das ist nicht immer besonders praktisch, besonders wenn man nicht gen\u00fcgend Bargeld zur Verf\u00fcgung hat. Wenn man dieses noch abheben muss, wird der Prozess wesentlich zeitaufw\u00e4ndiger, als das bei einer klassischen Zahlungsmethode der Fall ist.<\/p>\n\n\n\n<h2 class=\"wp-block-heading\">Das&nbsp;CashtoCode Casino<\/h2>\n\n\n\n<p>Wenn man sich die Entwicklung der Online Casino Branche und die Entwicklung der neuen Zahlungsmethode ansieht, dann ist es nicht \u00fcberraschend, dass es zu vielseitigen \u00dcberschneidungen kommt. Das Unternehmen CashtoCode sucht sich die entsprechenden Partner aus, die dann die Bezahlung per Barcode und Bargeld anbieten. Im Folgenden erl\u00e4utern wir daher einmal etwas genauer, welcher Typ von Casino sich am wahrscheinlichsten f\u00fcr die neue Methode der Bezahlung entscheidet. Dabei achten wir besonders auf die Vorteile, die der Spieler dadurch genie\u00dft.<\/p>\n\n\n\n<h3 class=\"wp-block-heading\">Welche Art von Casino bietet CashtoCode an?<\/h3>\n\n\n\n<p>Grunds\u00e4tzlich ist es so, dass ein Casino, das gro\u00dfen Wert auf die Kundenfreundlichkeit legt, sich wahrscheinlich f\u00fcr Cash to Code entscheidet. Schlie\u00dflich m\u00f6chte es dem Kunden so viele Optionen wie nur irgend m\u00f6glich zur Verf\u00fcgung stellen. Au\u00dferdem findet man hier zahlreiche Casinos, die \u00fcber einen bestimmten Markt hinaus international aktiv sind, auch wenn Cash to Code gegenw\u00e4rtig nur in Europa zur Verf\u00fcgung steht. Meist handelt es sich um Anbieter, die zu einer gr\u00f6\u00dferen Gruppe geh\u00f6ren, wo sich meist mehrere unterschiedliche Casinos im Portfolio befinden. Aus einer Gesch\u00e4ftsperspektive ist die Verhandlung mit einem Betreiber f\u00fcr Cash to Code von Vorteil, da er die neue Bezahlmethode anschlie\u00dfend f\u00fcr all seine Casinos zur Anwendung bringt. Nicht zuletzt handelt es sich hier um Casinos, die vermutlich bereits eine Prepaid Option im Angebot haben.<\/p>\n\n\n\n<h3 class=\"wp-block-heading\">Vorteile bei einem&nbsp;Casino mit Cash to Code<\/h3>\n\n\n\n<p>Cash to Code sucht sich seine Partner entsprechend eines rigorosen Screening-Systems aus. Das bedeutet, dass jedes&nbsp;Cash to Code Casino&nbsp;einer strengen Pr\u00fcfung unterzogen wurde. Der Kunde kann also davon ausgehen, dass das Casino \u00fcber eine g\u00fcltige Lizenz verf\u00fcgt. Au\u00dferdem kann man bei solchen Casinos den Standard an Sicherheitsvorkehrungen erwarten. SSL-Verschl\u00fcsselung und 2-Faktoren-Verifizierung geh\u00f6ren hier mit zum Programm. Wenn Casino zum&nbsp;Cash to Code Casino&nbsp;wird, dann zeugt das davon, dass der Betreiber die Privatsph\u00e4re der Kunden ernst nimmt. H\u00f6chstwahrscheinlich spiegelt sich das auch in den weiteren Gesch\u00e4ftspraktiken wider.<\/p>\n\n\n\n<h2 class=\"wp-block-heading\">Wie die Zukunft aussehen wird<\/h2>\n\n\n\n<p>F\u00fcr viele Nutzer ist Cash to Code bereits jetzt eine beliebte Methode, um das Guthaben f\u00fcr das eigene Lieblingshobby einzuzahlen. Dieser Trend wird auch in der Zukunft noch weiter zunehmen. F\u00fcr die meisten Nutzer ist Privatsph\u00e4re gerade beim Gl\u00fccksspiel eben doch eines der wichtigsten Kriterien. Was abzusehen bleibt, ist, ob sich Cash to Code als die Hauptalternative f\u00fcr die Bezahlung mit Bargeld im Internet durchsetzen wird. Bereits jetzt ist das Programm in den meisten europ\u00e4ischen L\u00e4ndern verf\u00fcgbar. Nun erwarten wir eine Entwicklung hin zum Weltmarkt und ein Angebot f\u00fcr Spieler au\u00dferhalb Europas.<\/p>\n\n\n\n<h2 class=\"wp-block-heading\">Fazit<\/h2>\n\n\n\n<p>Generell kann man sagen, dass ein&nbsp;Cash to Code Casino&nbsp;dem Spieler eine ganze Reihe von Vorteilen bietet, die andere Zahlungsoptionen vermissen. Besonders die Privatsph\u00e4re und die pers\u00f6nlichen Daten werden durch diesen Vorgang gut gesch\u00fctzt. Auf der anderen Seite ist das pers\u00f6nliche Erscheinen im Laden f\u00fcr viele Kunden sehr unpraktisch. Auch bleibt abzuwarten, wie sich Cash to Code mit dem anhaltenden Trend weg vom Bargeld vereinbaren l\u00e4sst. F\u00fcr viele Nutzer ist das britische Unternehmen aber eine willkommene Alternative, die ohne die beh\u00e4bigen Prozesse des Bankensystems oder die Volatilit\u00e4t von Kryptow\u00e4hrungen auskommt. Egal mit welcher Methode, als Nutzer sollte man aber immer darauf achten, nur Mittel einzusetzen, die einem anschlie\u00dfend im Alltag nicht fehlen.<\/p>\n","protected":false},"excerpt":{"rendered":"<p>Cash to Code Casino Casinos und Gl\u00fccksspiel sind ein beliebter Zeitvertreib in aller Welt. Gerade in den letzten Jahren hat&#8230;<\/p>\n","protected":false},"author":6,"featured_media":0,"parent":2226,"menu_order":0,"comment_status":"closed","ping_status":"closed","template":"","meta":{"_acf_changed":false,"footnotes":""},"class_list":["post-5358","page","type-page","status-publish","hentry"],"acf":[],"yoast_head":"<!-- This site is optimized with the Yoast SEO plugin v27.0 - https:\/\/yoast.com\/product\/yoast-seo-wordpress\/ -->\n<title>Cash to Code Casino (2024) - Fastercasinos.com<\/title>\n<meta name=\"description\" content=\"Finden Sie Online-Casinos, die Cash to Code akzeptieren. Sichere Einzahlungen ohne Bankdaten. Schnell und unkompliziert!\" \/>\n<meta name=\"robots\" content=\"index, follow, max-snippet:-1, max-image-preview:large, max-video-preview:-1\" \/>\n<link rel=\"canonical\" href=\"https:\/\/fastercasinos.com\/de\/casino\/cash-to-code-casino\/\" \/>\n<meta property=\"og:locale\" content=\"de_DE\" \/>\n<meta property=\"og:type\" content=\"article\" \/>\n<meta property=\"og:title\" content=\"Cash to Code Casino (2024) - Fastercasinos.com\" \/>\n<meta property=\"og:description\" content=\"Finden Sie Online-Casinos, die Cash to Code akzeptieren. Sichere Einzahlungen ohne Bankdaten. Schnell und unkompliziert!\" \/>\n<meta property=\"og:url\" content=\"https:\/\/fastercasinos.com\/de\/casino\/cash-to-code-casino\/\" \/>\n<meta property=\"og:site_name\" content=\"Faster casinos\" \/>\n<meta property=\"article:modified_time\" content=\"2024-04-15T12:00:38+00:00\" \/>\n<meta name=\"twitter:card\" content=\"summary_large_image\" \/>\n<meta name=\"twitter:label1\" content=\"Gesch\u00e4tzte Lesezeit\" \/>\n\t<meta name=\"twitter:data1\" content=\"7\u00a0Minuten\" \/>\n<script type=\"application\/ld+json\" class=\"yoast-schema-graph\">{\"@context\":\"https:\/\/schema.org\",\"@graph\":[{\"@type\":\"WebPage\",\"@id\":\"https:\/\/fastercasinos.com\/de\/casino\/cash-to-code-casino\/\",\"url\":\"https:\/\/fastercasinos.com\/de\/casino\/cash-to-code-casino\/\",\"name\":\"Cash to Code Casino (2024) - Fastercasinos.com\",\"isPartOf\":{\"@id\":\"https:\/\/fastercasinos.com\/de\/#website\"},\"datePublished\":\"2024-04-15T12:00:36+00:00\",\"dateModified\":\"2024-04-15T12:00:38+00:00\",\"description\":\"Finden Sie Online-Casinos, die Cash to Code akzeptieren. Sichere Einzahlungen ohne Bankdaten. Schnell und unkompliziert!\",\"breadcrumb\":{\"@id\":\"https:\/\/fastercasinos.com\/de\/casino\/cash-to-code-casino\/#breadcrumb\"},\"inLanguage\":\"de\",\"potentialAction\":[{\"@type\":\"ReadAction\",\"target\":[\"https:\/\/fastercasinos.com\/de\/casino\/cash-to-code-casino\/\"]}]},{\"@type\":\"BreadcrumbList\",\"@id\":\"https:\/\/fastercasinos.com\/de\/casino\/cash-to-code-casino\/#breadcrumb\",\"itemListElement\":[{\"@type\":\"ListItem\",\"position\":1,\"name\":\"Schnelle Casinos\",\"item\":\"https:\/\/fastercasinos.com\/de\/\"},{\"@type\":\"ListItem\",\"position\":2,\"name\":\"Deutsche Online Casinos\",\"item\":\"https:\/\/fastercasinos.com\/de\/casino\/\"},{\"@type\":\"ListItem\",\"position\":3,\"name\":\"Cash to Code Casino\"}]},{\"@type\":\"WebSite\",\"@id\":\"https:\/\/fastercasinos.com\/de\/#website\",\"url\":\"https:\/\/fastercasinos.com\/de\/\",\"name\":\"Faster casinos\",\"description\":\"Fast or nothing!\",\"publisher\":{\"@id\":\"https:\/\/fastercasinos.com\/de\/#organization\"},\"potentialAction\":[{\"@type\":\"SearchAction\",\"target\":{\"@type\":\"EntryPoint\",\"urlTemplate\":\"https:\/\/fastercasinos.com\/de\/?s={search_term_string}\"},\"query-input\":{\"@type\":\"PropertyValueSpecification\",\"valueRequired\":true,\"valueName\":\"search_term_string\"}}],\"inLanguage\":\"de\"},{\"@type\":\"Organization\",\"@id\":\"https:\/\/fastercasinos.com\/de\/#organization\",\"name\":\"Fastercasinos.com\",\"url\":\"https:\/\/fastercasinos.com\/de\/\",\"logo\":{\"@type\":\"ImageObject\",\"inLanguage\":\"de\",\"@id\":\"https:\/\/fastercasinos.com\/de\/#\/schema\/logo\/image\/\",\"url\":\"https:\/\/fastercasinos.com\/wp-content\/uploads\/2022\/06\/Fastercasinos-logo.svg\",\"contentUrl\":\"https:\/\/fastercasinos.com\/wp-content\/uploads\/2022\/06\/Fastercasinos-logo.svg\",\"caption\":\"Fastercasinos.com\"},\"image\":{\"@id\":\"https:\/\/fastercasinos.com\/de\/#\/schema\/logo\/image\/\"}}]}<\/script>\n<!-- \/ Yoast SEO plugin. -->","yoast_head_json":{"title":"Cash to Code Casino (2024) - Fastercasinos.com","description":"Finden Sie Online-Casinos, die Cash to Code akzeptieren. Sichere Einzahlungen ohne Bankdaten. Schnell und unkompliziert!","robots":{"index":"index","follow":"follow","max-snippet":"max-snippet:-1","max-image-preview":"max-image-preview:large","max-video-preview":"max-video-preview:-1"},"canonical":"https:\/\/fastercasinos.com\/de\/casino\/cash-to-code-casino\/","og_locale":"de_DE","og_type":"article","og_title":"Cash to Code Casino (2024) - Fastercasinos.com","og_description":"Finden Sie Online-Casinos, die Cash to Code akzeptieren. Sichere Einzahlungen ohne Bankdaten. Schnell und unkompliziert!","og_url":"https:\/\/fastercasinos.com\/de\/casino\/cash-to-code-casino\/","og_site_name":"Faster casinos","article_modified_time":"2024-04-15T12:00:38+00:00","twitter_card":"summary_large_image","twitter_misc":{"Gesch\u00e4tzte Lesezeit":"7\u00a0Minuten"},"schema":{"@context":"https:\/\/schema.org","@graph":[{"@type":"WebPage","@id":"https:\/\/fastercasinos.com\/de\/casino\/cash-to-code-casino\/","url":"https:\/\/fastercasinos.com\/de\/casino\/cash-to-code-casino\/","name":"Cash to Code Casino (2024) - Fastercasinos.com","isPartOf":{"@id":"https:\/\/fastercasinos.com\/de\/#website"},"datePublished":"2024-04-15T12:00:36+00:00","dateModified":"2024-04-15T12:00:38+00:00","description":"Finden Sie Online-Casinos, die Cash to Code akzeptieren. Sichere Einzahlungen ohne Bankdaten. Schnell und unkompliziert!","breadcrumb":{"@id":"https:\/\/fastercasinos.com\/de\/casino\/cash-to-code-casino\/#breadcrumb"},"inLanguage":"de","potentialAction":[{"@type":"ReadAction","target":["https:\/\/fastercasinos.com\/de\/casino\/cash-to-code-casino\/"]}]},{"@type":"BreadcrumbList","@id":"https:\/\/fastercasinos.com\/de\/casino\/cash-to-code-casino\/#breadcrumb","itemListElement":[{"@type":"ListItem","position":1,"name":"Schnelle Casinos","item":"https:\/\/fastercasinos.com\/de\/"},{"@type":"ListItem","position":2,"name":"Deutsche Online Casinos","item":"https:\/\/fastercasinos.com\/de\/casino\/"},{"@type":"ListItem","position":3,"name":"Cash to Code Casino"}]},{"@type":"WebSite","@id":"https:\/\/fastercasinos.com\/de\/#website","url":"https:\/\/fastercasinos.com\/de\/","name":"Faster casinos","description":"Fast or nothing!","publisher":{"@id":"https:\/\/fastercasinos.com\/de\/#organization"},"potentialAction":[{"@type":"SearchAction","target":{"@type":"EntryPoint","urlTemplate":"https:\/\/fastercasinos.com\/de\/?s={search_term_string}"},"query-input":{"@type":"PropertyValueSpecification","valueRequired":true,"valueName":"search_term_string"}}],"inLanguage":"de"},{"@type":"Organization","@id":"https:\/\/fastercasinos.com\/de\/#organization","name":"Fastercasinos.com","url":"https:\/\/fastercasinos.com\/de\/","logo":{"@type":"ImageObject","inLanguage":"de","@id":"https:\/\/fastercasinos.com\/de\/#\/schema\/logo\/image\/","url":"https:\/\/fastercasinos.com\/wp-content\/uploads\/2022\/06\/Fastercasinos-logo.svg","contentUrl":"https:\/\/fastercasinos.com\/wp-content\/uploads\/2022\/06\/Fastercasinos-logo.svg","caption":"Fastercasinos.com"},"image":{"@id":"https:\/\/fastercasinos.com\/de\/#\/schema\/logo\/image\/"}}]}},"_links":{"self":[{"href":"https:\/\/fastercasinos.com\/de\/wp-json\/wp\/v2\/pages\/5358","targetHints":{"allow":["GET"]}}],"collection":[{"href":"https:\/\/fastercasinos.com\/de\/wp-json\/wp\/v2\/pages"}],"about":[{"href":"https:\/\/fastercasinos.com\/de\/wp-json\/wp\/v2\/types\/page"}],"author":[{"embeddable":true,"href":"https:\/\/fastercasinos.com\/de\/wp-json\/wp\/v2\/users\/6"}],"replies":[{"embeddable":true,"href":"https:\/\/fastercasinos.com\/de\/wp-json\/wp\/v2\/comments?post=5358"}],"version-history":[{"count":1,"href":"https:\/\/fastercasinos.com\/de\/wp-json\/wp\/v2\/pages\/5358\/revisions"}],"predecessor-version":[{"id":5359,"href":"https:\/\/fastercasinos.com\/de\/wp-json\/wp\/v2\/pages\/5358\/revisions\/5359"}],"up":[{"embeddable":true,"href":"https:\/\/fastercasinos.com\/de\/wp-json\/wp\/v2\/pages\/2226"}],"wp:attachment":[{"href":"https:\/\/fastercasinos.com\/de\/wp-json\/wp\/v2\/media?parent=5358"}],"curies":[{"name":"wp","href":"https:\/\/api.w.org\/{rel}","templated":true}]}}