{"id":1676,"date":"2021-11-04T09:38:50","date_gmt":"2021-11-04T09:38:50","guid":{"rendered":"https:\/\/fastercasinos.com\/?page_id=1676"},"modified":"2021-12-14T10:36:07","modified_gmt":"2021-12-14T10:36:07","slug":"tietoa-meista","status":"publish","type":"page","link":"https:\/\/fastercasinos.com\/fi\/tietoa-meista\/","title":{"rendered":"Tietoa meist\u00e4"},"content":{"rendered":"\n<h1 class=\"wp-block-heading\">Tietoa meist\u00e4<\/h1>\n\n\n\n<p>FasterCasinos.com on online kasino-opas. Sivusto avattiin vuonna 2021, mutta idea syntyi jo paljon aikaisemmin. Kaikki alkoi yhteisest\u00e4 ajatuksesta, halusimme luoda Suomen parhaimman kasino-oppaan. <\/p>\n\n\n\n<p>Meill\u00e4 kaikilla on erilaiset taustat, mutta sama tavoite \u2013 auttaa suomalaisia pelaajia valitsemaan itselleen <a href=\"https:\/\/fastercasinos.com\/fi\/\">paras nopea kasino<\/a>. Me kunnioitamme 100% vastuullista pelaamista. Tavoitteenamme ja n\u00e4kemyksemme on hyvin yksinketainen, haluamme auttaa pelaajia tekem\u00e4\u00e4n parhaan mahdollisen kasinovalinnan.<\/p>\n\n\n\n<p>Olemme erikoistuneet uusiin nettikasinoihin. Mutta sivulta l\u00f6ytyy my\u00f6s paljon muuta.<\/p>\n\n\n\n<h2 class=\"wp-block-heading\">Miten voimme sinua auttaa?<\/h2>\n\n\n\n<p>Voimme sinua auttaa monessa nettikasinoihin liittyv\u00e4ss\u00e4 asiassa. Haluatko kokeilla uutta nettikasinoa, mutta et ole varma mik\u00e4 kasino on paras vaihtoehto? L\u00f6yd\u00e4t kaikki tiedot kasinoista meilt\u00e4. K\u00e4ymme l\u00e4pi pelej\u00e4, bonuksia, asiakaspalvelua ja paljon muuta.<\/p>\n\n\n\n<h2 class=\"wp-block-heading\">Vastuullinen pelaaminen<\/h2>\n\n\n\n<p>Arvostamme vastuullista pelaamista. FasterCasinos.com ei voi auttaa sinua saamaan rahaa takaisin, jotka menetit nettikasinolla. Pelaa siis vain rahalla, joka sinulla on varaa menett\u00e4\u00e4. Kuten usein huomautamme, pelaaminen nettikasinolla pit\u00e4\u00e4 olla hauskaa. <\/p>\n\n\n\n<p>Se ei saa koskaan tuntua pakolliselta tai aiheuttaa ep\u00e4miellytt\u00e4vi\u00e4 tunteita, kuten ahdistusta, masennusta ja pakkomielt\u00e4. Jos t\u00e4lt\u00e4 tuntuu niin haluaisimme kehottaa pelaajaa etsim\u00e4\u00e4n apua. Apua voi esimerkiksi saada peluuri.fi sivustolta.<\/p>\n\n\n\n<h2 class=\"wp-block-heading\">Ota meihin yhteytt\u00e4<\/h2>\n\n\n\n<p>Otamme mielell\u00e4mme vastaan kysymyksi\u00e4 kasinoista ja niihin liittyvist\u00e4 asioista, palautetta, kehitysideoita ja yhteisty\u00f6ehdotuksia. Voit siis olla meihin yhteydess\u00e4 s\u00e4hk\u00f6postitse.<\/p>\n","protected":false},"excerpt":{"rendered":"<p>Tietoa meist\u00e4 FasterCasinos.com on online kasino-opas. Sivusto avattiin vuonna 2021, mutta idea syntyi jo paljon aikaisemmin. Kaikki alkoi yhteisest\u00e4 ajatuksesta,&#8230;<\/p>\n","protected":false},"author":5,"featured_media":1771,"parent":0,"menu_order":0,"comment_status":"closed","ping_status":"closed","template":"","meta":{"_acf_changed":false,"footnotes":""},"class_list":["post-1676","page","type-page","status-publish","has-post-thumbnail","hentry"],"acf":[],"yoast_head":"<!-- This site is optimized with the Yoast SEO plugin v27.0 - https:\/\/yoast.com\/product\/yoast-seo-wordpress\/ -->\n<title>Tietoa meist\u00e4 | Me rakastamme nettikasinoita ja kasinopelej\u00e4<\/title>\n<meta name=\"description\" content=\"FasterCasinos.com sivustolla olemme erikoistuneet uusiin nettikasinoihin. Autamme sinua l\u00f6yt\u00e4m\u00e4\u00e4n itsellesi parhaan pelipaikan.\" \/>\n<meta name=\"robots\" content=\"index, follow, max-snippet:-1, max-image-preview:large, max-video-preview:-1\" \/>\n<link rel=\"canonical\" href=\"https:\/\/fastercasinos.com\/fi\/tietoa-meista\/\" \/>\n<meta property=\"og:locale\" content=\"fi_FI\" \/>\n<meta property=\"og:type\" content=\"article\" \/>\n<meta property=\"og:title\" content=\"Tietoa meist\u00e4 | Me rakastamme nettikasinoita ja kasinopelej\u00e4\" \/>\n<meta property=\"og:description\" content=\"FasterCasinos.com sivustolla olemme erikoistuneet uusiin nettikasinoihin. Autamme sinua l\u00f6yt\u00e4m\u00e4\u00e4n itsellesi parhaan pelipaikan.\" \/>\n<meta property=\"og:url\" content=\"https:\/\/fastercasinos.com\/fi\/tietoa-meista\/\" \/>\n<meta property=\"og:site_name\" content=\"Faster casinos\" \/>\n<meta property=\"article:modified_time\" content=\"2021-12-14T10:36:07+00:00\" \/>\n<meta property=\"og:image\" content=\"https:\/\/fastercasinos.com\/wp-content\/uploads\/2021\/05\/fastercasinos-suomi.png\" \/>\n\t<meta property=\"og:image:width\" content=\"1200\" \/>\n\t<meta property=\"og:image:height\" content=\"628\" \/>\n\t<meta property=\"og:image:type\" content=\"image\/png\" \/>\n<meta name=\"twitter:card\" content=\"summary_large_image\" \/>\n<meta name=\"twitter:label1\" content=\"Arvioitu lukuaika\" \/>\n\t<meta name=\"twitter:data1\" content=\"1 minuutti\" \/>\n<script type=\"application\/ld+json\" class=\"yoast-schema-graph\">{\"@context\":\"https:\/\/schema.org\",\"@graph\":[{\"@type\":\"WebPage\",\"@id\":\"https:\/\/fastercasinos.com\/fi\/tietoa-meista\/\",\"url\":\"https:\/\/fastercasinos.com\/fi\/tietoa-meista\/\",\"name\":\"Tietoa meist\u00e4 | Me rakastamme nettikasinoita ja kasinopelej\u00e4\",\"isPartOf\":{\"@id\":\"https:\/\/fastercasinos.com\/fi\/#website\"},\"primaryImageOfPage\":{\"@id\":\"https:\/\/fastercasinos.com\/fi\/tietoa-meista\/#primaryimage\"},\"image\":{\"@id\":\"https:\/\/fastercasinos.com\/fi\/tietoa-meista\/#primaryimage\"},\"thumbnailUrl\":\"https:\/\/fastercasinos.com\/wp-content\/uploads\/2021\/05\/fastercasinos-suomi.png\",\"datePublished\":\"2021-11-04T09:38:50+00:00\",\"dateModified\":\"2021-12-14T10:36:07+00:00\",\"description\":\"FasterCasinos.com sivustolla olemme erikoistuneet uusiin nettikasinoihin. Autamme sinua l\u00f6yt\u00e4m\u00e4\u00e4n itsellesi parhaan pelipaikan.\",\"breadcrumb\":{\"@id\":\"https:\/\/fastercasinos.com\/fi\/tietoa-meista\/#breadcrumb\"},\"inLanguage\":\"fi\",\"potentialAction\":[{\"@type\":\"ReadAction\",\"target\":[\"https:\/\/fastercasinos.com\/fi\/tietoa-meista\/\"]}]},{\"@type\":\"ImageObject\",\"inLanguage\":\"fi\",\"@id\":\"https:\/\/fastercasinos.com\/fi\/tietoa-meista\/#primaryimage\",\"url\":\"https:\/\/fastercasinos.com\/wp-content\/uploads\/2021\/05\/fastercasinos-suomi.png\",\"contentUrl\":\"https:\/\/fastercasinos.com\/wp-content\/uploads\/2021\/05\/fastercasinos-suomi.png\",\"width\":1200,\"height\":628,\"caption\":\"FasterCasinos.com Suomi\"},{\"@type\":\"BreadcrumbList\",\"@id\":\"https:\/\/fastercasinos.com\/fi\/tietoa-meista\/#breadcrumb\",\"itemListElement\":[{\"@type\":\"ListItem\",\"position\":1,\"name\":\"Nopeat Kasinot\",\"item\":\"https:\/\/fastercasinos.com\/fi\/\"},{\"@type\":\"ListItem\",\"position\":2,\"name\":\"Tietoa meist\u00e4\"}]},{\"@type\":\"WebSite\",\"@id\":\"https:\/\/fastercasinos.com\/fi\/#website\",\"url\":\"https:\/\/fastercasinos.com\/fi\/\",\"name\":\"Faster casinos\",\"description\":\"Fast or nothing!\",\"publisher\":{\"@id\":\"https:\/\/fastercasinos.com\/fi\/#organization\"},\"potentialAction\":[{\"@type\":\"SearchAction\",\"target\":{\"@type\":\"EntryPoint\",\"urlTemplate\":\"https:\/\/fastercasinos.com\/fi\/?s={search_term_string}\"},\"query-input\":{\"@type\":\"PropertyValueSpecification\",\"valueRequired\":true,\"valueName\":\"search_term_string\"}}],\"inLanguage\":\"fi\"},{\"@type\":\"Organization\",\"@id\":\"https:\/\/fastercasinos.com\/fi\/#organization\",\"name\":\"Fastercasinos.com\",\"url\":\"https:\/\/fastercasinos.com\/fi\/\",\"logo\":{\"@type\":\"ImageObject\",\"inLanguage\":\"fi\",\"@id\":\"https:\/\/fastercasinos.com\/fi\/#\/schema\/logo\/image\/\",\"url\":\"https:\/\/fastercasinos.com\/wp-content\/uploads\/2022\/06\/Fastercasinos-logo.svg\",\"contentUrl\":\"https:\/\/fastercasinos.com\/wp-content\/uploads\/2022\/06\/Fastercasinos-logo.svg\",\"caption\":\"Fastercasinos.com\"},\"image\":{\"@id\":\"https:\/\/fastercasinos.com\/fi\/#\/schema\/logo\/image\/\"}}]}<\/script>\n<!-- \/ Yoast SEO plugin. -->","yoast_head_json":{"title":"Tietoa meist\u00e4 | Me rakastamme nettikasinoita ja kasinopelej\u00e4","description":"FasterCasinos.com sivustolla olemme erikoistuneet uusiin nettikasinoihin. Autamme sinua l\u00f6yt\u00e4m\u00e4\u00e4n itsellesi parhaan pelipaikan.","robots":{"index":"index","follow":"follow","max-snippet":"max-snippet:-1","max-image-preview":"max-image-preview:large","max-video-preview":"max-video-preview:-1"},"canonical":"https:\/\/fastercasinos.com\/fi\/tietoa-meista\/","og_locale":"fi_FI","og_type":"article","og_title":"Tietoa meist\u00e4 | Me rakastamme nettikasinoita ja kasinopelej\u00e4","og_description":"FasterCasinos.com sivustolla olemme erikoistuneet uusiin nettikasinoihin. Autamme sinua l\u00f6yt\u00e4m\u00e4\u00e4n itsellesi parhaan pelipaikan.","og_url":"https:\/\/fastercasinos.com\/fi\/tietoa-meista\/","og_site_name":"Faster casinos","article_modified_time":"2021-12-14T10:36:07+00:00","og_image":[{"width":1200,"height":628,"url":"https:\/\/fastercasinos.com\/wp-content\/uploads\/2021\/05\/fastercasinos-suomi.png","type":"image\/png"}],"twitter_card":"summary_large_image","twitter_misc":{"Arvioitu lukuaika":"1 minuutti"},"schema":{"@context":"https:\/\/schema.org","@graph":[{"@type":"WebPage","@id":"https:\/\/fastercasinos.com\/fi\/tietoa-meista\/","url":"https:\/\/fastercasinos.com\/fi\/tietoa-meista\/","name":"Tietoa meist\u00e4 | Me rakastamme nettikasinoita ja kasinopelej\u00e4","isPartOf":{"@id":"https:\/\/fastercasinos.com\/fi\/#website"},"primaryImageOfPage":{"@id":"https:\/\/fastercasinos.com\/fi\/tietoa-meista\/#primaryimage"},"image":{"@id":"https:\/\/fastercasinos.com\/fi\/tietoa-meista\/#primaryimage"},"thumbnailUrl":"https:\/\/fastercasinos.com\/wp-content\/uploads\/2021\/05\/fastercasinos-suomi.png","datePublished":"2021-11-04T09:38:50+00:00","dateModified":"2021-12-14T10:36:07+00:00","description":"FasterCasinos.com sivustolla olemme erikoistuneet uusiin nettikasinoihin. Autamme sinua l\u00f6yt\u00e4m\u00e4\u00e4n itsellesi parhaan pelipaikan.","breadcrumb":{"@id":"https:\/\/fastercasinos.com\/fi\/tietoa-meista\/#breadcrumb"},"inLanguage":"fi","potentialAction":[{"@type":"ReadAction","target":["https:\/\/fastercasinos.com\/fi\/tietoa-meista\/"]}]},{"@type":"ImageObject","inLanguage":"fi","@id":"https:\/\/fastercasinos.com\/fi\/tietoa-meista\/#primaryimage","url":"https:\/\/fastercasinos.com\/wp-content\/uploads\/2021\/05\/fastercasinos-suomi.png","contentUrl":"https:\/\/fastercasinos.com\/wp-content\/uploads\/2021\/05\/fastercasinos-suomi.png","width":1200,"height":628,"caption":"FasterCasinos.com Suomi"},{"@type":"BreadcrumbList","@id":"https:\/\/fastercasinos.com\/fi\/tietoa-meista\/#breadcrumb","itemListElement":[{"@type":"ListItem","position":1,"name":"Nopeat Kasinot","item":"https:\/\/fastercasinos.com\/fi\/"},{"@type":"ListItem","position":2,"name":"Tietoa meist\u00e4"}]},{"@type":"WebSite","@id":"https:\/\/fastercasinos.com\/fi\/#website","url":"https:\/\/fastercasinos.com\/fi\/","name":"Faster casinos","description":"Fast or nothing!","publisher":{"@id":"https:\/\/fastercasinos.com\/fi\/#organization"},"potentialAction":[{"@type":"SearchAction","target":{"@type":"EntryPoint","urlTemplate":"https:\/\/fastercasinos.com\/fi\/?s={search_term_string}"},"query-input":{"@type":"PropertyValueSpecification","valueRequired":true,"valueName":"search_term_string"}}],"inLanguage":"fi"},{"@type":"Organization","@id":"https:\/\/fastercasinos.com\/fi\/#organization","name":"Fastercasinos.com","url":"https:\/\/fastercasinos.com\/fi\/","logo":{"@type":"ImageObject","inLanguage":"fi","@id":"https:\/\/fastercasinos.com\/fi\/#\/schema\/logo\/image\/","url":"https:\/\/fastercasinos.com\/wp-content\/uploads\/2022\/06\/Fastercasinos-logo.svg","contentUrl":"https:\/\/fastercasinos.com\/wp-content\/uploads\/2022\/06\/Fastercasinos-logo.svg","caption":"Fastercasinos.com"},"image":{"@id":"https:\/\/fastercasinos.com\/fi\/#\/schema\/logo\/image\/"}}]}},"_links":{"self":[{"href":"https:\/\/fastercasinos.com\/fi\/wp-json\/wp\/v2\/pages\/1676","targetHints":{"allow":["GET"]}}],"collection":[{"href":"https:\/\/fastercasinos.com\/fi\/wp-json\/wp\/v2\/pages"}],"about":[{"href":"https:\/\/fastercasinos.com\/fi\/wp-json\/wp\/v2\/types\/page"}],"author":[{"embeddable":true,"href":"https:\/\/fastercasinos.com\/fi\/wp-json\/wp\/v2\/users\/5"}],"replies":[{"embeddable":true,"href":"https:\/\/fastercasinos.com\/fi\/wp-json\/wp\/v2\/comments?post=1676"}],"version-history":[{"count":5,"href":"https:\/\/fastercasinos.com\/fi\/wp-json\/wp\/v2\/pages\/1676\/revisions"}],"predecessor-version":[{"id":3523,"href":"https:\/\/fastercasinos.com\/fi\/wp-json\/wp\/v2\/pages\/1676\/revisions\/3523"}],"wp:featuredmedia":[{"embeddable":true,"href":"https:\/\/fastercasinos.com\/fi\/wp-json\/wp\/v2\/media\/1771"}],"wp:attachment":[{"href":"https:\/\/fastercasinos.com\/fi\/wp-json\/wp\/v2\/media?parent=1676"}],"curies":[{"name":"wp","href":"https:\/\/api.w.org\/{rel}","templated":true}]}}