{"id":1693,"date":"2021-11-04T09:28:15","date_gmt":"2021-11-04T09:28:15","guid":{"rendered":"https:\/\/fastercasinos.com\/?page_id=1693"},"modified":"2023-05-30T11:49:28","modified_gmt":"2023-05-30T11:49:28","slug":"paylevo","status":"publish","type":"page","link":"https:\/\/fastercasinos.com\/fi\/rahansiirrot\/paylevo\/","title":{"rendered":"Paylevo"},"content":{"rendered":"\n<h1 class=\"wp-block-heading\">Paylevo kasinot<\/h1>\n\n\n\n<p>Laskulla maksaminen on monesta pelaajasta k\u00e4tev\u00e4\u00e4 ja samalla my\u00f6s \u00e4\u00e4rett\u00f6m\u00e4n turvallista. Paylevo kasinot eiv\u00e4t silti valitettavasti ainakaan viel\u00e4 t\u00e4ll\u00e4 hetkell\u00e4 ole kovinkaan yleisi\u00e4.<\/p>\n\n\n\n<p>Koska muutama pelisivusto on samalla Paylevo casino, ja sin\u00e4kin voit n\u00e4ill\u00e4 pelata, kerromme sinulle nyt kaiken olennaisen siit\u00e4, mit\u00e4 sinun tulee t\u00e4st\u00e4 nerokkaasta maksutavasta tiet\u00e4\u00e4.<\/p>\n\n\n\n<p>Mik\u00e4li mobiilimaksaminen on sinulle jo entuudestaan tuttua, ei Paylevon k\u00e4yt\u00f6ss\u00e4 pit\u00e4isi olla mit\u00e4\u00e4n ep\u00e4selv\u00e4\u00e4. Ja vaikkei aikaisempaa kokemusta Paylevosta tai muista mobiilimaksuista olisikaan, pian tied\u00e4t, kuinka niiden kanssa toimia!<\/p>\n\n\n\n<h2 class=\"wp-block-heading\">Paylevo casino valikoima<\/h2>\n\n\n\n\n\n<h2 class=\"wp-block-heading\">Miten Paylevo casino maksutapa toimii?<\/h2>\n\n\n\n<p>Paylevo on turvallinen maksutapa, joka perustuu laskuttamiseen. K\u00e4yt\u00e4t palvelussa mobiililaitettasi, ja Paylevo talletus tai ostos perit\u00e4\u00e4n sinulta vasta my\u00f6hemmin.<\/p>\n\n\n\n<p>Vaikka Paylevo kasinot eiv\u00e4t viel\u00e4 olekaan j\u00e4rin yleisi\u00e4, voit k\u00e4ytt\u00e4\u00e4 t\u00e4t\u00e4 harvinaisen n\u00e4pp\u00e4r\u00e4\u00e4 laskuvaihtoehtoa esimerkiksi kaupoissa ja monissa muissa verkossa sijaitsevissa palveluissa.<\/p>\n\n\n\n<h3 class=\"wp-block-heading\">Paylevo talletus<\/h3>\n\n\n\n<p>Paylevo talletus on helppo ja nopea tehd\u00e4. Mik\u00e4 parasta, et siirr\u00e4 sill\u00e4 maksaessasi siirr\u00e4 oman pankkitilisi tai maksukorttisi tietoja. Juuri t\u00e4m\u00e4n piirteen takia monet rakastavat maksaa Paylevolla tai muilla laskutukseen perustuvilla menetelmill\u00e4.&nbsp;<\/p>\n\n\n\n<p>N\u00e4m\u00e4 maksutavat koetaan yleisesti todella turvallisiksi. Paylevon kohdalla erinomaista on lis\u00e4ksi se, ettei sen k\u00e4ytt\u00f6 edellyt\u00e4 erillisen sovelluksen asentamista. Voit siis k\u00e4ytt\u00e4\u00e4 sit\u00e4 aina suoraan selaimessa, oli kyseess\u00e4 sitten verkkokauppa tai&nbsp;<a href=\"https:\/\/fastercasinos.com\/fi\/\">nopea nettikasino<\/a>. Paylevo talletus tapahtuu kutakuinkin seuraavasti:<\/p>\n\n\n\n<ol class=\"wp-block-list\"><li>Tee ensin tili kasinolle.<\/li><li>Siirry tilisi kassalle ja valitse talletustavaksi Paylevo.<\/li><li>Sy\u00f6t\u00e4 matkapuhelinnumerosi ja ilmoita talletettava summa.<\/li><li>Vahvista talletus PIN-koodilla.<\/li><\/ol>\n\n\n\n<p>Kun k\u00e4yt\u00e4t Paylevoa ensimm\u00e4ist\u00e4 kertaa, henkil\u00f6llisyytesi ja luottotietosi tarkistetaan. T\u00e4m\u00e4 on ymm\u00e4rrett\u00e4v\u00e4\u00e4, perustuuhan Paylevo talletus aina laskutukseen. Tarkistus tehd\u00e4\u00e4n ainoastaan kerran, ja sen j\u00e4lkeen Paylevo kokemuksia ei en\u00e4\u00e4 hidasta mik\u00e4\u00e4n.<\/p>\n\n\n\n<p>Sy\u00f6tetty\u00e4si matkapuhelinnumerosi, saat siihen tekstiviestin\u00e4 PIN-koodin. T\u00e4m\u00e4n koodin kasinolle annettuasi maksu on vahvistettu.<\/p>\n\n\n\n<p>Paylevo maksaa tekem\u00e4si talletuksen nettikasinolle, ja sin\u00e4 saat t\u00e4st\u00e4 laskun.&nbsp;Laskulle annetaan yhteens\u00e4 14 p\u00e4iv\u00e4\u00e4 maksuaikaa. Sit\u00e4 ei voi maksaa osissa, vaan sinun tulee kuitata se er\u00e4p\u00e4iv\u00e4\u00e4n menness\u00e4.<\/p>\n\n\n\n<p>\u00c4l\u00e4 aikaile laskun maksamisessa, sill\u00e4 my\u00f6h\u00e4styminen er\u00e4p\u00e4iv\u00e4st\u00e4 tiet\u00e4\u00e4 sinulle 5 euron ylim\u00e4\u00e4r\u00e4ist\u00e4 maksua. Sit\u00e4 tuskin haluat maksaa tavallisen talletuksesi p\u00e4\u00e4lle?<\/p>\n\n\n\n<figure class=\"wp-block-image size-large\"><img loading=\"lazy\" decoding=\"async\" width=\"1024\" height=\"536\" src=\"https:\/\/fastercasinos.com\/wp-content\/uploads\/2021\/05\/parhaat-paylevo-kasinot-1024x536.png\" alt=\"Parhaat Paylevo kasinot\" class=\"wp-image-1892\" srcset=\"https:\/\/fastercasinos.com\/wp-content\/uploads\/2021\/05\/parhaat-paylevo-kasinot-1024x536.png 1024w, https:\/\/fastercasinos.com\/wp-content\/uploads\/2021\/05\/parhaat-paylevo-kasinot-300x157.png 300w, https:\/\/fastercasinos.com\/wp-content\/uploads\/2021\/05\/parhaat-paylevo-kasinot-768x402.png 768w, https:\/\/fastercasinos.com\/wp-content\/uploads\/2021\/05\/parhaat-paylevo-kasinot.png 1200w\" sizes=\"auto, (max-width: 1024px) 100vw, 1024px\" \/><\/figure>\n\n\n\n<h3 class=\"wp-block-heading\">Paylevo kotiutus<\/h3>\n\n\n\n<p>Ainakaan toistaiseksi Paylevo kotiutus ei ole k\u00e4yt\u00f6ss\u00e4. Jos siis teet talletuksen nettikasinolle Paylevolla, tulee sinun valita nostotavaksi jokin muu menetelm\u00e4. T\u00e4llaisia muita maksutapoja ovat esimerkiksi verkkopankkimaksut, tilisiirrot ja luottokortit.<\/p>\n\n\n\n<p>L\u00e4hes kaikki Paylevo kasinot toimivat ETA-maan lisenssill\u00e4. T\u00e4m\u00e4 tarkoittaa sit\u00e4, ett\u00e4 kyseess\u00e4 on\u00a0<a href=\"https:\/\/fastercasinos.com\/fi\/nettikasinot\/verovapaat-nettikasinot\/\">verovapaa kasino<\/a>, jolloin voitoista ei tarvitse maksaa erikseen veroja. Jos taas kasino, jolla pelaat, toimii jonkun muun maan, kuten vaikkapa Curacaon lisenssill\u00e4, tulee sinun ilmoittaa voitoistasi verottajalle t\u00e4\u00e4ll\u00e4 Suomen p\u00e4\u00e4ss\u00e4.<\/p>\n\n\n\n<h2 class=\"wp-block-heading\">Paylevo kokemuksia kasinolla<\/h2>\n\n\n\n<p>Paylevo kokemuksia kasinoilla ei viel\u00e4 t\u00e4ss\u00e4 vaiheessa p\u00e4\u00e4se kertym\u00e4\u00e4n kovinkaan monella sivustolla. Emme aivan ole ymm\u00e4rt\u00e4neet syyt\u00e4 t\u00e4h\u00e4n, sill\u00e4 todella monet nettikasinot mahdollistavat talletusten tekemisen mobiilimaksuilla, kuten Zimpler ja Siru Mobile.<\/p>\n\n\n\n<p>Paylevo talletus toimii k\u00e4yt\u00e4nn\u00f6ss\u00e4 melko lailla samalla tavalla kuin kaksi mainittua, joten sen k\u00e4yt\u00f6n luulisi olevan huomattavasti nykyist\u00e4 yleisemp\u00e4\u00e4 jo t\u00e4ss\u00e4 vaiheessa.<\/p>\n\n\n\n<p>Niill\u00e4 nettikasinoilla, joissa Paylevon avulla tehdyt talletukset onnistuvat, kokemukset palvelun k\u00e4yt\u00f6st\u00e4 ovat olleet mielest\u00e4mme pelk\u00e4st\u00e4\u00e4n hyvi\u00e4. <\/p>\n\n\n\n<p>Paylevon k\u00e4ytt\u00f6 tuntuu jopa yksinkertaisemmalta kuin vaikkapa Zimplerin. Talletus n\u00e4kyy pelitilill\u00e4 v\u00e4litt\u00f6m\u00e4sti, ja useimmat kasinot antavat my\u00f6s bonuksia pelaajalle.<\/p>\n\n\n\n<p>Me pid\u00e4mme Paylevon k\u00e4yt\u00f6st\u00e4 niin nettikasinoilla kuin useissa muissakin palveluissa. Kun my\u00f6nnetty luotto on jatkuva, ei sit\u00e4 ole pakko hakea aina erikseen. Se tuo siis arkeesi tietynlaista joustavuutta, pelasit kasinoilla tai et.<\/p>\n\n\n\n<p>Pid\u00e4mme my\u00f6s siit\u00e4, ett\u00e4 maksuaikaa on annettu riitt\u00e4v\u00e4sti, muttei silti liian pitk\u00e4lle. 14 vuorokautta on juuri sopiva aika maksaa talletus takaisin, ja kannustamme sinua hoitamaan laskun ensi tilassa.&nbsp;N\u00e4in se ei j\u00e4\u00e4 vaivaamaan sinua, eik\u00e4 n\u00e4in ole my\u00f6sk\u00e4\u00e4n my\u00f6h\u00e4stymismaksujen riski\u00e4.<\/p>\n\n\n\n<h3 class=\"wp-block-heading\">Kenelle Paylevo sopii?<\/h3>\n\n\n\n<p>Maksutapana Paylevo on erinomainen etenkin sellaisille pelaajille, jotka eiv\u00e4t suurin surminkaan halua jakaa omia henkil\u00f6- tai maksutietojaan nettikasinon kanssa.&nbsp;<\/p>\n\n\n\n<p>Palvelun k\u00e4ytt\u00e4minen onnistuu ainoastaan t\u00e4ysi-ik\u00e4isilt\u00e4, raha-asiansa moitteettomasti hoitaneilta henkil\u00f6ilt\u00e4. Jos sinulla on siis taustalla maksuh\u00e4iri\u00f6merkint\u00e4 tai menetetyt luottotiedot, et v\u00e4ltt\u00e4m\u00e4tt\u00e4 saa talletettua t\u00e4ll\u00e4 menetelm\u00e4ll\u00e4.<\/p>\n\n\n\n<p>Paylevo kasinot voidaan n\u00e4hd\u00e4 moderneina, mahdollistavathan ne useat eri maksutavat, my\u00f6s siis n\u00e4m\u00e4 mobiilimaksut ja laskulla maksamisen. <\/p>\n\n\n\n<p>Toisaalta laskulla maksamiseen liittyy aina pieni\u00e4 riskej\u00e4: pelaaja saattaa lipsua tallettamaan enemm\u00e4n kuin h\u00e4nell\u00e4 olisi todellisuudessa varaa.&nbsp;<\/p>\n\n\n\n<p>Muista siis kaikkien maksutapojen kohdalla pit\u00e4\u00e4 huolta siit\u00e4, ett\u00e4 pelaat vastuullisesti ja oman budjettisi rajoissa.<\/p>\n\n\n\n<h3 class=\"wp-block-heading\">Paylevo kasino ja siirtorajat<\/h3>\n\n\n\n<p>Mik\u00e4li vain itse olet aktiivinen, voit hy\u00f6dynt\u00e4\u00e4 Paylevoa oman pelibudjettisi suunnittelussa ja sen hallinnoimisessa. Palvelun k\u00e4ytt\u00f6 perustuu jatkuvaan luottoon: sinulle asetetaan Paylevon toimesta omat, yksil\u00f6lliset luottorajat, joiden puitteissa voit k\u00e4ytt\u00e4\u00e4 palvelua talletuksiin ja ostoksiin.<\/p>\n\n\n\n<p>Siirtorajan olemassaolo on samalla erinomainen suoja ulkoa tulevilta uhilta: jos puhelimesi sattuu h\u00e4vi\u00e4m\u00e4\u00e4n, ei sen l\u00f6yt\u00e4j\u00e4n ole mahdollista shoppailla tai tallettaa kasinolle mielin m\u00e4\u00e4rin, t\u00e4ysin rajattomasti.<\/p>\n\n\n\n<p>Miten Paylevon siirtorajat sitten m\u00e4\u00e4ritell\u00e4\u00e4n? T\u00e4m\u00e4 tehd\u00e4\u00e4n jokaisen asiakkaan kohdalla silloin, kun palvelua k\u00e4ytet\u00e4\u00e4n ensimm\u00e4ist\u00e4 kertaa. <\/p>\n\n\n\n<p>Sinulle tehd\u00e4\u00e4n siis luottoluokitus, ja t\u00e4m\u00e4n mukaisesti asetetaan my\u00f6s k\u00e4yt\u00f6n rajoitukset. Luottoa ei koskaan anneta enemp\u00e4\u00e4, kuin mihin asiakkaan todellinen maksukyky riitt\u00e4\u00e4.<\/p>\n\n\n\n<h2 class=\"wp-block-heading\">Miksi k\u00e4ytt\u00e4\u00e4 Paylevo casino maksua?<\/h2>\n\n\n\n<p>Paylevo kasinot eiv\u00e4t tosiaan viel\u00e4 toistaiseksi ole kovinkaan yleisi\u00e4, eik\u00e4 Paylevo suomi -pelaajan kannalta olekaan n\u00e4in kovinkaan tuttu palvelu. Koska Paylevo tekee kuitenkin todella suurta tulemista kasinoille, kokosimme sinulle t\u00e4h\u00e4n t\u00e4rpit sen parhaisiin puoliin.<\/p>\n\n\n\n<ul class=\"wp-block-list\"><li>palvelun k\u00e4ytt\u00f6 on todella helppoa<\/li><li>maksukykysi arvioidaan erikseen<\/li><li>laskulle on 14 vuorokauden maksuaika<\/li><li>tarvitset palvelua k\u00e4ytt\u00e4\u00e4ksesi ainoastaan puhelinta<\/li><li>Paylevo talletus oikeuttaa useimmissa paikoissa my\u00f6s kasinobonuksiin<\/li><\/ul>\n\n\n\n<p>Paylevon k\u00e4ytt\u00f6 on n\u00e4pp\u00e4r\u00e4\u00e4 jo ensimm\u00e4isell\u00e4 kerralla. Emme ainakaan itse \u00e4rsyyntyneet siit\u00e4, ett\u00e4 ensimm\u00e4isell\u00e4 k\u00e4ytt\u00f6kerralla palvelu pyysi meilt\u00e4 luottotietoja. Niit\u00e4 ei en\u00e4\u00e4 sittemmin ole kysytty, vaan talletuksen ja ostosten tekeminen onnistuu aina jouhevasti ja mutkattomasti.<\/p>\n\n\n\n<h3 class=\"wp-block-heading\">Paylevo kasinot ja bonukset<\/h3>\n\n\n\n<p>Mobiilimaksaminen on luotettava ja vastuullinen tapa tehd\u00e4 talletuksia. T\u00e4st\u00e4 syyst\u00e4 useimmat nettikasinot, joihin voit tehd\u00e4 talletuksia laskulla, antavat sinulle my\u00f6s bonuksia.<\/p>\n\n\n\n<p>T\u00e4m\u00e4 ei kuitenkaan ole aivan itsest\u00e4\u00e4nselv\u00e4\u00e4, joten suosittelemme lukemaan jo ennen talletuksen tekoa kasinon s\u00e4\u00e4nn\u00f6ist\u00e4 ja ehdoista sen, mit\u00e4 bonuksista sanotaan.<\/p>\n\n\n\n<h2 class=\"wp-block-heading\">Paylevo casino tarjonta \u2013 Miss\u00e4 voit k\u00e4ytt\u00e4\u00e4<\/h2>\n\n\n\n<p>Paylevo kasino tarjonta on viel\u00e4 toistaiseksi hyvin suppeaa. Useimmat mobiilimaksamisen hyv\u00e4ksyv\u00e4t nettikasinot tarjoavat maksutavoiksi muita vaihtoehtoja. Paylevo kasinot ovat kuitenkin tulossa markkinoille kovaa vauhtia.&nbsp;<\/p>\n\n\n\n<p>Mobiilimaksamisen suosio on kasvussa, ja k\u00e4tev\u00e4 lasku on loistava tapa kuitata my\u00f6s talletuksia kasinolla. T\u00e4ll\u00e4 hetkell\u00e4 Paylevo kasinoista ei syyst\u00e4 tai toisesta ole viel\u00e4 tullut yht\u00e4 suosittuja kuin&nbsp;<a href=\"https:\/\/fastercasinos.com\/fi\/rahansiirrot\/siru-mobile\/\">Siru Mobile kasinot<\/a>&nbsp;tai&nbsp;<a href=\"https:\/\/fastercasinos.com\/fi\/rahansiirrot\/zimpler\/\">Zimpler casino<\/a>&nbsp;sivustot, mutta sen k\u00e4ytt\u00f6 yleistyy jatkuvasti.&nbsp;Uskomme, ett\u00e4 jo muutaman vuoden sis\u00e4ll\u00e4 Paylevo kasinot ovat enemm\u00e4nkin s\u00e4\u00e4nt\u00f6 kuin poikkeus!<\/p>\n\n\n","protected":false},"excerpt":{"rendered":"<p>Paylevo kasinot Laskulla maksaminen on monesta pelaajasta k\u00e4tev\u00e4\u00e4 ja samalla my\u00f6s \u00e4\u00e4rett\u00f6m\u00e4n turvallista. Paylevo kasinot eiv\u00e4t silti valitettavasti ainakaan viel\u00e4&#8230;<\/p>\n","protected":false},"author":5,"featured_media":1771,"parent":1690,"menu_order":0,"comment_status":"closed","ping_status":"closed","template":"","meta":{"_acf_changed":false,"footnotes":""},"class_list":["post-1693","page","type-page","status-publish","has-post-thumbnail","hentry"],"acf":[],"yoast_head":"<!-- This site is optimized with the Yoast SEO plugin v27.0 - https:\/\/yoast.com\/product\/yoast-seo-wordpress\/ -->\n<title>Paylevo kasinot | Miten Paylevo talletus onnistuu?<\/title>\n<meta name=\"description\" content=\"Paylevo kasinot ovat yleistym\u00e4ss\u00e4, joskin niit\u00e4 on viel\u00e4 melko harvassa. Miten talletat ja onnistuuko Paylevo kotiutus? Lue artikkelista!\" \/>\n<meta name=\"robots\" content=\"index, follow, max-snippet:-1, max-image-preview:large, max-video-preview:-1\" \/>\n<link rel=\"canonical\" href=\"https:\/\/fastercasinos.com\/fi\/rahansiirrot\/paylevo\/\" \/>\n<meta property=\"og:locale\" content=\"fi_FI\" \/>\n<meta property=\"og:type\" content=\"article\" \/>\n<meta property=\"og:title\" content=\"Paylevo kasinot | Miten Paylevo talletus onnistuu?\" \/>\n<meta property=\"og:description\" content=\"Paylevo kasinot ovat yleistym\u00e4ss\u00e4, joskin niit\u00e4 on viel\u00e4 melko harvassa. Miten talletat ja onnistuuko Paylevo kotiutus? Lue artikkelista!\" \/>\n<meta property=\"og:url\" content=\"https:\/\/fastercasinos.com\/fi\/rahansiirrot\/paylevo\/\" \/>\n<meta property=\"og:site_name\" content=\"Faster casinos\" \/>\n<meta property=\"article:modified_time\" content=\"2023-05-30T11:49:28+00:00\" \/>\n<meta property=\"og:image\" content=\"https:\/\/fastercasinos.com\/wp-content\/uploads\/2021\/05\/fastercasinos-suomi.png\" \/>\n\t<meta property=\"og:image:width\" content=\"1200\" \/>\n\t<meta property=\"og:image:height\" content=\"628\" \/>\n\t<meta property=\"og:image:type\" content=\"image\/png\" \/>\n<meta name=\"twitter:card\" content=\"summary_large_image\" \/>\n<meta name=\"twitter:label1\" content=\"Arvioitu lukuaika\" \/>\n\t<meta name=\"twitter:data1\" content=\"5 minuuttia\" \/>\n<script type=\"application\/ld+json\" class=\"yoast-schema-graph\">{\"@context\":\"https:\/\/schema.org\",\"@graph\":[{\"@type\":\"WebPage\",\"@id\":\"https:\/\/fastercasinos.com\/fi\/rahansiirrot\/paylevo\/\",\"url\":\"https:\/\/fastercasinos.com\/fi\/rahansiirrot\/paylevo\/\",\"name\":\"Paylevo kasinot | Miten Paylevo talletus onnistuu?\",\"isPartOf\":{\"@id\":\"https:\/\/fastercasinos.com\/fi\/#website\"},\"primaryImageOfPage\":{\"@id\":\"https:\/\/fastercasinos.com\/fi\/rahansiirrot\/paylevo\/#primaryimage\"},\"image\":{\"@id\":\"https:\/\/fastercasinos.com\/fi\/rahansiirrot\/paylevo\/#primaryimage\"},\"thumbnailUrl\":\"https:\/\/fastercasinos.com\/wp-content\/uploads\/2021\/05\/fastercasinos-suomi.png\",\"datePublished\":\"2021-11-04T09:28:15+00:00\",\"dateModified\":\"2023-05-30T11:49:28+00:00\",\"description\":\"Paylevo kasinot ovat yleistym\u00e4ss\u00e4, joskin niit\u00e4 on viel\u00e4 melko harvassa. Miten talletat ja onnistuuko Paylevo kotiutus? Lue artikkelista!\",\"breadcrumb\":{\"@id\":\"https:\/\/fastercasinos.com\/fi\/rahansiirrot\/paylevo\/#breadcrumb\"},\"inLanguage\":\"fi\",\"potentialAction\":[{\"@type\":\"ReadAction\",\"target\":[\"https:\/\/fastercasinos.com\/fi\/rahansiirrot\/paylevo\/\"]}]},{\"@type\":\"ImageObject\",\"inLanguage\":\"fi\",\"@id\":\"https:\/\/fastercasinos.com\/fi\/rahansiirrot\/paylevo\/#primaryimage\",\"url\":\"https:\/\/fastercasinos.com\/wp-content\/uploads\/2021\/05\/fastercasinos-suomi.png\",\"contentUrl\":\"https:\/\/fastercasinos.com\/wp-content\/uploads\/2021\/05\/fastercasinos-suomi.png\",\"width\":1200,\"height\":628,\"caption\":\"FasterCasinos.com Suomi\"},{\"@type\":\"BreadcrumbList\",\"@id\":\"https:\/\/fastercasinos.com\/fi\/rahansiirrot\/paylevo\/#breadcrumb\",\"itemListElement\":[{\"@type\":\"ListItem\",\"position\":1,\"name\":\"Nopeat Kasinot\",\"item\":\"https:\/\/fastercasinos.com\/fi\/\"},{\"@type\":\"ListItem\",\"position\":2,\"name\":\"Rahansiirrot\",\"item\":\"https:\/\/fastercasinos.com\/fi\/rahansiirrot\/\"},{\"@type\":\"ListItem\",\"position\":3,\"name\":\"Paylevo\"}]},{\"@type\":\"WebSite\",\"@id\":\"https:\/\/fastercasinos.com\/fi\/#website\",\"url\":\"https:\/\/fastercasinos.com\/fi\/\",\"name\":\"Faster casinos\",\"description\":\"Fast or nothing!\",\"publisher\":{\"@id\":\"https:\/\/fastercasinos.com\/fi\/#organization\"},\"potentialAction\":[{\"@type\":\"SearchAction\",\"target\":{\"@type\":\"EntryPoint\",\"urlTemplate\":\"https:\/\/fastercasinos.com\/fi\/?s={search_term_string}\"},\"query-input\":{\"@type\":\"PropertyValueSpecification\",\"valueRequired\":true,\"valueName\":\"search_term_string\"}}],\"inLanguage\":\"fi\"},{\"@type\":\"Organization\",\"@id\":\"https:\/\/fastercasinos.com\/fi\/#organization\",\"name\":\"Fastercasinos.com\",\"url\":\"https:\/\/fastercasinos.com\/fi\/\",\"logo\":{\"@type\":\"ImageObject\",\"inLanguage\":\"fi\",\"@id\":\"https:\/\/fastercasinos.com\/fi\/#\/schema\/logo\/image\/\",\"url\":\"https:\/\/fastercasinos.com\/wp-content\/uploads\/2022\/06\/Fastercasinos-logo.svg\",\"contentUrl\":\"https:\/\/fastercasinos.com\/wp-content\/uploads\/2022\/06\/Fastercasinos-logo.svg\",\"caption\":\"Fastercasinos.com\"},\"image\":{\"@id\":\"https:\/\/fastercasinos.com\/fi\/#\/schema\/logo\/image\/\"}}]}<\/script>\n<!-- \/ Yoast SEO plugin. -->","yoast_head_json":{"title":"Paylevo kasinot | Miten Paylevo talletus onnistuu?","description":"Paylevo kasinot ovat yleistym\u00e4ss\u00e4, joskin niit\u00e4 on viel\u00e4 melko harvassa. Miten talletat ja onnistuuko Paylevo kotiutus? Lue artikkelista!","robots":{"index":"index","follow":"follow","max-snippet":"max-snippet:-1","max-image-preview":"max-image-preview:large","max-video-preview":"max-video-preview:-1"},"canonical":"https:\/\/fastercasinos.com\/fi\/rahansiirrot\/paylevo\/","og_locale":"fi_FI","og_type":"article","og_title":"Paylevo kasinot | Miten Paylevo talletus onnistuu?","og_description":"Paylevo kasinot ovat yleistym\u00e4ss\u00e4, joskin niit\u00e4 on viel\u00e4 melko harvassa. Miten talletat ja onnistuuko Paylevo kotiutus? Lue artikkelista!","og_url":"https:\/\/fastercasinos.com\/fi\/rahansiirrot\/paylevo\/","og_site_name":"Faster casinos","article_modified_time":"2023-05-30T11:49:28+00:00","og_image":[{"width":1200,"height":628,"url":"https:\/\/fastercasinos.com\/wp-content\/uploads\/2021\/05\/fastercasinos-suomi.png","type":"image\/png"}],"twitter_card":"summary_large_image","twitter_misc":{"Arvioitu lukuaika":"5 minuuttia"},"schema":{"@context":"https:\/\/schema.org","@graph":[{"@type":"WebPage","@id":"https:\/\/fastercasinos.com\/fi\/rahansiirrot\/paylevo\/","url":"https:\/\/fastercasinos.com\/fi\/rahansiirrot\/paylevo\/","name":"Paylevo kasinot | Miten Paylevo talletus onnistuu?","isPartOf":{"@id":"https:\/\/fastercasinos.com\/fi\/#website"},"primaryImageOfPage":{"@id":"https:\/\/fastercasinos.com\/fi\/rahansiirrot\/paylevo\/#primaryimage"},"image":{"@id":"https:\/\/fastercasinos.com\/fi\/rahansiirrot\/paylevo\/#primaryimage"},"thumbnailUrl":"https:\/\/fastercasinos.com\/wp-content\/uploads\/2021\/05\/fastercasinos-suomi.png","datePublished":"2021-11-04T09:28:15+00:00","dateModified":"2023-05-30T11:49:28+00:00","description":"Paylevo kasinot ovat yleistym\u00e4ss\u00e4, joskin niit\u00e4 on viel\u00e4 melko harvassa. Miten talletat ja onnistuuko Paylevo kotiutus? Lue artikkelista!","breadcrumb":{"@id":"https:\/\/fastercasinos.com\/fi\/rahansiirrot\/paylevo\/#breadcrumb"},"inLanguage":"fi","potentialAction":[{"@type":"ReadAction","target":["https:\/\/fastercasinos.com\/fi\/rahansiirrot\/paylevo\/"]}]},{"@type":"ImageObject","inLanguage":"fi","@id":"https:\/\/fastercasinos.com\/fi\/rahansiirrot\/paylevo\/#primaryimage","url":"https:\/\/fastercasinos.com\/wp-content\/uploads\/2021\/05\/fastercasinos-suomi.png","contentUrl":"https:\/\/fastercasinos.com\/wp-content\/uploads\/2021\/05\/fastercasinos-suomi.png","width":1200,"height":628,"caption":"FasterCasinos.com Suomi"},{"@type":"BreadcrumbList","@id":"https:\/\/fastercasinos.com\/fi\/rahansiirrot\/paylevo\/#breadcrumb","itemListElement":[{"@type":"ListItem","position":1,"name":"Nopeat Kasinot","item":"https:\/\/fastercasinos.com\/fi\/"},{"@type":"ListItem","position":2,"name":"Rahansiirrot","item":"https:\/\/fastercasinos.com\/fi\/rahansiirrot\/"},{"@type":"ListItem","position":3,"name":"Paylevo"}]},{"@type":"WebSite","@id":"https:\/\/fastercasinos.com\/fi\/#website","url":"https:\/\/fastercasinos.com\/fi\/","name":"Faster casinos","description":"Fast or nothing!","publisher":{"@id":"https:\/\/fastercasinos.com\/fi\/#organization"},"potentialAction":[{"@type":"SearchAction","target":{"@type":"EntryPoint","urlTemplate":"https:\/\/fastercasinos.com\/fi\/?s={search_term_string}"},"query-input":{"@type":"PropertyValueSpecification","valueRequired":true,"valueName":"search_term_string"}}],"inLanguage":"fi"},{"@type":"Organization","@id":"https:\/\/fastercasinos.com\/fi\/#organization","name":"Fastercasinos.com","url":"https:\/\/fastercasinos.com\/fi\/","logo":{"@type":"ImageObject","inLanguage":"fi","@id":"https:\/\/fastercasinos.com\/fi\/#\/schema\/logo\/image\/","url":"https:\/\/fastercasinos.com\/wp-content\/uploads\/2022\/06\/Fastercasinos-logo.svg","contentUrl":"https:\/\/fastercasinos.com\/wp-content\/uploads\/2022\/06\/Fastercasinos-logo.svg","caption":"Fastercasinos.com"},"image":{"@id":"https:\/\/fastercasinos.com\/fi\/#\/schema\/logo\/image\/"}}]}},"_links":{"self":[{"href":"https:\/\/fastercasinos.com\/fi\/wp-json\/wp\/v2\/pages\/1693","targetHints":{"allow":["GET"]}}],"collection":[{"href":"https:\/\/fastercasinos.com\/fi\/wp-json\/wp\/v2\/pages"}],"about":[{"href":"https:\/\/fastercasinos.com\/fi\/wp-json\/wp\/v2\/types\/page"}],"author":[{"embeddable":true,"href":"https:\/\/fastercasinos.com\/fi\/wp-json\/wp\/v2\/users\/5"}],"replies":[{"embeddable":true,"href":"https:\/\/fastercasinos.com\/fi\/wp-json\/wp\/v2\/comments?post=1693"}],"version-history":[{"count":8,"href":"https:\/\/fastercasinos.com\/fi\/wp-json\/wp\/v2\/pages\/1693\/revisions"}],"predecessor-version":[{"id":4954,"href":"https:\/\/fastercasinos.com\/fi\/wp-json\/wp\/v2\/pages\/1693\/revisions\/4954"}],"up":[{"embeddable":true,"href":"https:\/\/fastercasinos.com\/fi\/wp-json\/wp\/v2\/pages\/1690"}],"wp:featuredmedia":[{"embeddable":true,"href":"https:\/\/fastercasinos.com\/fi\/wp-json\/wp\/v2\/media\/1771"}],"wp:attachment":[{"href":"https:\/\/fastercasinos.com\/fi\/wp-json\/wp\/v2\/media?parent=1693"}],"curies":[{"name":"wp","href":"https:\/\/api.w.org\/{rel}","templated":true}]}}