{"id":1696,"date":"2021-11-04T09:28:31","date_gmt":"2021-11-04T09:28:31","guid":{"rendered":"https:\/\/fastercasinos.com\/?page_id=1696"},"modified":"2023-05-30T11:55:36","modified_gmt":"2023-05-30T11:55:36","slug":"rapid-transfer","status":"publish","type":"page","link":"https:\/\/fastercasinos.com\/fi\/rahansiirrot\/rapid-transfer\/","title":{"rendered":"Rapid Transfer"},"content":{"rendered":"\n<h1 class=\"wp-block-heading\">Rapid Transfer kasinot<\/h1>\n\n\n\n<p>Mik\u00e4li olet pelannut nettikasinoilla, olet mahdollisesti t\u00f6rm\u00e4nnyt maksuun nimelt\u00e4 Rapid Transfer. T\u00e4llaiset Rapid Transfer kasinot eiv\u00e4t ole kaikista tunnetuimpia suomalaisten pelaajien keskuudessa, mutta niit\u00e4 on silti jonkin verran markkinoilla.<\/p>\n\n\n\n<p>Tallettaminen t\u00e4ll\u00e4 menetelm\u00e4ll\u00e4 onnistuu vain muutamissa sekunneissa. Talletukset tehd\u00e4\u00e4n suoraan pankkitililt\u00e4si tai vaihtoehtoisesti nettilompakosta. Miten Rapid Transfer talletus tehd\u00e4\u00e4n ja millaisia kokemuksia meill\u00e4 on palvelun k\u00e4yt\u00f6st\u00e4?<\/p>\n\n\n\n<h2 class=\"wp-block-heading\">Rapid Transfer casino tarjonta<\/h2>\n\n\n\n\n\n<h2 class=\"wp-block-heading\">Miten Rapid Transfer casino maksutapa toimii?<\/h2>\n\n\n\n<p>Rapid Transfer kasinot tekev\u00e4t talletusten ja kotiutusten tekemisest\u00e4 turvallista ja helppoa. Useimmat&nbsp;<a href=\"https:\/\/fastercasinos.com\/fi\/nettikasinot\/uudet-nettikasinot\/\">uudet kasinot<\/a>&nbsp;eiv\u00e4t peri sinulta erillist\u00e4 maksua talletuksista, eli maksat ainoastaan siit\u00e4, mit\u00e4 talletat.<\/p>\n\n\n\n<p>Sinun ei tarvitse ladata k\u00e4ytt\u00f6\u00f6si erillist\u00e4 ohjelmaa tai sovellusta, jotta voisit k\u00e4ytt\u00e4\u00e4 Rapid Transferia. Tarvitset vain oman verkkopankkisi tunnukset, toimivan verkkoyhteyden ja tietysti my\u00f6s sopivan summan rahaa peleihin. Joissakin tilanteissa voi olla niin, ett\u00e4 sinulta kysyt\u00e4\u00e4n viel\u00e4 lis\u00e4varmennuksia.<\/p>\n\n\n\n<h3 class=\"wp-block-heading\">Rapid Transfer talletus<\/h3>\n\n\n\n<p>Rapid Transfer talletus on helppo tehd\u00e4. Luo ensin itsellesi pelitili sille kasinolle, jossa palvelua haluat k\u00e4ytt\u00e4\u00e4. Kun tili on luotu, siirry kassalle. Siell\u00e4 n\u00e4et kaikki k\u00e4yt\u00f6ss\u00e4 olevat maksutavat, joista voit valita siis Rapid Transferin. Tehty talletus n\u00e4kyy tilill\u00e4si v\u00e4litt\u00f6m\u00e4sti.<\/p>\n\n\n\n<h4 class=\"wp-block-heading\">Rapid Transferin siirtorajat ja maksaminen<\/h4>\n\n\n\n<p>Rapid Transfer kasino maksut voivat sis\u00e4lt\u00e4\u00e4 erilaisia siirtorajoja hieman pelisivustosta poiketen. Useimmat kasinot ovat s\u00e4\u00e4t\u00e4neet pienimm\u00e4ksi talletussummaksi t\u00e4lle maksutavalle 10 &#8211; 20 euroa.<\/p>\n\n\n\n<p>Maksimitalletus voi sen sijaan kohota jopa 4 000:een euroon, ja n\u00e4in maksutapa soveltuu hienosti my\u00f6s isomman budjetin pelaajille.<\/p>\n\n\n\n<h3 class=\"wp-block-heading\">Rapid Transfer kotiutus<\/h3>\n\n\n\n<p>Rapid Transfer kotiutus on sekin n\u00e4pp\u00e4r\u00e4 kuin mik\u00e4! Voit nostaa voittoja ulos kasinolta my\u00f6s t\u00e4m\u00e4n menetelm\u00e4n avulla \u2013 se toimii siis molempiin suuntiin. <\/p>\n\n\n\n<p>Nostojen kesto riippuu pitk\u00e4lti k\u00e4ytt\u00e4m\u00e4st\u00e4si nettikasinosta.&nbsp;Joidenkin kasinoiden kohdalla k\u00e4sittelyajat ovat vain muutamia tunteja, kun taas toisten kotiutuksissa voi kest\u00e4\u00e4 jopa parikin p\u00e4iv\u00e4\u00e4.<\/p>\n\n\n\n<p>Rapid Transfer kotiutus on tavallisesti todella nopea, ja ainakin verrattoman paljon nopeampi kuin vaikkapa luottokortille tehty nosto.Kannattaa muistaa my\u00f6s se, ett\u00e4 oma toimintasi nettikasinolla voi vaikuttaa etenkin ensimm\u00e4isen noston kestoon.<\/p>\n\n\n\n<p>Koska Rapid Transfer kasinot ovat perinteisell\u00e4 tavalla toimivia pelipaikkoja, tulee sinun siis vahvistaa henkil\u00f6llisyytesi nettikasinolle ennen nostopyynn\u00f6n tekemist\u00e4.T\u00e4m\u00e4 tehd\u00e4\u00e4n yleens\u00e4 pelitilin kautta: l\u00e4het\u00e4t dokumentit, joita Rapid Transfer kasino sinulta pyyt\u00e4\u00e4, ja jatkossa nostot tehd\u00e4\u00e4n nopeammin.<\/p>\n\n\n\n<p>Kun valitsemasi Rapid Transfer kasino toimii Maltan, Viron tai jonkin muun ETA-maan lisenssill\u00e4, on kyseess\u00e4\u00a0<a href=\"https:\/\/fastercasinos.com\/fi\/nettikasinot\/verovapaat-nettikasinot\/\">verovapaa nettikasino<\/a>\u00a0eik\u00e4 sinun tarvitse silloin maksaa voitoista veroja. Saat ne siis aina puhtaan k\u00e4teen. Mik\u00e4li pelaat Curacaon lisenssit saaneella Rapid Transfer kasinolla, tulee sinun maksaa voitoista veroja.<\/p>\n\n\n\n<figure class=\"wp-block-image size-large\"><img loading=\"lazy\" decoding=\"async\" width=\"1024\" height=\"536\" src=\"https:\/\/fastercasinos.com\/wp-content\/uploads\/2021\/05\/parhaat-rapid-transfer-kasinot-1024x536.png\" alt=\"Parhaat Rapid Transfer kasinot\" class=\"wp-image-1894\" srcset=\"https:\/\/fastercasinos.com\/wp-content\/uploads\/2021\/05\/parhaat-rapid-transfer-kasinot-1024x536.png 1024w, https:\/\/fastercasinos.com\/wp-content\/uploads\/2021\/05\/parhaat-rapid-transfer-kasinot-300x157.png 300w, https:\/\/fastercasinos.com\/wp-content\/uploads\/2021\/05\/parhaat-rapid-transfer-kasinot-768x402.png 768w, https:\/\/fastercasinos.com\/wp-content\/uploads\/2021\/05\/parhaat-rapid-transfer-kasinot.png 1200w\" sizes=\"auto, (max-width: 1024px) 100vw, 1024px\" \/><\/figure>\n\n\n\n<h2 class=\"wp-block-heading\">Rapid Transfer kasinot ja bonukset<\/h2>\n\n\n\n<p>Rapid Transfer casinot antavat pelaajilleen tavallisesti bonuksia. Ne voivat olla esimerkiksi talletusbonuksia, k\u00e4teispalautuksia tai ilmaiskierroksia. Nettilompakoiden ja prepaid-maksujen k\u00e4ytt\u00e4j\u00e4t ovat yleens\u00e4 rajattu t\u00e4llaisten bonusten ulkopuolelle.<\/p>\n\n\n\n<p>T\u00e4m\u00e4 johtuu siit\u00e4, ett\u00e4 jokainen Rapid Transfer casino on velvoitettu toimimaan rahanpesua ja alaik\u00e4isten pelaamista ehk\u00e4ist\u00e4kseen ja est\u00e4\u00e4kseen.Sen perusteella, millaisia Rapid Transfer kokemuksia meill\u00e4 on, ei t\u00e4m\u00e4 maksutapa ole rajattu ulos bonuksista.<\/p>\n\n\n\n<p>Sinun kannattaa t\u00e4st\u00e4 huolimatta lukea jokaisen n\u00e4kem\u00e4si tarjouksen s\u00e4\u00e4nn\u00f6t ja ehdot tarkasti. Viimeist\u00e4\u00e4n sielt\u00e4 huomaat, voitko saada bonuksia my\u00f6s t\u00e4ll\u00e4 maksutavalla.<\/p>\n\n\n\n<h2 class=\"wp-block-heading\">Onko Rapid Transfer casino turvallinen?<\/h2>\n\n\n\n<p>Jokainen sivustomme kautta l\u00f6yt\u00e4m\u00e4si Rapid Transfer kasino on taatusti turvallinen. Me emme koskaan esittele sinulle sellaisia nettikasinoita, joissa emme pelaisi itsekin. Mik\u00e4li havaitsemme nettikasinon toiminnassa jotakin ep\u00e4m\u00e4\u00e4r\u00e4ist\u00e4, j\u00e4t\u00e4mme sen kokonaan esittelem\u00e4tt\u00e4.<\/p>\n\n\n\n<p>Jos siis haluat olla t\u00e4ysin varma siit\u00e4, ett\u00e4 Rapid Transfer kasinot ovat taatusti luotettavia, valitse ne ainoastaan meid\u00e4n kauttamme.Jos kuitenkin p\u00e4\u00e4dyt sivustolle, jota et l\u00f6yd\u00e4 meilt\u00e4, ei h\u00e4t\u00e4\u00e4. <\/p>\n\n\n\n<p>Kyseess\u00e4 voi aivan hyvin olla silti t\u00e4ysin turvallinen Rapid Transfer kasino \u2013 me emme ehk\u00e4 vain ole ehtineet viel\u00e4 tutustua siihen.<\/p>\n\n\n\n<p>Ennen talletusten tekemist\u00e4 sinun kannattaa tsekata ainakin n\u00e4m\u00e4 seikat:<\/p>\n\n\n\n<ul class=\"wp-block-list\"><li>Millaiset lisenssit Rapid Transfer casino on saanut?<\/li><li>Millaisia yhteisty\u00f6kumppaneita kasinolla on?<\/li><li>Miten kasino suhtautuu vastuulliseen pelaamiseen?<\/li><li>Toimiiko kasino l\u00e4pin\u00e4kyv\u00e4sti?<\/li><\/ul>\n\n\n\n<p>Kaikki Rapid Transfer kasinot, jotka toimivat jonkin ETA-maan lisenssill\u00e4, ovat takuulla turvallisia. Esimerkiksi Maltalla ja Virossa kasinoiden toimintaa s\u00e4\u00e4dell\u00e4\u00e4n ja tarkkaillaan ankarasti, eiv\u00e4tk\u00e4 ep\u00e4luotettavat kasinot saa toimilupia lainkaan.<\/p>\n\n\n\n<p>Tutki my\u00f6s yhteisty\u00f6kumppaneita. Rapid Transferin lis\u00e4ksi n\u00e4it\u00e4 ovat mm. Visa ja Trustly. Vilkaise my\u00f6s pelej\u00e4: l\u00f6yd\u00e4th\u00e4n sielt\u00e4 tuotteita esimerkiksi Play\u2019n GO:lta, NetEntilt\u00e4 ja Microgamingilta?Luotettavat Rapid Transfer casinot toimivat l\u00e4pin\u00e4kyv\u00e4sti ja vastuullisesti.<\/p>\n\n\n\n<p>Tutustu siis viel\u00e4 siihen, millaisia vastuullisen pelaamisen ty\u00f6kaluja on tarjolla, ja miten paljon aiheesta on ylip\u00e4\u00e4t\u00e4\u00e4n tietoa saatavilla.&nbsp;Rapid Transfer kasinot toimivat l\u00e4pin\u00e4kyv\u00e4sti, mik\u00e4li ne kertovat toiminnastaan avoimesti ja selke\u00e4sti.<\/p>\n\n\n\n<h2 class=\"wp-block-heading\">Rapid Transfer kokemuksia kasinolla<\/h2>\n\n\n\n<p>Meille on kertynyt jo mukavasti Rapid Transfer kokemuksia. Yh\u00e4 useampi nettikasino on ottanut sen yhdeksi maksutavaksi, mutta rehellisyyden nimiss\u00e4 on silti todettava, ett\u00e4 Rapid Transfer suomi pelaajan kannalta ei ehk\u00e4 ole se kaikista ilmeisin maksutapa.<\/p>\n\n\n\n<p>T\u00e4m\u00e4 johtuu p\u00e4\u00e4asiassa siit\u00e4, ett\u00e4 me olemme tottuneet k\u00e4ytt\u00e4m\u00e4\u00e4n verkkopankkitalletuksiin mm. Trustlya, ja se taas on valikoimissa melkeinp\u00e4 kaikilla meille suunnatuilla nettikasinoilla.<\/p>\n\n\n\n<h2 class=\"wp-block-heading\">Miksi valita Rapid Transfer maksu?\u2028\u2028<\/h2>\n\n\n\n<p>Rapid Transfer kasinot ovat monesti pelivalikoimaltaan todella monipuolisia, ja niiss\u00e4 tekemist\u00e4 riitt\u00e4\u00e4 pitk\u00e4ksikin ajaksi. Rapid Transfer maksu menetelm\u00e4n hyv\u00e4ksyminen rahansiirtoihin on loistava osoitus nettikasinon joustavuudesta sek\u00e4 siit\u00e4, ett\u00e4 se haluaa palvella parhaalla mahdollisella tavalla laajaa yleis\u00f6\u00e4.<\/p>\n\n\n\n<p>Mit\u00e4 useampia maksutapoja nettikasinolla on, sit\u00e4 miellytt\u00e4v\u00e4mm\u00e4ksi se k\u00e4y monen pelaajan silmiss\u00e4.Rapid Transfer maksu on fiksu valinta, sill\u00e4 se on nopea, helppo ja todella turvallinen. Kuten todettu, erillisi\u00e4 siirtokuluja ei sen k\u00e4yt\u00f6st\u00e4 perit\u00e4.<\/p>\n\n\n\n<h2 class=\"wp-block-heading\">Rapid Transfer casino tarjonta \u2013 Miss\u00e4 voit k\u00e4ytt\u00e4\u00e4<\/h2>\n\n\n\n<p>Rapid Transfer kasinot eiv\u00e4t ole aivan yht\u00e4 runsaslukuiset kuin vaikkapa vastaavat&nbsp;<a href=\"https:\/\/fastercasinos.com\/fi\/nettikasinot\/trustly-kasinot\/\">Trustly casinot<\/a>&nbsp;tai Visa sivustot. Palvelu on kuitenkin otettu k\u00e4ytt\u00f6\u00f6n useilla suomalaisillekin suunnatuilla nettikasinoilla.<\/p>\n\n\n\n<p>Jos Rapid Transfer talletus ja kotiutus ovat mahdollisia, n\u00e4et yhti\u00f6n logon siit\u00e4 tavallisesti jossakin p\u00e4in kasinon etusivua.<\/p>\n\n\n\n\n\n\n<h3 class=\"wp-block-heading\">Kenelle Rapid Transfer sopii parhaiten?<\/h3>\n\n\n\n<p>Rapid Transfer casinot sopivat parhaiten pelaajille, jotka arvostavat valinnanvaraa ja joustavuutta. Verkkopankkitunnusten avulla teht\u00e4v\u00e4 rahansiirto k\u00e4y nopeasti sek\u00e4 vaivattomasti, ja useimmissa tapauksissa my\u00f6s bonukset lohkeavat Rapid Transferin k\u00e4ytt\u00e4j\u00e4lle.<\/p>\n\n\n\n<p>Kasinoille tallettaessa alaik\u00e4raja palvelun k\u00e4yt\u00f6lle on luonnollisesti 18 vuotta.Parhaiten Rapid Transfer maksu sopii sellaiselle pelaajalle, joka nauttii verkkopankkitunnusten k\u00e4ytt\u00e4misest\u00e4 niin kasinoilla kuin muissakin verkon palveluissa.<\/p>\n\n\n\n<h2 class=\"wp-block-heading\">Rapid Transfer kasinot \u2013 Yhteenveto<\/h2>\n\n\n\n<p>Kauttamme l\u00f6yd\u00e4t kaikki markkinoiden parhaat ja luotettavimmat Rapid Transfer kasinot. Voit etsi\u00e4 niit\u00e4 toki my\u00f6s itse, mutta suosittelemme silloinkin k\u00e4ytt\u00e4m\u00e4\u00e4n t\u00e4ss\u00e4 artikkelissa n\u00e4htyj\u00e4 vinkkej\u00e4 ohjenuoranasi. <\/p>\n\n\n\n<p>Rapid Transfer kasino tulee tulevaisuudessa vain yleistym\u00e4\u00e4n, joten palvelun k\u00e4yt\u00f6n perusasiat on hyv\u00e4 olle hallussa jo nyt!<\/p>\n","protected":false},"excerpt":{"rendered":"<p>Rapid Transfer kasinot Mik\u00e4li olet pelannut nettikasinoilla, olet mahdollisesti t\u00f6rm\u00e4nnyt maksuun nimelt\u00e4 Rapid Transfer. T\u00e4llaiset Rapid Transfer kasinot eiv\u00e4t ole&#8230;<\/p>\n","protected":false},"author":5,"featured_media":1771,"parent":1690,"menu_order":0,"comment_status":"closed","ping_status":"closed","template":"","meta":{"_acf_changed":false,"footnotes":""},"class_list":["post-1696","page","type-page","status-publish","has-post-thumbnail","hentry"],"acf":[],"yoast_head":"<!-- This site is optimized with the Yoast SEO plugin v27.0 - https:\/\/yoast.com\/product\/yoast-seo-wordpress\/ -->\n<title>Rapid Transfer kasinot | Miten rahansiirrot toimivat?<\/title>\n<meta name=\"description\" content=\"Rapid Transfer kasinot ovat melko yleisi\u00e4. Miten ne toimivat ja miten Rapid Transfer maksu tehd\u00e4\u00e4n? Lue lis\u00e4\u00e4 artikkelista!\" \/>\n<meta name=\"robots\" content=\"index, follow, max-snippet:-1, max-image-preview:large, max-video-preview:-1\" \/>\n<link rel=\"canonical\" href=\"https:\/\/fastercasinos.com\/fi\/rahansiirrot\/rapid-transfer\/\" \/>\n<meta property=\"og:locale\" content=\"fi_FI\" \/>\n<meta property=\"og:type\" content=\"article\" \/>\n<meta property=\"og:title\" content=\"Rapid Transfer kasinot | Miten rahansiirrot toimivat?\" \/>\n<meta property=\"og:description\" content=\"Rapid Transfer kasinot ovat melko yleisi\u00e4. Miten ne toimivat ja miten Rapid Transfer maksu tehd\u00e4\u00e4n? Lue lis\u00e4\u00e4 artikkelista!\" \/>\n<meta property=\"og:url\" content=\"https:\/\/fastercasinos.com\/fi\/rahansiirrot\/rapid-transfer\/\" \/>\n<meta property=\"og:site_name\" content=\"Faster casinos\" \/>\n<meta property=\"article:modified_time\" content=\"2023-05-30T11:55:36+00:00\" \/>\n<meta property=\"og:image\" content=\"https:\/\/fastercasinos.com\/wp-content\/uploads\/2021\/05\/fastercasinos-suomi.png\" \/>\n\t<meta property=\"og:image:width\" content=\"1200\" \/>\n\t<meta property=\"og:image:height\" content=\"628\" \/>\n\t<meta property=\"og:image:type\" content=\"image\/png\" \/>\n<meta name=\"twitter:card\" content=\"summary_large_image\" \/>\n<meta name=\"twitter:label1\" content=\"Arvioitu lukuaika\" \/>\n\t<meta name=\"twitter:data1\" content=\"5 minuuttia\" \/>\n<script type=\"application\/ld+json\" class=\"yoast-schema-graph\">{\"@context\":\"https:\/\/schema.org\",\"@graph\":[{\"@type\":\"WebPage\",\"@id\":\"https:\/\/fastercasinos.com\/fi\/rahansiirrot\/rapid-transfer\/\",\"url\":\"https:\/\/fastercasinos.com\/fi\/rahansiirrot\/rapid-transfer\/\",\"name\":\"Rapid Transfer kasinot | Miten rahansiirrot toimivat?\",\"isPartOf\":{\"@id\":\"https:\/\/fastercasinos.com\/fi\/#website\"},\"primaryImageOfPage\":{\"@id\":\"https:\/\/fastercasinos.com\/fi\/rahansiirrot\/rapid-transfer\/#primaryimage\"},\"image\":{\"@id\":\"https:\/\/fastercasinos.com\/fi\/rahansiirrot\/rapid-transfer\/#primaryimage\"},\"thumbnailUrl\":\"https:\/\/fastercasinos.com\/wp-content\/uploads\/2021\/05\/fastercasinos-suomi.png\",\"datePublished\":\"2021-11-04T09:28:31+00:00\",\"dateModified\":\"2023-05-30T11:55:36+00:00\",\"description\":\"Rapid Transfer kasinot ovat melko yleisi\u00e4. Miten ne toimivat ja miten Rapid Transfer maksu tehd\u00e4\u00e4n? Lue lis\u00e4\u00e4 artikkelista!\",\"breadcrumb\":{\"@id\":\"https:\/\/fastercasinos.com\/fi\/rahansiirrot\/rapid-transfer\/#breadcrumb\"},\"inLanguage\":\"fi\",\"potentialAction\":[{\"@type\":\"ReadAction\",\"target\":[\"https:\/\/fastercasinos.com\/fi\/rahansiirrot\/rapid-transfer\/\"]}]},{\"@type\":\"ImageObject\",\"inLanguage\":\"fi\",\"@id\":\"https:\/\/fastercasinos.com\/fi\/rahansiirrot\/rapid-transfer\/#primaryimage\",\"url\":\"https:\/\/fastercasinos.com\/wp-content\/uploads\/2021\/05\/fastercasinos-suomi.png\",\"contentUrl\":\"https:\/\/fastercasinos.com\/wp-content\/uploads\/2021\/05\/fastercasinos-suomi.png\",\"width\":1200,\"height\":628,\"caption\":\"FasterCasinos.com Suomi\"},{\"@type\":\"BreadcrumbList\",\"@id\":\"https:\/\/fastercasinos.com\/fi\/rahansiirrot\/rapid-transfer\/#breadcrumb\",\"itemListElement\":[{\"@type\":\"ListItem\",\"position\":1,\"name\":\"Nopeat Kasinot\",\"item\":\"https:\/\/fastercasinos.com\/fi\/\"},{\"@type\":\"ListItem\",\"position\":2,\"name\":\"Rahansiirrot\",\"item\":\"https:\/\/fastercasinos.com\/fi\/rahansiirrot\/\"},{\"@type\":\"ListItem\",\"position\":3,\"name\":\"Rapid Transfer\"}]},{\"@type\":\"WebSite\",\"@id\":\"https:\/\/fastercasinos.com\/fi\/#website\",\"url\":\"https:\/\/fastercasinos.com\/fi\/\",\"name\":\"Faster casinos\",\"description\":\"Fast or nothing!\",\"publisher\":{\"@id\":\"https:\/\/fastercasinos.com\/fi\/#organization\"},\"potentialAction\":[{\"@type\":\"SearchAction\",\"target\":{\"@type\":\"EntryPoint\",\"urlTemplate\":\"https:\/\/fastercasinos.com\/fi\/?s={search_term_string}\"},\"query-input\":{\"@type\":\"PropertyValueSpecification\",\"valueRequired\":true,\"valueName\":\"search_term_string\"}}],\"inLanguage\":\"fi\"},{\"@type\":\"Organization\",\"@id\":\"https:\/\/fastercasinos.com\/fi\/#organization\",\"name\":\"Fastercasinos.com\",\"url\":\"https:\/\/fastercasinos.com\/fi\/\",\"logo\":{\"@type\":\"ImageObject\",\"inLanguage\":\"fi\",\"@id\":\"https:\/\/fastercasinos.com\/fi\/#\/schema\/logo\/image\/\",\"url\":\"https:\/\/fastercasinos.com\/wp-content\/uploads\/2022\/06\/Fastercasinos-logo.svg\",\"contentUrl\":\"https:\/\/fastercasinos.com\/wp-content\/uploads\/2022\/06\/Fastercasinos-logo.svg\",\"caption\":\"Fastercasinos.com\"},\"image\":{\"@id\":\"https:\/\/fastercasinos.com\/fi\/#\/schema\/logo\/image\/\"}}]}<\/script>\n<!-- \/ Yoast SEO plugin. -->","yoast_head_json":{"title":"Rapid Transfer kasinot | Miten rahansiirrot toimivat?","description":"Rapid Transfer kasinot ovat melko yleisi\u00e4. Miten ne toimivat ja miten Rapid Transfer maksu tehd\u00e4\u00e4n? Lue lis\u00e4\u00e4 artikkelista!","robots":{"index":"index","follow":"follow","max-snippet":"max-snippet:-1","max-image-preview":"max-image-preview:large","max-video-preview":"max-video-preview:-1"},"canonical":"https:\/\/fastercasinos.com\/fi\/rahansiirrot\/rapid-transfer\/","og_locale":"fi_FI","og_type":"article","og_title":"Rapid Transfer kasinot | Miten rahansiirrot toimivat?","og_description":"Rapid Transfer kasinot ovat melko yleisi\u00e4. Miten ne toimivat ja miten Rapid Transfer maksu tehd\u00e4\u00e4n? Lue lis\u00e4\u00e4 artikkelista!","og_url":"https:\/\/fastercasinos.com\/fi\/rahansiirrot\/rapid-transfer\/","og_site_name":"Faster casinos","article_modified_time":"2023-05-30T11:55:36+00:00","og_image":[{"width":1200,"height":628,"url":"https:\/\/fastercasinos.com\/wp-content\/uploads\/2021\/05\/fastercasinos-suomi.png","type":"image\/png"}],"twitter_card":"summary_large_image","twitter_misc":{"Arvioitu lukuaika":"5 minuuttia"},"schema":{"@context":"https:\/\/schema.org","@graph":[{"@type":"WebPage","@id":"https:\/\/fastercasinos.com\/fi\/rahansiirrot\/rapid-transfer\/","url":"https:\/\/fastercasinos.com\/fi\/rahansiirrot\/rapid-transfer\/","name":"Rapid Transfer kasinot | Miten rahansiirrot toimivat?","isPartOf":{"@id":"https:\/\/fastercasinos.com\/fi\/#website"},"primaryImageOfPage":{"@id":"https:\/\/fastercasinos.com\/fi\/rahansiirrot\/rapid-transfer\/#primaryimage"},"image":{"@id":"https:\/\/fastercasinos.com\/fi\/rahansiirrot\/rapid-transfer\/#primaryimage"},"thumbnailUrl":"https:\/\/fastercasinos.com\/wp-content\/uploads\/2021\/05\/fastercasinos-suomi.png","datePublished":"2021-11-04T09:28:31+00:00","dateModified":"2023-05-30T11:55:36+00:00","description":"Rapid Transfer kasinot ovat melko yleisi\u00e4. Miten ne toimivat ja miten Rapid Transfer maksu tehd\u00e4\u00e4n? Lue lis\u00e4\u00e4 artikkelista!","breadcrumb":{"@id":"https:\/\/fastercasinos.com\/fi\/rahansiirrot\/rapid-transfer\/#breadcrumb"},"inLanguage":"fi","potentialAction":[{"@type":"ReadAction","target":["https:\/\/fastercasinos.com\/fi\/rahansiirrot\/rapid-transfer\/"]}]},{"@type":"ImageObject","inLanguage":"fi","@id":"https:\/\/fastercasinos.com\/fi\/rahansiirrot\/rapid-transfer\/#primaryimage","url":"https:\/\/fastercasinos.com\/wp-content\/uploads\/2021\/05\/fastercasinos-suomi.png","contentUrl":"https:\/\/fastercasinos.com\/wp-content\/uploads\/2021\/05\/fastercasinos-suomi.png","width":1200,"height":628,"caption":"FasterCasinos.com Suomi"},{"@type":"BreadcrumbList","@id":"https:\/\/fastercasinos.com\/fi\/rahansiirrot\/rapid-transfer\/#breadcrumb","itemListElement":[{"@type":"ListItem","position":1,"name":"Nopeat Kasinot","item":"https:\/\/fastercasinos.com\/fi\/"},{"@type":"ListItem","position":2,"name":"Rahansiirrot","item":"https:\/\/fastercasinos.com\/fi\/rahansiirrot\/"},{"@type":"ListItem","position":3,"name":"Rapid Transfer"}]},{"@type":"WebSite","@id":"https:\/\/fastercasinos.com\/fi\/#website","url":"https:\/\/fastercasinos.com\/fi\/","name":"Faster casinos","description":"Fast or nothing!","publisher":{"@id":"https:\/\/fastercasinos.com\/fi\/#organization"},"potentialAction":[{"@type":"SearchAction","target":{"@type":"EntryPoint","urlTemplate":"https:\/\/fastercasinos.com\/fi\/?s={search_term_string}"},"query-input":{"@type":"PropertyValueSpecification","valueRequired":true,"valueName":"search_term_string"}}],"inLanguage":"fi"},{"@type":"Organization","@id":"https:\/\/fastercasinos.com\/fi\/#organization","name":"Fastercasinos.com","url":"https:\/\/fastercasinos.com\/fi\/","logo":{"@type":"ImageObject","inLanguage":"fi","@id":"https:\/\/fastercasinos.com\/fi\/#\/schema\/logo\/image\/","url":"https:\/\/fastercasinos.com\/wp-content\/uploads\/2022\/06\/Fastercasinos-logo.svg","contentUrl":"https:\/\/fastercasinos.com\/wp-content\/uploads\/2022\/06\/Fastercasinos-logo.svg","caption":"Fastercasinos.com"},"image":{"@id":"https:\/\/fastercasinos.com\/fi\/#\/schema\/logo\/image\/"}}]}},"_links":{"self":[{"href":"https:\/\/fastercasinos.com\/fi\/wp-json\/wp\/v2\/pages\/1696","targetHints":{"allow":["GET"]}}],"collection":[{"href":"https:\/\/fastercasinos.com\/fi\/wp-json\/wp\/v2\/pages"}],"about":[{"href":"https:\/\/fastercasinos.com\/fi\/wp-json\/wp\/v2\/types\/page"}],"author":[{"embeddable":true,"href":"https:\/\/fastercasinos.com\/fi\/wp-json\/wp\/v2\/users\/5"}],"replies":[{"embeddable":true,"href":"https:\/\/fastercasinos.com\/fi\/wp-json\/wp\/v2\/comments?post=1696"}],"version-history":[{"count":10,"href":"https:\/\/fastercasinos.com\/fi\/wp-json\/wp\/v2\/pages\/1696\/revisions"}],"predecessor-version":[{"id":4957,"href":"https:\/\/fastercasinos.com\/fi\/wp-json\/wp\/v2\/pages\/1696\/revisions\/4957"}],"up":[{"embeddable":true,"href":"https:\/\/fastercasinos.com\/fi\/wp-json\/wp\/v2\/pages\/1690"}],"wp:featuredmedia":[{"embeddable":true,"href":"https:\/\/fastercasinos.com\/fi\/wp-json\/wp\/v2\/media\/1771"}],"wp:attachment":[{"href":"https:\/\/fastercasinos.com\/fi\/wp-json\/wp\/v2\/media?parent=1696"}],"curies":[{"name":"wp","href":"https:\/\/api.w.org\/{rel}","templated":true}]}}