{"id":1698,"date":"2021-11-04T09:28:23","date_gmt":"2021-11-04T09:28:23","guid":{"rendered":"https:\/\/fastercasinos.com\/?page_id=1698"},"modified":"2023-05-24T13:06:53","modified_gmt":"2023-05-24T13:06:53","slug":"paypal","status":"publish","type":"page","link":"https:\/\/fastercasinos.com\/fi\/rahansiirrot\/paypal\/","title":{"rendered":"Paypal"},"content":{"rendered":"\n<h1 class=\"wp-block-heading\">Paypal casino<\/h1>\n\n\n\n<p>PayPal on yksi maailman tunnetuimmista maksutavoista, ja todenn\u00e4k\u00f6isesti sin\u00e4kin olet jo k\u00e4ytt\u00e4nyt sit\u00e4, tai ainakin kuullut siit\u00e4. Suomalaisittain PayPal casino ei ole viel\u00e4 maailmanlaajuisesta suosiosta huolimatta j\u00e4rin k\u00e4ytetty pelipaikka, mutta suosio kasvaa meill\u00e4kin tasaisesti.<\/p>\n\n\n\n<p>PayPalin k\u00e4ytt\u00f6 on helppoa, ja nyky\u00e4\u00e4n saatavilla on my\u00f6s PayPal suomeksi. Uskommekin, ett\u00e4 juuri PayPal Suomi version vuoksi palvelun k\u00e4ytt\u00f6 nousee meill\u00e4 r\u00e4j\u00e4hdysm\u00e4iseen suosioon jo aivan l\u00e4hitulevaisuudessa.<\/p>\n\n\n\n<p>Miten PayPal kasino toimii ja miten talletukset tehd\u00e4\u00e4n? Ent\u00e4 voiko PayPalilla my\u00f6s kotiuttaa? Muun muassa n\u00e4ihin kysymyksiin vastaamme t\u00e4ss\u00e4 artikkelissa.<\/p>\n\n\n\n<h2 class=\"wp-block-heading\">PayPal casino listaus<\/h2>\n\n\n\n\n\n<h2 class=\"wp-block-heading\">Miten Paypal casino maksutapa toimii?<\/h2>\n\n\n\n<p>PayPal on moderni nettilompakko, joka on yksi ensimm\u00e4isist\u00e4 t\u00e4m\u00e4n maksutavan edustajista koko maailmassa. Paypal on maksutapana todella monipuolinen, ja sit\u00e4 k\u00e4ytet\u00e4\u00e4n ymp\u00e4ri maailman. Voit k\u00e4ytt\u00e4\u00e4 PayPalia rahan l\u00e4hett\u00e4miseen ja vastaanottamiseen, ostoksiin verkossa sek\u00e4 tietysti my\u00f6s talletuksiin nettikasinoilla.<\/p>\n\n\n\n<h3 class=\"wp-block-heading\">Paypal talletus<\/h3>\n\n\n\n<p>PayPal talletus on todella helppo tehd\u00e4, eik\u00e4 se edellyt\u00e4 sinulta oman maksukorttisi tai verkkopankkisi tietojen jakamista nettikasinon kanssa. Useimmille meist\u00e4 t\u00e4llaisten tietojen jakaminen ei toki ole mik\u00e4\u00e4n ongelma, mutta osa pelaajista haluaa pit\u00e4\u00e4 tiedot visusti itsell\u00e4\u00e4n. Siin\u00e4 tapauksessa PayPal maksu on todella loistava vaihtoehto!<\/p>\n\n\n\n<p>Jotta voit tehd\u00e4 talletuksia PayPalilla, tulee sinun aivan ensimm\u00e4iseksi luoda itsellesi pelitili. Useimmat PayPal kasinot edellytt\u00e4v\u00e4t sinulta erillisen rekister\u00f6itymislomakkeen t\u00e4ytt\u00e4mist\u00e4. Siin\u00e4 kerrot mm. nimesi ja osoitteesi. Kun tili on tehty, voit siirty\u00e4 kassalle. Sielt\u00e4 valitset talletukset, ja maksutavaksi PayPalin.<\/p>\n\n\n\n<p>T\u00e4m\u00e4n j\u00e4lkeen PayPal casino kysyy sinulta tilisi tunnusta sek\u00e4 salasanaa. Anna ne. Vahvista sitten se, ett\u00e4 siirt\u00e4m\u00e4si summa on todella oikein. Sitten rahat n\u00e4kyv\u00e4tkin jo tilill\u00e4si, ja voit aloittaa peleihin tutustumisen.<\/p>\n\n\n\n<p>Kokemustemme mukaan PayPal talletus ja kotiutus ovat l\u00e4ht\u00f6kohtaisesti aina maksuttomia, eli niist\u00e4 ei perit\u00e4 sinulta ylim\u00e4\u00e4r\u00e4isi\u00e4 kuluja. Sinun kannattaa kuitenkin tsekata jo ennen talletuksen tekemist\u00e4 nettikasinon k\u00e4yt\u00e4nn\u00f6t maksujen suhteen, jotta v\u00e4ltyt ik\u00e4vilt\u00e4 yll\u00e4tyksilt\u00e4.<\/p>\n\n\n\n<h3 class=\"wp-block-heading\">Paypal kotiutus<\/h3>\n\n\n\n<p>PayPal kotiutus tapahtuu monesti huomattavasti nopeammin kuin vaikkapa luottokortille kotiuttaminen. Noston kesto riippuu kuitenkin siit\u00e4, mill\u00e4 nettikasinolla olet pelaamassa.<\/p>\n\n\n\n<p>Jokaisella kasinolla on n\u00e4et useimmiten omat k\u00e4yt\u00e4nt\u00f6ns\u00e4 nostojen k\u00e4sittelyn suhteen: joidenkin kasinoiden kautta PayPal kotiutus onnistuu jopa muutamissa tunneissa. Toiset PayPal casinot sen sijaan k\u00e4sittelev\u00e4t pyynt\u00f6j\u00e4 muutamiakin p\u00e4ivi\u00e4.<\/p>\n\n\n\n<p>Ennen kuin voit tehd\u00e4 ensimm\u00e4isen nostopyynn\u00f6n, sinun tulee vahvistaa henkil\u00f6llisyytesi. Vasta, kun t\u00e4m\u00e4 on tehty, PayPal kasino voi lain mukaan k\u00e4sitell\u00e4 nostopyynn\u00f6n. <\/p>\n\n\n\n<p>T\u00e4m\u00e4n k\u00e4yt\u00e4nn\u00f6n taustalla on kansainv\u00e4liset lait ja nettikasinoiden yhteinen pyrkimys est\u00e4\u00e4 rahanpesua sek\u00e4 sit\u00e4, ett\u00e4 alaik\u00e4iset pelaavat kasinopelej\u00e4.<\/p>\n\n\n\n<p>PayPal casino voi ilmoittaa omalla sivustollaan sen, ett\u00e4 voitot siirtyv\u00e4t tilillesi esimerkiksi parissa tunnissa. T\u00e4m\u00e4 voi hyvinkin pit\u00e4\u00e4 paikkansa, mutta t\u00e4m\u00e4 ei tarkoita, ett\u00e4 saisit rahat suoraan k\u00e4ytt\u00f6\u00f6si.&nbsp;<\/p>\n\n\n\n<p>PayPalilta sinun tulee yleens\u00e4 n\u00e4et siirt\u00e4\u00e4 rahat viel\u00e4 luottokortillesi tai vaikkapa verkkopankkiisi. T\u00e4ss\u00e4kin voi kest\u00e4\u00e4 muutamia p\u00e4ivi\u00e4. Nettikasinolta rahat joka tapauksessa siirtyv\u00e4t ulos heti.<\/p>\n\n\n\n<p>Kun PayPal casino, jossa pelaat, toimii ETA-maan lisenssill\u00e4, ei sinun koskaan tarvitse maksaa voitoistasi veroja. T\u00e4m\u00e4 johtuu kahdesta tekij\u00e4st\u00e4: siit\u00e4, ett\u00e4 Suomessa kasinovoittoihin kohdistuu vain arpajaisvero sek\u00e4 siit\u00e4, ett\u00e4 olemme osa Euroopan Unionia.&nbsp;<\/p>\n\n\n\n<p>Jos valitsemasi PayPal kasino on saanut lisenssins\u00e4 muualta kuin ETA-maasta, tulee sinun ilmoittaa voitoistasi verottajalle.<\/p>\n\n\n\n<p><a href=\"https:\/\/fastercasinos.com\/wp-admin\/edit.php?post_type=page\"><\/a><\/p>\n\n\n\n<figure class=\"wp-block-image size-large\"><img loading=\"lazy\" decoding=\"async\" width=\"1024\" height=\"536\" src=\"https:\/\/fastercasinos.com\/wp-content\/uploads\/2021\/05\/parhaat-paypal-kasinot-1024x536.png\" alt=\"Parhaat PayPal kasinot\" class=\"wp-image-1890\" srcset=\"https:\/\/fastercasinos.com\/wp-content\/uploads\/2021\/05\/parhaat-paypal-kasinot-1024x536.png 1024w, https:\/\/fastercasinos.com\/wp-content\/uploads\/2021\/05\/parhaat-paypal-kasinot-300x157.png 300w, https:\/\/fastercasinos.com\/wp-content\/uploads\/2021\/05\/parhaat-paypal-kasinot-768x402.png 768w, https:\/\/fastercasinos.com\/wp-content\/uploads\/2021\/05\/parhaat-paypal-kasinot.png 1200w\" sizes=\"auto, (max-width: 1024px) 100vw, 1024px\" \/><\/figure>\n\n\n\n<h2 class=\"wp-block-heading\">Paypal kasinot<\/h2>\n\n\n\n<p>PayPal casino ei tosiaan ole ehk\u00e4 se suosituin pelisivusto, siis jos tuijotetaan puhtaasti erilaisten maksutapojen valikoimaa. <\/p>\n\n\n\n<p>Useimmat&nbsp;<a href=\"https:\/\/fastercasinos.com\/fi\/\">nopeat nettikasinot<\/a>&nbsp;eiv\u00e4t siis tarjoa PayPalia yhten\u00e4 maksutapana, ja t\u00e4st\u00e4 syyst\u00e4 me k\u00e4yt\u00e4mme palvelua verrattain v\u00e4h\u00e4n. Miksi niin harva pelisivusto on PayPal casino?<\/p>\n\n\n\n<p>Syit\u00e4 t\u00e4lle voi toki olla useita, mutta meid\u00e4n p\u00e4\u00e4telmiemme mukaan se johtuu palvelun k\u00e4yt\u00f6n korkeasta hinnasta. Perusk\u00e4ytt\u00e4j\u00e4lle PayPay maksu ja tili ovat useimmiten todella edullisia, mutta yrityksille sen k\u00e4ytt\u00f6 on jo hieman kalliimpaa.<\/p>\n\n\n\n<h2 class=\"wp-block-heading\">Paypal kokemuksia kasinolla<\/h2>\n\n\n\n<p>Meilt\u00e4 kysyt\u00e4\u00e4n usein sit\u00e4, onko meill\u00e4 oikeita PayPal kokemuksia kasinolla. Onhan meill\u00e4! Jos olet tutkinut sivustoamme ja lukenut aikaisempia julkaisujamme tied\u00e4t varmasti, ett\u00e4 me toimimme aina ja kaikessa t\u00e4ysin vastuullisesti.<\/p>\n\n\n\n<p>Emme siis koskaan perusta artikkeleitamme esimerkiksi pelk\u00e4n kuulopuheen varaan, vaan testaamme kaikkia kasinoita, maksutapoja ja pelej\u00e4 oikeasti my\u00f6s itse. T\u00e4m\u00e4 sama p\u00e4tee tietysti my\u00f6s Paypal casino sivustoihin.<\/p>\n\n\n\n<p>Kokemustemme mukaan PayPal talletus ja kotiutus on helppoa tehd\u00e4, ja etenkin PayPalin oman sovelluksen k\u00e4ytt\u00f6 on jopa nautinnollisen vaivatonta sek\u00e4 k\u00e4tev\u00e4\u00e4. <\/p>\n\n\n\n<p>Ent\u00e4 toimiiko PayPal suomeksi? Kyll\u00e4, nykyisin voit tutustua palveluun suomen kielell\u00e4. T\u00e4m\u00e4, jos mik\u00e4, on helpottanut kokemusten kerrytt\u00e4misest\u00e4 entisest\u00e4\u00e4n!<\/p>\n\n\n\n<h3 class=\"wp-block-heading\">Miksi valita juuri PayPal maksu?<\/h3>\n\n\n\n<p>PayPal maksu tapa on mahtava, eik\u00e4 ainoastaan nettikasinoilla. Palvelulla on t\u00e4n\u00e4 p\u00e4iv\u00e4n\u00e4 jopa yli 200 miljoonaa k\u00e4ytt\u00e4j\u00e4\u00e4, ja sit\u00e4 k\u00e4ytet\u00e4\u00e4n tosiaan ymp\u00e4ri maailman. <\/p>\n\n\n\n<p>Se soveltuu hienosti rahan l\u00e4hett\u00e4miseen ilmaiseksi esimerkiksi perheen ja yst\u00e4vien kesken, ja on oiva v\u00e4line my\u00f6s verkkopankissa ja kasinoilla maksamiseen.<\/p>\n\n\n\n<p>PayPal casino maksu tapahtuu k\u00e4ytt\u00e4m\u00e4ll\u00e4 erityist\u00e4 PayPal-tiliisi liitetty\u00e4 salasanaa. Nopein tie ostoksen tai talletuksen tekemiseen on kuitenkin One Touch\u2122, jonka my\u00f6t\u00e4 my\u00f6s salasanan n\u00e4pyttelylt\u00e4 voidaan v\u00e4ltty\u00e4. Jos olet kirjautuneena sis\u00e4\u00e4n One Touchilla, ei erillisi\u00e4 vahvistuksia siis tarvita.<\/p>\n\n\n\n<h2 class=\"wp-block-heading\">Paypal casino tarjonta \u2013 Miss\u00e4 voit k\u00e4ytt\u00e4\u00e4<\/h2>\n\n\n\n<p>PayPal casino tarjonta ei, kuten jo artikkelimme alussa totesimme, ole j\u00e4rin suuri suomalaisille suunnatuilla nettikasinoilla. Toisaalta muualle maailmaan suunnatuilla nettikasinoilla my\u00f6s PayPal maksu on mahdollinen, ja toki meill\u00e4kin n\u00e4it\u00e4 mahdollisuuksia on jo jonkin verran.<\/p>\n\n\n\n<p>Mik\u00e4li haluaisit n\u00e4hd\u00e4 t\u00e4m\u00e4n maksutavan nettikasinoilla useammankin, suosittelemme sinua olemaan aktiivisesti yhteydess\u00e4 kasinoiden asiakaspalveluihin.&nbsp;Nettikasinot eiv\u00e4t v\u00e4ltt\u00e4m\u00e4tt\u00e4 ymm\u00e4rr\u00e4, ett\u00e4 me suomalaisetkin pelaajat haluamme p\u00e4\u00e4st\u00e4 tallettamaan PayPalilla.<\/p>\n\n\n\n<p>Mit\u00e4 enemm\u00e4n ne saavat pyynt\u00f6j\u00e4 asiakkailta, sit\u00e4 varmemmin yksi jos toinenkin pelisivusto on pian PayPal casino.<\/p>\n\n\n\n\n\n<h3 class=\"wp-block-heading\">PayPal kasino ja bonukset<\/h3>\n\n\n\n<p>Bonusten suhteen PayPal casino ei v\u00e4ltt\u00e4m\u00e4tt\u00e4 ole paras mahdollinen vaihtoehto. Voi nimitt\u00e4in olla niin, ettei kasino anna mink\u00e4\u00e4nlaisia bonuksia PayPalilla tallettaville pelaajille. T\u00e4m\u00e4 johtuu siit\u00e4, ett\u00e4 PayPal luetaan nettilompakoksi, aivan kuten vaikkapa Skrill ja Neteller.<\/p>\n\n\n\n<p>Nettilompakot taas n\u00e4hd\u00e4\u00e4n yh\u00e4 t\u00e4n\u00e4 p\u00e4iv\u00e4n\u00e4 siin\u00e4 mieless\u00e4 riskaabeleina, ett\u00e4 niiden kautta voi onnistua sek\u00e4 rahanpesu ett\u00e4 alaik\u00e4isen pelaaminen kasinoilla. Toisaalta aivan kuten nettikasinoilla, my\u00f6s PayPalin omassa palvelussa asiakkaan henkil\u00f6llisyys on vahvistettava &#8211; ennemmin tai my\u00f6hemmin.<\/p>\n\n\n\n<p>Mik\u00e4li&nbsp;<a href=\"https:\/\/fastercasinos.com\/fi\/nettikasinot\/kasinobonukset\/\">kasinobonukset<\/a>&nbsp;ovat sinulle t\u00e4ysin yhdentekevi\u00e4, ei toki t\u00e4m\u00e4k\u00e4\u00e4n ole sinulle ongelma eik\u00e4 mik\u00e4\u00e4n!<\/p>\n\n\n\n<h2 class=\"wp-block-heading\">PayPal casino \u2013 Yhteenveto<\/h2>\n\n\n\n<p>PayPal casino ei ainakaan toistaiseksi ole suomalaisten pelaajien suuressa suosiossa. T\u00e4m\u00e4 johtunee kahdesta syyst\u00e4: emme ole kansana kovia nettilompakoiden k\u00e4ytt\u00e4ji\u00e4, eik\u00e4 meille suunnatuilla nettikasinoilla PayPal maksu yleens\u00e4 ole edes mahdollinen.<\/p>\n\n\n\n<p>T\u00e4m\u00e4 on s\u00e4\u00e4li sin\u00e4ns\u00e4, mutta onneksi kasinoilla on tarjolla monia muita, helppok\u00e4ytt\u00f6isi\u00e4 ja nopeita maksumenetelmi\u00e4. Vaikka juuri t\u00e4ll\u00e4 hetkell\u00e4 PayPal casinot eiv\u00e4t ole Suomessa yleisi\u00e4, on meill\u00e4 vakaa usko siihen, ett\u00e4 tulevaisuudessa tilanne on toinen!<\/p>\n","protected":false},"excerpt":{"rendered":"<p>Paypal casino PayPal on yksi maailman tunnetuimmista maksutavoista, ja todenn\u00e4k\u00f6isesti sin\u00e4kin olet jo k\u00e4ytt\u00e4nyt sit\u00e4, tai ainakin kuullut siit\u00e4. Suomalaisittain&#8230;<\/p>\n","protected":false},"author":5,"featured_media":1771,"parent":1690,"menu_order":0,"comment_status":"closed","ping_status":"closed","template":"","meta":{"_acf_changed":false,"footnotes":""},"class_list":["post-1698","page","type-page","status-publish","has-post-thumbnail","hentry"],"acf":[],"yoast_head":"<!-- This site is optimized with the Yoast SEO plugin v27.0 - https:\/\/yoast.com\/product\/yoast-seo-wordpress\/ -->\n<title>PayPal casino | Miss\u00e4 PayPal maksu toimii ja miten?<\/title>\n<meta name=\"description\" content=\"PayPal casino sivustoja on suomalaisille suunnattuina viel\u00e4 verrattain v\u00e4h\u00e4n. Millaisia PayPal kasinot ovat ja mist\u00e4 ne l\u00f6ytyv\u00e4t? Lue!\" \/>\n<meta name=\"robots\" content=\"index, follow, max-snippet:-1, max-image-preview:large, max-video-preview:-1\" \/>\n<link rel=\"canonical\" href=\"https:\/\/fastercasinos.com\/fi\/rahansiirrot\/paypal\/\" \/>\n<meta property=\"og:locale\" content=\"fi_FI\" \/>\n<meta property=\"og:type\" content=\"article\" \/>\n<meta property=\"og:title\" content=\"PayPal casino | Miss\u00e4 PayPal maksu toimii ja miten?\" \/>\n<meta property=\"og:description\" content=\"PayPal casino sivustoja on suomalaisille suunnattuina viel\u00e4 verrattain v\u00e4h\u00e4n. Millaisia PayPal kasinot ovat ja mist\u00e4 ne l\u00f6ytyv\u00e4t? Lue!\" \/>\n<meta property=\"og:url\" content=\"https:\/\/fastercasinos.com\/fi\/rahansiirrot\/paypal\/\" \/>\n<meta property=\"og:site_name\" content=\"Faster casinos\" \/>\n<meta property=\"article:modified_time\" content=\"2023-05-24T13:06:53+00:00\" \/>\n<meta property=\"og:image\" content=\"https:\/\/fastercasinos.com\/wp-content\/uploads\/2021\/05\/fastercasinos-suomi.png\" \/>\n\t<meta property=\"og:image:width\" content=\"1200\" \/>\n\t<meta property=\"og:image:height\" content=\"628\" \/>\n\t<meta property=\"og:image:type\" content=\"image\/png\" \/>\n<meta name=\"twitter:card\" content=\"summary_large_image\" \/>\n<meta name=\"twitter:label1\" content=\"Arvioitu lukuaika\" \/>\n\t<meta name=\"twitter:data1\" content=\"5 minuuttia\" \/>\n<script type=\"application\/ld+json\" class=\"yoast-schema-graph\">{\"@context\":\"https:\/\/schema.org\",\"@graph\":[{\"@type\":\"WebPage\",\"@id\":\"https:\/\/fastercasinos.com\/fi\/rahansiirrot\/paypal\/\",\"url\":\"https:\/\/fastercasinos.com\/fi\/rahansiirrot\/paypal\/\",\"name\":\"PayPal casino | Miss\u00e4 PayPal maksu toimii ja miten?\",\"isPartOf\":{\"@id\":\"https:\/\/fastercasinos.com\/fi\/#website\"},\"primaryImageOfPage\":{\"@id\":\"https:\/\/fastercasinos.com\/fi\/rahansiirrot\/paypal\/#primaryimage\"},\"image\":{\"@id\":\"https:\/\/fastercasinos.com\/fi\/rahansiirrot\/paypal\/#primaryimage\"},\"thumbnailUrl\":\"https:\/\/fastercasinos.com\/wp-content\/uploads\/2021\/05\/fastercasinos-suomi.png\",\"datePublished\":\"2021-11-04T09:28:23+00:00\",\"dateModified\":\"2023-05-24T13:06:53+00:00\",\"description\":\"PayPal casino sivustoja on suomalaisille suunnattuina viel\u00e4 verrattain v\u00e4h\u00e4n. Millaisia PayPal kasinot ovat ja mist\u00e4 ne l\u00f6ytyv\u00e4t? Lue!\",\"breadcrumb\":{\"@id\":\"https:\/\/fastercasinos.com\/fi\/rahansiirrot\/paypal\/#breadcrumb\"},\"inLanguage\":\"fi\",\"potentialAction\":[{\"@type\":\"ReadAction\",\"target\":[\"https:\/\/fastercasinos.com\/fi\/rahansiirrot\/paypal\/\"]}]},{\"@type\":\"ImageObject\",\"inLanguage\":\"fi\",\"@id\":\"https:\/\/fastercasinos.com\/fi\/rahansiirrot\/paypal\/#primaryimage\",\"url\":\"https:\/\/fastercasinos.com\/wp-content\/uploads\/2021\/05\/fastercasinos-suomi.png\",\"contentUrl\":\"https:\/\/fastercasinos.com\/wp-content\/uploads\/2021\/05\/fastercasinos-suomi.png\",\"width\":1200,\"height\":628,\"caption\":\"FasterCasinos.com Suomi\"},{\"@type\":\"BreadcrumbList\",\"@id\":\"https:\/\/fastercasinos.com\/fi\/rahansiirrot\/paypal\/#breadcrumb\",\"itemListElement\":[{\"@type\":\"ListItem\",\"position\":1,\"name\":\"Nopeat Kasinot\",\"item\":\"https:\/\/fastercasinos.com\/fi\/\"},{\"@type\":\"ListItem\",\"position\":2,\"name\":\"Rahansiirrot\",\"item\":\"https:\/\/fastercasinos.com\/fi\/rahansiirrot\/\"},{\"@type\":\"ListItem\",\"position\":3,\"name\":\"Paypal\"}]},{\"@type\":\"WebSite\",\"@id\":\"https:\/\/fastercasinos.com\/fi\/#website\",\"url\":\"https:\/\/fastercasinos.com\/fi\/\",\"name\":\"Faster casinos\",\"description\":\"Fast or nothing!\",\"publisher\":{\"@id\":\"https:\/\/fastercasinos.com\/fi\/#organization\"},\"potentialAction\":[{\"@type\":\"SearchAction\",\"target\":{\"@type\":\"EntryPoint\",\"urlTemplate\":\"https:\/\/fastercasinos.com\/fi\/?s={search_term_string}\"},\"query-input\":{\"@type\":\"PropertyValueSpecification\",\"valueRequired\":true,\"valueName\":\"search_term_string\"}}],\"inLanguage\":\"fi\"},{\"@type\":\"Organization\",\"@id\":\"https:\/\/fastercasinos.com\/fi\/#organization\",\"name\":\"Fastercasinos.com\",\"url\":\"https:\/\/fastercasinos.com\/fi\/\",\"logo\":{\"@type\":\"ImageObject\",\"inLanguage\":\"fi\",\"@id\":\"https:\/\/fastercasinos.com\/fi\/#\/schema\/logo\/image\/\",\"url\":\"https:\/\/fastercasinos.com\/wp-content\/uploads\/2022\/06\/Fastercasinos-logo.svg\",\"contentUrl\":\"https:\/\/fastercasinos.com\/wp-content\/uploads\/2022\/06\/Fastercasinos-logo.svg\",\"caption\":\"Fastercasinos.com\"},\"image\":{\"@id\":\"https:\/\/fastercasinos.com\/fi\/#\/schema\/logo\/image\/\"}}]}<\/script>\n<!-- \/ Yoast SEO plugin. -->","yoast_head_json":{"title":"PayPal casino | Miss\u00e4 PayPal maksu toimii ja miten?","description":"PayPal casino sivustoja on suomalaisille suunnattuina viel\u00e4 verrattain v\u00e4h\u00e4n. Millaisia PayPal kasinot ovat ja mist\u00e4 ne l\u00f6ytyv\u00e4t? Lue!","robots":{"index":"index","follow":"follow","max-snippet":"max-snippet:-1","max-image-preview":"max-image-preview:large","max-video-preview":"max-video-preview:-1"},"canonical":"https:\/\/fastercasinos.com\/fi\/rahansiirrot\/paypal\/","og_locale":"fi_FI","og_type":"article","og_title":"PayPal casino | Miss\u00e4 PayPal maksu toimii ja miten?","og_description":"PayPal casino sivustoja on suomalaisille suunnattuina viel\u00e4 verrattain v\u00e4h\u00e4n. Millaisia PayPal kasinot ovat ja mist\u00e4 ne l\u00f6ytyv\u00e4t? Lue!","og_url":"https:\/\/fastercasinos.com\/fi\/rahansiirrot\/paypal\/","og_site_name":"Faster casinos","article_modified_time":"2023-05-24T13:06:53+00:00","og_image":[{"width":1200,"height":628,"url":"https:\/\/fastercasinos.com\/wp-content\/uploads\/2021\/05\/fastercasinos-suomi.png","type":"image\/png"}],"twitter_card":"summary_large_image","twitter_misc":{"Arvioitu lukuaika":"5 minuuttia"},"schema":{"@context":"https:\/\/schema.org","@graph":[{"@type":"WebPage","@id":"https:\/\/fastercasinos.com\/fi\/rahansiirrot\/paypal\/","url":"https:\/\/fastercasinos.com\/fi\/rahansiirrot\/paypal\/","name":"PayPal casino | Miss\u00e4 PayPal maksu toimii ja miten?","isPartOf":{"@id":"https:\/\/fastercasinos.com\/fi\/#website"},"primaryImageOfPage":{"@id":"https:\/\/fastercasinos.com\/fi\/rahansiirrot\/paypal\/#primaryimage"},"image":{"@id":"https:\/\/fastercasinos.com\/fi\/rahansiirrot\/paypal\/#primaryimage"},"thumbnailUrl":"https:\/\/fastercasinos.com\/wp-content\/uploads\/2021\/05\/fastercasinos-suomi.png","datePublished":"2021-11-04T09:28:23+00:00","dateModified":"2023-05-24T13:06:53+00:00","description":"PayPal casino sivustoja on suomalaisille suunnattuina viel\u00e4 verrattain v\u00e4h\u00e4n. Millaisia PayPal kasinot ovat ja mist\u00e4 ne l\u00f6ytyv\u00e4t? Lue!","breadcrumb":{"@id":"https:\/\/fastercasinos.com\/fi\/rahansiirrot\/paypal\/#breadcrumb"},"inLanguage":"fi","potentialAction":[{"@type":"ReadAction","target":["https:\/\/fastercasinos.com\/fi\/rahansiirrot\/paypal\/"]}]},{"@type":"ImageObject","inLanguage":"fi","@id":"https:\/\/fastercasinos.com\/fi\/rahansiirrot\/paypal\/#primaryimage","url":"https:\/\/fastercasinos.com\/wp-content\/uploads\/2021\/05\/fastercasinos-suomi.png","contentUrl":"https:\/\/fastercasinos.com\/wp-content\/uploads\/2021\/05\/fastercasinos-suomi.png","width":1200,"height":628,"caption":"FasterCasinos.com Suomi"},{"@type":"BreadcrumbList","@id":"https:\/\/fastercasinos.com\/fi\/rahansiirrot\/paypal\/#breadcrumb","itemListElement":[{"@type":"ListItem","position":1,"name":"Nopeat Kasinot","item":"https:\/\/fastercasinos.com\/fi\/"},{"@type":"ListItem","position":2,"name":"Rahansiirrot","item":"https:\/\/fastercasinos.com\/fi\/rahansiirrot\/"},{"@type":"ListItem","position":3,"name":"Paypal"}]},{"@type":"WebSite","@id":"https:\/\/fastercasinos.com\/fi\/#website","url":"https:\/\/fastercasinos.com\/fi\/","name":"Faster casinos","description":"Fast or nothing!","publisher":{"@id":"https:\/\/fastercasinos.com\/fi\/#organization"},"potentialAction":[{"@type":"SearchAction","target":{"@type":"EntryPoint","urlTemplate":"https:\/\/fastercasinos.com\/fi\/?s={search_term_string}"},"query-input":{"@type":"PropertyValueSpecification","valueRequired":true,"valueName":"search_term_string"}}],"inLanguage":"fi"},{"@type":"Organization","@id":"https:\/\/fastercasinos.com\/fi\/#organization","name":"Fastercasinos.com","url":"https:\/\/fastercasinos.com\/fi\/","logo":{"@type":"ImageObject","inLanguage":"fi","@id":"https:\/\/fastercasinos.com\/fi\/#\/schema\/logo\/image\/","url":"https:\/\/fastercasinos.com\/wp-content\/uploads\/2022\/06\/Fastercasinos-logo.svg","contentUrl":"https:\/\/fastercasinos.com\/wp-content\/uploads\/2022\/06\/Fastercasinos-logo.svg","caption":"Fastercasinos.com"},"image":{"@id":"https:\/\/fastercasinos.com\/fi\/#\/schema\/logo\/image\/"}}]}},"_links":{"self":[{"href":"https:\/\/fastercasinos.com\/fi\/wp-json\/wp\/v2\/pages\/1698","targetHints":{"allow":["GET"]}}],"collection":[{"href":"https:\/\/fastercasinos.com\/fi\/wp-json\/wp\/v2\/pages"}],"about":[{"href":"https:\/\/fastercasinos.com\/fi\/wp-json\/wp\/v2\/types\/page"}],"author":[{"embeddable":true,"href":"https:\/\/fastercasinos.com\/fi\/wp-json\/wp\/v2\/users\/5"}],"replies":[{"embeddable":true,"href":"https:\/\/fastercasinos.com\/fi\/wp-json\/wp\/v2\/comments?post=1698"}],"version-history":[{"count":8,"href":"https:\/\/fastercasinos.com\/fi\/wp-json\/wp\/v2\/pages\/1698\/revisions"}],"predecessor-version":[{"id":4793,"href":"https:\/\/fastercasinos.com\/fi\/wp-json\/wp\/v2\/pages\/1698\/revisions\/4793"}],"up":[{"embeddable":true,"href":"https:\/\/fastercasinos.com\/fi\/wp-json\/wp\/v2\/pages\/1690"}],"wp:featuredmedia":[{"embeddable":true,"href":"https:\/\/fastercasinos.com\/fi\/wp-json\/wp\/v2\/media\/1771"}],"wp:attachment":[{"href":"https:\/\/fastercasinos.com\/fi\/wp-json\/wp\/v2\/media?parent=1698"}],"curies":[{"name":"wp","href":"https:\/\/api.w.org\/{rel}","templated":true}]}}