{"id":1704,"date":"2021-11-04T09:29:00","date_gmt":"2021-11-04T09:29:00","guid":{"rendered":"https:\/\/fastercasinos.com\/?page_id=1704"},"modified":"2023-05-24T13:07:35","modified_gmt":"2023-05-24T13:07:35","slug":"siru-mobile","status":"publish","type":"page","link":"https:\/\/fastercasinos.com\/fi\/rahansiirrot\/siru-mobile\/","title":{"rendered":"Siru Mobile"},"content":{"rendered":"\n<h1 class=\"wp-block-heading\">Siru Mobile kasinot<\/h1>\n\n\n\n<p>Olet varmasti pannut merkille, miten Siru Mobile kasinot ovat yleistyneet viimeisen parin vuoden sis\u00e4ll\u00e4. Se on suomalaisittain ajateltuna vallan mainio asia, sill\u00e4 kysymyksess\u00e4 on suomalaista alkuper\u00e4\u00e4 olevasta yhti\u00f6st\u00e4, joka on heti perustamisestaan saakka pyrkinyt suoraan kansainv\u00e4lisille markkinoille &#8211; siin\u00e4 my\u00f6s hienosti onnistuen.<\/p>\n\n\n\n<p>T\u00e4ll\u00e4 hetkell\u00e4 palvelua voidaankin k\u00e4ytt\u00e4\u00e4 Suomessa, Ruotsissa ja Iso-Britanniassa. Siru Mobile maksaminen on k\u00e4tev\u00e4\u00e4, nopeaa ja turvallista. Siru Mobile maksu tapahtuu ilman luottokorttia, k\u00e4teist\u00e4 tai ongelmia. Tarvitset maksun suorittamiseksi vain puhelimesi ja liittym\u00e4n!<\/p>\n\n\n\n<h2 class=\"wp-block-heading\">Miksa valita Siru Mobile kasino?<\/h2>\n\n\n\n<p>Siru Mobile talletus on periaatteessa ennakkomaksu. Kun teet talletuksen, rahat siirtyv\u00e4t Sirulta nettikasinolle. Varsinainen maksu veloitetaan sinulta j\u00e4lkik\u00e4teen seuraavassa puhelinlaskussasi. Ennakkomaksun k\u00e4ytt\u00f6 on hieno ominaisuus, joka oikein k\u00e4ytettyn\u00e4 tekee kasinopelaamisesta todella joustavaa.<\/p>\n\n\n\n<p>K\u00e4ytt\u00e4j\u00e4t ymp\u00e4ri Eurooppaa kehuvat Siru Mobile kokemuksia valtoimenaan: paljon t\u00e4t\u00e4 turvallisemmaksi ei maksaminen voisi verkossa muuttua: mit\u00e4\u00e4n henkil\u00f6kohtaisia tietojasi tai maksukortin tietoja ei Sirua k\u00e4ytt\u00e4m\u00e4ll\u00e4 siirry!<\/p>\n\n\n\n<ul class=\"wp-block-list\"><li>maksaminen ei edellyt\u00e4 omien tietojen jakamista<\/li><li>Siru Mobile maksu siirtyy kasinolle reaaliajassa<\/li><li>sin\u00e4 maksat maksun vasta seuraavassa puhelinlaskussa<\/li><\/ul>\n\n\n\n<h2 class=\"wp-block-heading\">Parhaat Siru Mobile kasinot<\/h2>\n\n\n\n\n\n<h2 class=\"wp-block-heading\">Miten Siru Mobile casino maksutapa toimii?<\/h2>\n\n\n\n<p>Miten Siru lompakko toimii, onko sen k\u00e4ytt\u00f6 vaikeaa oppia? Ei suinkaan. Siru Mobile on todella helppok\u00e4ytt\u00f6inen, ja yksi maailman turvallisimmista maksutavoista. Ei siis ihme, ett\u00e4 Siru Mobile kasinot ovat lis\u00e4\u00e4ntyneet niin valtavasti.<\/p>\n\n\n\n<p>Toisaalta monet&nbsp;<a href=\"https:\/\/fastercasinos.com\/fi\/pelikasinot\/\">pelikasinot netiss\u00e4<\/a>&nbsp;k\u00e4ytt\u00e4v\u00e4t toistaiseksi viel\u00e4 ainoastaan ruotsalaista, samankaltaista palvelua nimelt\u00e4&nbsp;<a href=\"https:\/\/fastercasinos.com\/fi\/rahansiirrot\/zimpler\/\">Zimpler maksu<\/a>, mutta Siru tulee kovaa vauhtia per\u00e4ss\u00e4. <\/p>\n\n\n\n<p>Siru Mobilen k\u00e4ytt\u00f6\u00f6n liittyy rajoituksia, joten mill\u00e4 tahansa summalla sinun ei ole mahdollista maksaa sill\u00e4 nettikasinoille.<\/p>\n\n\n\n<p>Jotta voit k\u00e4ytt\u00e4\u00e4 Siru Mobilea kasinoilla, ei sinun tarvitse sit\u00e4 ennen erikseen rekister\u00f6ity\u00e4 mihink\u00e4\u00e4n. Siru Mobile maksaminen onnistuu kuitenkin vasta, kun olet vahvistanut puhelinnumerosi SMS koodilla, tai tunnistautunut palveluun muutoin.<\/p>\n\n\n\n<p>Siru Mobile wallet on k\u00e4yt\u00f6ss\u00e4si ilman luottokortteja tai verkkopankkitunnuksia. Tarvitset sen k\u00e4ytt\u00f6\u00f6n ainoastaan matkapuhelimen sek\u00e4 liittym\u00e4n. Kannattaa toki huomata, ett\u00e4 liittym\u00e4n tulee tukea palvelua.<\/p>\n\n\n\n<h3 class=\"wp-block-heading\">Siru Mobile talletus<\/h3>\n\n\n\n<p>Kun tarkoituksena on tehd\u00e4 talletus Siru Mobilella, tapahtuu se siis k\u00e4yt\u00e4nn\u00f6ss\u00e4 e-lompakon avulla. Lompakko on sinulle t\u00e4ysin maksuton, ja se toimii jokaisella tietokoneella ja \u00e4lypuhelimella. <\/p>\n\n\n\n<p>Voit tallettaa rahaa lompakkoosi soittamalla Siru Mobilen maksulliseen numeroon. Varat voit siirt\u00e4\u00e4 sille nettikasinolle, jossa Siru Mobile vain on k\u00e4yt\u00f6ss\u00e4.<\/p>\n\n\n\n<p>Huomaathan, ett\u00e4 Siru wallet ja siihen asettamasi rahat ovat tosiaan k\u00e4yt\u00f6ss\u00e4 ainoastaan sellaisilla sivustoilla, joissa se hyv\u00e4ksyt\u00e4\u00e4n maksutavaksi. <\/p>\n\n\n\n<p>T\u00e4m\u00e4 tarkoittaa selkokielell\u00e4 sit\u00e4, ett\u00e4 et voi nostaa lompakostasi rahaa vaikkapa omalle pankkitilillesi. Et voi ainakaan toistaiseksi siirt\u00e4\u00e4 rahaa Siru Mobile lompakosta toiseen e-lompakkoon.<\/p>\n\n\n\n<p>Talletuksen tekeminen Siru Mobilella on k\u00e4tev\u00e4\u00e4. N\u00e4in tapahtuu k\u00e4ytt\u00f6 Siru Wallet casino AB:lla, joka on kuvitteellinen esimerkkimme:<\/p>\n\n\n\n<ol class=\"wp-block-list\"><li>Siirry ensin pelitilisi kassalle, ja valitse sielt\u00e4 talletukset.<\/li><li>Valitse sitten Siru Mobile talletustavaksi.<\/li><li>M\u00e4\u00e4rit\u00e4 se summa, jonka haluat siirt\u00e4\u00e4 nettikasinolle omasta e-lompakostasi.<\/li><li>Kirjaudu sitten sis\u00e4\u00e4n lompakkoosi. Nettikasino ohjeistaa sinua t\u00e4ss\u00e4.<\/li><li>Vahvista viel\u00e4 Siru Mobile talletus, ja maksu on siirtynyt kasinolle.<\/li><li>Voit aloittaa pelaamisen heti!<\/li><li>Varsinaisesti maksat talletuksen vasta seuraavassa puhelinlaskussasi.<\/li><\/ol>\n\n\n\n<h3 class=\"wp-block-heading\">Siru Mobile kotiutus<\/h3>\n\n\n\n<p>Miten Siru Mobile kotiutus sitten oikein onnistuu? Valitettavasti Siru Mobileen ei toistaiseksi voi viel\u00e4 kotiuttaa. <\/p>\n\n\n\n<p>Voit siis ainoastaan tehd\u00e4 talletuksia nettikasinoilla tai ostoksia niiss\u00e4 verkon palveluissa, joissa Siru Mobile on k\u00e4yt\u00f6ss\u00e4. Se, voiko Siruun kotiuttaa tulevaisuudessa, j\u00e4\u00e4 viel\u00e4 arvailujen varaan.<\/p>\n\n\n\n<p>Tiimimme veikkaa, ett\u00e4 yhti\u00f6 tekee jatkuvasti uudistuksia, ja pian Sirua voidaankin k\u00e4ytt\u00e4\u00e4 my\u00f6s nostoihin ja muihin rahansiirtoihin.<\/p>\n\n\n\n<p>Siru Mobile kasinot antavat valita kotiutustavaksi esimerkiksi verkkopankin tai luottokortin, joten ilman voittamiasi rahoja et joka tapauksessa j\u00e4\u00e4.<\/p>\n\n\n\n<h3 class=\"wp-block-heading\">Siru Mobile maksaminen<\/h3>\n\n\n\n<p>Siru Mobile kasinot antavat sinun tehd\u00e4 talletukset siis periaatteessa laskulla. Sirun oma j\u00e4rjestelm\u00e4 siirt\u00e4\u00e4 talletussumman ensin kasinolle, ja sin\u00e4 maksat talletussumman seuraavassa puhelinlaskussa. Onko laskulla pelaaminen sitten j\u00e4rkev\u00e4\u00e4?<\/p>\n\n\n\n<p>T\u00e4m\u00e4 riippuu hyvin pitk\u00e4lle sinusta itsest\u00e4si. Monen mielest\u00e4 ennakkomaksujen k\u00e4ytt\u00f6 talletuksiin ei ole fiksua, sill\u00e4 siin\u00e4 on suurempi riski pelata niin sanotusti yli varojensa. <\/p>\n\n\n\n<p>Asiaa voidaan kuitenkin tarkastella my\u00f6s toiselta kantilta: Siru Mobile lompakko sis\u00e4lt\u00e4\u00e4 tietyt k\u00e4ytt\u00f6rajoitukset kuukautta kohti.<\/p>\n\n\n\n<p>N\u00e4in Siru Mobilen kautta tehdyt rahansiirrot voivatkin olla lopulta helpommin hallittavissa, ja saat asetettua itsellesi selke\u00e4mm\u00e4n budjetin. Budjetin asettaminen ja pohtiminen on fiksua jokaisen pelaajan kohdalla.<\/p>\n\n\n\n<ul class=\"wp-block-list\"><li>Talletusrajat ovat ensimm\u00e4isen 90 p\u00e4iv\u00e4n aikana 70 euroa vuorokaudessa ja 150 euroa 30 p\u00e4iv\u00e4ss\u00e4.<\/li><li>Ensimm\u00e4isen 90 p\u00e4iv\u00e4n j\u00e4lkeen talletusraha nousee 300 euroon 30 p\u00e4iv\u00e4ss\u00e4.<\/li><li>Mik\u00e4li talletusraja on t\u00e4ynn\u00e4, saldoa vapautetaan sinulle samalla tahdilla kuin olet sit\u00e4 alunperin k\u00e4ytt\u00e4nyt.<\/li><\/ul>\n\n\n\n<h3 class=\"wp-block-heading\">Siru Wallet \u2013 Lompakko puhelimessasi<\/h3>\n\n\n\n<p>Siru Wallet casino maksu toimii siis ilman erillisten ohjelmistojen tai sovellusten lataamista. Kun haluat k\u00e4ytt\u00e4\u00e4 Siru Mobilea, voit tehd\u00e4 niin. <\/p>\n\n\n\n<p>Ensimm\u00e4isell\u00e4 kerralla palvelu vaatii ainoastaan puhelinnumerosi varmennuksen. Se suoritetaan koodin avulla, ja koodin saat tekstiviestin\u00e4 puhelimeesi.<\/p>\n\n\n\n<p>Siru Mobilen k\u00e4ytt\u00f6 ei onnistu silloin, kun olet ulkomailla. Lis\u00e4ksi, jotta voit k\u00e4ytt\u00e4\u00e4 Siru lompakkoa, tulee sinulla olla numero palveluun soittaessasi n\u00e4kyvill\u00e4. Palvelu ei siis toimi lainkaan, mik\u00e4li yrit\u00e4t soittaa siihen salaisella tai muuten suojatulla puhelinnumerolla.<\/p>\n\n\n\n<p>Kannattaa huomata sekin, ett\u00e4 yleens\u00e4 Siru Mobile kasinot ja palvelu itsess\u00e4\u00e4n edellytt\u00e4v\u00e4t, ett\u00e4 numero, josta soitat, tulee olla sama kuin mink\u00e4 olet ilmoittanut kasinon tietoihin.<\/p>\n\n\n\n<figure class=\"wp-block-image size-large\"><img loading=\"lazy\" decoding=\"async\" width=\"1024\" height=\"536\" src=\"https:\/\/fastercasinos.com\/wp-content\/uploads\/2021\/05\/parhaat-siru-mobile-kasinot-1024x536.png\" alt=\"Parhaat Siru Mobile kasinot\" class=\"wp-image-1896\" srcset=\"https:\/\/fastercasinos.com\/wp-content\/uploads\/2021\/05\/parhaat-siru-mobile-kasinot-1024x536.png 1024w, https:\/\/fastercasinos.com\/wp-content\/uploads\/2021\/05\/parhaat-siru-mobile-kasinot-300x157.png 300w, https:\/\/fastercasinos.com\/wp-content\/uploads\/2021\/05\/parhaat-siru-mobile-kasinot-768x402.png 768w, https:\/\/fastercasinos.com\/wp-content\/uploads\/2021\/05\/parhaat-siru-mobile-kasinot.png 1200w\" sizes=\"auto, (max-width: 1024px) 100vw, 1024px\" \/><\/figure>\n\n\n\n<h2 class=\"wp-block-heading\">Siru Mobile kokemuksia kasinolla<\/h2>\n\n\n\n<p>Siru Mobile kokemuksia on mahdollista saada ennen kaikkea nettikasinoilla ja joissakin striimauspalveluissa. Kokemustemme mukaan palvelun k\u00e4ytt\u00f6 on paitsi helppoa ja vapauttavaa, my\u00f6s erityisen turvallista. Miten Siru Mobile luotettavuus sitten k\u00e4y ilmi?<\/p>\n\n\n\n<p>Ensinn\u00e4kin palvelua k\u00e4ytt\u00e4v\u00e4t monet hyv\u00e4maineiset ja pitk\u00e4ik\u00e4iset nettikasinot. Kasinot eiv\u00e4t tee koskaan yhteisty\u00f6t\u00e4 sellaisten toimijoiden kanssa, joihin ne eiv\u00e4t voisi luottaa.<\/p>\n\n\n\n<p>Lis\u00e4ksi Siru Mobile pyyt\u00e4\u00e4 tietyiss\u00e4 tilanteissa sinua vahvistamaan puhelinnumerosi uudestaan. N\u00e4in yhti\u00f6 haluaa varmistaa, ett\u00e4 puhelin on todella juuri sinun hallussa.<\/p>\n\n\n\n<p>Vahvistuskoodin saat tekstiviestill\u00e4 puhelimeesi. Sinun tulee t\u00e4m\u00e4n j\u00e4lkeen sy\u00f6tt\u00e4\u00e4 saamasi koodi tekstilaatikkoon, jonka l\u00f6yd\u00e4t Siru Mobilen soittosivulta.<\/p>\n\n\n\n<p>Jokainen palvelun k\u00e4ytt\u00e4m\u00e4 vahvistuskoodi on kertak\u00e4ytt\u00f6inen. Sinun ei siis tarvitse tallentaa koodia tai yritt\u00e4\u00e4 muistaa sit\u00e4 j\u00e4lkik\u00e4teen.<\/p>\n\n\n\n<p>Siru Mobile kasinot k\u00e4ytt\u00e4v\u00e4t muitakin suojausmenetelmi\u00e4, joten k\u00e4ytt\u00e4m\u00e4ll\u00e4 Siru Mobilea saat ik\u00e4\u00e4n kuin tuplasuojauksen! Se jos mik\u00e4, parantaa jokaisen turvallisuudestaan huolehtivan pelaajan el\u00e4myksi\u00e4 nettikasinoilla.<\/p>\n\n\n\n<h2 class=\"wp-block-heading\">Siru Mobile casino tarjonta \u2013 Miss\u00e4 voit k\u00e4ytt\u00e4\u00e4?<\/h2>\n\n\n\n<p>Siru Mobile maksaminen ei viel\u00e4 toistaiseksi ole k\u00e4yt\u00f6ss\u00e4 jokaisella nettikasinolla, ja tuskin tulee olemaan sit\u00e4 my\u00f6sk\u00e4\u00e4n jatkossa. <\/p>\n\n\n\n<p>Esimerkiksi t\u00e4ll\u00e4 hetkell\u00e4 kovin trendikk\u00e4\u00e4t ja pidetyt&nbsp;<a href=\"https:\/\/fastercasinos.com\/fi\/nettikasinot\/nettikasinot-ilman-rekisteroitymista\/\">nettikasinot ilman rekister\u00f6itymist\u00e4<\/a>&nbsp;eiv\u00e4t mahdollista talletuksen tekemist\u00e4 muilla tavoilla, joten niiss\u00e4 voit tallettaa ainoastaan verkkopankkitunnuksilla.<\/p>\n\n\n\n<p>Toisaalta teknologian kehitys on todella huimaa, ja n\u00e4in my\u00f6s mobiilimaksut saattavat olla t\u00e4ysin kelvollisia my\u00f6s pikakasinoilla, ennemmin tai my\u00f6hemmin. Toistaiseksi Siru Mobilen k\u00e4ytt\u00f6 pay n play kasinoilla ei siis ole viel\u00e4 mahdollista.<\/p>\n\n\n\n<p>Siru Mobile casino on siis tavallisesti perinteisell\u00e4 tavalla toimiva pelisivusto, jossa tarjolla on my\u00f6s muita maksuvaihtoehtoja. N\u00e4ille nettikasinoille sinun tulee avata pelitili ennen talletuksen tekemist\u00e4, ja jatkossa kirjautua tilillesi pelitiliin liitetyn salasanan ja k\u00e4ytt\u00e4j\u00e4tunnuksen avulla.<\/p>\n\n\n","protected":false},"excerpt":{"rendered":"<p>Siru Mobile kasinot Olet varmasti pannut merkille, miten Siru Mobile kasinot ovat yleistyneet viimeisen parin vuoden sis\u00e4ll\u00e4. Se on suomalaisittain&#8230;<\/p>\n","protected":false},"author":5,"featured_media":1771,"parent":1690,"menu_order":0,"comment_status":"closed","ping_status":"closed","template":"","meta":{"_acf_changed":false,"footnotes":""},"class_list":["post-1704","page","type-page","status-publish","has-post-thumbnail","hentry"],"acf":[],"yoast_head":"<!-- This site is optimized with the Yoast SEO plugin v27.0 - https:\/\/yoast.com\/product\/yoast-seo-wordpress\/ -->\n<title>Siru Mobile Kasinot | Talleta rahaa kasinolle puhelimella<\/title>\n<meta name=\"description\" content=\"Siru Mobile kasinot tarjoavat helpon ja nopean mobiilimaksu tavan puhelimella talletukseen. Tutustu Siru Mobile casino listaukseen.\" \/>\n<meta name=\"robots\" content=\"index, follow, max-snippet:-1, max-image-preview:large, max-video-preview:-1\" \/>\n<link rel=\"canonical\" href=\"https:\/\/fastercasinos.com\/fi\/rahansiirrot\/siru-mobile\/\" \/>\n<meta property=\"og:locale\" content=\"fi_FI\" \/>\n<meta property=\"og:type\" content=\"article\" \/>\n<meta property=\"og:title\" content=\"Siru Mobile Kasinot | Talleta rahaa kasinolle puhelimella\" \/>\n<meta property=\"og:description\" content=\"Siru Mobile kasinot tarjoavat helpon ja nopean mobiilimaksu tavan puhelimella talletukseen. Tutustu Siru Mobile casino listaukseen.\" \/>\n<meta property=\"og:url\" content=\"https:\/\/fastercasinos.com\/fi\/rahansiirrot\/siru-mobile\/\" \/>\n<meta property=\"og:site_name\" content=\"Faster casinos\" \/>\n<meta property=\"article:modified_time\" content=\"2023-05-24T13:07:35+00:00\" \/>\n<meta property=\"og:image\" content=\"https:\/\/fastercasinos.com\/wp-content\/uploads\/2021\/05\/fastercasinos-suomi.png\" \/>\n\t<meta property=\"og:image:width\" content=\"1200\" \/>\n\t<meta property=\"og:image:height\" content=\"628\" \/>\n\t<meta property=\"og:image:type\" content=\"image\/png\" \/>\n<meta name=\"twitter:card\" content=\"summary_large_image\" \/>\n<meta name=\"twitter:label1\" content=\"Arvioitu lukuaika\" \/>\n\t<meta name=\"twitter:data1\" content=\"5 minuuttia\" \/>\n<script type=\"application\/ld+json\" class=\"yoast-schema-graph\">{\"@context\":\"https:\/\/schema.org\",\"@graph\":[{\"@type\":\"WebPage\",\"@id\":\"https:\/\/fastercasinos.com\/fi\/rahansiirrot\/siru-mobile\/\",\"url\":\"https:\/\/fastercasinos.com\/fi\/rahansiirrot\/siru-mobile\/\",\"name\":\"Siru Mobile Kasinot | Talleta rahaa kasinolle puhelimella\",\"isPartOf\":{\"@id\":\"https:\/\/fastercasinos.com\/fi\/#website\"},\"primaryImageOfPage\":{\"@id\":\"https:\/\/fastercasinos.com\/fi\/rahansiirrot\/siru-mobile\/#primaryimage\"},\"image\":{\"@id\":\"https:\/\/fastercasinos.com\/fi\/rahansiirrot\/siru-mobile\/#primaryimage\"},\"thumbnailUrl\":\"https:\/\/fastercasinos.com\/wp-content\/uploads\/2021\/05\/fastercasinos-suomi.png\",\"datePublished\":\"2021-11-04T09:29:00+00:00\",\"dateModified\":\"2023-05-24T13:07:35+00:00\",\"description\":\"Siru Mobile kasinot tarjoavat helpon ja nopean mobiilimaksu tavan puhelimella talletukseen. Tutustu Siru Mobile casino listaukseen.\",\"breadcrumb\":{\"@id\":\"https:\/\/fastercasinos.com\/fi\/rahansiirrot\/siru-mobile\/#breadcrumb\"},\"inLanguage\":\"fi\",\"potentialAction\":[{\"@type\":\"ReadAction\",\"target\":[\"https:\/\/fastercasinos.com\/fi\/rahansiirrot\/siru-mobile\/\"]}]},{\"@type\":\"ImageObject\",\"inLanguage\":\"fi\",\"@id\":\"https:\/\/fastercasinos.com\/fi\/rahansiirrot\/siru-mobile\/#primaryimage\",\"url\":\"https:\/\/fastercasinos.com\/wp-content\/uploads\/2021\/05\/fastercasinos-suomi.png\",\"contentUrl\":\"https:\/\/fastercasinos.com\/wp-content\/uploads\/2021\/05\/fastercasinos-suomi.png\",\"width\":1200,\"height\":628,\"caption\":\"FasterCasinos.com Suomi\"},{\"@type\":\"BreadcrumbList\",\"@id\":\"https:\/\/fastercasinos.com\/fi\/rahansiirrot\/siru-mobile\/#breadcrumb\",\"itemListElement\":[{\"@type\":\"ListItem\",\"position\":1,\"name\":\"Nopeat Kasinot\",\"item\":\"https:\/\/fastercasinos.com\/fi\/\"},{\"@type\":\"ListItem\",\"position\":2,\"name\":\"Rahansiirrot\",\"item\":\"https:\/\/fastercasinos.com\/fi\/rahansiirrot\/\"},{\"@type\":\"ListItem\",\"position\":3,\"name\":\"Siru Mobile\"}]},{\"@type\":\"WebSite\",\"@id\":\"https:\/\/fastercasinos.com\/fi\/#website\",\"url\":\"https:\/\/fastercasinos.com\/fi\/\",\"name\":\"Faster casinos\",\"description\":\"Fast or nothing!\",\"publisher\":{\"@id\":\"https:\/\/fastercasinos.com\/fi\/#organization\"},\"potentialAction\":[{\"@type\":\"SearchAction\",\"target\":{\"@type\":\"EntryPoint\",\"urlTemplate\":\"https:\/\/fastercasinos.com\/fi\/?s={search_term_string}\"},\"query-input\":{\"@type\":\"PropertyValueSpecification\",\"valueRequired\":true,\"valueName\":\"search_term_string\"}}],\"inLanguage\":\"fi\"},{\"@type\":\"Organization\",\"@id\":\"https:\/\/fastercasinos.com\/fi\/#organization\",\"name\":\"Fastercasinos.com\",\"url\":\"https:\/\/fastercasinos.com\/fi\/\",\"logo\":{\"@type\":\"ImageObject\",\"inLanguage\":\"fi\",\"@id\":\"https:\/\/fastercasinos.com\/fi\/#\/schema\/logo\/image\/\",\"url\":\"https:\/\/fastercasinos.com\/wp-content\/uploads\/2022\/06\/Fastercasinos-logo.svg\",\"contentUrl\":\"https:\/\/fastercasinos.com\/wp-content\/uploads\/2022\/06\/Fastercasinos-logo.svg\",\"caption\":\"Fastercasinos.com\"},\"image\":{\"@id\":\"https:\/\/fastercasinos.com\/fi\/#\/schema\/logo\/image\/\"}}]}<\/script>\n<!-- \/ Yoast SEO plugin. -->","yoast_head_json":{"title":"Siru Mobile Kasinot | Talleta rahaa kasinolle puhelimella","description":"Siru Mobile kasinot tarjoavat helpon ja nopean mobiilimaksu tavan puhelimella talletukseen. Tutustu Siru Mobile casino listaukseen.","robots":{"index":"index","follow":"follow","max-snippet":"max-snippet:-1","max-image-preview":"max-image-preview:large","max-video-preview":"max-video-preview:-1"},"canonical":"https:\/\/fastercasinos.com\/fi\/rahansiirrot\/siru-mobile\/","og_locale":"fi_FI","og_type":"article","og_title":"Siru Mobile Kasinot | Talleta rahaa kasinolle puhelimella","og_description":"Siru Mobile kasinot tarjoavat helpon ja nopean mobiilimaksu tavan puhelimella talletukseen. Tutustu Siru Mobile casino listaukseen.","og_url":"https:\/\/fastercasinos.com\/fi\/rahansiirrot\/siru-mobile\/","og_site_name":"Faster casinos","article_modified_time":"2023-05-24T13:07:35+00:00","og_image":[{"width":1200,"height":628,"url":"https:\/\/fastercasinos.com\/wp-content\/uploads\/2021\/05\/fastercasinos-suomi.png","type":"image\/png"}],"twitter_card":"summary_large_image","twitter_misc":{"Arvioitu lukuaika":"5 minuuttia"},"schema":{"@context":"https:\/\/schema.org","@graph":[{"@type":"WebPage","@id":"https:\/\/fastercasinos.com\/fi\/rahansiirrot\/siru-mobile\/","url":"https:\/\/fastercasinos.com\/fi\/rahansiirrot\/siru-mobile\/","name":"Siru Mobile Kasinot | Talleta rahaa kasinolle puhelimella","isPartOf":{"@id":"https:\/\/fastercasinos.com\/fi\/#website"},"primaryImageOfPage":{"@id":"https:\/\/fastercasinos.com\/fi\/rahansiirrot\/siru-mobile\/#primaryimage"},"image":{"@id":"https:\/\/fastercasinos.com\/fi\/rahansiirrot\/siru-mobile\/#primaryimage"},"thumbnailUrl":"https:\/\/fastercasinos.com\/wp-content\/uploads\/2021\/05\/fastercasinos-suomi.png","datePublished":"2021-11-04T09:29:00+00:00","dateModified":"2023-05-24T13:07:35+00:00","description":"Siru Mobile kasinot tarjoavat helpon ja nopean mobiilimaksu tavan puhelimella talletukseen. Tutustu Siru Mobile casino listaukseen.","breadcrumb":{"@id":"https:\/\/fastercasinos.com\/fi\/rahansiirrot\/siru-mobile\/#breadcrumb"},"inLanguage":"fi","potentialAction":[{"@type":"ReadAction","target":["https:\/\/fastercasinos.com\/fi\/rahansiirrot\/siru-mobile\/"]}]},{"@type":"ImageObject","inLanguage":"fi","@id":"https:\/\/fastercasinos.com\/fi\/rahansiirrot\/siru-mobile\/#primaryimage","url":"https:\/\/fastercasinos.com\/wp-content\/uploads\/2021\/05\/fastercasinos-suomi.png","contentUrl":"https:\/\/fastercasinos.com\/wp-content\/uploads\/2021\/05\/fastercasinos-suomi.png","width":1200,"height":628,"caption":"FasterCasinos.com Suomi"},{"@type":"BreadcrumbList","@id":"https:\/\/fastercasinos.com\/fi\/rahansiirrot\/siru-mobile\/#breadcrumb","itemListElement":[{"@type":"ListItem","position":1,"name":"Nopeat Kasinot","item":"https:\/\/fastercasinos.com\/fi\/"},{"@type":"ListItem","position":2,"name":"Rahansiirrot","item":"https:\/\/fastercasinos.com\/fi\/rahansiirrot\/"},{"@type":"ListItem","position":3,"name":"Siru Mobile"}]},{"@type":"WebSite","@id":"https:\/\/fastercasinos.com\/fi\/#website","url":"https:\/\/fastercasinos.com\/fi\/","name":"Faster casinos","description":"Fast or nothing!","publisher":{"@id":"https:\/\/fastercasinos.com\/fi\/#organization"},"potentialAction":[{"@type":"SearchAction","target":{"@type":"EntryPoint","urlTemplate":"https:\/\/fastercasinos.com\/fi\/?s={search_term_string}"},"query-input":{"@type":"PropertyValueSpecification","valueRequired":true,"valueName":"search_term_string"}}],"inLanguage":"fi"},{"@type":"Organization","@id":"https:\/\/fastercasinos.com\/fi\/#organization","name":"Fastercasinos.com","url":"https:\/\/fastercasinos.com\/fi\/","logo":{"@type":"ImageObject","inLanguage":"fi","@id":"https:\/\/fastercasinos.com\/fi\/#\/schema\/logo\/image\/","url":"https:\/\/fastercasinos.com\/wp-content\/uploads\/2022\/06\/Fastercasinos-logo.svg","contentUrl":"https:\/\/fastercasinos.com\/wp-content\/uploads\/2022\/06\/Fastercasinos-logo.svg","caption":"Fastercasinos.com"},"image":{"@id":"https:\/\/fastercasinos.com\/fi\/#\/schema\/logo\/image\/"}}]}},"_links":{"self":[{"href":"https:\/\/fastercasinos.com\/fi\/wp-json\/wp\/v2\/pages\/1704","targetHints":{"allow":["GET"]}}],"collection":[{"href":"https:\/\/fastercasinos.com\/fi\/wp-json\/wp\/v2\/pages"}],"about":[{"href":"https:\/\/fastercasinos.com\/fi\/wp-json\/wp\/v2\/types\/page"}],"author":[{"embeddable":true,"href":"https:\/\/fastercasinos.com\/fi\/wp-json\/wp\/v2\/users\/5"}],"replies":[{"embeddable":true,"href":"https:\/\/fastercasinos.com\/fi\/wp-json\/wp\/v2\/comments?post=1704"}],"version-history":[{"count":7,"href":"https:\/\/fastercasinos.com\/fi\/wp-json\/wp\/v2\/pages\/1704\/revisions"}],"predecessor-version":[{"id":4795,"href":"https:\/\/fastercasinos.com\/fi\/wp-json\/wp\/v2\/pages\/1704\/revisions\/4795"}],"up":[{"embeddable":true,"href":"https:\/\/fastercasinos.com\/fi\/wp-json\/wp\/v2\/pages\/1690"}],"wp:featuredmedia":[{"embeddable":true,"href":"https:\/\/fastercasinos.com\/fi\/wp-json\/wp\/v2\/media\/1771"}],"wp:attachment":[{"href":"https:\/\/fastercasinos.com\/fi\/wp-json\/wp\/v2\/media?parent=1704"}],"curies":[{"name":"wp","href":"https:\/\/api.w.org\/{rel}","templated":true}]}}