{"id":1720,"date":"2021-11-04T09:30:32","date_gmt":"2021-11-04T09:30:32","guid":{"rendered":"https:\/\/fastercasinos.com\/?page_id=1720"},"modified":"2021-12-14T10:25:47","modified_gmt":"2021-12-14T10:25:47","slug":"blackjack","status":"publish","type":"page","link":"https:\/\/fastercasinos.com\/fi\/rahapelit\/blackjack\/","title":{"rendered":"Blackjack"},"content":{"rendered":"\n<h1 class=\"wp-block-heading\">Blackjack netiss\u00e4<\/h1>\n\n\n\n<p>Kiinnostaako blackjack netiss\u00e4, mutta et tied\u00e4 mill\u00e4 kasinolla pelaisit ja mist\u00e4 l\u00e4htisit ylip\u00e4\u00e4ns\u00e4 liikkeelle? Tarvitsetko muistin virkist\u00e4mist\u00e4, sill\u00e4 blackjack s\u00e4\u00e4nn\u00f6t ovat ehtineet unohtua?&nbsp;<\/p>\n\n\n\n<p>Olet tismalleen oikeassa paikassa, sill\u00e4 t\u00e4ss\u00e4 artikkelissa valotamme sinulle black jack pelin saloja. <\/p>\n\n\n\n<p>K\u00e4ymme l\u00e4pi s\u00e4\u00e4nn\u00f6t, yleisimm\u00e4t strategiat sek\u00e4 muut peliin liittyv\u00e4t, olennaisena pidett\u00e4v\u00e4t seikat. Sek\u00e4 tietenkin parhaat kasinot, jossa pelaat t\u00e4t\u00e4\u00a0<a href=\"https:\/\/fastercasinos.com\/fi\/rahapelit\/\">rahapeli\u00e4 netiss\u00e4<\/a>. Netti blackjack on suositumpaa kuin koskaan, ja pian tied\u00e4t miksi!<\/p>\n\n\n\n<figure class=\"wp-block-image size-large\"><img loading=\"lazy\" decoding=\"async\" width=\"1024\" height=\"536\" src=\"https:\/\/fastercasinos.com\/wp-content\/uploads\/2021\/10\/netti-blackjack-1024x536.png\" alt=\"Nettiblackjack\" class=\"wp-image-3168\" srcset=\"https:\/\/fastercasinos.com\/wp-content\/uploads\/2021\/10\/netti-blackjack-1024x536.png 1024w, https:\/\/fastercasinos.com\/wp-content\/uploads\/2021\/10\/netti-blackjack-300x157.png 300w, https:\/\/fastercasinos.com\/wp-content\/uploads\/2021\/10\/netti-blackjack-768x402.png 768w, https:\/\/fastercasinos.com\/wp-content\/uploads\/2021\/10\/netti-blackjack.png 1200w\" sizes=\"auto, (max-width: 1024px) 100vw, 1024px\" \/><\/figure>\n\n\n\n<h2 class=\"wp-block-heading\">Valitse netti blackjack n\u00e4ilt\u00e4 kasinoilta<\/h2>\n\n\n\n<p><\/p>\n\n\n\n\n\n<h2 class=\"wp-block-heading\">Blackjack s\u00e4\u00e4nn\u00f6t<\/h2>\n\n\n\n<p>Aloitetaan pelin s\u00e4\u00e4nn\u00f6ist\u00e4. Kuten ehk\u00e4 tied\u00e4tkin, pelataan t\u00e4t\u00e4 peli\u00e4 tyypillisesti puoliympyr\u00e4n muotoisessa pelip\u00f6yd\u00e4ss\u00e4. T\u00e4m\u00e4 sama muoto toistuu niin nettikasinoilla kuin fyysisiss\u00e4kin pelipaikoissa.&nbsp;<\/p>\n\n\n\n<p>Blackjackin ideana on saada omaan k\u00e4teen joko tasan luku 21, tai ainakin mahdollisimman l\u00e4helle sit\u00e4. Lukua ei kuitenkaan saa ylitt\u00e4\u00e4, tai h\u00e4vi\u00e4t kierroksen automaattisesti.<\/p>\n\n\n\n<p>Lis\u00e4ksi k\u00e4den arvon tulee olla korkeampi kuin jakajalla. Pelaaminen tapahtuu aina jakajaa vastaan, oli p\u00f6yd\u00e4ss\u00e4 samanaikaisesti sitten kuinka monta pelaajaa tahansa.Korttien arvo m\u00e4\u00e4r\u00e4ytyy blackjackissa seuraavasti:<\/p>\n\n\n\n<ul class=\"wp-block-list\"><li>Kaikki numerokortit ysiin saakka ovat arvoltaan osoittamansa summan.<\/li><li>Kuvakorttien arvo on kymmenen.<\/li><li>\u00c4ss\u00e4 on joko yksi tai yksitoista.<\/li><\/ul>\n\n\n\n<h3 class=\"wp-block-heading\">Blackjack pelin eteneminen<\/h3>\n\n\n\n<p>Ensimm\u00e4iseksi on aika asettaa panokset. Kun t\u00e4m\u00e4 on tehty, jokaiselle pelaajalle jaetaan kaksi korttia kuvapuolet yl\u00f6sp\u00e4in. My\u00f6s jakaja saa kaksi korttia, mutta niist\u00e4 on n\u00e4kyvill\u00e4 vain toinen.<\/p>\n\n\n\n<p>Mik\u00e4li sinun onnistuu saada jo t\u00e4ss\u00e4 vaiheessa k\u00e4teesi kortit, joiden arvo on 10 ja 11, olet voittanut pelin suoraan, sill\u00e4 k\u00e4dess\u00e4si on himoittu black jack. Jos taas k\u00e4dess\u00e4si on v\u00e4hemm\u00e4n kuin 21 mutta enemm\u00e4n kuin 17, kannattaa sinun jatkaa ottamatta lis\u00e4\u00e4 kortteja.<\/p>\n\n\n\n<p>Mik\u00e4li korttien arvo on v\u00e4hemm\u00e4n kuin 17, suosittelemme ottamaan uusia kortteja.T\u00e4m\u00e4 johtuu siit\u00e4, ett\u00e4 useimmissa peleiss\u00e4 s\u00e4\u00e4nt\u00f6n\u00e4 on, ett\u00e4 jakajan saatua k\u00e4teens\u00e4 16 tai 17, ei h\u00e4nen ole sallittu pyyt\u00e4\u00e4 en\u00e4\u00e4 lis\u00e4\u00e4 kortteja.Blackjackissa etu on aina talon, eli jakajan puolella.<\/p>\n\n\n\n<p>T\u00e4m\u00e4 johtuu siit\u00e4, ett\u00e4 valitset oman k\u00e4tesi jokaisella kierroksella ennen jakajan liikkeit\u00e4. N\u00e4in jakajan on mahdollista saavuttaa voitto peliss\u00e4 jopa niin, ettei h\u00e4nen tarvitse itse tehd\u00e4 yht\u00e4k\u00e4\u00e4n ratkaisua.<\/p>\n\n\n\n<h3 class=\"wp-block-heading\">Blackjack online toiminnot<\/h3>\n\n\n\n<p>Periaatteessa blackjack netiss\u00e4 ei ole sen kummallisempaa kuin liven\u00e4k\u00e4\u00e4n pelattuna, mutta toki pelitavoissa on eroja esimerkiksi panostusten m\u00e4\u00e4r\u00e4ss\u00e4, voittosummissa sek\u00e4 siin\u00e4, ett\u00e4 netiss\u00e4 voit pelata blackjackia yksin, kun taas liven\u00e4 paikalla on aina v\u00e4hint\u00e4\u00e4n jakaja.<\/p>\n\n\n\n<p>Black jack sis\u00e4lt\u00e4\u00e4 muutamiakin toimintoja, joita voit k\u00e4ytt\u00e4\u00e4 kierroksen aikana. T\u00e4ss\u00e4 osiossa esittelemme ne tarkemmin.<\/p>\n\n\n\n<h4 class=\"wp-block-heading\">Antautuminen<\/h4>\n\n\n\n<p>Antautuminen ei ole mahdollista aivan kaikissa blackjackin versioissa, vaan yleens\u00e4 t\u00e4m\u00e4n toiminnon k\u00e4ytt\u00e4minen onnistuu ainoastaan amerikkalaisessa blackjackissa.<\/p>\n\n\n\n<p>Antautumisella tarkoitetaan tilannetta, jossa luovutat k\u00e4tesi kahden ensimm\u00e4isen kortin j\u00e4lkeen. Silloin voit saada takaisin puolet panoksesta, jonka alunperin asetit.<\/p>\n\n\n\n<h4 class=\"wp-block-heading\">Tuplaus<\/h4>\n\n\n\n<p>Tuplaus on mahdollista tavallisesti silloin, kun olet ottanut jo yhden kortin lis\u00e4\u00e4. Tuplaus voi kuitenkin toimintona vaihdella eri kasinoiden ja versioiden mukaisesti.<\/p>\n\n\n\n<p>Tuplaamisella voidaan blackjackissa tarkoittaa siis my\u00f6s suuremman tai pienemm\u00e4n lis\u00e4panoksen asettamista.<\/p>\n\n\n\n<h4 class=\"wp-block-heading\">Jakaminen<\/h4>\n\n\n\n<p>Jakaminen, eli splittaus, on mielest\u00e4mme blackjackin toiminnoista hauskin. Kun saat kaksi samanlaista korttia k\u00e4teesi ensimm\u00e4isess\u00e4 jaossa, voit erottaa ne kahdeksi erilaiseksi k\u00e4deksi.<\/p>\n\n\n\n<p>Molempiin jaetaan t\u00e4ll\u00f6in uusi kortti, ja peli jatkuu muilta osin tavalliseen tapaan.<\/p>\n\n\n\n<h4 class=\"wp-block-heading\">Tasaraha<\/h4>\n\n\n\n<p>Jos sinulla on blackjack k\u00e4dess\u00e4si, ja pelin jakajan ensimm\u00e4inen kortti on \u00e4ss\u00e4, voit joissakin peliversioissa pyyt\u00e4\u00e4 tasarahaa. T\u00e4m\u00e4 tarkoittaa k\u00e4yt\u00e4nn\u00f6ss\u00e4 sit\u00e4, ett\u00e4 pelipanoksesi voittaa 1:1. Peli my\u00f6s p\u00e4\u00e4ttyy t\u00e4h\u00e4n.<\/p>\n\n\n\n<h4 class=\"wp-block-heading\">Vakuutus blackjackissa<\/h4>\n\n\n\n<p>Joissakin peleiss\u00e4 sinun on mahdollista vakuuttaa oma k\u00e4tesi. T\u00e4m\u00e4 tapahtuu tilanteessa, jossa jakajan k\u00e4dess\u00e4 ensimm\u00e4inen kortti on \u00e4ss\u00e4. Vakuutuspanostuksen arvon tulee yleens\u00e4 olla puolet asettamastasi alkuper\u00e4ispanoksesta, mutta eri variaatioissa t\u00e4m\u00e4kin voi vaihdella.&nbsp;Mihin vakuutus sitten auttaa?<\/p>\n\n\n\n<p>Se jeesii sinua tilanteessa, jossa jakajan toinen kortti on arvoltaan kymmenen. T\u00e4ll\u00f6in jakajalla on automaattisesti blackjack online, mik\u00e4 ilman vakuutusta tarkoittaa sinulle v\u00e4lit\u00f6t\u00e4 h\u00e4vi\u00f6t\u00e4. Vakuutuksella saatkin pit\u00e4\u00e4 panostuksensa, joten tilanne on kannaltasi plus-miinus-nolla.<\/p>\n\n\n\n<h2 class=\"wp-block-heading\">Blackjack bonukset<\/h2>\n\n\n\n<p>Meilt\u00e4 tiedustellaan usein sit\u00e4, onko blackjackiin tarjolla my\u00f6s bonuksia. Useimmilla nettikasinoilla bonuksia ei valitettavasti ole tiedossa juuri t\u00e4h\u00e4n peliin, mutta talletusbonusten sek\u00e4 ilmaiskierrosten voittojen k\u00e4ytt\u00e4minen blackjackissa on silti sallittua.<\/p>\n\n\n\n<p>T\u00e4ss\u00e4 kohtaa on hyv\u00e4 huomata, ett\u00e4 mik\u00e4li kasinobonukseen on liitetty kierr\u00e4tysvaatimus, ei se yleens\u00e4 t\u00e4yty blackjackissa tai muissa peleiss\u00e4 aivan t\u00e4ydell\u00e4 teholla.<\/p>\n\n\n\n<h2 class=\"wp-block-heading\">Blackjack strategia<\/h2>\n\n\n\n<figure class=\"wp-block-image size-large\"><img loading=\"lazy\" decoding=\"async\" width=\"1024\" height=\"536\" src=\"https:\/\/fastercasinos.com\/wp-content\/uploads\/2021\/10\/strategia-blackjackiin-1024x536.png\" alt=\"Optimaalinen blackjack strategia\" class=\"wp-image-3171\" srcset=\"https:\/\/fastercasinos.com\/wp-content\/uploads\/2021\/10\/strategia-blackjackiin-1024x536.png 1024w, https:\/\/fastercasinos.com\/wp-content\/uploads\/2021\/10\/strategia-blackjackiin-300x157.png 300w, https:\/\/fastercasinos.com\/wp-content\/uploads\/2021\/10\/strategia-blackjackiin-768x402.png 768w, https:\/\/fastercasinos.com\/wp-content\/uploads\/2021\/10\/strategia-blackjackiin.png 1200w\" sizes=\"auto, (max-width: 1024px) 100vw, 1024px\" \/><\/figure>\n\n\n\n<p>Kolikkopeleiss\u00e4 pelaajat eiv\u00e4t tavallisesti k\u00e4yt\u00e4 strategioita, sill\u00e4 se on suoraan sanottuna turhaa. Sloteissa sinun ei siis ole mill\u00e4\u00e4n muotoa mahdollista vaikuttaa yksitt\u00e4isen pelikierroksen lopputulokseen, mutta sama ei koske p\u00f6yt\u00e4pelej\u00e4.<\/p>\n\n\n\n<p>Blackjackissa voittaminen perustuu sek\u00e4 tuuriin ett\u00e4 tekemiisi valintoihin. T\u00e4st\u00e4 syyst\u00e4 my\u00f6s t\u00e4m\u00e4 klassikkopeli on saanut ymp\u00e4rilleen erilaisia strategioita. Blackjack strategia ei silti koskaan ole mik\u00e4\u00e4n oikotie onneen, eik\u00e4 se siis my\u00f6sk\u00e4\u00e4n takaa voittoja.<\/p>\n\n\n\n<p>Strategiat blackjackissa liittyv\u00e4t p\u00e4\u00e4asiassa aikaisemmin t\u00e4ss\u00e4 artikkelissa kerrottuihin toimintoihin, eli tuplaukseen, splittaukseen ja antautumiseen. Lis\u00e4ksi voit k\u00e4ytt\u00e4\u00e4 pelaamisessa samanlaisia tapoja kuin vaikkapa ruletissa.<\/p>\n\n\n\n<h2 class=\"wp-block-heading\">Nippelitietoa blackjackista<\/h2>\n\n\n\n<p>Blackjackin historia ulottuu jo niinkin pitk\u00e4lle, kuin 1600-luvulle. Ensimm\u00e4iset maininnat blackjackin tyylisest\u00e4 korttipelist\u00e4 l\u00f6ytyv\u00e4t Ranskasta.<\/p>\n\n\n\n<p>Nykyinen variaatio pelist\u00e4 on kehitetty sekin varsin aikaisin, sill\u00e4 viitteit\u00e4 sen olemassaolosta on jo 1700-luvulta. Amerikkalainen versio on saanut alkunsa \u201cvasta\u201d 1800-luvun puolella.<\/p>\n\n\n\n<h2 class=\"wp-block-heading\">Blackjack netiss\u00e4 \u2013 Yhteenveto<\/h2>\n\n\n\n<p>Blackjack netiss\u00e4 on t\u00e4n\u00e4 p\u00e4iv\u00e4n\u00e4 yksi suosituimmista p\u00f6yt\u00e4peleist\u00e4. Pelin suosion taustalla piilev\u00e4t melko yksinkertaiset ja ilmeiset syyt: black jack s\u00e4\u00e4nn\u00f6t ovat helpot, pelin tempo on nopea ja pelist\u00e4 on my\u00f6s tarjolla useita erilaisia versioita s\u00e4\u00e4nt\u00f6ineen ja panostustasoineen.&nbsp;<\/p>\n\n\n\n<p>T\u00e4rkeint\u00e4 on muistaa, ett\u00e4 kun pelaa blackjackia netiss\u00e4, kannattaa\u00a0<a href=\"https:\/\/fastercasinos.com\/fi\/pelikasinot\/\">pelikasino<\/a>\u00a0sille valita meid\u00e4n kauttamme. Suosittelemme sinulle ainoastaan luotettavia sivustoja!<\/p>\n\n\n","protected":false},"excerpt":{"rendered":"<p>Blackjack netiss\u00e4 Kiinnostaako blackjack netiss\u00e4, mutta et tied\u00e4 mill\u00e4 kasinolla pelaisit ja mist\u00e4 l\u00e4htisit ylip\u00e4\u00e4ns\u00e4 liikkeelle? Tarvitsetko muistin virkist\u00e4mist\u00e4, sill\u00e4&#8230;<\/p>\n","protected":false},"author":5,"featured_media":1771,"parent":1715,"menu_order":0,"comment_status":"closed","ping_status":"closed","template":"","meta":{"_acf_changed":false,"footnotes":""},"class_list":["post-1720","page","type-page","status-publish","has-post-thumbnail","hentry"],"acf":[],"yoast_head":"<!-- This site is optimized with the Yoast SEO plugin v27.0 - https:\/\/yoast.com\/product\/yoast-seo-wordpress\/ -->\n<title>Blackjack netiss\u00e4 | Millainen peli black jack on?<\/title>\n<meta name=\"description\" content=\"Blackjack netiss\u00e4 on yksi t\u00e4m\u00e4n hetken suosituimpia p\u00f6yt\u00e4pelej\u00e4. Blackjack s\u00e4\u00e4nn\u00f6t oppii nopeasti, ja pelin kulku on vauhdikas. Lue lis\u00e4\u00e4!\" \/>\n<meta name=\"robots\" content=\"index, follow, max-snippet:-1, max-image-preview:large, max-video-preview:-1\" \/>\n<link rel=\"canonical\" href=\"https:\/\/fastercasinos.com\/fi\/rahapelit\/blackjack\/\" \/>\n<meta property=\"og:locale\" content=\"fi_FI\" \/>\n<meta property=\"og:type\" content=\"article\" \/>\n<meta property=\"og:title\" content=\"Blackjack netiss\u00e4 | Millainen peli black jack on?\" \/>\n<meta property=\"og:description\" content=\"Blackjack netiss\u00e4 on yksi t\u00e4m\u00e4n hetken suosituimpia p\u00f6yt\u00e4pelej\u00e4. Blackjack s\u00e4\u00e4nn\u00f6t oppii nopeasti, ja pelin kulku on vauhdikas. Lue lis\u00e4\u00e4!\" \/>\n<meta property=\"og:url\" content=\"https:\/\/fastercasinos.com\/fi\/rahapelit\/blackjack\/\" \/>\n<meta property=\"og:site_name\" content=\"Faster casinos\" \/>\n<meta property=\"article:modified_time\" content=\"2021-12-14T10:25:47+00:00\" \/>\n<meta property=\"og:image\" content=\"https:\/\/fastercasinos.com\/wp-content\/uploads\/2021\/05\/fastercasinos-suomi.png\" \/>\n\t<meta property=\"og:image:width\" content=\"1200\" \/>\n\t<meta property=\"og:image:height\" content=\"628\" \/>\n\t<meta property=\"og:image:type\" content=\"image\/png\" \/>\n<meta name=\"twitter:card\" content=\"summary_large_image\" \/>\n<meta name=\"twitter:label1\" content=\"Arvioitu lukuaika\" \/>\n\t<meta name=\"twitter:data1\" content=\"4 minuuttia\" \/>\n<script type=\"application\/ld+json\" class=\"yoast-schema-graph\">{\"@context\":\"https:\/\/schema.org\",\"@graph\":[{\"@type\":\"WebPage\",\"@id\":\"https:\/\/fastercasinos.com\/fi\/rahapelit\/blackjack\/\",\"url\":\"https:\/\/fastercasinos.com\/fi\/rahapelit\/blackjack\/\",\"name\":\"Blackjack netiss\u00e4 | Millainen peli black jack on?\",\"isPartOf\":{\"@id\":\"https:\/\/fastercasinos.com\/fi\/#website\"},\"primaryImageOfPage\":{\"@id\":\"https:\/\/fastercasinos.com\/fi\/rahapelit\/blackjack\/#primaryimage\"},\"image\":{\"@id\":\"https:\/\/fastercasinos.com\/fi\/rahapelit\/blackjack\/#primaryimage\"},\"thumbnailUrl\":\"https:\/\/fastercasinos.com\/wp-content\/uploads\/2021\/05\/fastercasinos-suomi.png\",\"datePublished\":\"2021-11-04T09:30:32+00:00\",\"dateModified\":\"2021-12-14T10:25:47+00:00\",\"description\":\"Blackjack netiss\u00e4 on yksi t\u00e4m\u00e4n hetken suosituimpia p\u00f6yt\u00e4pelej\u00e4. Blackjack s\u00e4\u00e4nn\u00f6t oppii nopeasti, ja pelin kulku on vauhdikas. Lue lis\u00e4\u00e4!\",\"breadcrumb\":{\"@id\":\"https:\/\/fastercasinos.com\/fi\/rahapelit\/blackjack\/#breadcrumb\"},\"inLanguage\":\"fi\",\"potentialAction\":[{\"@type\":\"ReadAction\",\"target\":[\"https:\/\/fastercasinos.com\/fi\/rahapelit\/blackjack\/\"]}]},{\"@type\":\"ImageObject\",\"inLanguage\":\"fi\",\"@id\":\"https:\/\/fastercasinos.com\/fi\/rahapelit\/blackjack\/#primaryimage\",\"url\":\"https:\/\/fastercasinos.com\/wp-content\/uploads\/2021\/05\/fastercasinos-suomi.png\",\"contentUrl\":\"https:\/\/fastercasinos.com\/wp-content\/uploads\/2021\/05\/fastercasinos-suomi.png\",\"width\":1200,\"height\":628,\"caption\":\"FasterCasinos.com Suomi\"},{\"@type\":\"BreadcrumbList\",\"@id\":\"https:\/\/fastercasinos.com\/fi\/rahapelit\/blackjack\/#breadcrumb\",\"itemListElement\":[{\"@type\":\"ListItem\",\"position\":1,\"name\":\"Nopeat Kasinot\",\"item\":\"https:\/\/fastercasinos.com\/fi\/\"},{\"@type\":\"ListItem\",\"position\":2,\"name\":\"Rahapelit\",\"item\":\"https:\/\/fastercasinos.com\/fi\/rahapelit\/\"},{\"@type\":\"ListItem\",\"position\":3,\"name\":\"Blackjack\"}]},{\"@type\":\"WebSite\",\"@id\":\"https:\/\/fastercasinos.com\/fi\/#website\",\"url\":\"https:\/\/fastercasinos.com\/fi\/\",\"name\":\"Faster casinos\",\"description\":\"Fast or nothing!\",\"publisher\":{\"@id\":\"https:\/\/fastercasinos.com\/fi\/#organization\"},\"potentialAction\":[{\"@type\":\"SearchAction\",\"target\":{\"@type\":\"EntryPoint\",\"urlTemplate\":\"https:\/\/fastercasinos.com\/fi\/?s={search_term_string}\"},\"query-input\":{\"@type\":\"PropertyValueSpecification\",\"valueRequired\":true,\"valueName\":\"search_term_string\"}}],\"inLanguage\":\"fi\"},{\"@type\":\"Organization\",\"@id\":\"https:\/\/fastercasinos.com\/fi\/#organization\",\"name\":\"Fastercasinos.com\",\"url\":\"https:\/\/fastercasinos.com\/fi\/\",\"logo\":{\"@type\":\"ImageObject\",\"inLanguage\":\"fi\",\"@id\":\"https:\/\/fastercasinos.com\/fi\/#\/schema\/logo\/image\/\",\"url\":\"https:\/\/fastercasinos.com\/wp-content\/uploads\/2022\/06\/Fastercasinos-logo.svg\",\"contentUrl\":\"https:\/\/fastercasinos.com\/wp-content\/uploads\/2022\/06\/Fastercasinos-logo.svg\",\"caption\":\"Fastercasinos.com\"},\"image\":{\"@id\":\"https:\/\/fastercasinos.com\/fi\/#\/schema\/logo\/image\/\"}}]}<\/script>\n<!-- \/ Yoast SEO plugin. -->","yoast_head_json":{"title":"Blackjack netiss\u00e4 | Millainen peli black jack on?","description":"Blackjack netiss\u00e4 on yksi t\u00e4m\u00e4n hetken suosituimpia p\u00f6yt\u00e4pelej\u00e4. Blackjack s\u00e4\u00e4nn\u00f6t oppii nopeasti, ja pelin kulku on vauhdikas. Lue lis\u00e4\u00e4!","robots":{"index":"index","follow":"follow","max-snippet":"max-snippet:-1","max-image-preview":"max-image-preview:large","max-video-preview":"max-video-preview:-1"},"canonical":"https:\/\/fastercasinos.com\/fi\/rahapelit\/blackjack\/","og_locale":"fi_FI","og_type":"article","og_title":"Blackjack netiss\u00e4 | Millainen peli black jack on?","og_description":"Blackjack netiss\u00e4 on yksi t\u00e4m\u00e4n hetken suosituimpia p\u00f6yt\u00e4pelej\u00e4. Blackjack s\u00e4\u00e4nn\u00f6t oppii nopeasti, ja pelin kulku on vauhdikas. Lue lis\u00e4\u00e4!","og_url":"https:\/\/fastercasinos.com\/fi\/rahapelit\/blackjack\/","og_site_name":"Faster casinos","article_modified_time":"2021-12-14T10:25:47+00:00","og_image":[{"width":1200,"height":628,"url":"https:\/\/fastercasinos.com\/wp-content\/uploads\/2021\/05\/fastercasinos-suomi.png","type":"image\/png"}],"twitter_card":"summary_large_image","twitter_misc":{"Arvioitu lukuaika":"4 minuuttia"},"schema":{"@context":"https:\/\/schema.org","@graph":[{"@type":"WebPage","@id":"https:\/\/fastercasinos.com\/fi\/rahapelit\/blackjack\/","url":"https:\/\/fastercasinos.com\/fi\/rahapelit\/blackjack\/","name":"Blackjack netiss\u00e4 | Millainen peli black jack on?","isPartOf":{"@id":"https:\/\/fastercasinos.com\/fi\/#website"},"primaryImageOfPage":{"@id":"https:\/\/fastercasinos.com\/fi\/rahapelit\/blackjack\/#primaryimage"},"image":{"@id":"https:\/\/fastercasinos.com\/fi\/rahapelit\/blackjack\/#primaryimage"},"thumbnailUrl":"https:\/\/fastercasinos.com\/wp-content\/uploads\/2021\/05\/fastercasinos-suomi.png","datePublished":"2021-11-04T09:30:32+00:00","dateModified":"2021-12-14T10:25:47+00:00","description":"Blackjack netiss\u00e4 on yksi t\u00e4m\u00e4n hetken suosituimpia p\u00f6yt\u00e4pelej\u00e4. Blackjack s\u00e4\u00e4nn\u00f6t oppii nopeasti, ja pelin kulku on vauhdikas. Lue lis\u00e4\u00e4!","breadcrumb":{"@id":"https:\/\/fastercasinos.com\/fi\/rahapelit\/blackjack\/#breadcrumb"},"inLanguage":"fi","potentialAction":[{"@type":"ReadAction","target":["https:\/\/fastercasinos.com\/fi\/rahapelit\/blackjack\/"]}]},{"@type":"ImageObject","inLanguage":"fi","@id":"https:\/\/fastercasinos.com\/fi\/rahapelit\/blackjack\/#primaryimage","url":"https:\/\/fastercasinos.com\/wp-content\/uploads\/2021\/05\/fastercasinos-suomi.png","contentUrl":"https:\/\/fastercasinos.com\/wp-content\/uploads\/2021\/05\/fastercasinos-suomi.png","width":1200,"height":628,"caption":"FasterCasinos.com Suomi"},{"@type":"BreadcrumbList","@id":"https:\/\/fastercasinos.com\/fi\/rahapelit\/blackjack\/#breadcrumb","itemListElement":[{"@type":"ListItem","position":1,"name":"Nopeat Kasinot","item":"https:\/\/fastercasinos.com\/fi\/"},{"@type":"ListItem","position":2,"name":"Rahapelit","item":"https:\/\/fastercasinos.com\/fi\/rahapelit\/"},{"@type":"ListItem","position":3,"name":"Blackjack"}]},{"@type":"WebSite","@id":"https:\/\/fastercasinos.com\/fi\/#website","url":"https:\/\/fastercasinos.com\/fi\/","name":"Faster casinos","description":"Fast or nothing!","publisher":{"@id":"https:\/\/fastercasinos.com\/fi\/#organization"},"potentialAction":[{"@type":"SearchAction","target":{"@type":"EntryPoint","urlTemplate":"https:\/\/fastercasinos.com\/fi\/?s={search_term_string}"},"query-input":{"@type":"PropertyValueSpecification","valueRequired":true,"valueName":"search_term_string"}}],"inLanguage":"fi"},{"@type":"Organization","@id":"https:\/\/fastercasinos.com\/fi\/#organization","name":"Fastercasinos.com","url":"https:\/\/fastercasinos.com\/fi\/","logo":{"@type":"ImageObject","inLanguage":"fi","@id":"https:\/\/fastercasinos.com\/fi\/#\/schema\/logo\/image\/","url":"https:\/\/fastercasinos.com\/wp-content\/uploads\/2022\/06\/Fastercasinos-logo.svg","contentUrl":"https:\/\/fastercasinos.com\/wp-content\/uploads\/2022\/06\/Fastercasinos-logo.svg","caption":"Fastercasinos.com"},"image":{"@id":"https:\/\/fastercasinos.com\/fi\/#\/schema\/logo\/image\/"}}]}},"_links":{"self":[{"href":"https:\/\/fastercasinos.com\/fi\/wp-json\/wp\/v2\/pages\/1720","targetHints":{"allow":["GET"]}}],"collection":[{"href":"https:\/\/fastercasinos.com\/fi\/wp-json\/wp\/v2\/pages"}],"about":[{"href":"https:\/\/fastercasinos.com\/fi\/wp-json\/wp\/v2\/types\/page"}],"author":[{"embeddable":true,"href":"https:\/\/fastercasinos.com\/fi\/wp-json\/wp\/v2\/users\/5"}],"replies":[{"embeddable":true,"href":"https:\/\/fastercasinos.com\/fi\/wp-json\/wp\/v2\/comments?post=1720"}],"version-history":[{"count":7,"href":"https:\/\/fastercasinos.com\/fi\/wp-json\/wp\/v2\/pages\/1720\/revisions"}],"predecessor-version":[{"id":3503,"href":"https:\/\/fastercasinos.com\/fi\/wp-json\/wp\/v2\/pages\/1720\/revisions\/3503"}],"up":[{"embeddable":true,"href":"https:\/\/fastercasinos.com\/fi\/wp-json\/wp\/v2\/pages\/1715"}],"wp:featuredmedia":[{"embeddable":true,"href":"https:\/\/fastercasinos.com\/fi\/wp-json\/wp\/v2\/media\/1771"}],"wp:attachment":[{"href":"https:\/\/fastercasinos.com\/fi\/wp-json\/wp\/v2\/media?parent=1720"}],"curies":[{"name":"wp","href":"https:\/\/api.w.org\/{rel}","templated":true}]}}