{"id":1723,"date":"2021-11-04T09:30:39","date_gmt":"2021-11-04T09:30:39","guid":{"rendered":"https:\/\/fastercasinos.com\/?page_id=1723"},"modified":"2023-05-24T11:37:31","modified_gmt":"2023-05-24T11:37:31","slug":"keno","status":"publish","type":"page","link":"https:\/\/fastercasinos.com\/fi\/rahapelit\/keno\/","title":{"rendered":"Keno"},"content":{"rendered":"\n<h1 class=\"wp-block-heading\">Keno tulokset ja pelin voitonjako<\/h1>\n\n\n\n<p>Keno on supersuosittu, yksinkertainen ja halutessasi my\u00f6s hyvin edullinen arvontapeli, jota pelataan ymp\u00e4ri maailman. Sen ovat ottaneet valikoimiinsa monet\u00a0<a href=\"https:\/\/fastercasinos.com\/fi\/nettikasinot\/\">suomalaiset nettikasinot<\/a>, ja voit pelata sit\u00e4 useita kertoja viikossa, tai jopa p\u00e4iv\u00e4ss\u00e4.<\/p>\n\n\n\n<p>Keno voitonjako riippuu aina valitsemastasi pelist\u00e4, mutta useimmissa peleiss\u00e4 py\u00f6rii jopa satojatuhansia euroja, ellei miljooniakin.&nbsp;T\u00e4ss\u00e4 artikkelissa k\u00e4ymme l\u00e4pi pelin saloja tarkemmin.<\/p>\n\n\n\n<p>Kerromme sinulle mm. siit\u00e4, millaisia keno numerot ovat sek\u00e4 sen, miten keno tarkistetaan. Mik\u00e4li peli on sinulle viel\u00e4 entuudestaan tuntematon, tied\u00e4t siit\u00e4 pian kaiken olennaisen. Artikkelimme sopii toki erinomaisesti my\u00f6s muistinvirkist\u00e4jille. Aloitetaan kenotuloksilla!<\/p>\n\n\n\n<figure class=\"wp-block-image size-large\"><img loading=\"lazy\" decoding=\"async\" width=\"1024\" height=\"536\" src=\"https:\/\/fastercasinos.com\/wp-content\/uploads\/2021\/10\/kenon-tulokset-1024x536.png\" alt=\"Kenon voitonjako ja tulokset\" class=\"wp-image-3177\" srcset=\"https:\/\/fastercasinos.com\/wp-content\/uploads\/2021\/10\/kenon-tulokset-1024x536.png 1024w, https:\/\/fastercasinos.com\/wp-content\/uploads\/2021\/10\/kenon-tulokset-300x157.png 300w, https:\/\/fastercasinos.com\/wp-content\/uploads\/2021\/10\/kenon-tulokset-768x402.png 768w, https:\/\/fastercasinos.com\/wp-content\/uploads\/2021\/10\/kenon-tulokset.png 1200w\" sizes=\"auto, (max-width: 1024px) 100vw, 1024px\" \/><\/figure>\n\n\n\n<h2 class=\"wp-block-heading\">Kenotulokset<\/h2>\n\n\n\n<p>Kenotulokset n\u00e4et yleens\u00e4 suoraan reaaliajassa kasinolta. Voittonumerot kenossa arvotaan n\u00e4et tietokoneohjelman avulla, ja ne ovat tietenkin t\u00e4ysin satunnaisia. Kun arvonta on suoritettu, n\u00e4et keno tulokset, eli oikeat numerot heti kasinolla.<\/p>\n\n\n\n<p>Nettikasinoilla pelatessa kenon pelaamisen yksi suurimmista eduista on se, ettei sinun tarvitse seurata arvontaa herke\u00e4m\u00e4tt\u00e4 ja silm\u00e4 kovana, vaan n\u00e4et mahdolliset voitot suoraan tilill\u00e4si.<\/p>\n\n\n\n<h2 class=\"wp-block-heading\">Pelaa kenoa nettikasinolla<\/h2>\n\n\n\n\n\n\n<h2 class=\"wp-block-heading\">Keno pelin kulku<\/h2>\n\n\n\n<p>Keno on siis numeroihin perustuva&nbsp;<a href=\"https:\/\/fastercasinos.com\/fi\/rahapelit\/\">rahapeli netiss\u00e4<\/a>, jossa ideana on arvata arvotut numerot oikein. Pelist\u00e4 l\u00f6ytyy tosiaan monenlaisia versioita, mutta tyypillisesti peli sis\u00e4lt\u00e4\u00e4 40 &#8211; 80 numeroa. Tavallisesti kenopeleiss\u00e4 valitaan 2 &#8211; 10 numeroa, ja t\u00e4m\u00e4n j\u00e4lkeen suoritetaan 20 numeron arvonta.<\/p>\n\n\n\n<p>Mit\u00e4 suurempi m\u00e4\u00e4r\u00e4 oikeita osumia tulee, sit\u00e4 paremmaksi voittosummat yleens\u00e4 muodostuvat. Useimmissa kenoissa pelaajien on my\u00f6s mahdollista m\u00e4\u00e4ritt\u00e4\u00e4 itse oman panostasonsa, jolloin pelist\u00e4 saa muokattua juuri omaan tyyliin parhaiten sopivan version.<\/p>\n\n\n\n<p>P\u00e4\u00e4voitto osuu kohdalle kenossa silloin, kun kaikki arvattavat numerot osuvat oikeaan. Moni&nbsp;<a href=\"https:\/\/fastercasinos.com\/fi\/pelikasinot\/\">pelikasino<\/a>&nbsp;tarjoaa t\u00e4ll\u00e4kin hetkell\u00e4 kenopelej\u00e4, joissa p\u00e4\u00e4voittona on jopa 100 000 euroa, monta kertaa p\u00e4iv\u00e4ss\u00e4. Kenosta l\u00f6ytyy my\u00f6s progressiivisia variaatioita.<\/p>\n\n\n\n<p>Niiss\u00e4 jokaisen pelaajan peliin asettama panostus kasvattaa voittopottia. Parhaimmillaan se voikin nousta varsin nopealla tahdilla jopa usean miljoonan euron arvoiseksi. Kun peliss\u00e4 on n\u00e4in suuria voittoja, keno tulokset ja niiden odottelu on todella j\u00e4nnitt\u00e4v\u00e4\u00e4 kierros toisensa j\u00e4lkeen.<\/p>\n\n\n\n<h3 class=\"wp-block-heading\">Kenonumerot<\/h3>\n\n\n\n<p>Mik\u00e4li kysymyksess\u00e4 on liven\u00e4 pelattava keno, eik\u00e4 automaattiversio, voit useimmilla kasinoilla pelata peli\u00e4 monella eri menetelm\u00e4ll\u00e4. Yleisimpi\u00e4 n\u00e4ist\u00e4 ovat peruspeli tai j\u00e4rjestelm\u00e4. Joillakin kasinoilla saat tehty\u00e4 kenoon kestopelin tai jatkuvan tilauksen.&nbsp;<\/p>\n\n\n\n<h3 class=\"wp-block-heading\">Kenon tulos ja keno voitonjako<\/h3>\n\n\n\n<p>Se, milloin keno tulos on n\u00e4ht\u00e4vill\u00e4 ja miten usein arvonta ylip\u00e4\u00e4ns\u00e4 suoritetaan, riippuu t\u00e4ysin valitsemastasi pelist\u00e4 ja nettikasinosta. Joissakin peleiss\u00e4 keno tulokset n\u00e4hd\u00e4\u00e4n jopa muutamien minuuttien v\u00e4lein, kun uusia arvontoja py\u00f6rii k\u00e4ynniss\u00e4 jatkuvasti.<\/p>\n\n\n\n<p>Veikkauksella arvontoja ja kenon voitonjako on saatavilla vain kolme kertaa p\u00e4iv\u00e4ss\u00e4.Voitonjako riippuu sekin valitsemastasi pelist\u00e4.&nbsp;<\/p>\n\n\n\n<h4 class=\"wp-block-heading\">Voittoluokat ja kertoimet kenossa<\/h4>\n\n\n\n<p>Voiton m\u00e4\u00e4r\u00e4\u00e4n vaikuttaa yhteens\u00e4 kolme seikkaa, ainakin useimmissa peleiss\u00e4. N\u00e4it\u00e4 ovat pelirivin valittujen numeroiden m\u00e4\u00e4r\u00e4, panos sek\u00e4 osumien m\u00e4\u00e4r\u00e4.<\/p>\n\n\n\n<p>Jokaisella kenotasolla on oma voittoluokansa sek\u00e4 kertoimensa.Voittoluokat sek\u00e4 kertoimet voivat olla eri peleiss\u00e4 hyvinkin erilaisia. T\u00e4m\u00e4 koskee my\u00f6s rivin hintaa.<\/p>\n\n\n\n<h4 class=\"wp-block-heading\">Suurimmat voitot kenossa Suomessa<\/h4>\n\n\n\n<p>Kenossa on voitettu Suomessa monta kertaa todella suuria summia rahaa, mutta aivan viimeisin keno voitto on per\u00e4isin hein\u00e4kuulta 2020, jolloin Oulaisissa yksi onnellinen kenopelaaja voitti itselleen kahden euron panoksella tasan miljoona euroa!<\/p>\n\n\n\n<p>Kysymyksess\u00e4 oli kotimaisen pelin kymppitason keno, ja lis\u00e4ksi mukana oli Veikkauksen kunkkunumero. Kertoimeksi t\u00e4ysosumalle tuli 500 000, ja n\u00e4in onnellinen kenoaja nappasi tasan miljoona euroa.<\/p>\n\n\n\n<p>Aikaisempia suurvoittoja on n\u00e4hty peliss\u00e4 mm. vuosina 2008 ja 2011, kun yksitt\u00e4iset pelaajat voittivat kenosta 2 miljoonaa euroa.<\/p>\n\n\n\n<h3 class=\"wp-block-heading\">Miten keno tarkistetaan<\/h3>\n\n\n\n<p>Kenon tarkistaminen nettikasinoilla on tosiaan helppoa, kuten jo aikaisemmin kerroimme. Mik\u00e4li sinulla on pelitili nettikasinolle, ei sinun tarvitse kyt\u00e4t\u00e4 koneen suorittamaa arvontaa ja sit\u00e4, miten keno tulokset rakentuvat, vaan n\u00e4et kierroksen oikeat numerot tilisi kautta. <\/p>\n\n\n\n<p>Jo pelkk\u00e4 tilille kirjautuminen voi itse asiassa paljastaa voiton, sill\u00e4 se lis\u00e4t\u00e4\u00e4n saldoosi v\u00e4litt\u00f6m\u00e4sti.<\/p>\n\n\n\n<p>Kenonumerot arvotaan koneellisesti. Kuten muitakin kasinopelej\u00e4, my\u00f6s kenoa py\u00f6ritet\u00e4\u00e4n satunnaislukugeneraattoreilla. Niit\u00e4 taas valvotaan t\u00e4ysin riippumattomien tahojen puolesta, joten peleiss\u00e4 ei ole mahdollista huiputtaa. T\u00e4m\u00e4 koskee niin pelaajia kuin nettikasinoitakin, jotka pelej\u00e4 tarjoavat.<\/p>\n\n\n\n<h2 class=\"wp-block-heading\">Strategiat kenoon<\/h2>\n\n\n\n<p>Kuten monessa muussakin nettikasinolla pelattavissa olevassa peliss\u00e4 my\u00f6s Kenossa on mahdollista yritt\u00e4\u00e4 maksimoida voittoja. Toisaalta on aina hyv\u00e4 muistaa, ett\u00e4 voittaminen t\u00e4ss\u00e4(kin) peliss\u00e4 perustuu lopulta puhtaaseen tuuriin. T\u00e4m\u00e4 ei silti tarkoita sit\u00e4, etteik\u00f6 peli\u00e4 kannattaisi pelata harkiten.<\/p>\n\n\n\n<p>Koska kenossa voidaan valita useampia numeroita kuin lotossa, on monella, etenkin kokemattomalla pelaajalla suuri houkutus valita kaikki mahdolliset kupongille. <\/p>\n\n\n\n<p>T\u00e4m\u00e4 ei kuitenkaan aina ole se paras mahdollinen veto, sill\u00e4 mit\u00e4 useampi numero sinulla on kupongillasi, sit\u00e4 useamman numeron tulee my\u00f6s osua oikeaan, jotta voittoja napsahtaa.<\/p>\n\n\n\n<h2 class=\"wp-block-heading\">Keno voiton todenn\u00e4k\u00f6isyys ja palautusprosentti<\/h2>\n\n\n\n<p>Kenossa voittojen todenn\u00e4k\u00f6isyys lasketaan mukaillen binomijakauman kaavaa. Pelin\u00e4 keno on todella helppo, mik\u00e4 selitt\u00e4\u00e4 osaltaan pelin suuren suosion. <\/p>\n\n\n\n<p>Toinen syy suurelle suosiolle on varmasti my\u00f6s se, ett\u00e4 netiss\u00e4 pelattavassa kenossa palautusprosentti on monesti parempi kuin perinteisiss\u00e4 kenoissa.<\/p>\n\n\n\n<p>Veikkauksen kenossa palautusprosentti on huonompi kuin ulkomaisten kasinoiden vastaavissa peleiss\u00e4, joten sinun kannattaa harkita kahdesti, pelaatko kotimaisen monopoliyhti\u00f6n sivuilla vaiko ihan jossain muualla. <\/p>\n\n\n\n<p>Vertailun vuoksi, Veikkauksella kenon palautusprosentti on hieman alle 56, kun taas ulkomaisilla kasinoilla palautukset voivat olla jopa 97 prosenttia!<\/p>\n\n\n\n<p>T\u00e4ss\u00e4 yhteydess\u00e4 on mainittava lis\u00e4ksi se, ett\u00e4 kotimaisella nettikasinolla kenoa pelatessa voittoja rajoittaa maksukatto. <\/p>\n\n\n\n<p>T\u00e4m\u00e4 tarkoittaa k\u00e4yt\u00e4nn\u00f6ss\u00e4 sit\u00e4, ett\u00e4 ulkomaisilta kasinoilta tuttuja, kasvavan jackpotin voittoja ei olekaan.&nbsp;Tai jos onkin, on niiss\u00e4 silti m\u00e4\u00e4ritelty ennalta maksimim\u00e4\u00e4r\u00e4t, joka kierroksella voidaan voittaa.<\/p>\n\n\n\n<p>T\u00e4m\u00e4 ei luonnollisesti palvele pelaajia, eik\u00e4 voittojen suhteen keno tulokset saavuta historiallisia mittasuhteita.<\/p>\n\n\n\n<h2 class=\"wp-block-heading\">Bonukset kenoon kasinoilla<\/h2>\n\n\n\n<p>Keno on nettikasinoilla todella suosittu peli, mutta siihen on tarjolla suoria, pelk\u00e4st\u00e4\u00e4n kenoon tarkoitettuja bonuksia aniharvoin. T\u00e4m\u00e4 on pelin suosioon n\u00e4hden varsin erikoista, mutta toisaalta bonusten puuttumiselle voi l\u00f6yty\u00e4 hyvin yksinkertainen syy.<\/p>\n\n\n\n<p>Kenoarvonnoissa py\u00f6rii monesti todella suuria voittopotteja, ja kasinoiden n\u00e4k\u00f6kulmasta voi olla riskaabelia jakaa t\u00e4llaisiin peleihin ilmaista rahaa. Talon riski h\u00e4vit\u00e4 isosti on n\u00e4et suurempi kuin vaikkapa yksitt\u00e4isten kolikkopelien kohdalla.<\/p>\n\n\n\n<p>Vaikka suoria tarjouksia kenoon ei v\u00e4ltt\u00e4m\u00e4tt\u00e4 olekaan, voidaan useimpia kasinoiden talletusbonuksia tai ilmaskierrosten voittoja kierr\u00e4tt\u00e4\u00e4 my\u00f6s kenossa. Mik\u00e4li haluat k\u00e4ytt\u00e4\u00e4 bonuksia kenoon, kannattaa sinun kuitenkin tutustua tarjouksen s\u00e4\u00e4nt\u00f6ihin ja ehtoihin tarkasti.<\/p>\n\n\n\n<p>Keno ei n\u00e4et useimmissa tapauksissa t\u00e4yt\u00e4 kierr\u00e4tysvaatimusta yht\u00e4 suurella teholla, kuin esimerkiksi juuri kolikkopelit.<\/p>\n\n\n\n<h2 class=\"wp-block-heading\">Kenon historiaa lyhyesti<\/h2>\n\n\n\n<p>Kenoa on pelattu maailmalla jo pitk\u00e4\u00e4n. Historian kirjojen mukaan kenoa pelattiin Kiinassa jo yli 3 000 vuotta sitten. Amerikkaan sen on kerrottu kulkeutuneen juuri kiinalaisten mukana 1800-luvun puolella. <\/p>\n\n\n\n<p>Peliss\u00e4 oli pitk\u00e4\u00e4n k\u00e4yt\u00f6ss\u00e4 ainoastaan kiinalaiset merkit, mutta 1900-luvulla ne vaihdettiin nykyiseen muotoonsa, eli numeroihin.<\/p>\n\n\n\n<p>Meill\u00e4 Suomessa keno on l\u00f6ytynyt pelivalikoimista jo vuodesta 1988 alkaen. Silloin pelimuoto oli automaatti, joka oli nimelt\u00e4\u00e4n Korttikeno. <\/p>\n\n\n\n<p>Nykyisess\u00e4 muodossaan Veikkaus liitti kenon pelivalikoimaansa vasta vuonna 2002. T\u00e4n\u00e4 p\u00e4iv\u00e4n\u00e4 keno on yhti\u00f6n toiseksi suosituin peli. Ykk\u00f6spallilla on itseoikeutetusti lotto.<\/p>\n\n\n\n<h2 class=\"wp-block-heading\">Yhteenveto<\/h2>\n\n\n\n<p>Keno tulokset ja niiden odottaminen on mielek\u00e4st\u00e4 puuhaa. Mukaan t\u00e4h\u00e4n tuhansia vuosia vanhaan peliin p\u00e4\u00e4set jo hyvin pienell\u00e4kin panoksella, mutta s\u00e4ilytt\u00e4en silti mahdollisuuden suuriin voittoihin.<\/p>\n\n\n\n<p>Kenon tulos ja sen tarkistaminen on nettikasinoilla nopeaa ja vaivatonta, ja parhaassa tapauksessa voit pelata kenoa my\u00f6s bonusrahalla.<\/p>\n","protected":false},"excerpt":{"rendered":"<p>Keno tulokset ja pelin voitonjako Keno on supersuosittu, yksinkertainen ja halutessasi my\u00f6s hyvin edullinen arvontapeli, jota pelataan ymp\u00e4ri maailman. Sen&#8230;<\/p>\n","protected":false},"author":5,"featured_media":1771,"parent":1715,"menu_order":0,"comment_status":"closed","ping_status":"closed","template":"","meta":{"_acf_changed":false,"footnotes":""},"class_list":["post-1723","page","type-page","status-publish","has-post-thumbnail","hentry"],"acf":[],"yoast_head":"<!-- This site is optimized with the Yoast SEO plugin v27.0 - https:\/\/yoast.com\/product\/yoast-seo-wordpress\/ -->\n<title>Keno tulokset | Kenon voitonjako ja s\u00e4\u00e4nn\u00f6t<\/title>\n<meta name=\"description\" content=\"Keno tulokset ovat n\u00e4ht\u00e4vill\u00e4 jopa muutamien minuuttien v\u00e4lein eri kasinoilla. Millainen peli oikein on ja miten keno tarkistetaan? Tutustu!\" \/>\n<meta name=\"robots\" content=\"index, follow, max-snippet:-1, max-image-preview:large, max-video-preview:-1\" \/>\n<link rel=\"canonical\" href=\"https:\/\/fastercasinos.com\/fi\/rahapelit\/keno\/\" \/>\n<meta property=\"og:locale\" content=\"fi_FI\" \/>\n<meta property=\"og:type\" content=\"article\" \/>\n<meta property=\"og:title\" content=\"Keno tulokset | Kenon voitonjako ja s\u00e4\u00e4nn\u00f6t\" \/>\n<meta property=\"og:description\" content=\"Keno tulokset ovat n\u00e4ht\u00e4vill\u00e4 jopa muutamien minuuttien v\u00e4lein eri kasinoilla. Millainen peli oikein on ja miten keno tarkistetaan? Tutustu!\" \/>\n<meta property=\"og:url\" content=\"https:\/\/fastercasinos.com\/fi\/rahapelit\/keno\/\" \/>\n<meta property=\"og:site_name\" content=\"Faster casinos\" \/>\n<meta property=\"article:modified_time\" content=\"2023-05-24T11:37:31+00:00\" \/>\n<meta property=\"og:image\" content=\"https:\/\/fastercasinos.com\/wp-content\/uploads\/2021\/05\/fastercasinos-suomi.png\" \/>\n\t<meta property=\"og:image:width\" content=\"1200\" \/>\n\t<meta property=\"og:image:height\" content=\"628\" \/>\n\t<meta property=\"og:image:type\" content=\"image\/png\" \/>\n<meta name=\"twitter:card\" content=\"summary_large_image\" \/>\n<meta name=\"twitter:label1\" content=\"Arvioitu lukuaika\" \/>\n\t<meta name=\"twitter:data1\" content=\"5 minuuttia\" \/>\n<script type=\"application\/ld+json\" class=\"yoast-schema-graph\">{\"@context\":\"https:\/\/schema.org\",\"@graph\":[{\"@type\":\"WebPage\",\"@id\":\"https:\/\/fastercasinos.com\/fi\/rahapelit\/keno\/\",\"url\":\"https:\/\/fastercasinos.com\/fi\/rahapelit\/keno\/\",\"name\":\"Keno tulokset | Kenon voitonjako ja s\u00e4\u00e4nn\u00f6t\",\"isPartOf\":{\"@id\":\"https:\/\/fastercasinos.com\/fi\/#website\"},\"primaryImageOfPage\":{\"@id\":\"https:\/\/fastercasinos.com\/fi\/rahapelit\/keno\/#primaryimage\"},\"image\":{\"@id\":\"https:\/\/fastercasinos.com\/fi\/rahapelit\/keno\/#primaryimage\"},\"thumbnailUrl\":\"https:\/\/fastercasinos.com\/wp-content\/uploads\/2021\/05\/fastercasinos-suomi.png\",\"datePublished\":\"2021-11-04T09:30:39+00:00\",\"dateModified\":\"2023-05-24T11:37:31+00:00\",\"description\":\"Keno tulokset ovat n\u00e4ht\u00e4vill\u00e4 jopa muutamien minuuttien v\u00e4lein eri kasinoilla. Millainen peli oikein on ja miten keno tarkistetaan? Tutustu!\",\"breadcrumb\":{\"@id\":\"https:\/\/fastercasinos.com\/fi\/rahapelit\/keno\/#breadcrumb\"},\"inLanguage\":\"fi\",\"potentialAction\":[{\"@type\":\"ReadAction\",\"target\":[\"https:\/\/fastercasinos.com\/fi\/rahapelit\/keno\/\"]}]},{\"@type\":\"ImageObject\",\"inLanguage\":\"fi\",\"@id\":\"https:\/\/fastercasinos.com\/fi\/rahapelit\/keno\/#primaryimage\",\"url\":\"https:\/\/fastercasinos.com\/wp-content\/uploads\/2021\/05\/fastercasinos-suomi.png\",\"contentUrl\":\"https:\/\/fastercasinos.com\/wp-content\/uploads\/2021\/05\/fastercasinos-suomi.png\",\"width\":1200,\"height\":628,\"caption\":\"FasterCasinos.com Suomi\"},{\"@type\":\"BreadcrumbList\",\"@id\":\"https:\/\/fastercasinos.com\/fi\/rahapelit\/keno\/#breadcrumb\",\"itemListElement\":[{\"@type\":\"ListItem\",\"position\":1,\"name\":\"Nopeat Kasinot\",\"item\":\"https:\/\/fastercasinos.com\/fi\/\"},{\"@type\":\"ListItem\",\"position\":2,\"name\":\"Rahapelit\",\"item\":\"https:\/\/fastercasinos.com\/fi\/rahapelit\/\"},{\"@type\":\"ListItem\",\"position\":3,\"name\":\"Keno\"}]},{\"@type\":\"WebSite\",\"@id\":\"https:\/\/fastercasinos.com\/fi\/#website\",\"url\":\"https:\/\/fastercasinos.com\/fi\/\",\"name\":\"Faster casinos\",\"description\":\"Fast or nothing!\",\"publisher\":{\"@id\":\"https:\/\/fastercasinos.com\/fi\/#organization\"},\"potentialAction\":[{\"@type\":\"SearchAction\",\"target\":{\"@type\":\"EntryPoint\",\"urlTemplate\":\"https:\/\/fastercasinos.com\/fi\/?s={search_term_string}\"},\"query-input\":{\"@type\":\"PropertyValueSpecification\",\"valueRequired\":true,\"valueName\":\"search_term_string\"}}],\"inLanguage\":\"fi\"},{\"@type\":\"Organization\",\"@id\":\"https:\/\/fastercasinos.com\/fi\/#organization\",\"name\":\"Fastercasinos.com\",\"url\":\"https:\/\/fastercasinos.com\/fi\/\",\"logo\":{\"@type\":\"ImageObject\",\"inLanguage\":\"fi\",\"@id\":\"https:\/\/fastercasinos.com\/fi\/#\/schema\/logo\/image\/\",\"url\":\"https:\/\/fastercasinos.com\/wp-content\/uploads\/2022\/06\/Fastercasinos-logo.svg\",\"contentUrl\":\"https:\/\/fastercasinos.com\/wp-content\/uploads\/2022\/06\/Fastercasinos-logo.svg\",\"caption\":\"Fastercasinos.com\"},\"image\":{\"@id\":\"https:\/\/fastercasinos.com\/fi\/#\/schema\/logo\/image\/\"}}]}<\/script>\n<!-- \/ Yoast SEO plugin. -->","yoast_head_json":{"title":"Keno tulokset | Kenon voitonjako ja s\u00e4\u00e4nn\u00f6t","description":"Keno tulokset ovat n\u00e4ht\u00e4vill\u00e4 jopa muutamien minuuttien v\u00e4lein eri kasinoilla. Millainen peli oikein on ja miten keno tarkistetaan? Tutustu!","robots":{"index":"index","follow":"follow","max-snippet":"max-snippet:-1","max-image-preview":"max-image-preview:large","max-video-preview":"max-video-preview:-1"},"canonical":"https:\/\/fastercasinos.com\/fi\/rahapelit\/keno\/","og_locale":"fi_FI","og_type":"article","og_title":"Keno tulokset | Kenon voitonjako ja s\u00e4\u00e4nn\u00f6t","og_description":"Keno tulokset ovat n\u00e4ht\u00e4vill\u00e4 jopa muutamien minuuttien v\u00e4lein eri kasinoilla. Millainen peli oikein on ja miten keno tarkistetaan? Tutustu!","og_url":"https:\/\/fastercasinos.com\/fi\/rahapelit\/keno\/","og_site_name":"Faster casinos","article_modified_time":"2023-05-24T11:37:31+00:00","og_image":[{"width":1200,"height":628,"url":"https:\/\/fastercasinos.com\/wp-content\/uploads\/2021\/05\/fastercasinos-suomi.png","type":"image\/png"}],"twitter_card":"summary_large_image","twitter_misc":{"Arvioitu lukuaika":"5 minuuttia"},"schema":{"@context":"https:\/\/schema.org","@graph":[{"@type":"WebPage","@id":"https:\/\/fastercasinos.com\/fi\/rahapelit\/keno\/","url":"https:\/\/fastercasinos.com\/fi\/rahapelit\/keno\/","name":"Keno tulokset | Kenon voitonjako ja s\u00e4\u00e4nn\u00f6t","isPartOf":{"@id":"https:\/\/fastercasinos.com\/fi\/#website"},"primaryImageOfPage":{"@id":"https:\/\/fastercasinos.com\/fi\/rahapelit\/keno\/#primaryimage"},"image":{"@id":"https:\/\/fastercasinos.com\/fi\/rahapelit\/keno\/#primaryimage"},"thumbnailUrl":"https:\/\/fastercasinos.com\/wp-content\/uploads\/2021\/05\/fastercasinos-suomi.png","datePublished":"2021-11-04T09:30:39+00:00","dateModified":"2023-05-24T11:37:31+00:00","description":"Keno tulokset ovat n\u00e4ht\u00e4vill\u00e4 jopa muutamien minuuttien v\u00e4lein eri kasinoilla. Millainen peli oikein on ja miten keno tarkistetaan? Tutustu!","breadcrumb":{"@id":"https:\/\/fastercasinos.com\/fi\/rahapelit\/keno\/#breadcrumb"},"inLanguage":"fi","potentialAction":[{"@type":"ReadAction","target":["https:\/\/fastercasinos.com\/fi\/rahapelit\/keno\/"]}]},{"@type":"ImageObject","inLanguage":"fi","@id":"https:\/\/fastercasinos.com\/fi\/rahapelit\/keno\/#primaryimage","url":"https:\/\/fastercasinos.com\/wp-content\/uploads\/2021\/05\/fastercasinos-suomi.png","contentUrl":"https:\/\/fastercasinos.com\/wp-content\/uploads\/2021\/05\/fastercasinos-suomi.png","width":1200,"height":628,"caption":"FasterCasinos.com Suomi"},{"@type":"BreadcrumbList","@id":"https:\/\/fastercasinos.com\/fi\/rahapelit\/keno\/#breadcrumb","itemListElement":[{"@type":"ListItem","position":1,"name":"Nopeat Kasinot","item":"https:\/\/fastercasinos.com\/fi\/"},{"@type":"ListItem","position":2,"name":"Rahapelit","item":"https:\/\/fastercasinos.com\/fi\/rahapelit\/"},{"@type":"ListItem","position":3,"name":"Keno"}]},{"@type":"WebSite","@id":"https:\/\/fastercasinos.com\/fi\/#website","url":"https:\/\/fastercasinos.com\/fi\/","name":"Faster casinos","description":"Fast or nothing!","publisher":{"@id":"https:\/\/fastercasinos.com\/fi\/#organization"},"potentialAction":[{"@type":"SearchAction","target":{"@type":"EntryPoint","urlTemplate":"https:\/\/fastercasinos.com\/fi\/?s={search_term_string}"},"query-input":{"@type":"PropertyValueSpecification","valueRequired":true,"valueName":"search_term_string"}}],"inLanguage":"fi"},{"@type":"Organization","@id":"https:\/\/fastercasinos.com\/fi\/#organization","name":"Fastercasinos.com","url":"https:\/\/fastercasinos.com\/fi\/","logo":{"@type":"ImageObject","inLanguage":"fi","@id":"https:\/\/fastercasinos.com\/fi\/#\/schema\/logo\/image\/","url":"https:\/\/fastercasinos.com\/wp-content\/uploads\/2022\/06\/Fastercasinos-logo.svg","contentUrl":"https:\/\/fastercasinos.com\/wp-content\/uploads\/2022\/06\/Fastercasinos-logo.svg","caption":"Fastercasinos.com"},"image":{"@id":"https:\/\/fastercasinos.com\/fi\/#\/schema\/logo\/image\/"}}]}},"_links":{"self":[{"href":"https:\/\/fastercasinos.com\/fi\/wp-json\/wp\/v2\/pages\/1723","targetHints":{"allow":["GET"]}}],"collection":[{"href":"https:\/\/fastercasinos.com\/fi\/wp-json\/wp\/v2\/pages"}],"about":[{"href":"https:\/\/fastercasinos.com\/fi\/wp-json\/wp\/v2\/types\/page"}],"author":[{"embeddable":true,"href":"https:\/\/fastercasinos.com\/fi\/wp-json\/wp\/v2\/users\/5"}],"replies":[{"embeddable":true,"href":"https:\/\/fastercasinos.com\/fi\/wp-json\/wp\/v2\/comments?post=1723"}],"version-history":[{"count":6,"href":"https:\/\/fastercasinos.com\/fi\/wp-json\/wp\/v2\/pages\/1723\/revisions"}],"predecessor-version":[{"id":4741,"href":"https:\/\/fastercasinos.com\/fi\/wp-json\/wp\/v2\/pages\/1723\/revisions\/4741"}],"up":[{"embeddable":true,"href":"https:\/\/fastercasinos.com\/fi\/wp-json\/wp\/v2\/pages\/1715"}],"wp:featuredmedia":[{"embeddable":true,"href":"https:\/\/fastercasinos.com\/fi\/wp-json\/wp\/v2\/media\/1771"}],"wp:attachment":[{"href":"https:\/\/fastercasinos.com\/fi\/wp-json\/wp\/v2\/media?parent=1723"}],"curies":[{"name":"wp","href":"https:\/\/api.w.org\/{rel}","templated":true}]}}