{"id":1735,"date":"2021-11-04T09:37:56","date_gmt":"2021-11-04T09:37:56","guid":{"rendered":"https:\/\/fastercasinos.com\/?page_id=1735"},"modified":"2021-12-14T10:35:55","modified_gmt":"2021-12-14T10:35:55","slug":"ruletti","status":"publish","type":"page","link":"https:\/\/fastercasinos.com\/fi\/rahapelit\/ruletti\/","title":{"rendered":"Ruletti"},"content":{"rendered":"\n<h1 class=\"wp-block-heading\">Ruletti<\/h1>\n\n\n\n<p>Klassiset p\u00f6yt\u00e4pelit, kuten ruletti, ovat kokeneet uuden tulemisen nettikasinoilla. Ne ovat olleet pelivalikoimissa eri sivustoilla k\u00e4yt\u00e4nn\u00f6ss\u00e4 niin pitk\u00e4\u00e4n, kuin kasinoita on ollut olemassakin, mutta nykyisin ruletti ja muut p\u00f6yt\u00e4pelit ovat ker\u00e4nneet lis\u00e4\u00e4 uskollisia faneja livekasinoiden parissa.<\/p>\n\n\n\n<p>T\u00e4n\u00e4 p\u00e4iv\u00e4n\u00e4 nettiruletti on monipuolisempaa kuin koskaan, ja p\u00e4\u00e4set n\u00e4in pelaamaan eri variaatioita klassikkopelist\u00e4 niin automaatin kuin oikeankin pelinjakajan kanssa.<\/p>\n\n\n\n<h2 class=\"wp-block-heading\">Monipuolinen nettiruletti n\u00e4ill\u00e4 kasinoilla<\/h2>\n\n\n\n\n\n<h2 class=\"wp-block-heading\">Ruletti s\u00e4\u00e4nn\u00f6t<\/h2>\n\n\n\n<figure class=\"wp-block-image size-large\"><img loading=\"lazy\" decoding=\"async\" width=\"1024\" height=\"536\" src=\"https:\/\/fastercasinos.com\/wp-content\/uploads\/2021\/10\/pelaa-rulettia-1024x536.png\" alt=\"Opettele nyt ruletti s\u00e4\u00e4nn\u00f6t\" class=\"wp-image-3210\" srcset=\"https:\/\/fastercasinos.com\/wp-content\/uploads\/2021\/10\/pelaa-rulettia-1024x536.png 1024w, https:\/\/fastercasinos.com\/wp-content\/uploads\/2021\/10\/pelaa-rulettia-300x157.png 300w, https:\/\/fastercasinos.com\/wp-content\/uploads\/2021\/10\/pelaa-rulettia-768x402.png 768w, https:\/\/fastercasinos.com\/wp-content\/uploads\/2021\/10\/pelaa-rulettia.png 1200w\" sizes=\"auto, (max-width: 1024px) 100vw, 1024px\" \/><\/figure>\n\n\n\n<p>Ruletin s\u00e4\u00e4nn\u00f6t ovat melko yksinkertaiset, ja osaltaan juuri t\u00e4h\u00e4n perustunee my\u00f6s pelin hillitt\u00f6m\u00e4n suuri suosio vuodesta &#8211; ja jopa vuosisadasta- toiseen. Pelin juuret juontavat 1700-luvun Ranskaan, jossa ruletti oli ennen kaikkea aatelisten ja ylh\u00e4isten viihdykett\u00e4.<\/p>\n\n\n\n<p>Ruletti koostuu pelip\u00f6yd\u00e4st\u00e4, rulettipy\u00f6r\u00e4st\u00e4 sek\u00e4 -kuulasta. Tyypillisesti peliss\u00e4 on mukana jakaja, mutta yksinpelattavat ruletit kasinoilla toimivat automaattisesti. Live kasinoilla pelin k\u00e4ynnist\u00e4\u00e4 useimmissa versioissa oikea jakaja.<\/p>\n\n\n\n<p>Ranskalaisessa ja eurooppalaisessa ruletissa on numeroita v\u00e4lill\u00e4 0 &#8211; 36- Amerikkalaiseen versioon on lis\u00e4tty 00. Rulettip\u00f6yd\u00e4ss\u00e4 n\u00e4et numeroita sarakkeissa, ja vastaavat numerot l\u00f6ytyv\u00e4t my\u00f6s py\u00f6r\u00e4st\u00e4.<\/p>\n\n\n\n<p>Pelikierros menee yksinkertaisuudessaan n\u00e4in: pelaajat asettavat panostuksensa rulettip\u00f6yd\u00e4lle, ja t\u00e4m\u00e4n j\u00e4lkeen py\u00f6r\u00e4 laitetaan k\u00e4yntiin. Rulettikuula py\u00f6rii p\u00e4invastaiseen suuntaan ja se lokero, johon kuula lopulta pys\u00e4htyy, on pelikierroksen lopputulos.<\/p>\n\n\n\n<h3 class=\"wp-block-heading\">Pelin kulku<\/h3>\n\n\n\n<p>Pelin kulku on siis juuri \u00e4sken kuvaillun yksinkertainen. Aivan t\u00e4ysin n\u00e4in yksinkertaissti kokonaisuus ei silti toimi, sill\u00e4 pelip\u00f6yd\u00e4lle on mahdollista asettaa panoksia monella eri tavalla.&nbsp;N\u00e4iden panostustapojen ymm\u00e4rt\u00e4minen on t\u00e4rke\u00e4\u00e4, mik\u00e4li haluat saada mahdollisimman hienoja ruletti kokemuksia pelikerta toisensa j\u00e4lkeen.&nbsp;Panostustapoja ovat mm.<\/p>\n\n\n\n<ul class=\"wp-block-list\"><li>Yksi panos yhdelle numerolle: panos maksetaan takaisin x35<\/li><li>Panostus isolle tai pienelle numerolle (kuula pys\u00e4htyy joko 1 &#8211; 18 tai 19 &#8211; 36): voitonmaksu on suhteessa 1:1<\/li><li>Panostus punaiselle tai mustalle: voitonmaksu suhteessa 1:1<\/li><li>Panostus parilliselle tai parittomalle: voitonmaksu suhteessa 1:1<\/li><li>Jaettu panostus tai tuplaus: yhdell\u00e4 merkill\u00e4 panostetaan kahdelle numerolle. Voitto maksetaan x17<\/li><li>Triplassa panos asetetaan samalla kerralla kolmelle eri numerolle.<\/li><li>Katu tarkoittaa panostusta, jossa pelimerkki asetetaan ruudukon ulkoreunaan ja vaakatasossa<\/li><li>Neli\u00f6 on panostamista nelj\u00e4lle numerolle. T\u00e4ss\u00e4 voitto maksetaan x8<\/li><li>Kulmassa panostetaan j\u00e4lleen nelj\u00e4lle numerolle. Pelimerkki asetetaan kuitenkin nelj\u00e4n numeron kulmaukseen. T\u00e4ss\u00e4kin tyyliss\u00e4 voitto maksetaan x8.<\/li><li>Linjassa panostetaan kuudelle numerolle. Se onnistuu niin, ett\u00e4 merkki asetetaan kahden kolmen numeron muodostamaan risteyskohtaan ulkoreunalle. Voitto maksetaan x5<\/li><li>Tusinassa panostus tehd\u00e4\u00e4n 12 numerolle. Panos maksetaan takaisin x2<\/li><\/ul>\n\n\n\n<h3 class=\"wp-block-heading\">Ruletti kertoimet<\/h3>\n\n\n\n<p>Ruletti kertoimet vaihtelevat asettamasi panostustyylin mukaisesti, aivan kuten edell\u00e4 on kuvattuna. Ne eiv\u00e4t siis muutu pelin tuoksinassa, kuten vaikkapa kolikkopeleiss\u00e4 on tapana.<\/p>\n\n\n\n<p>Ruletti kertoimet voivat toki vaihdella hieman eri versioissa, mutta itse pelikierrosten aikana ne pysyv\u00e4t muuttumattomina.<\/p>\n\n\n\n<h2 class=\"wp-block-heading\">Bonukset rulettiin<\/h2>\n\n\n\n<p>Vaikka ruletti onkin yksi maailman suosituimmista p\u00f6yt\u00e4peleist\u00e4, ei siihen ole useimmiten tarjolla suoria bonuksia. T\u00e4m\u00e4 ei kuitenkaan tarkoita sit\u00e4, ettetk\u00f6 p\u00e4\u00e4sisi nauttimaan ruletista my\u00f6s bonusrahalla. Useimmat kasinoiden talletusbonukset n\u00e4et ovat k\u00e4ytett\u00e4viss\u00e4 my\u00f6s ruleteissa.<\/p>\n\n\n\n<p>Mik\u00e4li haluat hy\u00f6dynt\u00e4\u00e4 saamiasi kasinobonuksia ruletissa, tulee sinun muistaa lukea bonustarjouksen s\u00e4\u00e4nn\u00f6t ja ehdot tarkasti. T\u00e4m\u00e4 johtuu siit\u00e4, ett\u00e4 yleens\u00e4 bonuksilla on kierr\u00e4tysvaatimuksia, eiv\u00e4tk\u00e4 ne t\u00e4yty p\u00f6yt\u00e4peleiss\u00e4 aivan samanarvoisesti kuin vaikkapa kolikkopeleiss\u00e4.<\/p>\n\n\n\n<p>Jos siis aiot k\u00e4ytt\u00e4\u00e4 talletusbonuksen tai ilmaiskierroksilla saadut voitot ruletissa, on sinun varauduttava siihen, ett\u00e4 kierr\u00e4tett\u00e4v\u00e4\u00e4 on suhteessa enemm\u00e4n.<\/p>\n\n\n\n<p>Live kasinoiden suosio kasvaa tasaisella tahdilla, ja kaikeksi onneksi nettikasinoiden v\u00e4ki on alkanut antaa suoria bonuksia my\u00f6s sinne. N\u00e4m\u00e4 livekasinon bonukset ovat sellaisia, joissa kierr\u00e4tys tapahtuu livepeleiss\u00e4 tavallisesti 100-prosenttisella teholla.<\/p>\n\n\n\n<h2 class=\"wp-block-heading\">K\u00e4ytetyimm\u00e4t strategiat ruletissa<\/h2>\n\n\n\n<p>Ruletin pelaajat rakastavat erilaisia strategioita. Ruletti s\u00e4\u00e4nn\u00f6t eiv\u00e4t kiell\u00e4 strategioiden k\u00e4ytt\u00e4mist\u00e4, joten voit pelata peli\u00e4 niiden avulla t\u00e4ysin vapaasti. Strategioiden tarkoituksena on pyrki\u00e4 maksimoimaan voitot, mutta t\u00e4h\u00e4n sinun on aina syyt\u00e4 suhtautua j\u00e4rkev\u00e4sti.<\/p>\n\n\n\n<p>Ruletin strategiat eiv\u00e4t ole mik\u00e4\u00e4n takuu voitoille, vaan niiden kautta pelaamiseen saa useimmiten vain hieman tavanomaista parempaa rytmi\u00e4. Samoin strategioiden avulla p\u00e4\u00e4set suunnittelemaan panostuksia tarkemmin. TEXT: Suosituimpia ruletin strategioita ovat mm. Martingale, Anti-Martingale sek\u00e4 D\u2019Alembert.<\/p>\n\n\n\n<h2 class=\"wp-block-heading\">Nettiruletti vs. tavallinen ruletti<\/h2>\n\n\n\n<p>Miksi sitten valita nettiruletti tavallisen pelin sijaan? Ensinn\u00e4kin nettiruletti on k\u00e4ynniss\u00e4 useilla eri kasinoilla monessa eri muodossa, ymp\u00e4ri vuorokauden. Samaa ei voida sanoa pelipisteiden ja kivijalkakasinoiden palveluista. Lis\u00e4ksi netiss\u00e4 rulettip\u00f6ydiss\u00e4 on aina tilaa, eik\u00e4 sinun tarvitse jonottaa vuoroasi.&nbsp;<\/p>\n\n\n\n<p>Konetta vastaan pelattu ruletti voi olla todella hauskaa, mutta parhaimmillaan t\u00e4m\u00e4 klassinen\u00a0<a href=\"https:\/\/fastercasinos.com\/fi\/rahapelit\/\">rahapeli<\/a>\u00a0on t\u00e4t\u00e4 nyky\u00e4 livekasinoilla. N\u00e4iss\u00e4 p\u00e4\u00e4set nauttimaan aidon pelinhoitajan sek\u00e4 muiden pelaajien seurasta, ja n\u00e4et aidon pelip\u00f6yd\u00e4n, rulettipy\u00f6r\u00e4n sek\u00e4 -kuulan.<\/p>\n\n\n\n<p>Nettiruletin eduiksi luetaan my\u00f6s niihin saatavilla olevat bonukset. Samoin se, ett\u00e4 pelattavaa on todella runsaasti sek\u00e4 monessa eri muodossa, tekee nettiruletista k\u00e4yt\u00e4nn\u00f6ss\u00e4 ylivertaisen tavalliseen peliin verrattuna.&nbsp;<\/p>\n\n\n\n<p>Tavallinen ruletti voi olla toki ainakin toistaiseksi hieman sosiaalisempaa kuin netiss\u00e4 pelattava, mutta siihen sen edut sitten j\u00e4\u00e4v\u00e4tkin.<\/p>\n\n\n\n<p>Palkinnot nettiruletissa ovat huomattavasti korkeampia kuin tavanomaisilla kasinoilla. Useimmiten my\u00f6s panostasoja on tarjolla enemm\u00e4n. Kun valitset ruletti kasinosi meid\u00e4n kauttamme, tied\u00e4t olevasi turvallisessa peliymp\u00e4rist\u00f6ss\u00e4.<\/p>\n\n\n\n<p>Ulkomaisilla nettikasinoilla pelien palautusprosentit ovat yleens\u00e4 paljon korkeampia kuin vaikkapa kotimaisen monopoliyhti\u00f6n py\u00f6ritt\u00e4miss\u00e4 pelipisteiss\u00e4 koskaan, joten voittojen todenn\u00e4k\u00f6isyyskin on n\u00e4iss\u00e4 suurempi.<\/p>\n\n\n\n<h2 class=\"wp-block-heading\">Yhteenveto<\/h2>\n\n\n\n<p>Ruletti on vuosisatoja vanha p\u00f6yt\u00e4peli, joka ei ole menett\u00e4nyt ajan saatossa suosiotaan. P\u00e4invastoin, se el\u00e4\u00e4 t\u00e4ll\u00e4 hetkell\u00e4 suurta kukoistuskauttaan, kun erilaiset&nbsp;netticasinot&nbsp;tarjoavat ruletista useita eri versioita todella houkuttelevilla voittosummilla.&nbsp;<\/p>\n\n\n\n<p>Parhaassa tapauksessa sin\u00e4kin p\u00e4\u00e4set testamaan sit\u00e4, mit\u00e4 ruletin pelaaminen netiss\u00e4 on, jopa t\u00e4ysin ilmaiseksi, kun useimmat\u00a0<a href=\"https:\/\/fastercasinos.com\/fi\/pelikasinot\/\">pelikasinot<\/a>\u00a0mahdollistavat ruletin pelaamisen my\u00f6s bonusrahalla.<\/p>\n","protected":false},"excerpt":{"rendered":"<p>Ruletti Klassiset p\u00f6yt\u00e4pelit, kuten ruletti, ovat kokeneet uuden tulemisen nettikasinoilla. Ne ovat olleet pelivalikoimissa eri sivustoilla k\u00e4yt\u00e4nn\u00f6ss\u00e4 niin pitk\u00e4\u00e4n, kuin&#8230;<\/p>\n","protected":false},"author":5,"featured_media":1771,"parent":1715,"menu_order":0,"comment_status":"closed","ping_status":"closed","template":"","meta":{"_acf_changed":false,"footnotes":""},"class_list":["post-1735","page","type-page","status-publish","has-post-thumbnail","hentry"],"acf":[],"yoast_head":"<!-- This site is optimized with the Yoast SEO plugin v27.0 - https:\/\/yoast.com\/product\/yoast-seo-wordpress\/ -->\n<title>Ruletti | Mink\u00e4lainen peli nettiruletti on? Ota peli haltuun<\/title>\n<meta name=\"description\" content=\"Ruletti on satoja vuosia vanha p\u00f6yt\u00e4peli, joka ihastuttaa pelaajia t\u00e4n\u00e4kin p\u00e4iv\u00e4n\u00e4. Miten nettiruletti toimii ja miss\u00e4 pelata sit\u00e4? Lue!\" \/>\n<meta name=\"robots\" content=\"index, follow, max-snippet:-1, max-image-preview:large, max-video-preview:-1\" \/>\n<link rel=\"canonical\" href=\"https:\/\/fastercasinos.com\/fi\/rahapelit\/ruletti\/\" \/>\n<meta property=\"og:locale\" content=\"fi_FI\" \/>\n<meta property=\"og:type\" content=\"article\" \/>\n<meta property=\"og:title\" content=\"Ruletti | Mink\u00e4lainen peli nettiruletti on? Ota peli haltuun\" \/>\n<meta property=\"og:description\" content=\"Ruletti on satoja vuosia vanha p\u00f6yt\u00e4peli, joka ihastuttaa pelaajia t\u00e4n\u00e4kin p\u00e4iv\u00e4n\u00e4. Miten nettiruletti toimii ja miss\u00e4 pelata sit\u00e4? Lue!\" \/>\n<meta property=\"og:url\" content=\"https:\/\/fastercasinos.com\/fi\/rahapelit\/ruletti\/\" \/>\n<meta property=\"og:site_name\" content=\"Faster casinos\" \/>\n<meta property=\"article:modified_time\" content=\"2021-12-14T10:35:55+00:00\" \/>\n<meta property=\"og:image\" content=\"https:\/\/fastercasinos.com\/wp-content\/uploads\/2021\/05\/fastercasinos-suomi.png\" \/>\n\t<meta property=\"og:image:width\" content=\"1200\" \/>\n\t<meta property=\"og:image:height\" content=\"628\" \/>\n\t<meta property=\"og:image:type\" content=\"image\/png\" \/>\n<meta name=\"twitter:card\" content=\"summary_large_image\" \/>\n<meta name=\"twitter:label1\" content=\"Arvioitu lukuaika\" \/>\n\t<meta name=\"twitter:data1\" content=\"4 minuuttia\" \/>\n<script type=\"application\/ld+json\" class=\"yoast-schema-graph\">{\"@context\":\"https:\/\/schema.org\",\"@graph\":[{\"@type\":\"WebPage\",\"@id\":\"https:\/\/fastercasinos.com\/fi\/rahapelit\/ruletti\/\",\"url\":\"https:\/\/fastercasinos.com\/fi\/rahapelit\/ruletti\/\",\"name\":\"Ruletti | Mink\u00e4lainen peli nettiruletti on? Ota peli haltuun\",\"isPartOf\":{\"@id\":\"https:\/\/fastercasinos.com\/fi\/#website\"},\"primaryImageOfPage\":{\"@id\":\"https:\/\/fastercasinos.com\/fi\/rahapelit\/ruletti\/#primaryimage\"},\"image\":{\"@id\":\"https:\/\/fastercasinos.com\/fi\/rahapelit\/ruletti\/#primaryimage\"},\"thumbnailUrl\":\"https:\/\/fastercasinos.com\/wp-content\/uploads\/2021\/05\/fastercasinos-suomi.png\",\"datePublished\":\"2021-11-04T09:37:56+00:00\",\"dateModified\":\"2021-12-14T10:35:55+00:00\",\"description\":\"Ruletti on satoja vuosia vanha p\u00f6yt\u00e4peli, joka ihastuttaa pelaajia t\u00e4n\u00e4kin p\u00e4iv\u00e4n\u00e4. Miten nettiruletti toimii ja miss\u00e4 pelata sit\u00e4? Lue!\",\"breadcrumb\":{\"@id\":\"https:\/\/fastercasinos.com\/fi\/rahapelit\/ruletti\/#breadcrumb\"},\"inLanguage\":\"fi\",\"potentialAction\":[{\"@type\":\"ReadAction\",\"target\":[\"https:\/\/fastercasinos.com\/fi\/rahapelit\/ruletti\/\"]}]},{\"@type\":\"ImageObject\",\"inLanguage\":\"fi\",\"@id\":\"https:\/\/fastercasinos.com\/fi\/rahapelit\/ruletti\/#primaryimage\",\"url\":\"https:\/\/fastercasinos.com\/wp-content\/uploads\/2021\/05\/fastercasinos-suomi.png\",\"contentUrl\":\"https:\/\/fastercasinos.com\/wp-content\/uploads\/2021\/05\/fastercasinos-suomi.png\",\"width\":1200,\"height\":628,\"caption\":\"FasterCasinos.com Suomi\"},{\"@type\":\"BreadcrumbList\",\"@id\":\"https:\/\/fastercasinos.com\/fi\/rahapelit\/ruletti\/#breadcrumb\",\"itemListElement\":[{\"@type\":\"ListItem\",\"position\":1,\"name\":\"Nopeat Kasinot\",\"item\":\"https:\/\/fastercasinos.com\/fi\/\"},{\"@type\":\"ListItem\",\"position\":2,\"name\":\"Rahapelit\",\"item\":\"https:\/\/fastercasinos.com\/fi\/rahapelit\/\"},{\"@type\":\"ListItem\",\"position\":3,\"name\":\"Ruletti\"}]},{\"@type\":\"WebSite\",\"@id\":\"https:\/\/fastercasinos.com\/fi\/#website\",\"url\":\"https:\/\/fastercasinos.com\/fi\/\",\"name\":\"Faster casinos\",\"description\":\"Fast or nothing!\",\"publisher\":{\"@id\":\"https:\/\/fastercasinos.com\/fi\/#organization\"},\"potentialAction\":[{\"@type\":\"SearchAction\",\"target\":{\"@type\":\"EntryPoint\",\"urlTemplate\":\"https:\/\/fastercasinos.com\/fi\/?s={search_term_string}\"},\"query-input\":{\"@type\":\"PropertyValueSpecification\",\"valueRequired\":true,\"valueName\":\"search_term_string\"}}],\"inLanguage\":\"fi\"},{\"@type\":\"Organization\",\"@id\":\"https:\/\/fastercasinos.com\/fi\/#organization\",\"name\":\"Fastercasinos.com\",\"url\":\"https:\/\/fastercasinos.com\/fi\/\",\"logo\":{\"@type\":\"ImageObject\",\"inLanguage\":\"fi\",\"@id\":\"https:\/\/fastercasinos.com\/fi\/#\/schema\/logo\/image\/\",\"url\":\"https:\/\/fastercasinos.com\/wp-content\/uploads\/2022\/06\/Fastercasinos-logo.svg\",\"contentUrl\":\"https:\/\/fastercasinos.com\/wp-content\/uploads\/2022\/06\/Fastercasinos-logo.svg\",\"caption\":\"Fastercasinos.com\"},\"image\":{\"@id\":\"https:\/\/fastercasinos.com\/fi\/#\/schema\/logo\/image\/\"}}]}<\/script>\n<!-- \/ Yoast SEO plugin. -->","yoast_head_json":{"title":"Ruletti | Mink\u00e4lainen peli nettiruletti on? Ota peli haltuun","description":"Ruletti on satoja vuosia vanha p\u00f6yt\u00e4peli, joka ihastuttaa pelaajia t\u00e4n\u00e4kin p\u00e4iv\u00e4n\u00e4. Miten nettiruletti toimii ja miss\u00e4 pelata sit\u00e4? Lue!","robots":{"index":"index","follow":"follow","max-snippet":"max-snippet:-1","max-image-preview":"max-image-preview:large","max-video-preview":"max-video-preview:-1"},"canonical":"https:\/\/fastercasinos.com\/fi\/rahapelit\/ruletti\/","og_locale":"fi_FI","og_type":"article","og_title":"Ruletti | Mink\u00e4lainen peli nettiruletti on? Ota peli haltuun","og_description":"Ruletti on satoja vuosia vanha p\u00f6yt\u00e4peli, joka ihastuttaa pelaajia t\u00e4n\u00e4kin p\u00e4iv\u00e4n\u00e4. Miten nettiruletti toimii ja miss\u00e4 pelata sit\u00e4? Lue!","og_url":"https:\/\/fastercasinos.com\/fi\/rahapelit\/ruletti\/","og_site_name":"Faster casinos","article_modified_time":"2021-12-14T10:35:55+00:00","og_image":[{"width":1200,"height":628,"url":"https:\/\/fastercasinos.com\/wp-content\/uploads\/2021\/05\/fastercasinos-suomi.png","type":"image\/png"}],"twitter_card":"summary_large_image","twitter_misc":{"Arvioitu lukuaika":"4 minuuttia"},"schema":{"@context":"https:\/\/schema.org","@graph":[{"@type":"WebPage","@id":"https:\/\/fastercasinos.com\/fi\/rahapelit\/ruletti\/","url":"https:\/\/fastercasinos.com\/fi\/rahapelit\/ruletti\/","name":"Ruletti | Mink\u00e4lainen peli nettiruletti on? Ota peli haltuun","isPartOf":{"@id":"https:\/\/fastercasinos.com\/fi\/#website"},"primaryImageOfPage":{"@id":"https:\/\/fastercasinos.com\/fi\/rahapelit\/ruletti\/#primaryimage"},"image":{"@id":"https:\/\/fastercasinos.com\/fi\/rahapelit\/ruletti\/#primaryimage"},"thumbnailUrl":"https:\/\/fastercasinos.com\/wp-content\/uploads\/2021\/05\/fastercasinos-suomi.png","datePublished":"2021-11-04T09:37:56+00:00","dateModified":"2021-12-14T10:35:55+00:00","description":"Ruletti on satoja vuosia vanha p\u00f6yt\u00e4peli, joka ihastuttaa pelaajia t\u00e4n\u00e4kin p\u00e4iv\u00e4n\u00e4. Miten nettiruletti toimii ja miss\u00e4 pelata sit\u00e4? Lue!","breadcrumb":{"@id":"https:\/\/fastercasinos.com\/fi\/rahapelit\/ruletti\/#breadcrumb"},"inLanguage":"fi","potentialAction":[{"@type":"ReadAction","target":["https:\/\/fastercasinos.com\/fi\/rahapelit\/ruletti\/"]}]},{"@type":"ImageObject","inLanguage":"fi","@id":"https:\/\/fastercasinos.com\/fi\/rahapelit\/ruletti\/#primaryimage","url":"https:\/\/fastercasinos.com\/wp-content\/uploads\/2021\/05\/fastercasinos-suomi.png","contentUrl":"https:\/\/fastercasinos.com\/wp-content\/uploads\/2021\/05\/fastercasinos-suomi.png","width":1200,"height":628,"caption":"FasterCasinos.com Suomi"},{"@type":"BreadcrumbList","@id":"https:\/\/fastercasinos.com\/fi\/rahapelit\/ruletti\/#breadcrumb","itemListElement":[{"@type":"ListItem","position":1,"name":"Nopeat Kasinot","item":"https:\/\/fastercasinos.com\/fi\/"},{"@type":"ListItem","position":2,"name":"Rahapelit","item":"https:\/\/fastercasinos.com\/fi\/rahapelit\/"},{"@type":"ListItem","position":3,"name":"Ruletti"}]},{"@type":"WebSite","@id":"https:\/\/fastercasinos.com\/fi\/#website","url":"https:\/\/fastercasinos.com\/fi\/","name":"Faster casinos","description":"Fast or nothing!","publisher":{"@id":"https:\/\/fastercasinos.com\/fi\/#organization"},"potentialAction":[{"@type":"SearchAction","target":{"@type":"EntryPoint","urlTemplate":"https:\/\/fastercasinos.com\/fi\/?s={search_term_string}"},"query-input":{"@type":"PropertyValueSpecification","valueRequired":true,"valueName":"search_term_string"}}],"inLanguage":"fi"},{"@type":"Organization","@id":"https:\/\/fastercasinos.com\/fi\/#organization","name":"Fastercasinos.com","url":"https:\/\/fastercasinos.com\/fi\/","logo":{"@type":"ImageObject","inLanguage":"fi","@id":"https:\/\/fastercasinos.com\/fi\/#\/schema\/logo\/image\/","url":"https:\/\/fastercasinos.com\/wp-content\/uploads\/2022\/06\/Fastercasinos-logo.svg","contentUrl":"https:\/\/fastercasinos.com\/wp-content\/uploads\/2022\/06\/Fastercasinos-logo.svg","caption":"Fastercasinos.com"},"image":{"@id":"https:\/\/fastercasinos.com\/fi\/#\/schema\/logo\/image\/"}}]}},"_links":{"self":[{"href":"https:\/\/fastercasinos.com\/fi\/wp-json\/wp\/v2\/pages\/1735","targetHints":{"allow":["GET"]}}],"collection":[{"href":"https:\/\/fastercasinos.com\/fi\/wp-json\/wp\/v2\/pages"}],"about":[{"href":"https:\/\/fastercasinos.com\/fi\/wp-json\/wp\/v2\/types\/page"}],"author":[{"embeddable":true,"href":"https:\/\/fastercasinos.com\/fi\/wp-json\/wp\/v2\/users\/5"}],"replies":[{"embeddable":true,"href":"https:\/\/fastercasinos.com\/fi\/wp-json\/wp\/v2\/comments?post=1735"}],"version-history":[{"count":5,"href":"https:\/\/fastercasinos.com\/fi\/wp-json\/wp\/v2\/pages\/1735\/revisions"}],"predecessor-version":[{"id":3522,"href":"https:\/\/fastercasinos.com\/fi\/wp-json\/wp\/v2\/pages\/1735\/revisions\/3522"}],"up":[{"embeddable":true,"href":"https:\/\/fastercasinos.com\/fi\/wp-json\/wp\/v2\/pages\/1715"}],"wp:featuredmedia":[{"embeddable":true,"href":"https:\/\/fastercasinos.com\/fi\/wp-json\/wp\/v2\/media\/1771"}],"wp:attachment":[{"href":"https:\/\/fastercasinos.com\/fi\/wp-json\/wp\/v2\/media?parent=1735"}],"curies":[{"name":"wp","href":"https:\/\/api.w.org\/{rel}","templated":true}]}}