{"id":1741,"date":"2021-11-04T09:17:40","date_gmt":"2021-11-04T09:17:40","guid":{"rendered":"https:\/\/fastercasinos.com\/?page_id=1741"},"modified":"2023-05-24T13:01:14","modified_gmt":"2023-05-24T13:01:14","slug":"evasteet","status":"publish","type":"page","link":"https:\/\/fastercasinos.com\/fi\/evasteet\/","title":{"rendered":"Ev\u00e4stetiedot"},"content":{"rendered":"\n<h1 class=\"wp-block-heading\">Ev\u00e4stetiedot<\/h1>\n\n\n\n<p>Varmistaaksemme t\u00e4m\u00e4n sivuston parhaan mahdollisen toiminnan, l\u00e4het\u00e4mme toisinaan pieni\u00e4 tiedostoja tietokoneellesi. N\u00e4it\u00e4 tiedostoja kutsutaan ev\u00e4steiksi (cookies). Useimmat nykyaikaiset sivustot toimivat samalla tavalla.<\/p>\n\n\n\n<h2 class=\"wp-block-heading\">Mit\u00e4 ev\u00e4steet ovat?<\/h2>\n\n\n\n<p>Ev\u00e4steet ovat pieni\u00e4 tiedostoja, joita s\u00e4ilytet\u00e4\u00e4n tietokoneellasi, puhelimellasi tai tabletillasi silloin, kun vierailet sivustollamme. Ev\u00e4steet auttavat sivustoamme muistamaan asetuksesi tietyll\u00e4 ajanjaksolla.<\/p>\n\n\n\n<p>Ideana on se, ettei sinun tarvitse vaihtaa asetuksiasi jokaisella sivustovierailulla, tai kun selaat sivuja. Voit poistaa tai kokonaan est\u00e4\u00e4 ev\u00e4steet, mutta mik\u00e4li teet n\u00e4in, tulee sinun varautua siihen, ett\u00e4 sivuston kaikki ominaisuudet eiv\u00e4t toimi kunnolla.<\/p>\n\n\n\n<p>Ev\u00e4steit\u00e4 on kahta eri mallia: pysyvi\u00e4 ja v\u00e4liaikaisia (istuntoev\u00e4steet). Pysyv\u00e4t ev\u00e4steet s\u00e4ilytet\u00e4\u00e4n tiedostona laitteellasi pidemm\u00e4n aikaa. N\u00e4iden my\u00f6t\u00e4 sivustoa voidaan kustomoida mieltymystesi, valintojesi ja mielenkiinnon kohteidesi mukaisesti.<\/p>\n\n\n\n<p>Niit\u00e4 k\u00e4ytet\u00e4\u00e4n esimerkiksi sellaisissa ominaisuuksissa, jotka kertovat mit\u00e4 uutta sivustolla on tapahtunut sitten viimeisen vierailusi. Kun voimassaoloaika on p\u00e4\u00e4ttynyt, ev\u00e4ste poistetaan palattuasi sivustolle, joka sen on alunperin luonut.<\/p>\n\n\n\n<p>Istuntoev\u00e4steet taas sijoitetaan laitteellesi aina vain tilap\u00e4isesti. N\u00e4it\u00e4 ev\u00e4steit\u00e4 l\u00e4hetet\u00e4\u00e4n laitteesi ja serverin v\u00e4lill\u00e4 sivustolla vierailusi aikana, ja ne poistetaan kun suljet selaimen. Istuntoev\u00e4stett\u00e4 hy\u00f6dynnet\u00e4\u00e4n esimerkiksi kirjautumistietojesi seuraamiseksi.<\/p>\n\n\n\n<h2 class=\"wp-block-heading\">Esimerkkej\u00e4 siit\u00e4, mihin ev\u00e4steit\u00e4 k\u00e4ytet\u00e4\u00e4n<\/h2>\n\n\n\n<p>Kun kirjaudut sis\u00e4\u00e4n verkkosivustolle, ev\u00e4ste sijoitetaan tietokoneellesi. Jokaista sivua selatessasi tietokoneesi l\u00e4hett\u00e4\u00e4 ev\u00e4steen sivustolle, jossa vierailet. T\u00e4m\u00e4n ev\u00e4steen my\u00f6t\u00e4 sivu voi havaita, ett\u00e4 olet sis\u00e4\u00e4nkirjautuneena, eik\u00e4 se edellyt\u00e4 k\u00e4ytt\u00e4j\u00e4nime\u00e4 ja salasanaa jokaiselle uudelle sivulle.<\/p>\n\n\n\n<p>Ev\u00e4steet my\u00f6s muokkaavat n\u00e4kem\u00e4\u00e4si sivustoa mieltymystesi mukaiseksi. T\u00e4m\u00e4 voi koskea usein vierailemasi sivuston ulkoasua, lajittelua tai valintoja.<\/p>\n\n\n\n<p>Sivustoilla, jotka myyv\u00e4t palveluita, ev\u00e4steit\u00e4 k\u00e4ytet\u00e4\u00e4n tyypillisesti helpottamaan varauksia tai tilauksia. Ev\u00e4steet ker\u00e4\u00e4v\u00e4t lis\u00e4ksi tietoa vierailijoista: mill\u00e4 sivuilla he ovat k\u00e4yneet sivustolla.<\/p>\n\n\n\n<p>T\u00e4m\u00e4n mukaan mainoksia tai muuta sis\u00e4lt\u00f6\u00e4 voidaan r\u00e4\u00e4t\u00e4l\u00f6id\u00e4 paremmin k\u00e4ytt\u00e4j\u00e4n mukaiseksi. Monet mainontaan ja kustomoituun sis\u00e4lt\u00f6\u00f6n k\u00e4ytett\u00e4v\u00e4t ev\u00e4steet ovat kolmannen osapuolen ev\u00e4steit\u00e4.<\/p>\n\n\n\n<p>Ev\u00e4steit\u00e4 voidaan k\u00e4ytt\u00e4\u00e4 liikenteen tilastointiin. T\u00e4m\u00e4n my\u00f6t\u00e4 sivuston kehitt\u00e4j\u00e4t voivat parantaa sit\u00e4 ja oppia t\u00e4rke\u00e4\u00e4 tietoa yleis\u00f6st\u00e4 sek\u00e4 kohderyhmist\u00e4. Useat tilastoihin liittyv\u00e4t ev\u00e4steet ovat kolmannen osapuolen ev\u00e4steit\u00e4.<\/p>\n\n\n\n<p>Ev\u00e4steill\u00e4 voidaan my\u00f6s pit\u00e4\u00e4 kirjaa j\u00e4senyyden tasoista ja vastaavista palveluista.<\/p>\n\n\n\n<h2 class=\"wp-block-heading\">Miksi FasterCasinos.com k\u00e4ytt\u00e4\u00e4 ev\u00e4steit\u00e4?<\/h2>\n\n\n\n<p>K\u00e4ytt\u00e4m\u00e4ll\u00e4 ev\u00e4steit\u00e4, sivustomme on k\u00e4yt\u00f6ss\u00e4si joka vierailulla miellytt\u00e4v\u00e4sti. Sinun ei tarvitse sy\u00f6tt\u00e4\u00e4 samaa dataa kerta toisensa j\u00e4lkeen, vaan sivustomme muistaa sen. Ev\u00e4steet helpottavat sivustomme kehitt\u00e4misess\u00e4: saamme muokattua sit\u00e4 juuri sinun tarpeisiisi vastaten. Sivustoamme on kokonaisuudessaan yksinkertaisempaa k\u00e4ytt\u00e4\u00e4.<\/p>\n\n\n\n<p>Sivustomme k\u00e4ytt\u00e4\u00e4 ev\u00e4steit\u00e4 my\u00f6s k\u00e4ytt\u00e4j\u00e4n haku- ja aktiivisuustoiminnan kartoittamiseksi. N\u00e4idenkin tietojen avulla voimme parantaa k\u00e4ytt\u00e4j\u00e4kokemusta. Tarkoituksena onkin optimoida k\u00e4ytt\u00e4j\u00e4n el\u00e4mykset, personoida markkinointia ja s\u00e4ilytt\u00e4\u00e4 tilastoja. Saatu tieto voidaan jakaa muiden yhti\u00f6iden kanssa, jotka ovat kiinnostuneita toiminnastamme. Ev\u00e4steiden ker\u00e4\u00e4mill\u00e4 tiedoilla ei ole tarkoitus tunnistaa sinua yksityishenkil\u00f6n\u00e4.<\/p>\n\n\n\n<p>Voimme k\u00e4ytt\u00e4\u00e4 sivustollamme my\u00f6s muita yhti\u00f6it\u00e4, jotka k\u00e4ytt\u00e4v\u00e4t ev\u00e4steit\u00e4 omissa palveluissaan.<\/p>\n\n\n\n<h2 class=\"wp-block-heading\">Ev\u00e4steiden k\u00e4yt\u00f6n hyv\u00e4ksyminen<\/h2>\n\n\n\n<p>Kun jatkat sivustomme k\u00e4ytt\u00f6\u00e4 hyv\u00e4ksyt sen, ett\u00e4 FasterCasinos.com k\u00e4ytt\u00e4\u00e4 ev\u00e4steit\u00e4 t\u00e4m\u00e4n Ev\u00e4stek\u00e4yt\u00e4nn\u00f6n mukaisesti.<\/p>\n\n\n\n<p>Lis\u00e4\u00e4 tietoa voit lukea <a href=\"https:\/\/fastercasinos.com\/fi\/evasteet\/\">Yksityisyydensuojak\u00e4yt\u00e4nn\u00f6st\u00e4mme<\/a>.<\/p>\n","protected":false},"excerpt":{"rendered":"<p>Ev\u00e4stetiedot Varmistaaksemme t\u00e4m\u00e4n sivuston parhaan mahdollisen toiminnan, l\u00e4het\u00e4mme toisinaan pieni\u00e4 tiedostoja tietokoneellesi. N\u00e4it\u00e4 tiedostoja kutsutaan ev\u00e4steiksi (cookies). Useimmat nykyaikaiset sivustot&#8230;<\/p>\n","protected":false},"author":5,"featured_media":0,"parent":0,"menu_order":0,"comment_status":"closed","ping_status":"closed","template":"","meta":{"_acf_changed":false,"footnotes":""},"class_list":["post-1741","page","type-page","status-publish","hentry"],"acf":[],"yoast_head":"<!-- This site is optimized with the Yoast SEO plugin v27.0 - https:\/\/yoast.com\/product\/yoast-seo-wordpress\/ -->\n<title>Ev\u00e4stek\u00e4yt\u00e4nt\u00f6 sivustolla | FasterCasinos<\/title>\n<meta name=\"description\" content=\"Sivustomme k\u00e4ytt\u00e4\u00e4 ev\u00e4steit\u00e4, joiden avulla pyrimme kehitt\u00e4m\u00e4\u00e4n sivustomme toimintaa ja parantamaan k\u00e4ytt\u00e4j\u00e4kokemusta. Lue lis\u00e4\u00e4!\" \/>\n<meta name=\"robots\" content=\"noindex, nofollow\" \/>\n<meta property=\"og:locale\" content=\"fi_FI\" \/>\n<meta property=\"og:type\" content=\"article\" \/>\n<meta property=\"og:title\" content=\"Ev\u00e4stek\u00e4yt\u00e4nt\u00f6 sivustolla | FasterCasinos\" \/>\n<meta property=\"og:description\" content=\"Sivustomme k\u00e4ytt\u00e4\u00e4 ev\u00e4steit\u00e4, joiden avulla pyrimme kehitt\u00e4m\u00e4\u00e4n sivustomme toimintaa ja parantamaan k\u00e4ytt\u00e4j\u00e4kokemusta. Lue lis\u00e4\u00e4!\" \/>\n<meta property=\"og:url\" content=\"https:\/\/fastercasinos.com\/fi\/evasteet\/\" \/>\n<meta property=\"og:site_name\" content=\"Faster casinos\" \/>\n<meta property=\"article:modified_time\" content=\"2023-05-24T13:01:14+00:00\" \/>\n<meta name=\"twitter:card\" content=\"summary_large_image\" \/>\n<meta name=\"twitter:label1\" content=\"Arvioitu lukuaika\" \/>\n\t<meta name=\"twitter:data1\" content=\"2 minuuttia\" \/>\n<script type=\"application\/ld+json\" class=\"yoast-schema-graph\">{\"@context\":\"https:\/\/schema.org\",\"@graph\":[{\"@type\":\"WebPage\",\"@id\":\"https:\/\/fastercasinos.com\/fi\/evasteet\/\",\"url\":\"https:\/\/fastercasinos.com\/fi\/evasteet\/\",\"name\":\"Ev\u00e4stek\u00e4yt\u00e4nt\u00f6 sivustolla | FasterCasinos\",\"isPartOf\":{\"@id\":\"https:\/\/fastercasinos.com\/fi\/#website\"},\"datePublished\":\"2021-11-04T09:17:40+00:00\",\"dateModified\":\"2023-05-24T13:01:14+00:00\",\"description\":\"Sivustomme k\u00e4ytt\u00e4\u00e4 ev\u00e4steit\u00e4, joiden avulla pyrimme kehitt\u00e4m\u00e4\u00e4n sivustomme toimintaa ja parantamaan k\u00e4ytt\u00e4j\u00e4kokemusta. Lue lis\u00e4\u00e4!\",\"breadcrumb\":{\"@id\":\"https:\/\/fastercasinos.com\/fi\/evasteet\/#breadcrumb\"},\"inLanguage\":\"fi\",\"potentialAction\":[{\"@type\":\"ReadAction\",\"target\":[\"https:\/\/fastercasinos.com\/fi\/evasteet\/\"]}]},{\"@type\":\"BreadcrumbList\",\"@id\":\"https:\/\/fastercasinos.com\/fi\/evasteet\/#breadcrumb\",\"itemListElement\":[{\"@type\":\"ListItem\",\"position\":1,\"name\":\"Nopeat Kasinot\",\"item\":\"https:\/\/fastercasinos.com\/fi\/\"},{\"@type\":\"ListItem\",\"position\":2,\"name\":\"Ev\u00e4stetiedot\"}]},{\"@type\":\"WebSite\",\"@id\":\"https:\/\/fastercasinos.com\/fi\/#website\",\"url\":\"https:\/\/fastercasinos.com\/fi\/\",\"name\":\"Faster casinos\",\"description\":\"Fast or nothing!\",\"publisher\":{\"@id\":\"https:\/\/fastercasinos.com\/fi\/#organization\"},\"potentialAction\":[{\"@type\":\"SearchAction\",\"target\":{\"@type\":\"EntryPoint\",\"urlTemplate\":\"https:\/\/fastercasinos.com\/fi\/?s={search_term_string}\"},\"query-input\":{\"@type\":\"PropertyValueSpecification\",\"valueRequired\":true,\"valueName\":\"search_term_string\"}}],\"inLanguage\":\"fi\"},{\"@type\":\"Organization\",\"@id\":\"https:\/\/fastercasinos.com\/fi\/#organization\",\"name\":\"Fastercasinos.com\",\"url\":\"https:\/\/fastercasinos.com\/fi\/\",\"logo\":{\"@type\":\"ImageObject\",\"inLanguage\":\"fi\",\"@id\":\"https:\/\/fastercasinos.com\/fi\/#\/schema\/logo\/image\/\",\"url\":\"https:\/\/fastercasinos.com\/wp-content\/uploads\/2022\/06\/Fastercasinos-logo.svg\",\"contentUrl\":\"https:\/\/fastercasinos.com\/wp-content\/uploads\/2022\/06\/Fastercasinos-logo.svg\",\"caption\":\"Fastercasinos.com\"},\"image\":{\"@id\":\"https:\/\/fastercasinos.com\/fi\/#\/schema\/logo\/image\/\"}}]}<\/script>\n<!-- \/ Yoast SEO plugin. -->","yoast_head_json":{"title":"Ev\u00e4stek\u00e4yt\u00e4nt\u00f6 sivustolla | FasterCasinos","description":"Sivustomme k\u00e4ytt\u00e4\u00e4 ev\u00e4steit\u00e4, joiden avulla pyrimme kehitt\u00e4m\u00e4\u00e4n sivustomme toimintaa ja parantamaan k\u00e4ytt\u00e4j\u00e4kokemusta. Lue lis\u00e4\u00e4!","robots":{"index":"noindex","follow":"nofollow"},"og_locale":"fi_FI","og_type":"article","og_title":"Ev\u00e4stek\u00e4yt\u00e4nt\u00f6 sivustolla | FasterCasinos","og_description":"Sivustomme k\u00e4ytt\u00e4\u00e4 ev\u00e4steit\u00e4, joiden avulla pyrimme kehitt\u00e4m\u00e4\u00e4n sivustomme toimintaa ja parantamaan k\u00e4ytt\u00e4j\u00e4kokemusta. Lue lis\u00e4\u00e4!","og_url":"https:\/\/fastercasinos.com\/fi\/evasteet\/","og_site_name":"Faster casinos","article_modified_time":"2023-05-24T13:01:14+00:00","twitter_card":"summary_large_image","twitter_misc":{"Arvioitu lukuaika":"2 minuuttia"},"schema":{"@context":"https:\/\/schema.org","@graph":[{"@type":"WebPage","@id":"https:\/\/fastercasinos.com\/fi\/evasteet\/","url":"https:\/\/fastercasinos.com\/fi\/evasteet\/","name":"Ev\u00e4stek\u00e4yt\u00e4nt\u00f6 sivustolla | FasterCasinos","isPartOf":{"@id":"https:\/\/fastercasinos.com\/fi\/#website"},"datePublished":"2021-11-04T09:17:40+00:00","dateModified":"2023-05-24T13:01:14+00:00","description":"Sivustomme k\u00e4ytt\u00e4\u00e4 ev\u00e4steit\u00e4, joiden avulla pyrimme kehitt\u00e4m\u00e4\u00e4n sivustomme toimintaa ja parantamaan k\u00e4ytt\u00e4j\u00e4kokemusta. Lue lis\u00e4\u00e4!","breadcrumb":{"@id":"https:\/\/fastercasinos.com\/fi\/evasteet\/#breadcrumb"},"inLanguage":"fi","potentialAction":[{"@type":"ReadAction","target":["https:\/\/fastercasinos.com\/fi\/evasteet\/"]}]},{"@type":"BreadcrumbList","@id":"https:\/\/fastercasinos.com\/fi\/evasteet\/#breadcrumb","itemListElement":[{"@type":"ListItem","position":1,"name":"Nopeat Kasinot","item":"https:\/\/fastercasinos.com\/fi\/"},{"@type":"ListItem","position":2,"name":"Ev\u00e4stetiedot"}]},{"@type":"WebSite","@id":"https:\/\/fastercasinos.com\/fi\/#website","url":"https:\/\/fastercasinos.com\/fi\/","name":"Faster casinos","description":"Fast or nothing!","publisher":{"@id":"https:\/\/fastercasinos.com\/fi\/#organization"},"potentialAction":[{"@type":"SearchAction","target":{"@type":"EntryPoint","urlTemplate":"https:\/\/fastercasinos.com\/fi\/?s={search_term_string}"},"query-input":{"@type":"PropertyValueSpecification","valueRequired":true,"valueName":"search_term_string"}}],"inLanguage":"fi"},{"@type":"Organization","@id":"https:\/\/fastercasinos.com\/fi\/#organization","name":"Fastercasinos.com","url":"https:\/\/fastercasinos.com\/fi\/","logo":{"@type":"ImageObject","inLanguage":"fi","@id":"https:\/\/fastercasinos.com\/fi\/#\/schema\/logo\/image\/","url":"https:\/\/fastercasinos.com\/wp-content\/uploads\/2022\/06\/Fastercasinos-logo.svg","contentUrl":"https:\/\/fastercasinos.com\/wp-content\/uploads\/2022\/06\/Fastercasinos-logo.svg","caption":"Fastercasinos.com"},"image":{"@id":"https:\/\/fastercasinos.com\/fi\/#\/schema\/logo\/image\/"}}]}},"_links":{"self":[{"href":"https:\/\/fastercasinos.com\/fi\/wp-json\/wp\/v2\/pages\/1741","targetHints":{"allow":["GET"]}}],"collection":[{"href":"https:\/\/fastercasinos.com\/fi\/wp-json\/wp\/v2\/pages"}],"about":[{"href":"https:\/\/fastercasinos.com\/fi\/wp-json\/wp\/v2\/types\/page"}],"author":[{"embeddable":true,"href":"https:\/\/fastercasinos.com\/fi\/wp-json\/wp\/v2\/users\/5"}],"replies":[{"embeddable":true,"href":"https:\/\/fastercasinos.com\/fi\/wp-json\/wp\/v2\/comments?post=1741"}],"version-history":[{"count":3,"href":"https:\/\/fastercasinos.com\/fi\/wp-json\/wp\/v2\/pages\/1741\/revisions"}],"predecessor-version":[{"id":3466,"href":"https:\/\/fastercasinos.com\/fi\/wp-json\/wp\/v2\/pages\/1741\/revisions\/3466"}],"wp:attachment":[{"href":"https:\/\/fastercasinos.com\/fi\/wp-json\/wp\/v2\/media?parent=1741"}],"curies":[{"name":"wp","href":"https:\/\/api.w.org\/{rel}","templated":true}]}}