{"id":1748,"date":"2021-11-04T09:36:17","date_gmt":"2021-11-04T09:36:17","guid":{"rendered":"https:\/\/fastercasinos.com\/?page_id=1748"},"modified":"2021-12-14T10:32:22","modified_gmt":"2021-12-14T10:32:22","slug":"eurojackpot","status":"publish","type":"page","link":"https:\/\/fastercasinos.com\/fi\/rahapelit\/lotto-netissa\/eurojackpot\/","title":{"rendered":"Eurojackpot"},"content":{"rendered":"\n<h1 class=\"wp-block-heading\">Eurojackpot<\/h1>\n\n\n\n<p>Olet varmasti kuullut Eurojackpotista ennenkin, ja mahdollisesti my\u00f6s jo pelannut sit\u00e4. Suomeen vuonna 2012 rantautunut peli on suosiossaan ohittanut melkein jo perinteisen lotonkin, eik\u00e4 ihme. Eurojackpot on monikansallinen\u00a0<a href=\"https:\/\/fastercasinos.com\/fi\/rahapelit\/lotto-netissa\/\">lotto netiss\u00e4<\/a>, jota pelataan useissa eri maissa.\u00a0<\/p>\n\n\n\n<p>T\u00e4st\u00e4 syyst\u00e4 Eurojackpot voitto on tavallisesti paljon suurempi kuin kotimaisessa lottoarvonnassa, ja voitto my\u00f6s syyst\u00e4 tai toisesta tuntuu osuvan meille Suomeen ilahduttavan usein.<\/p>\n\n\n\n<figure class=\"wp-block-image size-large\"><img loading=\"lazy\" decoding=\"async\" width=\"600\" height=\"400\" src=\"https:\/\/fastercasinos.com\/wp-content\/uploads\/2021\/10\/pelaa-eurojackpot-lotto.png\" alt=\"Koe Eurojackpot lotto netiss\u00e4\" class=\"wp-image-3201\" srcset=\"https:\/\/fastercasinos.com\/wp-content\/uploads\/2021\/10\/pelaa-eurojackpot-lotto.png 600w, https:\/\/fastercasinos.com\/wp-content\/uploads\/2021\/10\/pelaa-eurojackpot-lotto-300x200.png 300w\" sizes=\"auto, (max-width: 600px) 100vw, 600px\" \/><\/figure>\n\n\n\n<h2 class=\"wp-block-heading\">Pelaa Eurojackpotia netiss\u00e4<\/h2>\n\n\n\n\n\n\n<h2 class=\"wp-block-heading\">Eurojackpotin s\u00e4\u00e4nn\u00f6t ja pelin historia p\u00e4hkin\u00e4nkuoressa<\/h2>\n\n\n\n<p>Eurojackpot toimii t\u00e4n\u00e4 p\u00e4iv\u00e4n\u00e4 jo 18 eri maassa, ja viikoittainen voittopotti on aina takuulla 10 &#8211; 90 miljoonaa euroa. Yhdysvaltojen suosittuihin lottoihin verrattuna Eurojackpotin voittosummat ovat toki pieni\u00e4, sill\u00e4 90 miljoonaa euroa on peliss\u00e4 tosiassa my\u00f6s voittokatto. <\/p>\n\n\n\n<p>Sit\u00e4 korkeammaksi Eurojackpot voitto ei siis koskaan voi nousta, toisin kuin USA:n j\u00e4risytt\u00e4vi\u00e4 voittoja tarjoavissa peleiss\u00e4.<\/p>\n\n\n\n<p>Ensimm\u00e4inen arvonta Eurojackpotissa suoritettiin vuonna 2012: yht\u00e4\u00e4n t\u00e4ysosumaa ei tuolloin osunut pelaajien lipukkeisiin, mutta t\u00e4m\u00e4 vain nosti pelin kiinnostusta seuraavia viikkoja ajatellen. <\/p>\n\n\n\n<p>Suomeen mammuttimainen voitto osui ensimm\u00e4ist\u00e4 kertaa vuonna 2013, kun Sein\u00e4joelta pelattiin oikea rivi.<\/p>\n\n\n\n<p>Voittosumma tuolloin oli huikeat 29,5 miljoonaa euroa. Eurojackpot, kuten monet muutkin lottoarvonnat, on kokenut historiansa aikana muutoksia. Peli\u00e4 uudistettiin vuonna 2014, jolloin mukaan p\u00e4\u00e4siv\u00e4t kaksi uutta maata; Unkari ja Tsekki.<\/p>\n\n\n\n<ul class=\"wp-block-list\"><li>Suurin voitto Suomeen kierroksella 34\/2019: 91,9 miljoonaa euroa<\/li><li>Kaikkien voittojen yhteenlaskettu todenn\u00e4k\u00f6isyys: 1:26<\/li><li>Osallistuvat maat: Suomi, Saksa, Alankomaat, Italia, Espanja, Tanska, Viro, Slovenia, Norja, Islanti, Ruotsi, Liettua, Puola, Kroatia, Tsekki, Unkari, Slovakia<\/li><\/ul>\n\n\n\n<h3 class=\"wp-block-heading\">Kuinka pelata Eurojackpotia<\/h3>\n\n\n\n<p>Eurojackpotia voit pelata sek\u00e4 Veikkauksella ett\u00e4 useiden ulkomaisten nettikasinoiden kautta. Suosittelemme sinua k\u00e4ytt\u00e4m\u00e4\u00e4n pelaamiseen nimenomaan j\u00e4lkimm\u00e4isi\u00e4, sill\u00e4 niiss\u00e4 tarjolla on monesti my\u00f6s etuja, kuten ilmaiskuponkeja tai k\u00e4teispalautuksia.<\/p>\n\n\n\n<p>Eurojackpotissa pelaajan tulee valita riville viisi p\u00e4\u00e4numeroa ja kaksi t\u00e4htinumeroa. P\u00e4\u00e4numerot valitaan v\u00e4lilt\u00e4 1 &#8211; 50 ja t\u00e4htinumerot v\u00e4lilt\u00e4 1 &#8211; 10. <\/p>\n\n\n\n<p>Peliaikaa on perjantaihin kello 20:00 saakka. Oikea rivi arvotaan Helsingiss\u00e4, ja Eurojackpot tulokset julkaistaan verkossa noin kello 22:00. Uutta kierrosta p\u00e4\u00e4set pelaamaan kello 01:00.<\/p>\n\n\n\n<p>Kun haluat pelata Eurojackpotia nettikasinolla, toimi seuraavasti:<\/p>\n\n\n\n<ol class=\"wp-block-list\"><li>Valitse ensin se kasino, jossa haluat pelata Eurojackpotia. Meilt\u00e4 l\u00f6yd\u00e4t monta hyv\u00e4\u00e4 vaihtoehtoa!<\/li><li>Avaa itsellesi pelitili lomakkeen kautta tai tee pikatalletus, mik\u00e4li kasino sellaisen mahdollistaa.<\/li><li>Tee talletus, ja poimi mukaan my\u00f6s bonus, jos sellainen on tarjolla.<\/li><li>Siirry lottoihin ja valitse sielt\u00e4 Eurojackpot.<\/li><li>Valitse haluamasi rivit itse tai anna j\u00e4rjestelm\u00e4n arpoa ne automaattisesti.<\/li><li>Maksa valitsemasi rivit ja odota arvontaa.<\/li><\/ol>\n\n\n\n<h3 class=\"wp-block-heading\">Eurojackpot Finland \u2013 miten osallistun<\/h3>\n\n\n\n<p>Eurojackpotia voit pelata siis my\u00f6s Veikkauksen kautta. Mik\u00e4li valitset t\u00e4m\u00e4n vaihtoehdon, saat Eurojackpotin yhteydess\u00e4 valita mukaan my\u00f6s Perjantai-Jokerin tai Perjantai-Lomatonnin.<\/p>\n\n\n\n<h2 class=\"wp-block-heading\">Eurojackpot arvonta, voitto ja tulokset<\/h2>\n\n\n\n<p>Eurojackpot arvonta suoritetaan tosiaan meill\u00e4 Suomessa. Mik\u00e4li haluat n\u00e4hd\u00e4 kokonaisen arvonnan ja tulosl\u00e4hetyksen, voit katsoa sit\u00e4 verkossa.<\/p>\n\n\n\n<p>Voittoluokkia t\u00e4ss\u00e4 peliss\u00e4 on yhteens\u00e4 12 erilaista. Peliss\u00e4 arvotaan viisi p\u00e4\u00e4numeroa viidest\u00e4kymmenest\u00e4 ja kaksi numeroa kymmenest\u00e4 t\u00e4htinumerosta.<\/p>\n\n\n\n<p>Yhteens\u00e4 Eurojackpotissa on 95 344 200 erilaista tulosta. Kun joka viikko arvotaan vain yksi rivi, on mahdollisuus p\u00e4\u00e4voiton osumiseen kohdallesi 1: 95 344 200.Alla n\u00e4et laskennallisia arvioita siit\u00e4, millaisia voittosummia eri voittoluokat voivat tuottaa:<\/p>\n\n\n\n<ul class=\"wp-block-list\"><li>5 p\u00e4\u00e4numeroa + 2 t\u00e4htinumeroa: 10 -90 miljoonaa euroa<\/li><li>5 p\u00e4\u00e4numeroa + 1 t\u00e4htinumero: n. 500 000 euroa<\/li><li>5 p\u00e4\u00e4numeroa: n. 100 000 euroa<\/li><li>4 p\u00e4\u00e4numeroa + 2 t\u00e4htinumeroa: n. 4 200 euroa<\/li><li>4 p\u00e4\u00e4numeroa + 1 t\u00e4htinumero: n. 240 euroa<\/li><li>4 p\u00e4\u00e4numeroa: n. 100 euroa<\/li><li>3 p\u00e4\u00e4numeroa + 2 t\u00e4htinumeroa: n. 58 euroa<\/li><li>3 p\u00e4\u00e4numeroa + 1 t\u00e4htinumero: n. 21 euroa<\/li><li>3 p\u00e4\u00e4numeroa: n. 15 euroa<\/li><li>1 p\u00e4\u00e4numero + 2 t\u00e4htinumeroa: n. 10 euroa<\/li><li>2 p\u00e4\u00e4numeroa + 1 t\u00e4htinumero: n. 8 euroa<\/li><\/ul>\n\n\n\n<p>Eurojackpot palautusprosentti on tasan 50. Peliss\u00e4 jaetaan siis 50 prosenttia pelin liikevaihdosta. Suomeen on osunut t\u00e4h\u00e4n menness\u00e4 yhteens\u00e4 17 yli 10 miljoonan euron arvoista voittoa, joten palautusten voidaan sanoa olevan meid\u00e4n osaltamme aika lailla kohdallaan.<\/p>\n\n\n\n<h2 class=\"wp-block-heading\">Paljon Eurojackpot rivi maksaa?<\/h2>\n\n\n\n<p>Yhden Euro Jackpot rivin hinta on Veikkauksella 2 euroa. Monet ulkomaiset nettikasinot tarjoavat peli\u00e4 t\u00e4t\u00e4 halvemmalla, sill\u00e4 ne voivat antaa pelaajilleen erilaisia etuja. Etujen k\u00e4yt\u00f6n my\u00f6t\u00e4 yksitt\u00e4isen rivin hinta voi tulla halvemmaksi.<\/p>\n\n\n\n<h2 class=\"wp-block-heading\">Eurojackpotin verotus<\/h2>\n\n\n\n<p>Eurojackpotin kohdalla verotukseen liittyv\u00e4t seikat ovat monelle suomalaiselle pelaajalle jo selv\u00e4\u00e4 p\u00e4ssinlihaa. Suomessa kasinopelej\u00e4, my\u00f6s siis lottoa, koskee arpajaisvero, eik\u00e4 voittoja n\u00e4in siis lueta mukaan tuloverotukseen.<\/p>\n\n\n\n<p>Veikkaus maksaa Suomessa voitoista arpajaisveron, eik\u00e4 sinun pelaajana tarvitse kiinnitt\u00e4\u00e4 t\u00e4h\u00e4n sen suurempaa huomiota: saat tismalleen sen voiton, jota peliss\u00e4 on mainostettukin.<\/p>\n\n\n\n<p>Mik\u00e4li osallistut Eurojackpotiin ulkomaisen nettikasinon kautta, voit saada voittosi verottomina siin\u00e4kin tapauksessa.<\/p>\n\n\n\n<p>Kannattaa kuitenkin muistaa, ett\u00e4 verottomat voitot ovat tiedossa ainoastaan silloin, kun pelaat ETA-maasta lisenssins\u00e4 saaneella nettikasinolla.&nbsp;<\/p>\n\n\n\n<h2 class=\"wp-block-heading\">Edut Euro Jackpot lottoon\u2028\u2028<\/h2>\n\n\n\n<p>Mainitsimme jo aikaisemmin t\u00e4ss\u00e4 artikkelissa tarjoukset, joita osa nettikasinoista jakaa my\u00f6s lottoihin. T\u00e4llaisia etuja voivat olla mm. k\u00e4teispalautukset, ilmaiset rivit sek\u00e4 ilmaiskupongit. <\/p>\n\n\n\n<p>Joillakin kasinoilla saat ilmaisen rivin heti k\u00e4ttelyss\u00e4 k\u00e4ytt\u00f6\u00f6si, kun taas toiset tarjoavat sinulle rahojesi palautusta, mik\u00e4li rivi tai kuponki ei voita mit\u00e4\u00e4n.<\/p>\n\n\n\n<p>Lis\u00e4ksi jotkut kasinot antavat pelaajille my\u00f6s paljousalennuksia. K\u00e4yt\u00e4nn\u00f6ss\u00e4 t\u00e4m\u00e4 tarkoittaa sit\u00e4, ett\u00e4 ostaessasi enemm\u00e4n kuin yhden rivin tai osallistuessasi useampaan kuin yhteen arvontaan, voit saada rivej\u00e4 alennettuun hintaan.<\/p>\n\n\n\n<h2 class=\"wp-block-heading\">Eurojackpot \u2013 Yhteenveto<\/h2>\n\n\n\n<p>Olet ehk\u00e4p\u00e4 tottunut valitsemaan lottopelisi niin, ett\u00e4 se on Eurojackpot Finland, eli Veikkauksen kautta pelattu peli. Voit kuitenkin osallistua Eurojackpotiin my\u00f6s muilla kasinoilla, joista niist\u00e4kin on mahdollista napata voitot t\u00e4ysin verovapaina.<\/p>\n\n\n\n<p>Parhaassa tapauksessa saat t\u00e4llaisilta nettikasinoilta jopa yhden tai usemman Eurojackpot rivin t\u00e4ysin riskitt\u00f6m\u00e4sti!<\/p>\n","protected":false},"excerpt":{"rendered":"<p>Eurojackpot Olet varmasti kuullut Eurojackpotista ennenkin, ja mahdollisesti my\u00f6s jo pelannut sit\u00e4. Suomeen vuonna 2012 rantautunut peli on suosiossaan ohittanut&#8230;<\/p>\n","protected":false},"author":5,"featured_media":1771,"parent":1729,"menu_order":0,"comment_status":"closed","ping_status":"closed","template":"","meta":{"_acf_changed":false,"footnotes":""},"class_list":["post-1748","page","type-page","status-publish","has-post-thumbnail","hentry"],"acf":[],"yoast_head":"<!-- This site is optimized with the Yoast SEO plugin v27.0 - https:\/\/yoast.com\/product\/yoast-seo-wordpress\/ -->\n<title>Eurojackpot | Tavoitteena Eurojackpot voitto ja j\u00e4ttipotti<\/title>\n<meta name=\"description\" content=\"Eurojackpot on kansainv\u00e4linen lotto, jota pelataan nettikasinoilla. Osta rivit ja seuraa, milt\u00e4 Eurojackpot tulokset n\u00e4ytt\u00e4v\u00e4t. Lue lis\u00e4\u00e4!\" \/>\n<meta name=\"robots\" content=\"index, follow, max-snippet:-1, max-image-preview:large, max-video-preview:-1\" \/>\n<link rel=\"canonical\" href=\"https:\/\/fastercasinos.com\/fi\/rahapelit\/lotto-netissa\/eurojackpot\/\" \/>\n<meta property=\"og:locale\" content=\"fi_FI\" \/>\n<meta property=\"og:type\" content=\"article\" \/>\n<meta property=\"og:title\" content=\"Eurojackpot | Tavoitteena Eurojackpot voitto ja j\u00e4ttipotti\" \/>\n<meta property=\"og:description\" content=\"Eurojackpot on kansainv\u00e4linen lotto, jota pelataan nettikasinoilla. Osta rivit ja seuraa, milt\u00e4 Eurojackpot tulokset n\u00e4ytt\u00e4v\u00e4t. Lue lis\u00e4\u00e4!\" \/>\n<meta property=\"og:url\" content=\"https:\/\/fastercasinos.com\/fi\/rahapelit\/lotto-netissa\/eurojackpot\/\" \/>\n<meta property=\"og:site_name\" content=\"Faster casinos\" \/>\n<meta property=\"article:modified_time\" content=\"2021-12-14T10:32:22+00:00\" \/>\n<meta property=\"og:image\" content=\"https:\/\/fastercasinos.com\/wp-content\/uploads\/2021\/05\/fastercasinos-suomi.png\" \/>\n\t<meta property=\"og:image:width\" content=\"1200\" \/>\n\t<meta property=\"og:image:height\" content=\"628\" \/>\n\t<meta property=\"og:image:type\" content=\"image\/png\" \/>\n<meta name=\"twitter:card\" content=\"summary_large_image\" \/>\n<meta name=\"twitter:label1\" content=\"Arvioitu lukuaika\" \/>\n\t<meta name=\"twitter:data1\" content=\"4 minuuttia\" \/>\n<script type=\"application\/ld+json\" class=\"yoast-schema-graph\">{\"@context\":\"https:\/\/schema.org\",\"@graph\":[{\"@type\":\"WebPage\",\"@id\":\"https:\/\/fastercasinos.com\/fi\/rahapelit\/lotto-netissa\/eurojackpot\/\",\"url\":\"https:\/\/fastercasinos.com\/fi\/rahapelit\/lotto-netissa\/eurojackpot\/\",\"name\":\"Eurojackpot | Tavoitteena Eurojackpot voitto ja j\u00e4ttipotti\",\"isPartOf\":{\"@id\":\"https:\/\/fastercasinos.com\/fi\/#website\"},\"primaryImageOfPage\":{\"@id\":\"https:\/\/fastercasinos.com\/fi\/rahapelit\/lotto-netissa\/eurojackpot\/#primaryimage\"},\"image\":{\"@id\":\"https:\/\/fastercasinos.com\/fi\/rahapelit\/lotto-netissa\/eurojackpot\/#primaryimage\"},\"thumbnailUrl\":\"https:\/\/fastercasinos.com\/wp-content\/uploads\/2021\/05\/fastercasinos-suomi.png\",\"datePublished\":\"2021-11-04T09:36:17+00:00\",\"dateModified\":\"2021-12-14T10:32:22+00:00\",\"description\":\"Eurojackpot on kansainv\u00e4linen lotto, jota pelataan nettikasinoilla. Osta rivit ja seuraa, milt\u00e4 Eurojackpot tulokset n\u00e4ytt\u00e4v\u00e4t. Lue lis\u00e4\u00e4!\",\"breadcrumb\":{\"@id\":\"https:\/\/fastercasinos.com\/fi\/rahapelit\/lotto-netissa\/eurojackpot\/#breadcrumb\"},\"inLanguage\":\"fi\",\"potentialAction\":[{\"@type\":\"ReadAction\",\"target\":[\"https:\/\/fastercasinos.com\/fi\/rahapelit\/lotto-netissa\/eurojackpot\/\"]}]},{\"@type\":\"ImageObject\",\"inLanguage\":\"fi\",\"@id\":\"https:\/\/fastercasinos.com\/fi\/rahapelit\/lotto-netissa\/eurojackpot\/#primaryimage\",\"url\":\"https:\/\/fastercasinos.com\/wp-content\/uploads\/2021\/05\/fastercasinos-suomi.png\",\"contentUrl\":\"https:\/\/fastercasinos.com\/wp-content\/uploads\/2021\/05\/fastercasinos-suomi.png\",\"width\":1200,\"height\":628,\"caption\":\"FasterCasinos.com Suomi\"},{\"@type\":\"BreadcrumbList\",\"@id\":\"https:\/\/fastercasinos.com\/fi\/rahapelit\/lotto-netissa\/eurojackpot\/#breadcrumb\",\"itemListElement\":[{\"@type\":\"ListItem\",\"position\":1,\"name\":\"Nopeat Kasinot\",\"item\":\"https:\/\/fastercasinos.com\/fi\/\"},{\"@type\":\"ListItem\",\"position\":2,\"name\":\"Rahapelit\",\"item\":\"https:\/\/fastercasinos.com\/fi\/rahapelit\/\"},{\"@type\":\"ListItem\",\"position\":3,\"name\":\"Lotto netiss\u00e4\",\"item\":\"https:\/\/fastercasinos.com\/fi\/rahapelit\/lotto-netissa\/\"},{\"@type\":\"ListItem\",\"position\":4,\"name\":\"Eurojackpot\"}]},{\"@type\":\"WebSite\",\"@id\":\"https:\/\/fastercasinos.com\/fi\/#website\",\"url\":\"https:\/\/fastercasinos.com\/fi\/\",\"name\":\"Faster casinos\",\"description\":\"Fast or nothing!\",\"publisher\":{\"@id\":\"https:\/\/fastercasinos.com\/fi\/#organization\"},\"potentialAction\":[{\"@type\":\"SearchAction\",\"target\":{\"@type\":\"EntryPoint\",\"urlTemplate\":\"https:\/\/fastercasinos.com\/fi\/?s={search_term_string}\"},\"query-input\":{\"@type\":\"PropertyValueSpecification\",\"valueRequired\":true,\"valueName\":\"search_term_string\"}}],\"inLanguage\":\"fi\"},{\"@type\":\"Organization\",\"@id\":\"https:\/\/fastercasinos.com\/fi\/#organization\",\"name\":\"Fastercasinos.com\",\"url\":\"https:\/\/fastercasinos.com\/fi\/\",\"logo\":{\"@type\":\"ImageObject\",\"inLanguage\":\"fi\",\"@id\":\"https:\/\/fastercasinos.com\/fi\/#\/schema\/logo\/image\/\",\"url\":\"https:\/\/fastercasinos.com\/wp-content\/uploads\/2022\/06\/Fastercasinos-logo.svg\",\"contentUrl\":\"https:\/\/fastercasinos.com\/wp-content\/uploads\/2022\/06\/Fastercasinos-logo.svg\",\"caption\":\"Fastercasinos.com\"},\"image\":{\"@id\":\"https:\/\/fastercasinos.com\/fi\/#\/schema\/logo\/image\/\"}}]}<\/script>\n<!-- \/ Yoast SEO plugin. -->","yoast_head_json":{"title":"Eurojackpot | Tavoitteena Eurojackpot voitto ja j\u00e4ttipotti","description":"Eurojackpot on kansainv\u00e4linen lotto, jota pelataan nettikasinoilla. Osta rivit ja seuraa, milt\u00e4 Eurojackpot tulokset n\u00e4ytt\u00e4v\u00e4t. Lue lis\u00e4\u00e4!","robots":{"index":"index","follow":"follow","max-snippet":"max-snippet:-1","max-image-preview":"max-image-preview:large","max-video-preview":"max-video-preview:-1"},"canonical":"https:\/\/fastercasinos.com\/fi\/rahapelit\/lotto-netissa\/eurojackpot\/","og_locale":"fi_FI","og_type":"article","og_title":"Eurojackpot | Tavoitteena Eurojackpot voitto ja j\u00e4ttipotti","og_description":"Eurojackpot on kansainv\u00e4linen lotto, jota pelataan nettikasinoilla. Osta rivit ja seuraa, milt\u00e4 Eurojackpot tulokset n\u00e4ytt\u00e4v\u00e4t. Lue lis\u00e4\u00e4!","og_url":"https:\/\/fastercasinos.com\/fi\/rahapelit\/lotto-netissa\/eurojackpot\/","og_site_name":"Faster casinos","article_modified_time":"2021-12-14T10:32:22+00:00","og_image":[{"width":1200,"height":628,"url":"https:\/\/fastercasinos.com\/wp-content\/uploads\/2021\/05\/fastercasinos-suomi.png","type":"image\/png"}],"twitter_card":"summary_large_image","twitter_misc":{"Arvioitu lukuaika":"4 minuuttia"},"schema":{"@context":"https:\/\/schema.org","@graph":[{"@type":"WebPage","@id":"https:\/\/fastercasinos.com\/fi\/rahapelit\/lotto-netissa\/eurojackpot\/","url":"https:\/\/fastercasinos.com\/fi\/rahapelit\/lotto-netissa\/eurojackpot\/","name":"Eurojackpot | Tavoitteena Eurojackpot voitto ja j\u00e4ttipotti","isPartOf":{"@id":"https:\/\/fastercasinos.com\/fi\/#website"},"primaryImageOfPage":{"@id":"https:\/\/fastercasinos.com\/fi\/rahapelit\/lotto-netissa\/eurojackpot\/#primaryimage"},"image":{"@id":"https:\/\/fastercasinos.com\/fi\/rahapelit\/lotto-netissa\/eurojackpot\/#primaryimage"},"thumbnailUrl":"https:\/\/fastercasinos.com\/wp-content\/uploads\/2021\/05\/fastercasinos-suomi.png","datePublished":"2021-11-04T09:36:17+00:00","dateModified":"2021-12-14T10:32:22+00:00","description":"Eurojackpot on kansainv\u00e4linen lotto, jota pelataan nettikasinoilla. Osta rivit ja seuraa, milt\u00e4 Eurojackpot tulokset n\u00e4ytt\u00e4v\u00e4t. Lue lis\u00e4\u00e4!","breadcrumb":{"@id":"https:\/\/fastercasinos.com\/fi\/rahapelit\/lotto-netissa\/eurojackpot\/#breadcrumb"},"inLanguage":"fi","potentialAction":[{"@type":"ReadAction","target":["https:\/\/fastercasinos.com\/fi\/rahapelit\/lotto-netissa\/eurojackpot\/"]}]},{"@type":"ImageObject","inLanguage":"fi","@id":"https:\/\/fastercasinos.com\/fi\/rahapelit\/lotto-netissa\/eurojackpot\/#primaryimage","url":"https:\/\/fastercasinos.com\/wp-content\/uploads\/2021\/05\/fastercasinos-suomi.png","contentUrl":"https:\/\/fastercasinos.com\/wp-content\/uploads\/2021\/05\/fastercasinos-suomi.png","width":1200,"height":628,"caption":"FasterCasinos.com Suomi"},{"@type":"BreadcrumbList","@id":"https:\/\/fastercasinos.com\/fi\/rahapelit\/lotto-netissa\/eurojackpot\/#breadcrumb","itemListElement":[{"@type":"ListItem","position":1,"name":"Nopeat Kasinot","item":"https:\/\/fastercasinos.com\/fi\/"},{"@type":"ListItem","position":2,"name":"Rahapelit","item":"https:\/\/fastercasinos.com\/fi\/rahapelit\/"},{"@type":"ListItem","position":3,"name":"Lotto netiss\u00e4","item":"https:\/\/fastercasinos.com\/fi\/rahapelit\/lotto-netissa\/"},{"@type":"ListItem","position":4,"name":"Eurojackpot"}]},{"@type":"WebSite","@id":"https:\/\/fastercasinos.com\/fi\/#website","url":"https:\/\/fastercasinos.com\/fi\/","name":"Faster casinos","description":"Fast or nothing!","publisher":{"@id":"https:\/\/fastercasinos.com\/fi\/#organization"},"potentialAction":[{"@type":"SearchAction","target":{"@type":"EntryPoint","urlTemplate":"https:\/\/fastercasinos.com\/fi\/?s={search_term_string}"},"query-input":{"@type":"PropertyValueSpecification","valueRequired":true,"valueName":"search_term_string"}}],"inLanguage":"fi"},{"@type":"Organization","@id":"https:\/\/fastercasinos.com\/fi\/#organization","name":"Fastercasinos.com","url":"https:\/\/fastercasinos.com\/fi\/","logo":{"@type":"ImageObject","inLanguage":"fi","@id":"https:\/\/fastercasinos.com\/fi\/#\/schema\/logo\/image\/","url":"https:\/\/fastercasinos.com\/wp-content\/uploads\/2022\/06\/Fastercasinos-logo.svg","contentUrl":"https:\/\/fastercasinos.com\/wp-content\/uploads\/2022\/06\/Fastercasinos-logo.svg","caption":"Fastercasinos.com"},"image":{"@id":"https:\/\/fastercasinos.com\/fi\/#\/schema\/logo\/image\/"}}]}},"_links":{"self":[{"href":"https:\/\/fastercasinos.com\/fi\/wp-json\/wp\/v2\/pages\/1748","targetHints":{"allow":["GET"]}}],"collection":[{"href":"https:\/\/fastercasinos.com\/fi\/wp-json\/wp\/v2\/pages"}],"about":[{"href":"https:\/\/fastercasinos.com\/fi\/wp-json\/wp\/v2\/types\/page"}],"author":[{"embeddable":true,"href":"https:\/\/fastercasinos.com\/fi\/wp-json\/wp\/v2\/users\/5"}],"replies":[{"embeddable":true,"href":"https:\/\/fastercasinos.com\/fi\/wp-json\/wp\/v2\/comments?post=1748"}],"version-history":[{"count":4,"href":"https:\/\/fastercasinos.com\/fi\/wp-json\/wp\/v2\/pages\/1748\/revisions"}],"predecessor-version":[{"id":3516,"href":"https:\/\/fastercasinos.com\/fi\/wp-json\/wp\/v2\/pages\/1748\/revisions\/3516"}],"up":[{"embeddable":true,"href":"https:\/\/fastercasinos.com\/fi\/wp-json\/wp\/v2\/pages\/1729"}],"wp:featuredmedia":[{"embeddable":true,"href":"https:\/\/fastercasinos.com\/fi\/wp-json\/wp\/v2\/media\/1771"}],"wp:attachment":[{"href":"https:\/\/fastercasinos.com\/fi\/wp-json\/wp\/v2\/media?parent=1748"}],"curies":[{"name":"wp","href":"https:\/\/api.w.org\/{rel}","templated":true}]}}