{"id":1750,"date":"2021-11-04T09:36:25","date_gmt":"2021-11-04T09:36:25","guid":{"rendered":"https:\/\/fastercasinos.com\/?page_id=1750"},"modified":"2021-12-14T10:33:03","modified_gmt":"2021-12-14T10:33:03","slug":"euromillions","status":"publish","type":"page","link":"https:\/\/fastercasinos.com\/fi\/rahapelit\/lotto-netissa\/euromillions\/","title":{"rendered":"EuroMillions"},"content":{"rendered":"\n<h1 class=\"wp-block-heading\">EuroMillions<\/h1>\n\n\n\n<p>EuroMillions on v\u00e4hint\u00e4\u00e4nkin yht\u00e4 mielenkiintoinen lottopeli kuin meill\u00e4 Suomessa enemm\u00e4n palstatilaa saava EuroJackpot, mutta vain harva tiet\u00e4\u00e4, millaisesta lotosta on kysymys. <\/p>\n\n\n\n<p>EuroMillionsissa py\u00f6rii monesti kuitenkin Euroopan suurimmat j\u00e4ttipotit, ja t\u00e4st\u00e4 syyst\u00e4 peli\u00e4 ei miss\u00e4\u00e4n nimess\u00e4 kannata ohittaa.&nbsp;<\/p>\n\n\n\n<p>Arvontoihin p\u00e4\u00e4set mukaan ainakin toistaiseksi vain ulkomaisten nettikasinoiden kautta, jotka tarjoavat miljoonalottojen lis\u00e4ksi my\u00f6s muut\u00a0<a href=\"https:\/\/fastercasinos.com\/fi\/rahapelit\/\">rahapelit netiss\u00e4<\/a>. Lue artikkelimme, ja tied\u00e4t kaiken siit\u00e4, kuinka pelata EuroMillions lottoa ja millaisia voittoja voit peliss\u00e4 saavuttaa!<\/p>\n\n\n\n<figure class=\"wp-block-image size-large\"><img loading=\"lazy\" decoding=\"async\" width=\"1024\" height=\"536\" src=\"https:\/\/fastercasinos.com\/wp-content\/uploads\/2021\/10\/pelaa-euromillions-lotto-1024x536.png\" alt=\"Koe EuroMillions lotto Suomessa\" class=\"wp-image-3219\" srcset=\"https:\/\/fastercasinos.com\/wp-content\/uploads\/2021\/10\/pelaa-euromillions-lotto-1024x536.png 1024w, https:\/\/fastercasinos.com\/wp-content\/uploads\/2021\/10\/pelaa-euromillions-lotto-300x157.png 300w, https:\/\/fastercasinos.com\/wp-content\/uploads\/2021\/10\/pelaa-euromillions-lotto-768x402.png 768w, https:\/\/fastercasinos.com\/wp-content\/uploads\/2021\/10\/pelaa-euromillions-lotto.png 1200w\" sizes=\"auto, (max-width: 1024px) 100vw, 1024px\" \/><\/figure>\n\n\n\n<h2 class=\"wp-block-heading\">Pelaa EuroMillions lottoa kasinolla<\/h2>\n\n\n\n\n\n\n<h2 class=\"wp-block-heading\">EuroMillions s\u00e4\u00e4nn\u00f6t ja pelin historia p\u00e4hkin\u00e4nkuoressa<\/h2>\n\n\n\n<p>Vaikka Euro Millions ei tosiaan Suomessa ole aivan yht\u00e4 tunnettu kuin Veikkauksen kautta pelattavissa oleva EuroJackpot, on se silti yksi Euroopan t\u00e4rkeimpi\u00e4 lottoarvontoja.<\/p>\n\n\n\n<p>Ensimm\u00e4isen kerran EuroMillions arvonta n\u00e4htiin jo vuonna 2004. Vain muutama kuukausi t\u00e4m\u00e4n j\u00e4lkeen se oli jo yksi maanosan suosituimmista kansainv\u00e4lisist\u00e4 lottoarvonnoista.<\/p>\n\n\n\n<p>EuroMillionsin arvonta suoritetaan Ranskassa. T\u00e4m\u00e4 kyseinen lotto on todella suosittu etenkin Iso-Britanniassa, Espanjassa, Ranskassa ja Portugalissa. Se on kasvattanut suosiotaan my\u00f6s meill\u00e4, vaikka varsinaista kuponkimyynti\u00e4 ei olekaan tarjolla. <\/p>\n\n\n\n<p>EuroMillions Finland -sivustot, eli lottoa sis\u00e4lt\u00e4v\u00e4t ulkomailta toimivat\u00a0<a href=\"https:\/\/fastercasinos.com\/fi\/\">suomenkieliset nettikasinot<\/a>\u00a0mahdollistavat osallistumisen kuitenkin my\u00f6s meille.<\/p>\n\n\n\n<p>Monesta muusta lottoarvonnasta poiketen EuroMillionsin s\u00e4\u00e4nn\u00f6iss\u00e4 sanotaan, ett\u00e4 mik\u00e4li j\u00e4ttipotti saavuttaa maksimikokonsa, on se voitettava seuraavan viiden arvonnan aikana. <\/p>\n\n\n\n<p>Jos viel\u00e4 n\u00e4idenk\u00e4\u00e4n arvontojen aikana p\u00e4\u00e4voittoa ei voita kukaan, jaetaan voittosumma niiden pelaajien kesken, joilla on toiseksi suurin palkintoluokka.<\/p>\n\n\n\n<ul class=\"wp-block-list\"><li>P\u00e4\u00e4voitto alkaa kasvaa 17 miljoonasta eurosta ja kohoaa jopa satoihin miljooniin euroihin<\/li><li>P\u00e4\u00e4arvonnat suoritetaan tiistaisin ja perjantaisin.<\/li><li>EuroMillionsissa on event draw-ominaisuus, jossa voitot jaetaan seuraaville voittoluokille silloin, kun p\u00e4\u00e4voittajaa ei l\u00f6ydy.<\/li><li>Super draw-ominaisuudessa sen sijaan kisa jatkuu seuraavalla viikolla, mik\u00e4li oikeita numeroita ei l\u00f6ydy.<\/li><li>EuroMillionsissa on suoritettu ylim\u00e4\u00e4r\u00e4inen arvonta jo parikymment\u00e4 kertaa. Vuositasolla ylim\u00e4\u00e4r\u00e4isi\u00e4 arvontoja on kahdesta kolmeen kappaletta.<\/li><\/ul>\n\n\n\n<h3 class=\"wp-block-heading\">Kuinka pelata EuroMillions lottoa<\/h3>\n\n\n\n<p>Haluat osallistua, mutta et ole aivan varma siit\u00e4, kuinka pelata EuroMillions lottoa? Ei h\u00e4t\u00e4\u00e4, pian tied\u00e4t osallistumisesta kaiken olennaisen! Aloitetaan sopivan nettikasinon valinnasta.<\/p>\n\n\n\n<p>Kuten todettu, EuroMillions Suomi -pelaajalta ei onnistu ainakaan toistaiseksi Veikkauksen kautta lainkaan. T\u00e4st\u00e4 syyst\u00e4 sinun tulee valita pelipaikaksesi jokin suosittelemistamme nettikasinoista. Kun olet l\u00f6yt\u00e4nyt sopivan kasinon, toimi seuraavasti:<\/p>\n\n\n\n<ol class=\"wp-block-list\"><li>Avaa itsellesi pelitili joko rekister\u00f6itym\u00e4ll\u00e4 perinteisesti tai tekem\u00e4ll\u00e4 pikatalletus \u2013 valitsemasi kasinon toiminnoista riippuen.<\/li><li>Talletuksen tekemisen j\u00e4lkeen siirry kasinon lottovalikoimaan.<\/li><li>Valitse EuroMillions.<\/li><li>T\u00e4yt\u00e4 rivej\u00e4 joko itse tai anna koneen t\u00e4ytt\u00e4\u00e4 rivit satunnaisesti.<\/li><li>Maksa rivit ja odota arvonnan lopputulosta.<\/li><\/ol>\n\n\n\n<p>T\u00e4ss\u00e4 kohtaa on hyv\u00e4 viel\u00e4 mainita, ett\u00e4 vaikka ostat kupongin nettikasinolta EuroMillionsiin, ei ostamasi kuponki todellisuudessa osallistu varsinaiseen arvontaan. <\/p>\n\n\n\n<p>Sen sijaan veikkaat lopputuloksen puolesta.&nbsp;Kun oikea arvonta on suoritettu, nettikasino maksaa sinulle voittoa vastaavan summan, mik\u00e4li rivill\u00e4si siis on osumia.<\/p>\n\n\n\n<p>Nettikasinot, jotka tarjoavat lottovedonly\u00f6nti\u00e4, sitoutuvat nimitt\u00e4in itse maksamaan sinulle sen summan, jonka olisit rivill\u00e4si voittanut oikeasta arvonnasta.<\/p>\n\n\n\n<h2 class=\"wp-block-heading\">EuroMillions numerot ja s\u00e4\u00e4nn\u00f6t<\/h2>\n\n\n\n<p>EuroMillions s\u00e4\u00e4nn\u00f6t ovat hyvin yksinkertaiset. Peliss\u00e4 valitaan viisi numeroa sek\u00e4 kaksi lis\u00e4numeroa. Viisi p\u00e4\u00e4numeroa voit valita 1 ja 50 v\u00e4lilt\u00e4. Kaksi lis\u00e4numeroa sen sijaan valitaan 1 ja 12 v\u00e4lilt\u00e4. Saat ostaa peliin niin monta rivi\u00e4 kuin vain haluat.<\/p>\n\n\n\n<p>Luonnollisesti mit\u00e4 enemm\u00e4n rivej\u00e4 valitset, sit\u00e4 suuremmiksi voittomahdollisuudet kasvavat.&nbsp;Peliss\u00e4 on selke\u00e4sti n\u00e4ht\u00e4viss\u00e4 kuumia ja kylmi\u00e4 numeroita. Kuumia numeroita EuroMillionsiin ovat 23, 44, 50, 19 ja 26. N\u00e4m\u00e4 numerot ovat siis niit\u00e4, jotka nousevat arvonnassa esiin melko usein.<\/p>\n\n\n\n<p>Kylmi\u00e4 numeroita peliss\u00e4 edustavat 22, 41, 47, 33 ja 46. N\u00e4m\u00e4 EuroMillions numerot ovat siis niit\u00e4, joita ei nouse voittavaan riviin kovinkaan monesti.<\/p>\n\n\n\n<h3 class=\"wp-block-heading\">Paljon EuroMillions rivi maksaa?<\/h3>\n\n\n\n<p>Euromillions-pelin rivin hinta voi vaihdella valitsemastasi nettikasinosta hieman riippuen, mutta tavallisesti yhden rivin hinta on 3,50 euroa. <\/p>\n\n\n\n<p>Joillakin kasinoilla voit saada ns. paljousalennuksen: ostamalla useampia rivej\u00e4 voit saada osan riveist\u00e4 edullisemmin.<\/p>\n\n\n\n<h3 class=\"wp-block-heading\">EuroMillions voitot<\/h3>\n\n\n\n<p>Kuten varmasti tied\u00e4t, eiv\u00e4t lottoarvonnat oikeastaan koskaan sis\u00e4ll\u00e4 j\u00e4rin suuria palautusprosentteja. Osallistujia on my\u00f6s todella paljon, joten todenn\u00e4k\u00f6isyys voitolle j\u00e4\u00e4 rehellisesti sanottuna h\u00e4vi\u00e4v\u00e4n pieneksi. <\/p>\n\n\n\n<p>Sama koskee my\u00f6s EuroMillionsia \u2013 t\u00e4ss\u00e4 peliss\u00e4 tosin palautusprosentti on silti jonkin verran keskiarvoa ylemp\u00e4n\u00e4, ja on noin 50 prosentin luokkaa.<\/p>\n\n\n\n<p>Kokonaisuudessaan yksitt\u00e4isess\u00e4 arvonnassa on aina 13 eri palkintoluokkaa. Mik\u00e4li edelt\u00e4v\u00e4ss\u00e4 arvonnassa j\u00e4ttipotti on osunut jonkun onnekkaan kohdalle, aloitetaan potin kasvatus tasan 17 miljoonasta eurosta. J\u00e4ttipotin voittamisen todenn\u00e4k\u00f6isyys on 1:139 838 160.&nbsp;<\/p>\n\n\n\n<p>EuroMillions tulokset n\u00e4et kahdesti viikossa; tiistaina kello 22:00 ja perjantaina kello 23:00. T\u00e4h\u00e4n p\u00e4iv\u00e4\u00e4n menness\u00e4 EuroMillions on leiponut miljon\u00e4\u00e4rej\u00e4 jo yli 300 ihmisest\u00e4 ymp\u00e4ri Eurooppaa. Oletko sin\u00e4 seuraava?<\/p>\n\n\n\n<h2 class=\"wp-block-heading\">EuroMillions verotus<\/h2>\n\n\n\n<p>Verojen maksu on aina yht\u00e4 kiinnostava aihe nettikasinoilla, ja EuroMillions verotus ei suinkaan ole t\u00e4ss\u00e4 poikkeus. Verojen maksamisen suhteen sinun tulee muistaa vain yksi asia.<\/p>\n\n\n\n<p>Kun pelaat EuroMillionsia sellaisella nettikasinolla, jonka pelilisenssi on Euroopan Unionin rajojen sis\u00e4puolelta, saat voitot EuroMillions-arvonnasta aina verovapaana. Jos taas voitat pelist\u00e4 esimerkiksi Curacaon lisenssill\u00e4 toimivalla nettikasinolla, tulee sinun maksaa voitoistasi my\u00f6s veroja.<\/p>\n\n\n\n<h2 class=\"wp-block-heading\">EuroMillions Suomi \u2013 edut lottoarvontaan<\/h2>\n\n\n\n<p>Monet nettikasinot tarjoavat pelaajilleen etuja, kuten olet ehk\u00e4 kasinoilla asioidessasi huomannutkin. T\u00e4m\u00e4 sama p\u00e4tee my\u00f6s useimpiin lottopeleihin, vaikka toisaalta edut eiv\u00e4t v\u00e4ltt\u00e4m\u00e4tt\u00e4 ole yht\u00e4 muhkeita niiss\u00e4, kuin vaikkapa kolikkopeleiss\u00e4. Etuja voivat olla:<\/p>\n\n\n\n<ul class=\"wp-block-list\"><li>K\u00e4teispalautukset silloin, kun lottorivisi ei tuota mink\u00e4\u00e4nlaista voittoa<\/li><li>Ilmaiset lottorivit tai -kupongit esimerkiksi tervetulotarjouksena<\/li><\/ul>\n\n\n\n<h2 class=\"wp-block-heading\">EuroMillions \u2013 Yhteenveto<\/h2>\n\n\n\n<p>EuroMillions on mielenkiintoinen ja helpoilla s\u00e4\u00e4nn\u00f6ill\u00e4 varustettu\u00a0<a href=\"https:\/\/fastercasinos.com\/fi\/rahapelit\/lotto-netissa\/\">lottopeli netiss\u00e4<\/a>, jota pelataan kaksi kertaa viikossa. Voittopotti ehtii monesti kasvaa todella suuriin mittasuhteisiin hyvin nopeasti, kiitos kahden viikkoarvonnan.<\/p>\n\n\n\n<p>Parhaassa tapauksessa voitat EuroMillionsista jopa parisataa miljoonaa euroa.&nbsp;Se on paljon enemm\u00e4n, kuin mit\u00e4 kotimaisessa lotossa voisit koskaan voittaa. Ulkomaisten nettikasinoiden asiakkaana voit saada EuroMillionsiin huippuetuja, ja voitotkin kuittaat tietyill\u00e4 sivustoilla verovapaina.<\/p>\n","protected":false},"excerpt":{"rendered":"<p>EuroMillions EuroMillions on v\u00e4hint\u00e4\u00e4nkin yht\u00e4 mielenkiintoinen lottopeli kuin meill\u00e4 Suomessa enemm\u00e4n palstatilaa saava EuroJackpot, mutta vain harva tiet\u00e4\u00e4, millaisesta lotosta&#8230;<\/p>\n","protected":false},"author":5,"featured_media":1771,"parent":1729,"menu_order":0,"comment_status":"closed","ping_status":"closed","template":"","meta":{"_acf_changed":false,"footnotes":""},"class_list":["post-1750","page","type-page","status-publish","has-post-thumbnail","hentry"],"acf":[],"yoast_head":"<!-- This site is optimized with the Yoast SEO plugin v27.0 - https:\/\/yoast.com\/product\/yoast-seo-wordpress\/ -->\n<title>EuroMillions | Kuinka pelata EuroMillions lottoa Suomessa<\/title>\n<meta name=\"description\" content=\"EuroMillions on eurooppalainen suurlotto, jota voit pelata ulkomaisilla nettikasinoilla. Tutustu lottoon ja l\u00e4hde pelaamaan!\" \/>\n<meta name=\"robots\" content=\"index, follow, max-snippet:-1, max-image-preview:large, max-video-preview:-1\" \/>\n<link rel=\"canonical\" href=\"https:\/\/fastercasinos.com\/fi\/rahapelit\/lotto-netissa\/euromillions\/\" \/>\n<meta property=\"og:locale\" content=\"fi_FI\" \/>\n<meta property=\"og:type\" content=\"article\" \/>\n<meta property=\"og:title\" content=\"EuroMillions | Kuinka pelata EuroMillions lottoa Suomessa\" \/>\n<meta property=\"og:description\" content=\"EuroMillions on eurooppalainen suurlotto, jota voit pelata ulkomaisilla nettikasinoilla. Tutustu lottoon ja l\u00e4hde pelaamaan!\" \/>\n<meta property=\"og:url\" content=\"https:\/\/fastercasinos.com\/fi\/rahapelit\/lotto-netissa\/euromillions\/\" \/>\n<meta property=\"og:site_name\" content=\"Faster casinos\" \/>\n<meta property=\"article:modified_time\" content=\"2021-12-14T10:33:03+00:00\" \/>\n<meta property=\"og:image\" content=\"https:\/\/fastercasinos.com\/wp-content\/uploads\/2021\/05\/fastercasinos-suomi.png\" \/>\n\t<meta property=\"og:image:width\" content=\"1200\" \/>\n\t<meta property=\"og:image:height\" content=\"628\" \/>\n\t<meta property=\"og:image:type\" content=\"image\/png\" \/>\n<meta name=\"twitter:card\" content=\"summary_large_image\" \/>\n<meta name=\"twitter:label1\" content=\"Arvioitu lukuaika\" \/>\n\t<meta name=\"twitter:data1\" content=\"4 minuuttia\" \/>\n<script type=\"application\/ld+json\" class=\"yoast-schema-graph\">{\"@context\":\"https:\/\/schema.org\",\"@graph\":[{\"@type\":\"WebPage\",\"@id\":\"https:\/\/fastercasinos.com\/fi\/rahapelit\/lotto-netissa\/euromillions\/\",\"url\":\"https:\/\/fastercasinos.com\/fi\/rahapelit\/lotto-netissa\/euromillions\/\",\"name\":\"EuroMillions | Kuinka pelata EuroMillions lottoa Suomessa\",\"isPartOf\":{\"@id\":\"https:\/\/fastercasinos.com\/fi\/#website\"},\"primaryImageOfPage\":{\"@id\":\"https:\/\/fastercasinos.com\/fi\/rahapelit\/lotto-netissa\/euromillions\/#primaryimage\"},\"image\":{\"@id\":\"https:\/\/fastercasinos.com\/fi\/rahapelit\/lotto-netissa\/euromillions\/#primaryimage\"},\"thumbnailUrl\":\"https:\/\/fastercasinos.com\/wp-content\/uploads\/2021\/05\/fastercasinos-suomi.png\",\"datePublished\":\"2021-11-04T09:36:25+00:00\",\"dateModified\":\"2021-12-14T10:33:03+00:00\",\"description\":\"EuroMillions on eurooppalainen suurlotto, jota voit pelata ulkomaisilla nettikasinoilla. Tutustu lottoon ja l\u00e4hde pelaamaan!\",\"breadcrumb\":{\"@id\":\"https:\/\/fastercasinos.com\/fi\/rahapelit\/lotto-netissa\/euromillions\/#breadcrumb\"},\"inLanguage\":\"fi\",\"potentialAction\":[{\"@type\":\"ReadAction\",\"target\":[\"https:\/\/fastercasinos.com\/fi\/rahapelit\/lotto-netissa\/euromillions\/\"]}]},{\"@type\":\"ImageObject\",\"inLanguage\":\"fi\",\"@id\":\"https:\/\/fastercasinos.com\/fi\/rahapelit\/lotto-netissa\/euromillions\/#primaryimage\",\"url\":\"https:\/\/fastercasinos.com\/wp-content\/uploads\/2021\/05\/fastercasinos-suomi.png\",\"contentUrl\":\"https:\/\/fastercasinos.com\/wp-content\/uploads\/2021\/05\/fastercasinos-suomi.png\",\"width\":1200,\"height\":628,\"caption\":\"FasterCasinos.com Suomi\"},{\"@type\":\"BreadcrumbList\",\"@id\":\"https:\/\/fastercasinos.com\/fi\/rahapelit\/lotto-netissa\/euromillions\/#breadcrumb\",\"itemListElement\":[{\"@type\":\"ListItem\",\"position\":1,\"name\":\"Nopeat Kasinot\",\"item\":\"https:\/\/fastercasinos.com\/fi\/\"},{\"@type\":\"ListItem\",\"position\":2,\"name\":\"Rahapelit\",\"item\":\"https:\/\/fastercasinos.com\/fi\/rahapelit\/\"},{\"@type\":\"ListItem\",\"position\":3,\"name\":\"Lotto netiss\u00e4\",\"item\":\"https:\/\/fastercasinos.com\/fi\/rahapelit\/lotto-netissa\/\"},{\"@type\":\"ListItem\",\"position\":4,\"name\":\"EuroMillions\"}]},{\"@type\":\"WebSite\",\"@id\":\"https:\/\/fastercasinos.com\/fi\/#website\",\"url\":\"https:\/\/fastercasinos.com\/fi\/\",\"name\":\"Faster casinos\",\"description\":\"Fast or nothing!\",\"publisher\":{\"@id\":\"https:\/\/fastercasinos.com\/fi\/#organization\"},\"potentialAction\":[{\"@type\":\"SearchAction\",\"target\":{\"@type\":\"EntryPoint\",\"urlTemplate\":\"https:\/\/fastercasinos.com\/fi\/?s={search_term_string}\"},\"query-input\":{\"@type\":\"PropertyValueSpecification\",\"valueRequired\":true,\"valueName\":\"search_term_string\"}}],\"inLanguage\":\"fi\"},{\"@type\":\"Organization\",\"@id\":\"https:\/\/fastercasinos.com\/fi\/#organization\",\"name\":\"Fastercasinos.com\",\"url\":\"https:\/\/fastercasinos.com\/fi\/\",\"logo\":{\"@type\":\"ImageObject\",\"inLanguage\":\"fi\",\"@id\":\"https:\/\/fastercasinos.com\/fi\/#\/schema\/logo\/image\/\",\"url\":\"https:\/\/fastercasinos.com\/wp-content\/uploads\/2022\/06\/Fastercasinos-logo.svg\",\"contentUrl\":\"https:\/\/fastercasinos.com\/wp-content\/uploads\/2022\/06\/Fastercasinos-logo.svg\",\"caption\":\"Fastercasinos.com\"},\"image\":{\"@id\":\"https:\/\/fastercasinos.com\/fi\/#\/schema\/logo\/image\/\"}}]}<\/script>\n<!-- \/ Yoast SEO plugin. -->","yoast_head_json":{"title":"EuroMillions | Kuinka pelata EuroMillions lottoa Suomessa","description":"EuroMillions on eurooppalainen suurlotto, jota voit pelata ulkomaisilla nettikasinoilla. Tutustu lottoon ja l\u00e4hde pelaamaan!","robots":{"index":"index","follow":"follow","max-snippet":"max-snippet:-1","max-image-preview":"max-image-preview:large","max-video-preview":"max-video-preview:-1"},"canonical":"https:\/\/fastercasinos.com\/fi\/rahapelit\/lotto-netissa\/euromillions\/","og_locale":"fi_FI","og_type":"article","og_title":"EuroMillions | Kuinka pelata EuroMillions lottoa Suomessa","og_description":"EuroMillions on eurooppalainen suurlotto, jota voit pelata ulkomaisilla nettikasinoilla. Tutustu lottoon ja l\u00e4hde pelaamaan!","og_url":"https:\/\/fastercasinos.com\/fi\/rahapelit\/lotto-netissa\/euromillions\/","og_site_name":"Faster casinos","article_modified_time":"2021-12-14T10:33:03+00:00","og_image":[{"width":1200,"height":628,"url":"https:\/\/fastercasinos.com\/wp-content\/uploads\/2021\/05\/fastercasinos-suomi.png","type":"image\/png"}],"twitter_card":"summary_large_image","twitter_misc":{"Arvioitu lukuaika":"4 minuuttia"},"schema":{"@context":"https:\/\/schema.org","@graph":[{"@type":"WebPage","@id":"https:\/\/fastercasinos.com\/fi\/rahapelit\/lotto-netissa\/euromillions\/","url":"https:\/\/fastercasinos.com\/fi\/rahapelit\/lotto-netissa\/euromillions\/","name":"EuroMillions | Kuinka pelata EuroMillions lottoa Suomessa","isPartOf":{"@id":"https:\/\/fastercasinos.com\/fi\/#website"},"primaryImageOfPage":{"@id":"https:\/\/fastercasinos.com\/fi\/rahapelit\/lotto-netissa\/euromillions\/#primaryimage"},"image":{"@id":"https:\/\/fastercasinos.com\/fi\/rahapelit\/lotto-netissa\/euromillions\/#primaryimage"},"thumbnailUrl":"https:\/\/fastercasinos.com\/wp-content\/uploads\/2021\/05\/fastercasinos-suomi.png","datePublished":"2021-11-04T09:36:25+00:00","dateModified":"2021-12-14T10:33:03+00:00","description":"EuroMillions on eurooppalainen suurlotto, jota voit pelata ulkomaisilla nettikasinoilla. Tutustu lottoon ja l\u00e4hde pelaamaan!","breadcrumb":{"@id":"https:\/\/fastercasinos.com\/fi\/rahapelit\/lotto-netissa\/euromillions\/#breadcrumb"},"inLanguage":"fi","potentialAction":[{"@type":"ReadAction","target":["https:\/\/fastercasinos.com\/fi\/rahapelit\/lotto-netissa\/euromillions\/"]}]},{"@type":"ImageObject","inLanguage":"fi","@id":"https:\/\/fastercasinos.com\/fi\/rahapelit\/lotto-netissa\/euromillions\/#primaryimage","url":"https:\/\/fastercasinos.com\/wp-content\/uploads\/2021\/05\/fastercasinos-suomi.png","contentUrl":"https:\/\/fastercasinos.com\/wp-content\/uploads\/2021\/05\/fastercasinos-suomi.png","width":1200,"height":628,"caption":"FasterCasinos.com Suomi"},{"@type":"BreadcrumbList","@id":"https:\/\/fastercasinos.com\/fi\/rahapelit\/lotto-netissa\/euromillions\/#breadcrumb","itemListElement":[{"@type":"ListItem","position":1,"name":"Nopeat Kasinot","item":"https:\/\/fastercasinos.com\/fi\/"},{"@type":"ListItem","position":2,"name":"Rahapelit","item":"https:\/\/fastercasinos.com\/fi\/rahapelit\/"},{"@type":"ListItem","position":3,"name":"Lotto netiss\u00e4","item":"https:\/\/fastercasinos.com\/fi\/rahapelit\/lotto-netissa\/"},{"@type":"ListItem","position":4,"name":"EuroMillions"}]},{"@type":"WebSite","@id":"https:\/\/fastercasinos.com\/fi\/#website","url":"https:\/\/fastercasinos.com\/fi\/","name":"Faster casinos","description":"Fast or nothing!","publisher":{"@id":"https:\/\/fastercasinos.com\/fi\/#organization"},"potentialAction":[{"@type":"SearchAction","target":{"@type":"EntryPoint","urlTemplate":"https:\/\/fastercasinos.com\/fi\/?s={search_term_string}"},"query-input":{"@type":"PropertyValueSpecification","valueRequired":true,"valueName":"search_term_string"}}],"inLanguage":"fi"},{"@type":"Organization","@id":"https:\/\/fastercasinos.com\/fi\/#organization","name":"Fastercasinos.com","url":"https:\/\/fastercasinos.com\/fi\/","logo":{"@type":"ImageObject","inLanguage":"fi","@id":"https:\/\/fastercasinos.com\/fi\/#\/schema\/logo\/image\/","url":"https:\/\/fastercasinos.com\/wp-content\/uploads\/2022\/06\/Fastercasinos-logo.svg","contentUrl":"https:\/\/fastercasinos.com\/wp-content\/uploads\/2022\/06\/Fastercasinos-logo.svg","caption":"Fastercasinos.com"},"image":{"@id":"https:\/\/fastercasinos.com\/fi\/#\/schema\/logo\/image\/"}}]}},"_links":{"self":[{"href":"https:\/\/fastercasinos.com\/fi\/wp-json\/wp\/v2\/pages\/1750","targetHints":{"allow":["GET"]}}],"collection":[{"href":"https:\/\/fastercasinos.com\/fi\/wp-json\/wp\/v2\/pages"}],"about":[{"href":"https:\/\/fastercasinos.com\/fi\/wp-json\/wp\/v2\/types\/page"}],"author":[{"embeddable":true,"href":"https:\/\/fastercasinos.com\/fi\/wp-json\/wp\/v2\/users\/5"}],"replies":[{"embeddable":true,"href":"https:\/\/fastercasinos.com\/fi\/wp-json\/wp\/v2\/comments?post=1750"}],"version-history":[{"count":6,"href":"https:\/\/fastercasinos.com\/fi\/wp-json\/wp\/v2\/pages\/1750\/revisions"}],"predecessor-version":[{"id":3517,"href":"https:\/\/fastercasinos.com\/fi\/wp-json\/wp\/v2\/pages\/1750\/revisions\/3517"}],"up":[{"embeddable":true,"href":"https:\/\/fastercasinos.com\/fi\/wp-json\/wp\/v2\/pages\/1729"}],"wp:featuredmedia":[{"embeddable":true,"href":"https:\/\/fastercasinos.com\/fi\/wp-json\/wp\/v2\/media\/1771"}],"wp:attachment":[{"href":"https:\/\/fastercasinos.com\/fi\/wp-json\/wp\/v2\/media?parent=1750"}],"curies":[{"name":"wp","href":"https:\/\/api.w.org\/{rel}","templated":true}]}}