{"id":1753,"date":"2021-11-04T09:36:35","date_gmt":"2021-11-04T09:36:35","guid":{"rendered":"https:\/\/fastercasinos.com\/?page_id=1753"},"modified":"2021-12-14T10:33:19","modified_gmt":"2021-12-14T10:33:19","slug":"megamillions","status":"publish","type":"page","link":"https:\/\/fastercasinos.com\/fi\/rahapelit\/lotto-netissa\/megamillions\/","title":{"rendered":"Megamillions"},"content":{"rendered":"\n<h1 class=\"wp-block-heading\">Megamillions<\/h1>\n\n\n\n<p>Megamillions on Pohjois-Amerikan yksi tunnetuimmista ja samalla suurimpia voittopotteja sis\u00e4lt\u00e4v\u00e4\u00a0<a href=\"https:\/\/fastercasinos.com\/fi\/rahapelit\/lotto-netissa\/\">lottopeli netiss\u00e4<\/a>, joka arvotaan kahdesti viikossa. <\/p>\n\n\n\n<p>Mega Millions ei ole viel\u00e4 toistaiseksi ylt\u00e4nyt pottiensa kanssa aivan samanlaisiin lukemiin kuin toinen suosittu jenkkilotto, Powerball, mutta t\u00e4ss\u00e4kin peliss\u00e4 on jaossa monesti aivan k\u00e4sitt\u00e4m\u00e4tt\u00f6m\u00e4n suuria p\u00e4\u00e4voittoja.<\/p>\n\n\n\n<p>Peli\u00e4 pelataan Yhdysvalloissa jo 45:ss\u00e4 eri osavaltiossa. My\u00f6s me suomalaiset voimme ottaa osaa arvontaan veikkaamalla sen lopputulosta ulkomaisilla nettikasinoilla.<\/p>\n\n\n\n<figure class=\"wp-block-image size-large\"><img loading=\"lazy\" decoding=\"async\" width=\"600\" height=\"400\" src=\"https:\/\/fastercasinos.com\/wp-content\/uploads\/2021\/10\/pelaa-megamillions-lotto.png\" alt=\"Hurjat j\u00e4ttipotit odottavat peliss\u00e4 Megamillions lotto\" class=\"wp-image-3204\" srcset=\"https:\/\/fastercasinos.com\/wp-content\/uploads\/2021\/10\/pelaa-megamillions-lotto.png 600w, https:\/\/fastercasinos.com\/wp-content\/uploads\/2021\/10\/pelaa-megamillions-lotto-300x200.png 300w\" sizes=\"auto, (max-width: 600px) 100vw, 600px\" \/><\/figure>\n\n\n\n<h2 class=\"wp-block-heading\">Pelaa MegaMillions lottoa kasinolla<\/h2>\n\n\n\n\n\n\n<h2 class=\"wp-block-heading\">Megamillions s\u00e4\u00e4nn\u00f6t ja pelin historia p\u00e4hkin\u00e4nkuoressa<\/h2>\n\n\n\n<p>Megamillions on tarjolla useilla eri nettikasinoilla, joista monet myyv\u00e4t yht\u00e4 lottorivi\u00e4 kolmella eurolla. Osa kasinoista antaa my\u00f6s niin kutsuttuja paljousalennuksia: ostamalla useampia rivej\u00e4 voit s\u00e4\u00e4st\u00e4\u00e4 yksitt\u00e4isen rivin hinnassa.&nbsp;<\/p>\n\n\n\n<p>Ennen tarjouksiin p\u00e4\u00e4semist\u00e4 k\u00e4sittelemme t\u00e4ss\u00e4 artikkelissa muun muassa sit\u00e4, miten Mega Millionsia voi pelata meilt\u00e4 Suomesta ja millaiset todenn\u00e4k\u00f6isyydet voitoille on. Tutustutaan ensin kuitenkin lottopelin historiaan!<\/p>\n\n\n\n<p>Alunperin Mega Millions tunnettiin nimell\u00e4 The Big Game, jota alettiin pelata Yhdysvalloissa vuonna 1996. Megamillions korvasi tuon pelin kev\u00e4\u00e4ll\u00e4 2002.<\/p>\n\n\n\n<p>T\u00e4m\u00e4 kyseess\u00e4 oleva lottopeli on itse asiassa yksi ensimm\u00e4isi\u00e4 viikoittain j\u00e4rjestett\u00e4vi\u00e4 arvontoja, joissa p\u00e4\u00e4voittona on l\u00e4hes poikkeuksetta useita satoja miljoonia euroja.&nbsp;Potti p\u00e4\u00e4see kasvamaan nopeasti, sill\u00e4 t\u00e4m\u00e4 lotto on tosiaan yksi Pohjois-Amerikan suosituimpia. <\/p>\n\n\n\n<p>Mit\u00e4 useammat pelaavat peli\u00e4 ennen kuin oikea rivi napsahtaa, sit\u00e4 suuremmaksi my\u00f6s voittopotti p\u00e4\u00e4see kasvamaan. Suurin t\u00e4h\u00e4n menness\u00e4 Megamillionsista voitettu potti napattiin vuonna 2018, kun onnekas voittaja nappasi itselleen 1,537 miljardia dollaria!<\/p>\n\n\n\n<p>Se on samalla maailman toisiksi suurin lottoarvonnasta saatu voitto. Ykk\u00f6ssijaa pit\u00e4\u00e4 siis toistaiseksi Powerball.<\/p>\n\n\n\n<h3 class=\"wp-block-heading\">Kuinka pelata Mega Millions lottoa peruspelin\u00e4<\/h3>\n\n\n\n<p>Megamillionsissa arvotaan viisi p\u00e4\u00e4numeroa ja yksi lis\u00e4numero. P\u00e4\u00e4numerot valitaaan 1 ja 70 v\u00e4lilt\u00e4, kun taas lis\u00e4numero poimitaan 1 ja 25 v\u00e4lilt\u00e4. Rivej\u00e4 on mahdollista ostaa niin monta kuin haluaa.Arvonnat peliss\u00e4 suoritetaan kaksi kertaa viikossa.<\/p>\n\n\n\n<p>Viikon ensimm\u00e4inen arvonta on keskiviikkona kello 06:00 Suomen aikaa ja toinen lauantaina, my\u00f6s kello 06:00 Suomen aikaa. Yksitt\u00e4isen rivin hinta voi vaihdella nettikasinosta riippuen.<\/p>\n\n\n\n<h3 class=\"wp-block-heading\">Mega Millions Suomi \u2013 kuinka osallistua?<\/h3>\n\n\n\n<p>Suomesta k\u00e4sin Mega Millionsiin osallistuminen on hieman erilaista kuin rapakon takana. T\u00e4\u00e4ll\u00e4 emme osta rivej\u00e4 ja kuponkeja varsinaiseen arvontaan, vaan ly\u00f6mme vetoa sen tuloksesta.&nbsp;<\/p>\n\n\n\n<p>Monet ulkomaiset nettikasinot ovat viimeisen parin vuoden aikana tarjoamaan t\u00e4llaista mahdollisuutta pelaajilleen, jolloin lottoihin voi tuntea osallistuvansa oikeasti.<\/p>\n\n\n\n<p>Kasinot eiv\u00e4t kuitenkaan osta rivej\u00e4 pelaajan puolesta itse arvontaan, vaan ne sitoutuvat maksamaan voittoluokkaa vastaavan summan rahaa pelaajalle, mik\u00e4li rivi osuu oikeaan.<\/p>\n\n\n\n<p>Pelaajan kannalta on siis yhdentekev\u00e4\u00e4, saadaanko voitto suoraan oikeasta, virallisesta arvonnasta Yhdysvalloista, vaiko nettikasinon kautta. Voittosumma pysyy tismalleen samana.<\/p>\n\n\n\n<p>Kun haluat osallistua Megamillions potin arvontaan, tai itse asiassa veikata sen lopputuloksesta nettikasinolla, voit sen hyvin tehd\u00e4.<\/p>\n\n\n\n<div class=\"schema-how-to wp-block-yoast-how-to-block\"><p class=\"schema-how-to-description\"><strong>Toimi seuraavalla tavalla:<\/strong><\/p> <ol class=\"schema-how-to-steps\"><li class=\"schema-how-to-step\" id=\"how-to-step-1605108736806\"><strong class=\"schema-how-to-step-name\">Rekister\u00f6idy sellaiselle kasinolle, jossa on tarjolla my\u00f6s Megamillions<\/strong> <p class=\"schema-how-to-step-text\">Valitse kasinosi meid\u00e4n kauttamme. N\u00e4in peliymp\u00e4rist\u00f6 on taatusti turvallinen.<\/p> <\/li><li class=\"schema-how-to-step\" id=\"how-to-step-1605108780365\"><strong class=\"schema-how-to-step-name\">Avaa pelitili tai rekister\u00f6idy tekem\u00e4ll\u00e4 pikatalletus verkkopankkitunnuksilla<\/strong> <p class=\"schema-how-to-step-text\">Muista mietti\u00e4 budjetti etuk\u00e4teen, ja pelaa vain rahalla joka sinulla on todellisuudessa vara menett\u00e4\u00e4.<\/p> <\/li><li class=\"schema-how-to-step\" id=\"how-to-step-1605108816603\"><strong class=\"schema-how-to-step-name\">Siirry peleihin ja valitse sielt\u00e4 Mega Millions<\/strong> <p class=\"schema-how-to-step-text\">Lotto l\u00f6ytyy tyypillisesti omasta osiostaan, tai samasta paikasta kenon ja bingon kanssa.<\/p> <\/li><li class=\"schema-how-to-step\" id=\"how-to-step-1605108855696\"><strong class=\"schema-how-to-step-name\">Valitse numerot<\/strong> <p class=\"schema-how-to-step-text\">Voit valita ne itse tai antaa koneen arpoa ne puolestasi.<\/p> <\/li><li class=\"schema-how-to-step\" id=\"how-to-step-1605108881161\"><strong class=\"schema-how-to-step-name\">Suorita maksu<\/strong> <p class=\"schema-how-to-step-text\">T\u00e4m\u00e4n j\u00e4lkeen olet valmis, ja voit j\u00e4\u00e4d\u00e4 odottamaan lottoarvonnan tuloksia.<\/p> <\/li><\/ol><\/div>\n\n\n\n<p>Muista, ett\u00e4 jotkut nettikasinot antavat pelaajilleen my\u00f6s bonuksia lottoon. Mik\u00e4li saat esimerkiksi talletuksen yhteydess\u00e4 ilmaisen rivin tai kupongin, ota se k\u00e4ytt\u00f6\u00f6n samalla.<\/p>\n\n\n\n<h2 class=\"wp-block-heading\">Megamillions lotto ja voittojen maksu<\/h2>\n\n\n\n<p>Megamillionsissa voittojen maksuluokkia on yhteens\u00e4 9 erilaista. Suurimman voiton todenn\u00e4k\u00f6isyys on t\u00e4ss\u00e4 peliss\u00e4 1:302 575 350. Sen saat, kun rivilt\u00e4si l\u00f6ytyy viisi p\u00e4\u00e4numeroa oikein sek\u00e4 yksi lis\u00e4numero oikein.<\/p>\n\n\n\n<p>Kuten huomaat, ei megaluokan voiton voittaminen siis ole j\u00e4rin helppoa, mutta sama koskee kaikkia muitakin lottopelej\u00e4, ei siis pelk\u00e4st\u00e4\u00e4n Megamillionsia.<\/p>\n\n\n\n<p>Yhdysvalloissa Megamillionsin voitto maksetaan voittajan valitsemalla tavalla. <\/p>\n\n\n\n<p>T\u00e4m\u00e4 tarkoittaa sit\u00e4, ett\u00e4 mik\u00e4li voittaja haluaa koko mainostetun voittosumman itselleen, sitoutuu h\u00e4n saamaan siit\u00e4 osuudet useammalle eri vuodella jaoteltuna. Jos h\u00e4n haluaa kaikki rahat heti, on voittosumma pienempi kuin mainostettu summa.<\/p>\n\n\n\n<p>Mik\u00e4li voitat p\u00e4\u00e4voiton ulkomaisella nettikasinolla, saat rahat yleens\u00e4 my\u00f6s osamaksuinam jotka on jaoteltu useammalle vuodelle. <\/p>\n\n\n\n<p>T\u00e4m\u00e4 on ymm\u00e4rrett\u00e4v\u00e4\u00e4, sill\u00e4 nettikasino joutuu maksamaan voiton omasta pussistaan, ja vain harvalla kasinolla on useita kymmeni\u00e4 \u2013 saati satoja miljoonia euroja kassassaan.<\/p>\n\n\n\n<h2 class=\"wp-block-heading\">Paljon MegaMillions lotto maksaa?<\/h2>\n\n\n\n<p>Rivi Megamillionsiin maksaa keskim\u00e4\u00e4rin kolme euroa. Kuten todettu, hinta voi kuitenkin vaihdella eri nettikasinoilla noin kahdesta eurosta aina kuuteen euroon saakka. Lis\u00e4ksi erilaiset tarjoukset voivat vaikuttaa rivin hintaan.<\/p>\n\n\n\n<h2 class=\"wp-block-heading\">MegaMillions verotus<\/h2>\n\n\n\n<p>Veroihin liittyv\u00e4t asiat kiinnostavat jokaista pelaajaa, eik\u00e4 ihme. Verojen maksaminen vaikuttaa kuitenkin aivan olennaisella tavalla siihen, millaisen summan voit voittaa todellisuudessa.&nbsp;<\/p>\n\n\n\n<p>Useimmat sivustoltamme l\u00f6yt\u00e4m\u00e4si nettikasinot toimivat ETA-maasta, kuten Maltalta saadulla lisenssill\u00e4.<\/p>\n\n\n\n<p>N\u00e4ilt\u00e4 kasinoilta p\u00e4\u00e4asiassa kaikki lottopeleist\u00e4 saadut voitot ovat aina verovapaita. T\u00e4m\u00e4 kannattaa kuitenkin tarkistaa aina jokaisen lottopelin kohdalla erikseen.<\/p>\n\n\n\n<p>Suomalaisen pelaajan kannalta on fiksua osallistua Mega Millions arvontaan nimenomaan Suomessa ja ulkomaisten nettikasinoiden kautta. <\/p>\n\n\n\n<p>Mik\u00e4li reissaat Yhdysvalloissa ja p\u00e4\u00e4dyt ostamaan rivej\u00e4 Megamillionsiin, ja voitto osuukin kohdallesi, tulee sinun huolehtia verojen maksusta niin Yhdysvalloissa kuin meill\u00e4 Suomessa.&nbsp;<\/p>\n\n\n\n<h2 class=\"wp-block-heading\">Bonukset Megamillionsiin<\/h2>\n\n\n\n<p>Megamillions bonuksia on saatavilla monella eri nettikasinolla, mutta etuja ei koskaan tule pit\u00e4\u00e4 itsest\u00e4\u00e4nselvyyten\u00e4. On n\u00e4et paljon my\u00f6s sellaisia pelisivustoja, joissa lottopelaajia ei hemmotella erilaisilla eduilla. <\/p>\n\n\n\n<p>Mik\u00e4li kasino tarjoaa bonuksia lottoon, suosittelemme hy\u00f6dynt\u00e4m\u00e4\u00e4n niit\u00e4. Parhaassa tapauksessa voitat rahaa ilmaiseksi!Megamillionsiin voit saada esimerkiksi seuraavia etuja:<\/p>\n\n\n\n<ul class=\"wp-block-list\"><li>ilmaiset rivit<\/li><li>ilmaiset kupongit<\/li><li>k\u00e4teispalautukset<\/li><li>paljousalet<\/li><\/ul>\n\n\n\n<p>Ilmaiset lottorivit Megamillionsiin saadaan tavallisesti ensimm\u00e4isen talletuksen yhteydess\u00e4, mutta toki kasinot voivat tarjota niit\u00e4 my\u00f6s muissa kampanjoissa.<\/p>\n\n\n\n<p>K\u00e4teispalautukset ovat nekin varsin suosittuja. Paljousalennuksia n\u00e4kee my\u00f6s usein: mit\u00e4 enemm\u00e4n rivej\u00e4 ostat, sit\u00e4 edullisemmaksi yhden rivin hinta muodostuu.<\/p>\n\n\n\n<h2 class=\"wp-block-heading\">Mega Millions Suomi \u2013 Yhteenveto<\/h2>\n\n\n\n<p>Mega Millions Suomi -pelaajan n\u00e4k\u00f6kulmasta on todella herkullinen ja houkutteleva peli. Useimmilla nettikasinoilla yksitt\u00e4isen rivin hinta ei ole paljoa Eurojackpottia kalliimpi, mutta voittopotit sen sijaan kohoavat Megamillionsissa aivan j\u00e4rk\u00e4lem\u00e4isiin mittoihin.<\/p>\n\n\n\n<p>Monet kasinot jakavat lottoon my\u00f6s etuja, jolloin Megamillions rivin hinta voi painua reilusti alasp\u00e4in. Parhaassa tapauksessa voitat t\u00e4ss\u00e4 peliss\u00e4 huikeita summia rahaa, ja oikean kasinon valittuasi voitot maksetaan sinulle verottomina.<\/p>\n","protected":false},"excerpt":{"rendered":"<p>Megamillions Megamillions on Pohjois-Amerikan yksi tunnetuimmista ja samalla suurimpia voittopotteja sis\u00e4lt\u00e4v\u00e4\u00a0lottopeli netiss\u00e4, joka arvotaan kahdesti viikossa. Mega Millions ei ole&#8230;<\/p>\n","protected":false},"author":5,"featured_media":1771,"parent":1729,"menu_order":0,"comment_status":"closed","ping_status":"closed","template":"","meta":{"_acf_changed":false,"footnotes":""},"class_list":["post-1753","page","type-page","status-publish","has-post-thumbnail","hentry"],"acf":[],"yoast_head":"<!-- This site is optimized with the Yoast SEO plugin v27.0 - https:\/\/yoast.com\/product\/yoast-seo-wordpress\/ -->\n<title>Megamillions | Pelaa Mega Millions lottoa my\u00f6s Suomesta<\/title>\n<meta name=\"description\" content=\"Megamillions on Yhdysvaltojen suuri lotto, jossa py\u00f6rii satoja miljoonia euroja viikoittain. Lue Mega Millions Suomi -artikkeli ja osallistu!\" \/>\n<meta name=\"robots\" content=\"index, follow, max-snippet:-1, max-image-preview:large, max-video-preview:-1\" \/>\n<link rel=\"canonical\" href=\"https:\/\/fastercasinos.com\/fi\/rahapelit\/lotto-netissa\/megamillions\/\" \/>\n<meta property=\"og:locale\" content=\"fi_FI\" \/>\n<meta property=\"og:type\" content=\"article\" \/>\n<meta property=\"og:title\" content=\"Megamillions | Pelaa Mega Millions lottoa my\u00f6s Suomesta\" \/>\n<meta property=\"og:description\" content=\"Megamillions on Yhdysvaltojen suuri lotto, jossa py\u00f6rii satoja miljoonia euroja viikoittain. Lue Mega Millions Suomi -artikkeli ja osallistu!\" \/>\n<meta property=\"og:url\" content=\"https:\/\/fastercasinos.com\/fi\/rahapelit\/lotto-netissa\/megamillions\/\" \/>\n<meta property=\"og:site_name\" content=\"Faster casinos\" \/>\n<meta property=\"article:modified_time\" content=\"2021-12-14T10:33:19+00:00\" \/>\n<meta property=\"og:image\" content=\"https:\/\/fastercasinos.com\/wp-content\/uploads\/2021\/05\/fastercasinos-suomi.png\" \/>\n\t<meta property=\"og:image:width\" content=\"1200\" \/>\n\t<meta property=\"og:image:height\" content=\"628\" \/>\n\t<meta property=\"og:image:type\" content=\"image\/png\" \/>\n<meta name=\"twitter:card\" content=\"summary_large_image\" \/>\n<meta name=\"twitter:label1\" content=\"Arvioitu lukuaika\" \/>\n\t<meta name=\"twitter:data1\" content=\"5 minuuttia\" \/>\n<script type=\"application\/ld+json\" class=\"yoast-schema-graph\">{\"@context\":\"https:\/\/schema.org\",\"@graph\":[{\"@type\":\"WebPage\",\"@id\":\"https:\/\/fastercasinos.com\/fi\/rahapelit\/lotto-netissa\/megamillions\/\",\"url\":\"https:\/\/fastercasinos.com\/fi\/rahapelit\/lotto-netissa\/megamillions\/\",\"name\":\"Megamillions | Pelaa Mega Millions lottoa my\u00f6s Suomesta\",\"isPartOf\":{\"@id\":\"https:\/\/fastercasinos.com\/fi\/#website\"},\"primaryImageOfPage\":{\"@id\":\"https:\/\/fastercasinos.com\/fi\/rahapelit\/lotto-netissa\/megamillions\/#primaryimage\"},\"image\":{\"@id\":\"https:\/\/fastercasinos.com\/fi\/rahapelit\/lotto-netissa\/megamillions\/#primaryimage\"},\"thumbnailUrl\":\"https:\/\/fastercasinos.com\/wp-content\/uploads\/2021\/05\/fastercasinos-suomi.png\",\"datePublished\":\"2021-11-04T09:36:35+00:00\",\"dateModified\":\"2021-12-14T10:33:19+00:00\",\"description\":\"Megamillions on Yhdysvaltojen suuri lotto, jossa py\u00f6rii satoja miljoonia euroja viikoittain. Lue Mega Millions Suomi -artikkeli ja osallistu!\",\"breadcrumb\":{\"@id\":\"https:\/\/fastercasinos.com\/fi\/rahapelit\/lotto-netissa\/megamillions\/#breadcrumb\"},\"inLanguage\":\"fi\",\"potentialAction\":[{\"@type\":\"ReadAction\",\"target\":[\"https:\/\/fastercasinos.com\/fi\/rahapelit\/lotto-netissa\/megamillions\/\"]}]},{\"@type\":\"ImageObject\",\"inLanguage\":\"fi\",\"@id\":\"https:\/\/fastercasinos.com\/fi\/rahapelit\/lotto-netissa\/megamillions\/#primaryimage\",\"url\":\"https:\/\/fastercasinos.com\/wp-content\/uploads\/2021\/05\/fastercasinos-suomi.png\",\"contentUrl\":\"https:\/\/fastercasinos.com\/wp-content\/uploads\/2021\/05\/fastercasinos-suomi.png\",\"width\":1200,\"height\":628,\"caption\":\"FasterCasinos.com Suomi\"},{\"@type\":\"BreadcrumbList\",\"@id\":\"https:\/\/fastercasinos.com\/fi\/rahapelit\/lotto-netissa\/megamillions\/#breadcrumb\",\"itemListElement\":[{\"@type\":\"ListItem\",\"position\":1,\"name\":\"Nopeat Kasinot\",\"item\":\"https:\/\/fastercasinos.com\/fi\/\"},{\"@type\":\"ListItem\",\"position\":2,\"name\":\"Rahapelit\",\"item\":\"https:\/\/fastercasinos.com\/fi\/rahapelit\/\"},{\"@type\":\"ListItem\",\"position\":3,\"name\":\"Lotto netiss\u00e4\",\"item\":\"https:\/\/fastercasinos.com\/fi\/rahapelit\/lotto-netissa\/\"},{\"@type\":\"ListItem\",\"position\":4,\"name\":\"Megamillions\"}]},{\"@type\":\"WebSite\",\"@id\":\"https:\/\/fastercasinos.com\/fi\/#website\",\"url\":\"https:\/\/fastercasinos.com\/fi\/\",\"name\":\"Faster casinos\",\"description\":\"Fast or nothing!\",\"publisher\":{\"@id\":\"https:\/\/fastercasinos.com\/fi\/#organization\"},\"potentialAction\":[{\"@type\":\"SearchAction\",\"target\":{\"@type\":\"EntryPoint\",\"urlTemplate\":\"https:\/\/fastercasinos.com\/fi\/?s={search_term_string}\"},\"query-input\":{\"@type\":\"PropertyValueSpecification\",\"valueRequired\":true,\"valueName\":\"search_term_string\"}}],\"inLanguage\":\"fi\"},{\"@type\":\"Organization\",\"@id\":\"https:\/\/fastercasinos.com\/fi\/#organization\",\"name\":\"Fastercasinos.com\",\"url\":\"https:\/\/fastercasinos.com\/fi\/\",\"logo\":{\"@type\":\"ImageObject\",\"inLanguage\":\"fi\",\"@id\":\"https:\/\/fastercasinos.com\/fi\/#\/schema\/logo\/image\/\",\"url\":\"https:\/\/fastercasinos.com\/wp-content\/uploads\/2022\/06\/Fastercasinos-logo.svg\",\"contentUrl\":\"https:\/\/fastercasinos.com\/wp-content\/uploads\/2022\/06\/Fastercasinos-logo.svg\",\"caption\":\"Fastercasinos.com\"},\"image\":{\"@id\":\"https:\/\/fastercasinos.com\/fi\/#\/schema\/logo\/image\/\"}},{\"@type\":\"HowTo\",\"@id\":\"https:\/\/fastercasinos.com\/fi\/rahapelit\/lotto-netissa\/megamillions\/#howto-1\",\"name\":\"Megamillions\",\"mainEntityOfPage\":{\"@id\":\"https:\/\/fastercasinos.com\/fi\/rahapelit\/lotto-netissa\/megamillions\/\"},\"description\":\"<strong>Toimi seuraavalla tavalla:<\/strong>\",\"step\":[{\"@type\":\"HowToStep\",\"url\":\"https:\/\/fastercasinos.com\/fi\/rahapelit\/lotto-netissa\/megamillions\/#how-to-step-1605108736806\",\"name\":\"Rekister\u00f6idy sellaiselle kasinolle, jossa on tarjolla my\u00f6s Megamillions\",\"itemListElement\":[{\"@type\":\"HowToDirection\",\"text\":\"Valitse kasinosi meid\u00e4n kauttamme. N\u00e4in peliymp\u00e4rist\u00f6 on taatusti turvallinen.\"}]},{\"@type\":\"HowToStep\",\"url\":\"https:\/\/fastercasinos.com\/fi\/rahapelit\/lotto-netissa\/megamillions\/#how-to-step-1605108780365\",\"name\":\"Avaa pelitili tai rekister\u00f6idy tekem\u00e4ll\u00e4 pikatalletus verkkopankkitunnuksilla\",\"itemListElement\":[{\"@type\":\"HowToDirection\",\"text\":\"Muista mietti\u00e4 budjetti etuk\u00e4teen, ja pelaa vain rahalla joka sinulla on todellisuudessa vara menett\u00e4\u00e4.\"}]},{\"@type\":\"HowToStep\",\"url\":\"https:\/\/fastercasinos.com\/fi\/rahapelit\/lotto-netissa\/megamillions\/#how-to-step-1605108816603\",\"name\":\"Siirry peleihin ja valitse sielt\u00e4 Mega Millions\",\"itemListElement\":[{\"@type\":\"HowToDirection\",\"text\":\"Lotto l\u00f6ytyy tyypillisesti omasta osiostaan, tai samasta paikasta kenon ja bingon kanssa.\"}]},{\"@type\":\"HowToStep\",\"url\":\"https:\/\/fastercasinos.com\/fi\/rahapelit\/lotto-netissa\/megamillions\/#how-to-step-1605108855696\",\"name\":\"Valitse numerot\",\"itemListElement\":[{\"@type\":\"HowToDirection\",\"text\":\"Voit valita ne itse tai antaa koneen arpoa ne puolestasi.\"}]},{\"@type\":\"HowToStep\",\"url\":\"https:\/\/fastercasinos.com\/fi\/rahapelit\/lotto-netissa\/megamillions\/#how-to-step-1605108881161\",\"name\":\"Suorita maksu\",\"itemListElement\":[{\"@type\":\"HowToDirection\",\"text\":\"T\u00e4m\u00e4n j\u00e4lkeen olet valmis, ja voit j\u00e4\u00e4d\u00e4 odottamaan lottoarvonnan tuloksia.\"}]}],\"inLanguage\":\"fi\"}]}<\/script>\n<!-- \/ Yoast SEO plugin. -->","yoast_head_json":{"title":"Megamillions | Pelaa Mega Millions lottoa my\u00f6s Suomesta","description":"Megamillions on Yhdysvaltojen suuri lotto, jossa py\u00f6rii satoja miljoonia euroja viikoittain. Lue Mega Millions Suomi -artikkeli ja osallistu!","robots":{"index":"index","follow":"follow","max-snippet":"max-snippet:-1","max-image-preview":"max-image-preview:large","max-video-preview":"max-video-preview:-1"},"canonical":"https:\/\/fastercasinos.com\/fi\/rahapelit\/lotto-netissa\/megamillions\/","og_locale":"fi_FI","og_type":"article","og_title":"Megamillions | Pelaa Mega Millions lottoa my\u00f6s Suomesta","og_description":"Megamillions on Yhdysvaltojen suuri lotto, jossa py\u00f6rii satoja miljoonia euroja viikoittain. Lue Mega Millions Suomi -artikkeli ja osallistu!","og_url":"https:\/\/fastercasinos.com\/fi\/rahapelit\/lotto-netissa\/megamillions\/","og_site_name":"Faster casinos","article_modified_time":"2021-12-14T10:33:19+00:00","og_image":[{"width":1200,"height":628,"url":"https:\/\/fastercasinos.com\/wp-content\/uploads\/2021\/05\/fastercasinos-suomi.png","type":"image\/png"}],"twitter_card":"summary_large_image","twitter_misc":{"Arvioitu lukuaika":"5 minuuttia"},"schema":{"@context":"https:\/\/schema.org","@graph":[{"@type":"WebPage","@id":"https:\/\/fastercasinos.com\/fi\/rahapelit\/lotto-netissa\/megamillions\/","url":"https:\/\/fastercasinos.com\/fi\/rahapelit\/lotto-netissa\/megamillions\/","name":"Megamillions | Pelaa Mega Millions lottoa my\u00f6s Suomesta","isPartOf":{"@id":"https:\/\/fastercasinos.com\/fi\/#website"},"primaryImageOfPage":{"@id":"https:\/\/fastercasinos.com\/fi\/rahapelit\/lotto-netissa\/megamillions\/#primaryimage"},"image":{"@id":"https:\/\/fastercasinos.com\/fi\/rahapelit\/lotto-netissa\/megamillions\/#primaryimage"},"thumbnailUrl":"https:\/\/fastercasinos.com\/wp-content\/uploads\/2021\/05\/fastercasinos-suomi.png","datePublished":"2021-11-04T09:36:35+00:00","dateModified":"2021-12-14T10:33:19+00:00","description":"Megamillions on Yhdysvaltojen suuri lotto, jossa py\u00f6rii satoja miljoonia euroja viikoittain. Lue Mega Millions Suomi -artikkeli ja osallistu!","breadcrumb":{"@id":"https:\/\/fastercasinos.com\/fi\/rahapelit\/lotto-netissa\/megamillions\/#breadcrumb"},"inLanguage":"fi","potentialAction":[{"@type":"ReadAction","target":["https:\/\/fastercasinos.com\/fi\/rahapelit\/lotto-netissa\/megamillions\/"]}]},{"@type":"ImageObject","inLanguage":"fi","@id":"https:\/\/fastercasinos.com\/fi\/rahapelit\/lotto-netissa\/megamillions\/#primaryimage","url":"https:\/\/fastercasinos.com\/wp-content\/uploads\/2021\/05\/fastercasinos-suomi.png","contentUrl":"https:\/\/fastercasinos.com\/wp-content\/uploads\/2021\/05\/fastercasinos-suomi.png","width":1200,"height":628,"caption":"FasterCasinos.com Suomi"},{"@type":"BreadcrumbList","@id":"https:\/\/fastercasinos.com\/fi\/rahapelit\/lotto-netissa\/megamillions\/#breadcrumb","itemListElement":[{"@type":"ListItem","position":1,"name":"Nopeat Kasinot","item":"https:\/\/fastercasinos.com\/fi\/"},{"@type":"ListItem","position":2,"name":"Rahapelit","item":"https:\/\/fastercasinos.com\/fi\/rahapelit\/"},{"@type":"ListItem","position":3,"name":"Lotto netiss\u00e4","item":"https:\/\/fastercasinos.com\/fi\/rahapelit\/lotto-netissa\/"},{"@type":"ListItem","position":4,"name":"Megamillions"}]},{"@type":"WebSite","@id":"https:\/\/fastercasinos.com\/fi\/#website","url":"https:\/\/fastercasinos.com\/fi\/","name":"Faster casinos","description":"Fast or nothing!","publisher":{"@id":"https:\/\/fastercasinos.com\/fi\/#organization"},"potentialAction":[{"@type":"SearchAction","target":{"@type":"EntryPoint","urlTemplate":"https:\/\/fastercasinos.com\/fi\/?s={search_term_string}"},"query-input":{"@type":"PropertyValueSpecification","valueRequired":true,"valueName":"search_term_string"}}],"inLanguage":"fi"},{"@type":"Organization","@id":"https:\/\/fastercasinos.com\/fi\/#organization","name":"Fastercasinos.com","url":"https:\/\/fastercasinos.com\/fi\/","logo":{"@type":"ImageObject","inLanguage":"fi","@id":"https:\/\/fastercasinos.com\/fi\/#\/schema\/logo\/image\/","url":"https:\/\/fastercasinos.com\/wp-content\/uploads\/2022\/06\/Fastercasinos-logo.svg","contentUrl":"https:\/\/fastercasinos.com\/wp-content\/uploads\/2022\/06\/Fastercasinos-logo.svg","caption":"Fastercasinos.com"},"image":{"@id":"https:\/\/fastercasinos.com\/fi\/#\/schema\/logo\/image\/"}},{"@type":"HowTo","@id":"https:\/\/fastercasinos.com\/fi\/rahapelit\/lotto-netissa\/megamillions\/#howto-1","name":"Megamillions","mainEntityOfPage":{"@id":"https:\/\/fastercasinos.com\/fi\/rahapelit\/lotto-netissa\/megamillions\/"},"description":"<strong>Toimi seuraavalla tavalla:<\/strong>","step":[{"@type":"HowToStep","url":"https:\/\/fastercasinos.com\/fi\/rahapelit\/lotto-netissa\/megamillions\/#how-to-step-1605108736806","name":"Rekister\u00f6idy sellaiselle kasinolle, jossa on tarjolla my\u00f6s Megamillions","itemListElement":[{"@type":"HowToDirection","text":"Valitse kasinosi meid\u00e4n kauttamme. N\u00e4in peliymp\u00e4rist\u00f6 on taatusti turvallinen."}]},{"@type":"HowToStep","url":"https:\/\/fastercasinos.com\/fi\/rahapelit\/lotto-netissa\/megamillions\/#how-to-step-1605108780365","name":"Avaa pelitili tai rekister\u00f6idy tekem\u00e4ll\u00e4 pikatalletus verkkopankkitunnuksilla","itemListElement":[{"@type":"HowToDirection","text":"Muista mietti\u00e4 budjetti etuk\u00e4teen, ja pelaa vain rahalla joka sinulla on todellisuudessa vara menett\u00e4\u00e4."}]},{"@type":"HowToStep","url":"https:\/\/fastercasinos.com\/fi\/rahapelit\/lotto-netissa\/megamillions\/#how-to-step-1605108816603","name":"Siirry peleihin ja valitse sielt\u00e4 Mega Millions","itemListElement":[{"@type":"HowToDirection","text":"Lotto l\u00f6ytyy tyypillisesti omasta osiostaan, tai samasta paikasta kenon ja bingon kanssa."}]},{"@type":"HowToStep","url":"https:\/\/fastercasinos.com\/fi\/rahapelit\/lotto-netissa\/megamillions\/#how-to-step-1605108855696","name":"Valitse numerot","itemListElement":[{"@type":"HowToDirection","text":"Voit valita ne itse tai antaa koneen arpoa ne puolestasi."}]},{"@type":"HowToStep","url":"https:\/\/fastercasinos.com\/fi\/rahapelit\/lotto-netissa\/megamillions\/#how-to-step-1605108881161","name":"Suorita maksu","itemListElement":[{"@type":"HowToDirection","text":"T\u00e4m\u00e4n j\u00e4lkeen olet valmis, ja voit j\u00e4\u00e4d\u00e4 odottamaan lottoarvonnan tuloksia."}]}],"inLanguage":"fi"}]}},"_links":{"self":[{"href":"https:\/\/fastercasinos.com\/fi\/wp-json\/wp\/v2\/pages\/1753","targetHints":{"allow":["GET"]}}],"collection":[{"href":"https:\/\/fastercasinos.com\/fi\/wp-json\/wp\/v2\/pages"}],"about":[{"href":"https:\/\/fastercasinos.com\/fi\/wp-json\/wp\/v2\/types\/page"}],"author":[{"embeddable":true,"href":"https:\/\/fastercasinos.com\/fi\/wp-json\/wp\/v2\/users\/5"}],"replies":[{"embeddable":true,"href":"https:\/\/fastercasinos.com\/fi\/wp-json\/wp\/v2\/comments?post=1753"}],"version-history":[{"count":5,"href":"https:\/\/fastercasinos.com\/fi\/wp-json\/wp\/v2\/pages\/1753\/revisions"}],"predecessor-version":[{"id":4449,"href":"https:\/\/fastercasinos.com\/fi\/wp-json\/wp\/v2\/pages\/1753\/revisions\/4449"}],"up":[{"embeddable":true,"href":"https:\/\/fastercasinos.com\/fi\/wp-json\/wp\/v2\/pages\/1729"}],"wp:featuredmedia":[{"embeddable":true,"href":"https:\/\/fastercasinos.com\/fi\/wp-json\/wp\/v2\/media\/1771"}],"wp:attachment":[{"href":"https:\/\/fastercasinos.com\/fi\/wp-json\/wp\/v2\/media?parent=1753"}],"curies":[{"name":"wp","href":"https:\/\/api.w.org\/{rel}","templated":true}]}}