{"id":1755,"date":"2021-11-04T09:36:49","date_gmt":"2021-11-04T09:36:49","guid":{"rendered":"https:\/\/fastercasinos.com\/?page_id=1755"},"modified":"2021-12-14T10:33:37","modified_gmt":"2021-12-14T10:33:37","slug":"powerball","status":"publish","type":"page","link":"https:\/\/fastercasinos.com\/fi\/rahapelit\/lotto-netissa\/powerball\/","title":{"rendered":"Powerball"},"content":{"rendered":"\n<h1 class=\"wp-block-heading\">Powerball<\/h1>\n\n\n\n<p>Powerball lotto on yksi Pohjois-Amerikan, ja samalla koko maailman suurimmista lottoarvonnoista. T\u00e4ss\u00e4 peliss\u00e4 liikkuu aivan toisenlaiset rahat, kuin mit\u00e4 me olemme Suomessa tottuneet n\u00e4kem\u00e4\u00e4n. <\/p>\n\n\n\n<p>Suurimmat voitot Powerballissa ovat n\u00e4et kohonneet jopa yli miljardiin dollariin, siin\u00e4 miss\u00e4 kotimaisessa lottoarvonnassa suurin voittosumma on j\u00e4\u00e4nyt alle 20 miljoonaan euroon.<\/p>\n\n\n\n<p>Ei siis ihme, ett\u00e4 nyky\u00e4\u00e4n Powerball kiinnostaa suuresti my\u00f6s suomalaisia pelaajia. Mutta kuinka pelata Powerball lottoa Suomesta, ja millaiset pelin s\u00e4\u00e4nn\u00f6t oikein ovat? N\u00e4ihin ja moneen muuhun kysymykseen annamme vastaukset t\u00e4ss\u00e4 artikkelissa!<\/p>\n\n\n\n<figure class=\"wp-block-image size-large\"><img loading=\"lazy\" decoding=\"async\" width=\"600\" height=\"400\" src=\"https:\/\/fastercasinos.com\/wp-content\/uploads\/2021\/10\/pelaa-powerball-lotto.png\" alt=\"Koe Powerball lotto my\u00f6s Suomessa\" class=\"wp-image-3207\" srcset=\"https:\/\/fastercasinos.com\/wp-content\/uploads\/2021\/10\/pelaa-powerball-lotto.png 600w, https:\/\/fastercasinos.com\/wp-content\/uploads\/2021\/10\/pelaa-powerball-lotto-300x200.png 300w\" sizes=\"auto, (max-width: 600px) 100vw, 600px\" \/><\/figure>\n\n\n\n<h2 class=\"wp-block-heading\">Pelaa Powerball lottoa kasinolla<\/h2>\n\n\n\n\n\n\n<h2 class=\"wp-block-heading\">Powerball s\u00e4\u00e4nn\u00f6t ja pelin historia p\u00e4hkin\u00e4nkuoressa<\/h2>\n\n\n\n<p>Powerball-arvonnan historia alkaa jo vuodesta 1988. Alunperin t\u00e4m\u00e4\u00a0<a href=\"https:\/\/fastercasinos.com\/fi\/rahapelit\/\">netiss\u00e4 pelattava rahapeli<\/a>\u00a0tunnettiin nimell\u00e4 Lotto America, mutta vuonna 1992 se muutettiin nykyiseen muotoonsa. Samalla kun nimi muutettiin, tehtiin muutoksia my\u00f6s pelin s\u00e4\u00e4nt\u00f6ihin.<\/p>\n\n\n\n<p>Powerballista tuli n\u00e4in ensimm\u00e4inen lottoarvonta, joka sis\u00e4lt\u00e4\u00e4 kaksi lottorumpua. Nykyisin Powerballia pelataan USA:ssa yhteens\u00e4 45 eri osavaltiossa, ja siihen on mahdollista osallistua my\u00f6s muissa maissa.<\/p>\n\n\n\n<ul class=\"wp-block-list\"><li>suurin Powerball-voitto on toistaiseksi yli 1,6 miljardia dollaria<\/li><li>viikoittain arvotaan yhdeks\u00e4n eri palkintoa<\/li><li>suurin potti on joka viikko v\u00e4hint\u00e4\u00e4n 40 miljoonaa<\/li><\/ul>\n\n\n\n<h3 class=\"wp-block-heading\">Kuinka pelata Powerball lottoa peruspelin\u00e4<\/h3>\n\n\n\n<p>Powerballissa on yhteens\u00e4 viisi p\u00e4\u00e4numeroa ja yksi Powerball-numero. Numerot voidaan valita kupongille joko pikavalintana tai manuaalisesti. Pelaajat voivat osallistua arvontaan my\u00f6s j\u00e4rjestelm\u00e4vedoilla.<\/p>\n\n\n\n<p>Powerball s\u00e4\u00e4nn\u00f6t ovat hyvin yksinkertaiset: mik\u00e4li valitsemasi tai sinulle automaattisesti luodun voittorivin numerot osuvat oikeaan, voitat niit\u00e4 vastaavan summan rahaa.<\/p>\n\n\n\n<h3 class=\"wp-block-heading\">Kuinka pelata Powerball lottoa Suomesta<\/h3>\n\n\n\n<p>Ent\u00e4 sitten Powerball lotto Suomi -pelaajan n\u00e4k\u00f6kulmasta, onko meid\u00e4n mahdollista oikeasti osallistua arvontaan? Suomesta k\u00e4sin emme itse asiassa osallistu Powerballin arvontaan samalla tavalla kuin amerikkalaiset pelaajat paikan p\u00e4\u00e4ll\u00e4.<\/p>\n\n\n\n<p>Kun siis ostat rivej\u00e4 kupongille, ei itse kuponki tai valitsemasi rivi osallistu varsinaiseen arvontaan. Sen sijaan ly\u00f6t vetoa oikeasta tuloksesta, ja mik\u00e4li saat rivill\u00e4 voittoja, maksaa se nettikasino, josta rivit olet ostanut, sinulle palkinnon. <\/p>\n\n\n\n<p>Voittamasi rahasumma on tismalleen sama, kuin mink\u00e4 olisit voittanut osallistuessasi viralliseen arvontaan.<\/p>\n\n\n\n<p>Juuri t\u00e4m\u00e4n j\u00e4rjestelm\u00e4n vuoksi pelaajilla ymp\u00e4ri maailmaa on nyt mahdollista ottaa osaa eri maanosien ja maiden lottoarvontoihin. Mik\u00e4li j\u00e4ttisuuri voittopotti alkoi kiinnostaa, voit pelata Powerballia Suomesta seuraavasti:<\/p>\n\n\n\n<ol class=\"wp-block-list\"><li>Siirry sellaiselle nettikasinolle, jossa on tarjolla Powerball lotto.<\/li><li>Avaa pelitili kasinolle tai tee pikatalletus, riippuen kasinon tyypist\u00e4.<\/li><li>Siirry lottovalikoimaan ja valitse sielt\u00e4 Powerball.<\/li><li>Valitse lottokupongillesi haluamasi numerot tai anna j\u00e4rjestelm\u00e4n valita ne sinulle automaattisesti.<\/li><li>Maksa kupongit.<\/li><li>Odota arvonnan lopputulosta.<\/li><\/ol>\n\n\n\n<h2 class=\"wp-block-heading\">Powerball lotto ja voittojen maksu<\/h2>\n\n\n\n<p>Powerball lotto sis\u00e4lt\u00e4\u00e4 yhteens\u00e4 yhdeks\u00e4n erilaista voittoluokkaa. Yksi niist\u00e4 on jackpot-voitto, joka on siis kasvava. Sen lis\u00e4ksi peliss\u00e4 on kahdeksan muuta luokkaa, joissa palkinnot ovat kiinteit\u00e4.<\/p>\n\n\n\n<p>Kuten jo mainitsimme, on l\u00e4ht\u00f6summa voittopotille aina 40 miljoonaa dollaria. Mik\u00e4li p\u00e4\u00e4voitto ei osu yhdellek\u00e4\u00e4n pelaajalle, siirtyy voittopotti seuraavalle viikolle ja samalla se siis my\u00f6s kasvaa.Powerballin voittoluokat n\u00e4et alta:<\/p>\n\n\n\n<ol class=\"wp-block-list\"><li>voittoluokka: 5 p\u00e4\u00e4numeroa + Powerball<\/li><li>voittoluokka: 5 p\u00e4\u00e4numeroa<\/li><li>voittoluokka: 4 p\u00e4\u00e4numeroa + Powerball<\/li><li>voittoluokka: 4 p\u00e4\u00e4numeroa<\/li><li>voittoluokka: 3 p\u00e4\u00e4numeroa + Powerball<\/li><li>voittoluokka: 3 p\u00e4\u00e4numeroa<\/li><li>voittoluokka: 2 p\u00e4\u00e4numeroa + Powerball<\/li><li>voittoluokka: 1 p\u00e4\u00e4numero + Powerball<\/li><li>voittoluokka: Powerball<\/li><\/ol>\n\n\n\n<p>Mik\u00e4li pelaajan onnistuu saada kaikki Powerball numerot oikein rivill\u00e4, h\u00e4nell\u00e4 on kaksi eri vaihtoehtoja voittonsa lunastamiseen. <\/p>\n\n\n\n<p>Kertalunastuksena pelaaja saa pienemm\u00e4n jackpotin, kuin mit\u00e4 peliss\u00e4 on mainostettu.&nbsp;Jos pelaaja valitsee kertamaksun sijaan osamaksut, saat juuri sen summan, joka arvonnassa on ollut kysymyksess\u00e4.<\/p>\n\n\n\n<p>Osamaksut on jaoteltu 30 vuodelle niin, ett\u00e4 jokaisena vuotena pelaajalle maksetaan 5 % suurempi summa, kuin edellisvuonna.<\/p>\n\n\n\n<p>Powerball loton todenn\u00e4k\u00f6isyys on 1:292 201 388. Todenn\u00e4k\u00f6isyys koskee siis p\u00e4\u00e4voittoa. Mink\u00e4 tahansa voittoluokan sis\u00e4lt\u00e4m\u00e4n palkinnon voittamisen todenn\u00e4k\u00f6isyys sen sijaan on 1:24.&nbsp;<\/p>\n\n\n\n<p>Powerball lotto arvonta tapahtuu kahden lottokoneen kautta. Toisessa koneessa on valkoisia palloja ja toisessa punaisia.<\/p>\n\n\n\n<p>Valkoiset pallot edustavat pelin p\u00e4\u00e4numeroita, ja punaiset pallot sen sijaan Powerballia. Valkoisia palloja arvontaan viisi kappaletta ja punaisia yksi.<\/p>\n\n\n\n<h2 class=\"wp-block-heading\">Paljonko Powerball lotto maksaa?<\/h2>\n\n\n\n<p>Powerball lotto arvotaan kahdesti viikossa, joten periaatteessa sen pelaaminen on hieman arvokkaampaa kuin vaikkapa kotimaisen loton \u2013 mik\u00e4li siis haluat osallistua molempiin viikkoarvontoihin.<\/p>\n\n\n\n<p>Lottorivin hinta Powerballiin voi vaihdella eri nettikasinoiden v\u00e4lill\u00e4 jonkin verran. Keskim\u00e4\u00e4rin yksi rivi kustantaa sinulle 3,50 euroa.Peliss\u00e4 on mahdollista k\u00e4ytt\u00e4\u00e4 my\u00f6s voittoboostereita, jotka lis\u00e4\u00e4v\u00e4t rivin hintaa.<\/p>\n\n\n\n<h2 class=\"wp-block-heading\">Powerball lotto verotus<\/h2>\n\n\n\n<p>Veroihin liittyv\u00e4t seikat kiinnostavat pelaajia, ja t\u00e4ss\u00e4 Powerball lotto verotus ei ole mik\u00e4\u00e4n poikkeus. Suurin osa nettikasinoista, jotka ovat suunnattuja suomalaisille pelaajille, toimivat t\u00e4n\u00e4 p\u00e4iv\u00e4n\u00e4 joko Maltan tai Viron pelilisenssill\u00e4.&nbsp;Koska molemmat maat ovat Euroopan Unionissa, kuittaamme voitot n\u00e4ilt\u00e4 kasinoilta aina verovapaina.<\/p>\n\n\n\n<p>T\u00e4m\u00e4 koskee my\u00f6s lottoarvontoja. Mik\u00e4li siis voitat Powerballin kasvavan jackpotin, ei sinun tarvitse maksaa siit\u00e4 veroja Suomen verottajalle.Jos taas ostat kuponkisi USA:sta paikan p\u00e4\u00e4lt\u00e4, ja rivisi osuu oikeaan, tulee sinun todenn\u00e4k\u00f6isesti maksaa verot voitoistasi ensin USA:ssa ja sitten viel\u00e4 Suomessa.<\/p>\n\n\n\n<h2 class=\"wp-block-heading\">Edut Powerball lottoon<\/h2>\n\n\n\n<p>Ent\u00e4 edut, saako Powerballiin mit\u00e4\u00e4n bonuksia nettikasinoilta? Monet lottopelej\u00e4 sis\u00e4lt\u00e4v\u00e4t nettikasinot antavat etuja my\u00f6s lottoihin, mutta toisaalta t\u00e4llaiset bonukset eiv\u00e4t silti ole kovinkaan yleisi\u00e4. Edut, joita voit Powerball Suomi -pelaajana saada pelisivustoilta, ovat mm.<\/p>\n\n\n\n<ul class=\"wp-block-list\"><li>ilmaisia lottorivej\u00e4<\/li><li>k\u00e4teispalautuksia<\/li><\/ul>\n\n\n\n<p>Ilmaiset lottorivit voivat olla tarjolla sek\u00e4 ensimm\u00e4isen talletuksen yhteydess\u00e4 ett\u00e4 muissa yhteyksiss\u00e4. Voit toisinaan t\u00f6rm\u00e4t\u00e4 my\u00f6s sellaisiin nettikasinoihin, joissa ensimm\u00e4inen lottorivi on saatavilla ilmaiseksi, t\u00e4ysin ilman talletusta.<\/p>\n\n\n\n<p>K\u00e4teispalautukset ovat nekin melko suosittuja lottoon liittyen: mik\u00e4li veikkaamasi rivi ei osu oikeaan, saat alkuper\u00e4isen panostuksesi takaisin.<\/p>\n\n\n\n<h2 class=\"wp-block-heading\">Powerball Suomi \u2013 Yhteenveto<\/h2>\n\n\n\n<p>Powerball lotto on maailmalla, ja meill\u00e4 Suomessakin \u00e4\u00e4rimm\u00e4isen suosittu\u00a0<a href=\"https:\/\/fastercasinos.com\/fi\/rahapelit\/lotto-netissa\/\">lotto peli netiss\u00e4<\/a>. Sen voittopotit voivat kohota todella nopeasti aivan j\u00e4risytt\u00e4viin mittasuhteisiin, kiitos yli 40 USA:n osavaltion innokkaan lottoajan. <\/p>\n\n\n\n<p>Suomesta k\u00e4sin emme osallistu viralliseen arvontaan, vaan ly\u00f6mme ainoastaan vetoa oikean lottorivin puolesta.<\/p>\n\n\n\n<p>Mik\u00e4li veto osuu oikeaan, maksaa nettikasino pelaajalle saman summan, kuin mit\u00e4 pelaaja olisi voittanut oikeasta arvonnasta. Kun pelaat kasinolla, jonka lisenssit ovat EU:n rajojen sis\u00e4puolelta, saat voitot kaiken lis\u00e4ksi viel\u00e4 verottomina!<\/p>\n","protected":false},"excerpt":{"rendered":"<p>Powerball Powerball lotto on yksi Pohjois-Amerikan, ja samalla koko maailman suurimmista lottoarvonnoista. T\u00e4ss\u00e4 peliss\u00e4 liikkuu aivan toisenlaiset rahat, kuin mit\u00e4&#8230;<\/p>\n","protected":false},"author":5,"featured_media":1771,"parent":1729,"menu_order":0,"comment_status":"closed","ping_status":"closed","template":"","meta":{"_acf_changed":false,"footnotes":""},"class_list":["post-1755","page","type-page","status-publish","has-post-thumbnail","hentry"],"acf":[],"yoast_head":"<!-- This site is optimized with the Yoast SEO plugin v27.0 - https:\/\/yoast.com\/product\/yoast-seo-wordpress\/ -->\n<title>Powerball Lotto | Kuinka pelata Powerball lottoa Suomessa<\/title>\n<meta name=\"description\" content=\"Powerball lotto kasvattaa suosiotaan ja j\u00e4rk\u00e4lem\u00e4isi\u00e4 voittojaan. USA:n suosittu lotto on pelattavissa my\u00f6s meill\u00e4 Suomessa. Tutustu!\" \/>\n<meta name=\"robots\" content=\"index, follow, max-snippet:-1, max-image-preview:large, max-video-preview:-1\" \/>\n<link rel=\"canonical\" href=\"https:\/\/fastercasinos.com\/fi\/rahapelit\/lotto-netissa\/powerball\/\" \/>\n<meta property=\"og:locale\" content=\"fi_FI\" \/>\n<meta property=\"og:type\" content=\"article\" \/>\n<meta property=\"og:title\" content=\"Powerball Lotto | Kuinka pelata Powerball lottoa Suomessa\" \/>\n<meta property=\"og:description\" content=\"Powerball lotto kasvattaa suosiotaan ja j\u00e4rk\u00e4lem\u00e4isi\u00e4 voittojaan. USA:n suosittu lotto on pelattavissa my\u00f6s meill\u00e4 Suomessa. Tutustu!\" \/>\n<meta property=\"og:url\" content=\"https:\/\/fastercasinos.com\/fi\/rahapelit\/lotto-netissa\/powerball\/\" \/>\n<meta property=\"og:site_name\" content=\"Faster casinos\" \/>\n<meta property=\"article:modified_time\" content=\"2021-12-14T10:33:37+00:00\" \/>\n<meta property=\"og:image\" content=\"https:\/\/fastercasinos.com\/wp-content\/uploads\/2021\/05\/fastercasinos-suomi.png\" \/>\n\t<meta property=\"og:image:width\" content=\"1200\" \/>\n\t<meta property=\"og:image:height\" content=\"628\" \/>\n\t<meta property=\"og:image:type\" content=\"image\/png\" \/>\n<meta name=\"twitter:card\" content=\"summary_large_image\" \/>\n<meta name=\"twitter:label1\" content=\"Arvioitu lukuaika\" \/>\n\t<meta name=\"twitter:data1\" content=\"4 minuuttia\" \/>\n<script type=\"application\/ld+json\" class=\"yoast-schema-graph\">{\"@context\":\"https:\/\/schema.org\",\"@graph\":[{\"@type\":\"WebPage\",\"@id\":\"https:\/\/fastercasinos.com\/fi\/rahapelit\/lotto-netissa\/powerball\/\",\"url\":\"https:\/\/fastercasinos.com\/fi\/rahapelit\/lotto-netissa\/powerball\/\",\"name\":\"Powerball Lotto | Kuinka pelata Powerball lottoa Suomessa\",\"isPartOf\":{\"@id\":\"https:\/\/fastercasinos.com\/fi\/#website\"},\"primaryImageOfPage\":{\"@id\":\"https:\/\/fastercasinos.com\/fi\/rahapelit\/lotto-netissa\/powerball\/#primaryimage\"},\"image\":{\"@id\":\"https:\/\/fastercasinos.com\/fi\/rahapelit\/lotto-netissa\/powerball\/#primaryimage\"},\"thumbnailUrl\":\"https:\/\/fastercasinos.com\/wp-content\/uploads\/2021\/05\/fastercasinos-suomi.png\",\"datePublished\":\"2021-11-04T09:36:49+00:00\",\"dateModified\":\"2021-12-14T10:33:37+00:00\",\"description\":\"Powerball lotto kasvattaa suosiotaan ja j\u00e4rk\u00e4lem\u00e4isi\u00e4 voittojaan. USA:n suosittu lotto on pelattavissa my\u00f6s meill\u00e4 Suomessa. Tutustu!\",\"breadcrumb\":{\"@id\":\"https:\/\/fastercasinos.com\/fi\/rahapelit\/lotto-netissa\/powerball\/#breadcrumb\"},\"inLanguage\":\"fi\",\"potentialAction\":[{\"@type\":\"ReadAction\",\"target\":[\"https:\/\/fastercasinos.com\/fi\/rahapelit\/lotto-netissa\/powerball\/\"]}]},{\"@type\":\"ImageObject\",\"inLanguage\":\"fi\",\"@id\":\"https:\/\/fastercasinos.com\/fi\/rahapelit\/lotto-netissa\/powerball\/#primaryimage\",\"url\":\"https:\/\/fastercasinos.com\/wp-content\/uploads\/2021\/05\/fastercasinos-suomi.png\",\"contentUrl\":\"https:\/\/fastercasinos.com\/wp-content\/uploads\/2021\/05\/fastercasinos-suomi.png\",\"width\":1200,\"height\":628,\"caption\":\"FasterCasinos.com Suomi\"},{\"@type\":\"BreadcrumbList\",\"@id\":\"https:\/\/fastercasinos.com\/fi\/rahapelit\/lotto-netissa\/powerball\/#breadcrumb\",\"itemListElement\":[{\"@type\":\"ListItem\",\"position\":1,\"name\":\"Nopeat Kasinot\",\"item\":\"https:\/\/fastercasinos.com\/fi\/\"},{\"@type\":\"ListItem\",\"position\":2,\"name\":\"Rahapelit\",\"item\":\"https:\/\/fastercasinos.com\/fi\/rahapelit\/\"},{\"@type\":\"ListItem\",\"position\":3,\"name\":\"Lotto netiss\u00e4\",\"item\":\"https:\/\/fastercasinos.com\/fi\/rahapelit\/lotto-netissa\/\"},{\"@type\":\"ListItem\",\"position\":4,\"name\":\"Powerball\"}]},{\"@type\":\"WebSite\",\"@id\":\"https:\/\/fastercasinos.com\/fi\/#website\",\"url\":\"https:\/\/fastercasinos.com\/fi\/\",\"name\":\"Faster casinos\",\"description\":\"Fast or nothing!\",\"publisher\":{\"@id\":\"https:\/\/fastercasinos.com\/fi\/#organization\"},\"potentialAction\":[{\"@type\":\"SearchAction\",\"target\":{\"@type\":\"EntryPoint\",\"urlTemplate\":\"https:\/\/fastercasinos.com\/fi\/?s={search_term_string}\"},\"query-input\":{\"@type\":\"PropertyValueSpecification\",\"valueRequired\":true,\"valueName\":\"search_term_string\"}}],\"inLanguage\":\"fi\"},{\"@type\":\"Organization\",\"@id\":\"https:\/\/fastercasinos.com\/fi\/#organization\",\"name\":\"Fastercasinos.com\",\"url\":\"https:\/\/fastercasinos.com\/fi\/\",\"logo\":{\"@type\":\"ImageObject\",\"inLanguage\":\"fi\",\"@id\":\"https:\/\/fastercasinos.com\/fi\/#\/schema\/logo\/image\/\",\"url\":\"https:\/\/fastercasinos.com\/wp-content\/uploads\/2022\/06\/Fastercasinos-logo.svg\",\"contentUrl\":\"https:\/\/fastercasinos.com\/wp-content\/uploads\/2022\/06\/Fastercasinos-logo.svg\",\"caption\":\"Fastercasinos.com\"},\"image\":{\"@id\":\"https:\/\/fastercasinos.com\/fi\/#\/schema\/logo\/image\/\"}}]}<\/script>\n<!-- \/ Yoast SEO plugin. -->","yoast_head_json":{"title":"Powerball Lotto | Kuinka pelata Powerball lottoa Suomessa","description":"Powerball lotto kasvattaa suosiotaan ja j\u00e4rk\u00e4lem\u00e4isi\u00e4 voittojaan. USA:n suosittu lotto on pelattavissa my\u00f6s meill\u00e4 Suomessa. Tutustu!","robots":{"index":"index","follow":"follow","max-snippet":"max-snippet:-1","max-image-preview":"max-image-preview:large","max-video-preview":"max-video-preview:-1"},"canonical":"https:\/\/fastercasinos.com\/fi\/rahapelit\/lotto-netissa\/powerball\/","og_locale":"fi_FI","og_type":"article","og_title":"Powerball Lotto | Kuinka pelata Powerball lottoa Suomessa","og_description":"Powerball lotto kasvattaa suosiotaan ja j\u00e4rk\u00e4lem\u00e4isi\u00e4 voittojaan. USA:n suosittu lotto on pelattavissa my\u00f6s meill\u00e4 Suomessa. Tutustu!","og_url":"https:\/\/fastercasinos.com\/fi\/rahapelit\/lotto-netissa\/powerball\/","og_site_name":"Faster casinos","article_modified_time":"2021-12-14T10:33:37+00:00","og_image":[{"width":1200,"height":628,"url":"https:\/\/fastercasinos.com\/wp-content\/uploads\/2021\/05\/fastercasinos-suomi.png","type":"image\/png"}],"twitter_card":"summary_large_image","twitter_misc":{"Arvioitu lukuaika":"4 minuuttia"},"schema":{"@context":"https:\/\/schema.org","@graph":[{"@type":"WebPage","@id":"https:\/\/fastercasinos.com\/fi\/rahapelit\/lotto-netissa\/powerball\/","url":"https:\/\/fastercasinos.com\/fi\/rahapelit\/lotto-netissa\/powerball\/","name":"Powerball Lotto | Kuinka pelata Powerball lottoa Suomessa","isPartOf":{"@id":"https:\/\/fastercasinos.com\/fi\/#website"},"primaryImageOfPage":{"@id":"https:\/\/fastercasinos.com\/fi\/rahapelit\/lotto-netissa\/powerball\/#primaryimage"},"image":{"@id":"https:\/\/fastercasinos.com\/fi\/rahapelit\/lotto-netissa\/powerball\/#primaryimage"},"thumbnailUrl":"https:\/\/fastercasinos.com\/wp-content\/uploads\/2021\/05\/fastercasinos-suomi.png","datePublished":"2021-11-04T09:36:49+00:00","dateModified":"2021-12-14T10:33:37+00:00","description":"Powerball lotto kasvattaa suosiotaan ja j\u00e4rk\u00e4lem\u00e4isi\u00e4 voittojaan. USA:n suosittu lotto on pelattavissa my\u00f6s meill\u00e4 Suomessa. Tutustu!","breadcrumb":{"@id":"https:\/\/fastercasinos.com\/fi\/rahapelit\/lotto-netissa\/powerball\/#breadcrumb"},"inLanguage":"fi","potentialAction":[{"@type":"ReadAction","target":["https:\/\/fastercasinos.com\/fi\/rahapelit\/lotto-netissa\/powerball\/"]}]},{"@type":"ImageObject","inLanguage":"fi","@id":"https:\/\/fastercasinos.com\/fi\/rahapelit\/lotto-netissa\/powerball\/#primaryimage","url":"https:\/\/fastercasinos.com\/wp-content\/uploads\/2021\/05\/fastercasinos-suomi.png","contentUrl":"https:\/\/fastercasinos.com\/wp-content\/uploads\/2021\/05\/fastercasinos-suomi.png","width":1200,"height":628,"caption":"FasterCasinos.com Suomi"},{"@type":"BreadcrumbList","@id":"https:\/\/fastercasinos.com\/fi\/rahapelit\/lotto-netissa\/powerball\/#breadcrumb","itemListElement":[{"@type":"ListItem","position":1,"name":"Nopeat Kasinot","item":"https:\/\/fastercasinos.com\/fi\/"},{"@type":"ListItem","position":2,"name":"Rahapelit","item":"https:\/\/fastercasinos.com\/fi\/rahapelit\/"},{"@type":"ListItem","position":3,"name":"Lotto netiss\u00e4","item":"https:\/\/fastercasinos.com\/fi\/rahapelit\/lotto-netissa\/"},{"@type":"ListItem","position":4,"name":"Powerball"}]},{"@type":"WebSite","@id":"https:\/\/fastercasinos.com\/fi\/#website","url":"https:\/\/fastercasinos.com\/fi\/","name":"Faster casinos","description":"Fast or nothing!","publisher":{"@id":"https:\/\/fastercasinos.com\/fi\/#organization"},"potentialAction":[{"@type":"SearchAction","target":{"@type":"EntryPoint","urlTemplate":"https:\/\/fastercasinos.com\/fi\/?s={search_term_string}"},"query-input":{"@type":"PropertyValueSpecification","valueRequired":true,"valueName":"search_term_string"}}],"inLanguage":"fi"},{"@type":"Organization","@id":"https:\/\/fastercasinos.com\/fi\/#organization","name":"Fastercasinos.com","url":"https:\/\/fastercasinos.com\/fi\/","logo":{"@type":"ImageObject","inLanguage":"fi","@id":"https:\/\/fastercasinos.com\/fi\/#\/schema\/logo\/image\/","url":"https:\/\/fastercasinos.com\/wp-content\/uploads\/2022\/06\/Fastercasinos-logo.svg","contentUrl":"https:\/\/fastercasinos.com\/wp-content\/uploads\/2022\/06\/Fastercasinos-logo.svg","caption":"Fastercasinos.com"},"image":{"@id":"https:\/\/fastercasinos.com\/fi\/#\/schema\/logo\/image\/"}}]}},"_links":{"self":[{"href":"https:\/\/fastercasinos.com\/fi\/wp-json\/wp\/v2\/pages\/1755","targetHints":{"allow":["GET"]}}],"collection":[{"href":"https:\/\/fastercasinos.com\/fi\/wp-json\/wp\/v2\/pages"}],"about":[{"href":"https:\/\/fastercasinos.com\/fi\/wp-json\/wp\/v2\/types\/page"}],"author":[{"embeddable":true,"href":"https:\/\/fastercasinos.com\/fi\/wp-json\/wp\/v2\/users\/5"}],"replies":[{"embeddable":true,"href":"https:\/\/fastercasinos.com\/fi\/wp-json\/wp\/v2\/comments?post=1755"}],"version-history":[{"count":4,"href":"https:\/\/fastercasinos.com\/fi\/wp-json\/wp\/v2\/pages\/1755\/revisions"}],"predecessor-version":[{"id":3519,"href":"https:\/\/fastercasinos.com\/fi\/wp-json\/wp\/v2\/pages\/1755\/revisions\/3519"}],"up":[{"embeddable":true,"href":"https:\/\/fastercasinos.com\/fi\/wp-json\/wp\/v2\/pages\/1729"}],"wp:featuredmedia":[{"embeddable":true,"href":"https:\/\/fastercasinos.com\/fi\/wp-json\/wp\/v2\/media\/1771"}],"wp:attachment":[{"href":"https:\/\/fastercasinos.com\/fi\/wp-json\/wp\/v2\/media?parent=1755"}],"curies":[{"name":"wp","href":"https:\/\/api.w.org\/{rel}","templated":true}]}}