{"id":1912,"date":"2021-11-04T09:33:44","date_gmt":"2021-11-04T09:33:44","guid":{"rendered":"https:\/\/fastercasinos.com\/?page_id=1912"},"modified":"2024-08-05T13:31:47","modified_gmt":"2024-08-05T13:31:47","slug":"hugo","status":"publish","type":"page","link":"https:\/\/fastercasinos.com\/fi\/rahapelit\/kolikkopelit\/hugo\/","title":{"rendered":"Hugo"},"content":{"rendered":"\n<h1 class=\"wp-block-heading\">Hugo pelit<\/h1>\n\n\n\n<p>Legendaarinen Hugo peli televisiossa ei paljon esittelyj\u00e4 kaipaa, ainakaan jos olet el\u00e4nyt lapsuutta tai nuoruutta, miksei aikuisuuttakin 1990-luvulla.<\/p>\n\n\n\n<p>Taru Valkeap\u00e4\u00e4n juontama Hugo peli on j\u00e4\u00e4nyt monelle el\u00e4v\u00e4n\u00e4 mieleen: lankapuhelimella ohjattava tv-peli oli yksi viikon odotetuimpia ohjelmia, ja veike\u00e4n Hugon seikkailut halki metsien, taivaan, vuorien ja junaratojen ovat j\u00e4\u00e4neet el\u00e4m\u00e4\u00e4n mieliimme vuosikymmeniksi viel\u00e4 eteenp\u00e4inkin.<\/p>\n\n\n\n<p>Her\u00e4\u00e4, pahvi, kohta k\u00e4y peikkomainen flaksi!<\/p>\n\n\n\n<h2 class=\"wp-block-heading\">Hugo peli netiss\u00e4<\/h2>\n\n\n\n<p>Hugo peli on yksi suomalaisten pelaajien suosikkeja kasinoilla. Peikon nimiss\u00e4 on julkaistu itse asiassa jo useampiakin eri versioita. N\u00e4ist\u00e4 osa pohjautuu suoraan televisiossakin n\u00e4htyihin eri pelikenttiin, mutta useimmat ovat kokonaan kasinoiden k\u00e4ytt\u00f6\u00f6n luotuja, uusia tasoja. Kaikkien pelien valmistajana toimii Play\u2019n GO.&nbsp; Hugo pelit netiss\u00e4 ovat t\u00e4ll\u00e4 hetkell\u00e4:<\/p>\n\n\n\n<ul class=\"wp-block-list\">\n<li>Hugo<\/li>\n\n\n\n<li>Hugo 2 peli<\/li>\n\n\n\n<li>Hugo Goal<\/li>\n\n\n\n<li>Hugo\u2019s Adventure<\/li>\n<\/ul>\n\n\n\n<figure class=\"wp-block-image size-large\"><img loading=\"lazy\" decoding=\"async\" width=\"500\" height=\"280\" src=\"https:\/\/fastercasinos.com\/wp-content\/uploads\/2021\/05\/hugo-pelit-netissa.png\" alt=\"Hugo pelit netiss\u00e4\" class=\"wp-image-1915\" srcset=\"https:\/\/fastercasinos.com\/wp-content\/uploads\/2021\/05\/hugo-pelit-netissa.png 500w, https:\/\/fastercasinos.com\/wp-content\/uploads\/2021\/05\/hugo-pelit-netissa-300x168.png 300w\" sizes=\"auto, (max-width: 500px) 100vw, 500px\" \/><\/figure>\n\n\n\n<h2 class=\"wp-block-heading\">Pelaa Hugo pelej\u00e4 kasinoilla<\/h2>\n\n\n\n\n\n<h3 class=\"wp-block-heading\">Ensimm\u00e4inen Hugo peli<\/h3>\n\n\n\n<p>Vuonna 2016 julkaistu Hugo peli on visuaalisesti n\u00e4ytt\u00e4v\u00e4, ja toimintojensakin osalta se on varsin kelpo slotti. T\u00e4ss\u00e4 peliss\u00e4 p\u00e4\u00e4set mukaan Hugo-peikon seikkailuun, jossa etsit maailman halutuinta aarretta. Samalla sinun tulisi pelastaa Hugolina, eli sankarimme peikkovaimo pahalta noidalta.<\/p>\n\n\n\n<p>Hugo peli netiss\u00e4 sis\u00e4lt\u00e4\u00e4 viisi kelaa ja kolme rivi\u00e4. Peruspelin kulku on varsin suoraviivainen, ja kunnolla eloon slotti p\u00e4\u00e4see vasta bonustoiminnoissaan. Hugossa on aarrearkun muodossa oleva bonussymboli. <\/p>\n\n\n\n<p>Kun saat kolme t\u00e4llaista ruudukolle, k\u00e4ynnist\u00e4t samalla huikean bonuspelin.&nbsp;Wildina toimiva Hugo-peikko tuplaa kaikki voitot, ja korvaa muut symbolit, paitsi scatterin ja bonussymbolin. Scatterina peliss\u00e4 n\u00e4hd\u00e4\u00e4n ilke\u00e4 Afskylia-noita, joka kaikkien yll\u00e4tykseksi taikoo sinulle pelin sis\u00e4isi\u00e4 ilmaiskierroksia.<\/p>\n\n\n\n<p>Kolikon arvon voit t\u00e4ss\u00e4 peliss\u00e4 s\u00e4\u00e4t\u00e4\u00e4 v\u00e4lill\u00e4 0,01 &#8211; 2,00. Kolikoita saat asetettua yht\u00e4 kierrosta kohti maksimissaan viisi kappaletta, ja voittolinjoja on yhteens\u00e4 10 erilaista. Pelin palautusprosentti on 96,40 % ja varianssiltaan se on keskitasoa.<\/p>\n\n\n\n<h3 class=\"wp-block-heading\">Hugo 2 peli<\/h3>\n\n\n\n<p>Ensimm\u00e4isen Hugo peli sai jatkoa jo heti seuraavana vuonna, eli 2017. Hugo 2 peli jatkaa peikkopariskunnan tarinaa, ja pahainen Afskylia-noita l\u00f6ytyy my\u00f6s t\u00e4st\u00e4 slotista. Varianssi on t\u00e4ss\u00e4 kakkososassa s\u00e4\u00e4detty korkealle, joten t\u00e4m\u00e4&nbsp;<a href=\"https:\/\/fastercasinos.com\/fi\/rahapelit\/\">rahapeli<\/a>&nbsp;on edelt\u00e4j\u00e4\u00e4ns\u00e4 hitusen haastavampi.<\/p>\n\n\n\n<p>Ekassa peliss\u00e4 seikkailu k\u00e4yd\u00e4\u00e4n p\u00e4\u00e4asiassa taianomaisessa mets\u00e4ss\u00e4, mutta kakkosessa p\u00e4\u00e4set liikkumaan junaraiteilla.Hugo 2 peli on perustoiminnoiltaan aivan yht\u00e4 yksinkertainen kuin ensimm\u00e4inen slottikin. Siin\u00e4kin on siis viisi kelaa ja kolme rivi\u00e4.<\/p>\n\n\n\n<p>Erikoistoiminnoissa on mukana ilmaiskierrokset ja bonuspeli. Ilmaiskierroksia voit saada maksimissaan 20 kappaletta kerralla, ja niiden aikna p\u00e4\u00e4set ker\u00e4\u00e4m\u00e4\u00e4n wildeja sek\u00e4 voittokertoimia.&nbsp;Mik\u00e4li p\u00e4\u00e4set bonuspeliin ja selviydyt siell\u00e4 kaikista eteesi tulevista vaaroista, saat jopa voittokertoimen 5x!<\/p>\n\n\n\n<p>Bonuspelin saat laukaistua auki majava-symbolilla. Panostustasoja on yksinkertaistettu t\u00e4h\u00e4n Hugo 2 peliin. Voit asettaa panokset suoraan eurom\u00e4\u00e4r\u00e4isin\u00e4 ilman sen ihmeempi\u00e4 kikkailuja: valittavana on tasot 10 sentist\u00e4 aina 100 euroon saakka.<\/p>\n\n\n\n<h3 class=\"wp-block-heading\">Muut Hugo-pelit<\/h3>\n\n\n\n<p><strong>Hugo Goal<\/strong> poikkeaa kahdesta aikaisemmasta saman tuoteperheen pelist\u00e4 melkoisesti. Se ei my\u00f6sk\u00e4\u00e4n suoraan tuo mieleesi TV:st\u00e4 tuttua peliohjelmaa, vaan on t\u00e4ysin omanlaisensa ratkaisu.&nbsp;T\u00e4ss\u00e4 peliss\u00e4 Hugo n\u00e4hd\u00e4\u00e4n jalkapallokent\u00e4ll\u00e4.<\/p>\n\n\n\n<p>Erikoistoimintoja ovat mm. ilmaskierrokset, ja uudelleenpy\u00f6r\u00e4ytys siihen saakka, ett\u00e4 kohdallesi osuu jokin voitto. Voittokertoimet t\u00e4ss\u00e4 peliss\u00e4 voivat olla jopa 10x, ja korkeimmillaan voitat jopa 800x panoksesi.<\/p>\n\n\n\n<p><strong>Hugo Adventure<\/strong> sen sijaan on kahden ensimm\u00e4isen pelin kanssa enemm\u00e4n samaa kastia. Siin\u00e4 p\u00e4\u00e4set toilailemaan Hugopeikon kanssa entiseen malliin. Siin\u00e4 miss\u00e4 aikaisemmissa sloteissa olet seikkaillut mets\u00e4n siimeksess\u00e4 sek\u00e4 junaradan varrella, olet nyt lentomatkalla.<\/p>\n\n\n\n<p>Saatat ehk\u00e4 muistaakin lentopelin my\u00f6s televisiossa pelatusta Hugosta! Ilmojen halki k\u00e4y peikkojen tie, ja sielt\u00e4 voit napata itsellesi my\u00f6s mittavia palkintoja.<\/p>\n\n\n\n<h2 class=\"wp-block-heading\">Miksi valita juuri Hugo pelit?<\/h2>\n\n\n\n<p>Hugo pelit ovat kaikki \u00e4\u00e4rimm\u00e4isen hauskoja. Ne on toteutettu Play\u2019n GO:lle ominaiseen tyyliin todella taitavasti, ja sis\u00e4lt\u00e4v\u00e4t mahtavia yksityiskohtia. <\/p>\n\n\n\n<p>Parhaiten Hugo peli, oli se sitten ensimm\u00e4inen osa tai vaikkapa jalkapalloaiheinen, soveltuu mielest\u00e4mme sellaisille pelaajille, joilla on t\u00e4st\u00e4 hullunkurisesta peikosta muistoja vuosikymmenten takaa.&nbsp;Nostalgian n\u00e4lk\u00e4\u00e4n Hugo pelit ovat mit\u00e4 parasta viihdett\u00e4, ja ne tarjoavat my\u00f6s oikeasti fiksuja voittosummia.<\/p>\n\n\n\n<p>Muista valita&nbsp;<a href=\"https:\/\/fastercasinos.com\/fi\/\">nopea nettikasino<\/a>, jossa Hugo-pelej\u00e4 l\u00e4hdet pelaamaan, sivustomme kautta. Esittelemme sinulle vain luotettavia kasinoita, joten voit niill\u00e4 pelatessasi unohtaa huolet ja keskitty\u00e4 olennaiseen, eli viihtymiseen. Hugo peli tarjoaa sinulle viihdett\u00e4 monessa eri muodossa, l\u00e4hdeh\u00e4n testaamaan!<\/p>\n","protected":false},"excerpt":{"rendered":"<p>Hugo pelit Legendaarinen Hugo peli televisiossa ei paljon esittelyj\u00e4 kaipaa, ainakaan jos olet el\u00e4nyt lapsuutta tai nuoruutta, miksei aikuisuuttakin 1990-luvulla&#8230;.<\/p>\n","protected":false},"author":5,"featured_media":1771,"parent":1726,"menu_order":0,"comment_status":"closed","ping_status":"closed","template":"","meta":{"_acf_changed":false,"footnotes":""},"class_list":["post-1912","page","type-page","status-publish","has-post-thumbnail","hentry"],"acf":[],"yoast_head":"<!-- This site is optimized with the Yoast SEO plugin v27.0 - https:\/\/yoast.com\/product\/yoast-seo-wordpress\/ -->\n<title>Hugo peli | Nettikasinoiden Hugo pelit esittelyss\u00e4<\/title>\n<meta name=\"description\" content=\"Hugo peli l\u00f6ytyy t\u00e4n\u00e4 p\u00e4iv\u00e4n\u00e4 nettikasinoilta monessa eri muodossa. Millaisia ominaisuuksia Hugo pelit sis\u00e4lt\u00e4v\u00e4t? Lue postauksesta!\" \/>\n<meta name=\"robots\" content=\"index, follow, max-snippet:-1, max-image-preview:large, max-video-preview:-1\" \/>\n<link rel=\"canonical\" href=\"https:\/\/fastercasinos.com\/fi\/rahapelit\/kolikkopelit\/hugo\/\" \/>\n<meta property=\"og:locale\" content=\"fi_FI\" \/>\n<meta property=\"og:type\" content=\"article\" \/>\n<meta property=\"og:title\" content=\"Hugo peli | Nettikasinoiden Hugo pelit esittelyss\u00e4\" \/>\n<meta property=\"og:description\" content=\"Hugo peli l\u00f6ytyy t\u00e4n\u00e4 p\u00e4iv\u00e4n\u00e4 nettikasinoilta monessa eri muodossa. Millaisia ominaisuuksia Hugo pelit sis\u00e4lt\u00e4v\u00e4t? Lue postauksesta!\" \/>\n<meta property=\"og:url\" content=\"https:\/\/fastercasinos.com\/fi\/rahapelit\/kolikkopelit\/hugo\/\" \/>\n<meta property=\"og:site_name\" content=\"Faster casinos\" \/>\n<meta property=\"article:modified_time\" content=\"2024-08-05T13:31:47+00:00\" \/>\n<meta property=\"og:image\" content=\"https:\/\/fastercasinos.com\/wp-content\/uploads\/2021\/05\/fastercasinos-suomi.png\" \/>\n\t<meta property=\"og:image:width\" content=\"1200\" \/>\n\t<meta property=\"og:image:height\" content=\"628\" \/>\n\t<meta property=\"og:image:type\" content=\"image\/png\" \/>\n<meta name=\"twitter:card\" content=\"summary_large_image\" \/>\n<meta name=\"twitter:label1\" content=\"Arvioitu lukuaika\" \/>\n\t<meta name=\"twitter:data1\" content=\"1 minuutti\" \/>\n<script type=\"application\/ld+json\" class=\"yoast-schema-graph\">{\"@context\":\"https:\/\/schema.org\",\"@graph\":[{\"@type\":\"WebPage\",\"@id\":\"https:\/\/fastercasinos.com\/fi\/rahapelit\/kolikkopelit\/hugo\/\",\"url\":\"https:\/\/fastercasinos.com\/fi\/rahapelit\/kolikkopelit\/hugo\/\",\"name\":\"Hugo peli | Nettikasinoiden Hugo pelit esittelyss\u00e4\",\"isPartOf\":{\"@id\":\"https:\/\/fastercasinos.com\/fi\/#website\"},\"primaryImageOfPage\":{\"@id\":\"https:\/\/fastercasinos.com\/fi\/rahapelit\/kolikkopelit\/hugo\/#primaryimage\"},\"image\":{\"@id\":\"https:\/\/fastercasinos.com\/fi\/rahapelit\/kolikkopelit\/hugo\/#primaryimage\"},\"thumbnailUrl\":\"https:\/\/fastercasinos.com\/wp-content\/uploads\/2021\/05\/fastercasinos-suomi.png\",\"datePublished\":\"2021-11-04T09:33:44+00:00\",\"dateModified\":\"2024-08-05T13:31:47+00:00\",\"description\":\"Hugo peli l\u00f6ytyy t\u00e4n\u00e4 p\u00e4iv\u00e4n\u00e4 nettikasinoilta monessa eri muodossa. Millaisia ominaisuuksia Hugo pelit sis\u00e4lt\u00e4v\u00e4t? Lue postauksesta!\",\"breadcrumb\":{\"@id\":\"https:\/\/fastercasinos.com\/fi\/rahapelit\/kolikkopelit\/hugo\/#breadcrumb\"},\"inLanguage\":\"fi\",\"potentialAction\":[{\"@type\":\"ReadAction\",\"target\":[\"https:\/\/fastercasinos.com\/fi\/rahapelit\/kolikkopelit\/hugo\/\"]}]},{\"@type\":\"ImageObject\",\"inLanguage\":\"fi\",\"@id\":\"https:\/\/fastercasinos.com\/fi\/rahapelit\/kolikkopelit\/hugo\/#primaryimage\",\"url\":\"https:\/\/fastercasinos.com\/wp-content\/uploads\/2021\/05\/fastercasinos-suomi.png\",\"contentUrl\":\"https:\/\/fastercasinos.com\/wp-content\/uploads\/2021\/05\/fastercasinos-suomi.png\",\"width\":1200,\"height\":628,\"caption\":\"FasterCasinos.com Suomi\"},{\"@type\":\"BreadcrumbList\",\"@id\":\"https:\/\/fastercasinos.com\/fi\/rahapelit\/kolikkopelit\/hugo\/#breadcrumb\",\"itemListElement\":[{\"@type\":\"ListItem\",\"position\":1,\"name\":\"Nopeat Kasinot\",\"item\":\"https:\/\/fastercasinos.com\/fi\/\"},{\"@type\":\"ListItem\",\"position\":2,\"name\":\"Rahapelit\",\"item\":\"https:\/\/fastercasinos.com\/fi\/rahapelit\/\"},{\"@type\":\"ListItem\",\"position\":3,\"name\":\"Kolikkopelit\",\"item\":\"https:\/\/fastercasinos.com\/fi\/rahapelit\/kolikkopelit\/\"},{\"@type\":\"ListItem\",\"position\":4,\"name\":\"Hugo\"}]},{\"@type\":\"WebSite\",\"@id\":\"https:\/\/fastercasinos.com\/fi\/#website\",\"url\":\"https:\/\/fastercasinos.com\/fi\/\",\"name\":\"Faster casinos\",\"description\":\"Fast or nothing!\",\"publisher\":{\"@id\":\"https:\/\/fastercasinos.com\/fi\/#organization\"},\"potentialAction\":[{\"@type\":\"SearchAction\",\"target\":{\"@type\":\"EntryPoint\",\"urlTemplate\":\"https:\/\/fastercasinos.com\/fi\/?s={search_term_string}\"},\"query-input\":{\"@type\":\"PropertyValueSpecification\",\"valueRequired\":true,\"valueName\":\"search_term_string\"}}],\"inLanguage\":\"fi\"},{\"@type\":\"Organization\",\"@id\":\"https:\/\/fastercasinos.com\/fi\/#organization\",\"name\":\"Fastercasinos.com\",\"url\":\"https:\/\/fastercasinos.com\/fi\/\",\"logo\":{\"@type\":\"ImageObject\",\"inLanguage\":\"fi\",\"@id\":\"https:\/\/fastercasinos.com\/fi\/#\/schema\/logo\/image\/\",\"url\":\"https:\/\/fastercasinos.com\/wp-content\/uploads\/2022\/06\/Fastercasinos-logo.svg\",\"contentUrl\":\"https:\/\/fastercasinos.com\/wp-content\/uploads\/2022\/06\/Fastercasinos-logo.svg\",\"caption\":\"Fastercasinos.com\"},\"image\":{\"@id\":\"https:\/\/fastercasinos.com\/fi\/#\/schema\/logo\/image\/\"}}]}<\/script>\n<!-- \/ Yoast SEO plugin. -->","yoast_head_json":{"title":"Hugo peli | Nettikasinoiden Hugo pelit esittelyss\u00e4","description":"Hugo peli l\u00f6ytyy t\u00e4n\u00e4 p\u00e4iv\u00e4n\u00e4 nettikasinoilta monessa eri muodossa. Millaisia ominaisuuksia Hugo pelit sis\u00e4lt\u00e4v\u00e4t? Lue postauksesta!","robots":{"index":"index","follow":"follow","max-snippet":"max-snippet:-1","max-image-preview":"max-image-preview:large","max-video-preview":"max-video-preview:-1"},"canonical":"https:\/\/fastercasinos.com\/fi\/rahapelit\/kolikkopelit\/hugo\/","og_locale":"fi_FI","og_type":"article","og_title":"Hugo peli | Nettikasinoiden Hugo pelit esittelyss\u00e4","og_description":"Hugo peli l\u00f6ytyy t\u00e4n\u00e4 p\u00e4iv\u00e4n\u00e4 nettikasinoilta monessa eri muodossa. Millaisia ominaisuuksia Hugo pelit sis\u00e4lt\u00e4v\u00e4t? Lue postauksesta!","og_url":"https:\/\/fastercasinos.com\/fi\/rahapelit\/kolikkopelit\/hugo\/","og_site_name":"Faster casinos","article_modified_time":"2024-08-05T13:31:47+00:00","og_image":[{"width":1200,"height":628,"url":"https:\/\/fastercasinos.com\/wp-content\/uploads\/2021\/05\/fastercasinos-suomi.png","type":"image\/png"}],"twitter_card":"summary_large_image","twitter_misc":{"Arvioitu lukuaika":"1 minuutti"},"schema":{"@context":"https:\/\/schema.org","@graph":[{"@type":"WebPage","@id":"https:\/\/fastercasinos.com\/fi\/rahapelit\/kolikkopelit\/hugo\/","url":"https:\/\/fastercasinos.com\/fi\/rahapelit\/kolikkopelit\/hugo\/","name":"Hugo peli | Nettikasinoiden Hugo pelit esittelyss\u00e4","isPartOf":{"@id":"https:\/\/fastercasinos.com\/fi\/#website"},"primaryImageOfPage":{"@id":"https:\/\/fastercasinos.com\/fi\/rahapelit\/kolikkopelit\/hugo\/#primaryimage"},"image":{"@id":"https:\/\/fastercasinos.com\/fi\/rahapelit\/kolikkopelit\/hugo\/#primaryimage"},"thumbnailUrl":"https:\/\/fastercasinos.com\/wp-content\/uploads\/2021\/05\/fastercasinos-suomi.png","datePublished":"2021-11-04T09:33:44+00:00","dateModified":"2024-08-05T13:31:47+00:00","description":"Hugo peli l\u00f6ytyy t\u00e4n\u00e4 p\u00e4iv\u00e4n\u00e4 nettikasinoilta monessa eri muodossa. Millaisia ominaisuuksia Hugo pelit sis\u00e4lt\u00e4v\u00e4t? Lue postauksesta!","breadcrumb":{"@id":"https:\/\/fastercasinos.com\/fi\/rahapelit\/kolikkopelit\/hugo\/#breadcrumb"},"inLanguage":"fi","potentialAction":[{"@type":"ReadAction","target":["https:\/\/fastercasinos.com\/fi\/rahapelit\/kolikkopelit\/hugo\/"]}]},{"@type":"ImageObject","inLanguage":"fi","@id":"https:\/\/fastercasinos.com\/fi\/rahapelit\/kolikkopelit\/hugo\/#primaryimage","url":"https:\/\/fastercasinos.com\/wp-content\/uploads\/2021\/05\/fastercasinos-suomi.png","contentUrl":"https:\/\/fastercasinos.com\/wp-content\/uploads\/2021\/05\/fastercasinos-suomi.png","width":1200,"height":628,"caption":"FasterCasinos.com Suomi"},{"@type":"BreadcrumbList","@id":"https:\/\/fastercasinos.com\/fi\/rahapelit\/kolikkopelit\/hugo\/#breadcrumb","itemListElement":[{"@type":"ListItem","position":1,"name":"Nopeat Kasinot","item":"https:\/\/fastercasinos.com\/fi\/"},{"@type":"ListItem","position":2,"name":"Rahapelit","item":"https:\/\/fastercasinos.com\/fi\/rahapelit\/"},{"@type":"ListItem","position":3,"name":"Kolikkopelit","item":"https:\/\/fastercasinos.com\/fi\/rahapelit\/kolikkopelit\/"},{"@type":"ListItem","position":4,"name":"Hugo"}]},{"@type":"WebSite","@id":"https:\/\/fastercasinos.com\/fi\/#website","url":"https:\/\/fastercasinos.com\/fi\/","name":"Faster casinos","description":"Fast or nothing!","publisher":{"@id":"https:\/\/fastercasinos.com\/fi\/#organization"},"potentialAction":[{"@type":"SearchAction","target":{"@type":"EntryPoint","urlTemplate":"https:\/\/fastercasinos.com\/fi\/?s={search_term_string}"},"query-input":{"@type":"PropertyValueSpecification","valueRequired":true,"valueName":"search_term_string"}}],"inLanguage":"fi"},{"@type":"Organization","@id":"https:\/\/fastercasinos.com\/fi\/#organization","name":"Fastercasinos.com","url":"https:\/\/fastercasinos.com\/fi\/","logo":{"@type":"ImageObject","inLanguage":"fi","@id":"https:\/\/fastercasinos.com\/fi\/#\/schema\/logo\/image\/","url":"https:\/\/fastercasinos.com\/wp-content\/uploads\/2022\/06\/Fastercasinos-logo.svg","contentUrl":"https:\/\/fastercasinos.com\/wp-content\/uploads\/2022\/06\/Fastercasinos-logo.svg","caption":"Fastercasinos.com"},"image":{"@id":"https:\/\/fastercasinos.com\/fi\/#\/schema\/logo\/image\/"}}]}},"_links":{"self":[{"href":"https:\/\/fastercasinos.com\/fi\/wp-json\/wp\/v2\/pages\/1912","targetHints":{"allow":["GET"]}}],"collection":[{"href":"https:\/\/fastercasinos.com\/fi\/wp-json\/wp\/v2\/pages"}],"about":[{"href":"https:\/\/fastercasinos.com\/fi\/wp-json\/wp\/v2\/types\/page"}],"author":[{"embeddable":true,"href":"https:\/\/fastercasinos.com\/fi\/wp-json\/wp\/v2\/users\/5"}],"replies":[{"embeddable":true,"href":"https:\/\/fastercasinos.com\/fi\/wp-json\/wp\/v2\/comments?post=1912"}],"version-history":[{"count":6,"href":"https:\/\/fastercasinos.com\/fi\/wp-json\/wp\/v2\/pages\/1912\/revisions"}],"predecessor-version":[{"id":5554,"href":"https:\/\/fastercasinos.com\/fi\/wp-json\/wp\/v2\/pages\/1912\/revisions\/5554"}],"up":[{"embeddable":true,"href":"https:\/\/fastercasinos.com\/fi\/wp-json\/wp\/v2\/pages\/1726"}],"wp:featuredmedia":[{"embeddable":true,"href":"https:\/\/fastercasinos.com\/fi\/wp-json\/wp\/v2\/media\/1771"}],"wp:attachment":[{"href":"https:\/\/fastercasinos.com\/fi\/wp-json\/wp\/v2\/media?parent=1912"}],"curies":[{"name":"wp","href":"https:\/\/api.w.org\/{rel}","templated":true}]}}