{"id":1918,"date":"2021-11-04T09:34:19","date_gmt":"2021-11-04T09:34:19","guid":{"rendered":"https:\/\/fastercasinos.com\/?page_id=1918"},"modified":"2021-12-14T10:30:37","modified_gmt":"2021-12-14T10:30:37","slug":"starburst","status":"publish","type":"page","link":"https:\/\/fastercasinos.com\/fi\/rahapelit\/kolikkopelit\/starburst\/","title":{"rendered":"Starburst"},"content":{"rendered":"\n<h1 class=\"wp-block-heading\">Starburst<\/h1>\n\n\n\n<p>Starburst on yksi maailman tunnetuimmista kolikkopeleist\u00e4. Se on pelivalmistaja NetEntin julkaisema simppeli, mutta silti mahdottoman koukuttava slotti, joka jaksaa viihdytt\u00e4\u00e4 pelaajia vuodesta toiseen.<\/p>\n\n\n\n<p>Starburst palautusprosentti ei v\u00e4ltt\u00e4m\u00e4tt\u00e4 ole korkein mahdollinen, mutta pelin matala varianssi ja monipuoliset panostasot tekev\u00e4t siit\u00e4 kiinnostavan niin aloittelijoille kuin kokeneemmillekin pelaajille.<\/p>\n\n\n\n<h2 class=\"wp-block-heading\">Pelaa Starburst peli\u00e4 nettikasinolla<\/h2>\n\n\n\n\n\n<h2 class=\"wp-block-heading\">Starburst peli \u2013 perustoiminnot<\/h2>\n\n\n\n<p>Starburst on teemaltaan varsin futuristinen slotti, joka sis\u00e4lt\u00e4\u00e4 avaruudellisen ulkoasun sek\u00e4 syntikalla luodun \u00e4\u00e4nimaailman. Pelin kolmella rivill\u00e4 ja viidell\u00e4 kelalla py\u00f6rii useita, v\u00e4rikk\u00e4it\u00e4 jalokivi\u00e4, ja kaiken kruunaa itse Starburst-symboli.<\/p>\n\n\n\n<p>Voittojen tavoittelu peliss\u00e4 on ilahduttavan suoraviivaista. Voittolinjoja on kymmenen erilaista, ja teht\u00e4v\u00e4n\u00e4si on pyrki\u00e4 muodostamaan niihin v\u00e4hint\u00e4\u00e4n kolmen saman symbolin rivej\u00e4.&nbsp;Suurimmat voitot saat tietenkin viidell\u00e4 samalla symbolilla! Jalokivien lis\u00e4ksi peliruudukolle voi ilmesty\u00e4 my\u00f6s merkit 7 ja BAR.<\/p>\n\n\n\n<p>Voitot maksetaan t\u00e4ss\u00e4 peliss\u00e4 riemastuttavasti molempiin suuntiin.Kun saat voiton ruudukolle, ei se j\u00e4\u00e4 huomaamatta. Starburst nimitt\u00e4in korostaa voittoa n\u00e4ytt\u00e4vill\u00e4 lasereilla, ja pian koko peliruudukolla n\u00e4kyy h\u00e4ik\u00e4isev\u00e4 valojen show.<\/p>\n\n\n\n<p>Erityisen suuria voittoja saat silloin, kun ruudukolle ilmestyy sanoja, kuten Suuri Voitto, Superyhdistelm\u00e4 ja Supermegavoitto.<\/p>\n\n\n\n<figure class=\"wp-block-image size-large\"><img loading=\"lazy\" decoding=\"async\" width=\"500\" height=\"280\" src=\"https:\/\/fastercasinos.com\/wp-content\/uploads\/2021\/05\/starburst-peli-netissa.png\" alt=\"Suosittu Starburst peli\" class=\"wp-image-1920\" srcset=\"https:\/\/fastercasinos.com\/wp-content\/uploads\/2021\/05\/starburst-peli-netissa.png 500w, https:\/\/fastercasinos.com\/wp-content\/uploads\/2021\/05\/starburst-peli-netissa-300x168.png 300w\" sizes=\"auto, (max-width: 500px) 100vw, 500px\" \/><\/figure>\n\n\n\n<h3 class=\"wp-block-heading\">Erikoisominaisuudet<\/h3>\n\n\n\n<p>Starburst on\u00a0<a href=\"https:\/\/fastercasinos.com\/fi\/rahapelit\/kolikkopelit\/\">netti kolikkopeli<\/a>, jossa erikoisominaisuuksia ei ole juuri nimeksik\u00e4\u00e4n. T\u00e4m\u00e4 ei ole vaikuttanut pelin h\u00e4kellytt\u00e4v\u00e4n suureen suosioon lainkaan, vaan slotti on pysynyt kiinnostavana ja ajankohtaisena vuodesta toiseen. Oman osansa t\u00e4ss\u00e4 on toki kasinoiden antamilla tarjouksilla, joissa ilmaiskierrokset ovat monesti k\u00e4ytett\u00e4viss\u00e4 juuri Starburstissa.<\/p>\n\n\n\n<p>Starburstin ainoana varsinaisena bonustoimintona on laajeneva Wild. Se on yksinkertaisuudessaan suorastaan nerokas: kirkas t\u00e4htisymboli toimii wildina, joka voi saapua keloille 2, 3 tai 4.&nbsp;<\/p>\n\n\n\n<p>Kun se osuu jollekin n\u00e4ist\u00e4 keloista, l\u00e4htee se laajenmaan kokonaisen kelan kokoiseksi. Samalla se korvaa mink\u00e4 tahansa muun symbolin, ja n\u00e4in parantaa voittomahdollisuuksiasi merkitt\u00e4v\u00e4sti.<\/p>\n\n\n\n<p>Koko kelan peitt\u00e4v\u00e4 wild ei silti ole ainoa toiminto, vaan kela j\u00e4\u00e4 paikoilleen yhden uudelleenpy\u00f6r\u00e4ytyksen ajaksi. Aina, kun saat uuden voiton t\u00e4ss\u00e4 toiminnossa, laukaiset j\u00e4lleen uuden py\u00f6r\u00e4ytyksen. Yhteens\u00e4 per\u00e4kk\u00e4isi\u00e4 spinnej\u00e4 voi olla tiedossa kolme kappaletta!<\/p>\n\n\n\n<p>Ilmaiskierrokset Starburst -peliss\u00e4 ovat sen parasta antia, vaikka ne tulevatkin ainoastaan uudelleenpy\u00f6r\u00e4ytysten muodossa. Kokonaisuutena ne ovat kuitenkin j\u00e4nnitt\u00e4vi\u00e4, hauskoja, ja voivat tuottaa sinulle j\u00e4ttisuuriakin voittoja.<\/p>\n\n\n\n<h2 class=\"wp-block-heading\">Starburst RTP ja varianssi<\/h2>\n\n\n\n<p>Starburst palautusprosentti eli pelin RTP, ei sek\u00e4\u00e4n varsinaisesti p\u00e4\u00e4t\u00e4 huimaa, mutta on kuitenkin yh\u00e4 vuosienkin j\u00e4lkeen markkinoiden keskitasolla. RTP Starburstissa on siis 96.09 %. Ottaen huomioon, ett\u00e4 t\u00e4m\u00e4 kolikkopeli julkaistiin tosiaan jo vuonna 2013, on RTP s\u00e4ilytt\u00e4nyt kilpailukykyns\u00e4 erinomaisesti.<\/p>\n\n\n\n<p>Varianssiltaan slotti on matala. T\u00e4m\u00e4 miellytt\u00e4\u00e4 yleens\u00e4 etenkin pienemm\u00e4n budjetin pelaajia, sill\u00e4 Starburst antaa voittoja melko tasaisella tahdilla. Toisaalta voittosummat eiv\u00e4t ole yleens\u00e4 kovin suuria, ja juuri t\u00e4st\u00e4 syyst\u00e4 Starburst ei v\u00e4ltt\u00e4m\u00e4tt\u00e4 ole paras vaihtoehto haasteita hakevalle pelaajalle.<\/p>\n\n\n\n<p>Koska panostasoja on kuitenkin mahdollista s\u00e4\u00e4t\u00e4\u00e4 mieluisaksi, ja t\u00e4lt\u00e4 osin my\u00f6s suuremman budjetin pelaajat l\u00f6yt\u00e4v\u00e4t t\u00e4st\u00e4 varmasti riitt\u00e4v\u00e4sti haastetta.&nbsp;<\/p>\n\n\n\n<h2 class=\"wp-block-heading\">Miksi valita juuri t\u00e4m\u00e4 peli?<\/h2>\n\n\n\n<p>Ensinn\u00e4kin siihen on tarjolla ilmaiskierroksia todella useasti. Nettikasinoiden kannalta Starburst peli on todella j\u00e4rkev\u00e4 bonuksille, sill\u00e4 se on matalan varianssin slotti keskitason palautusprosentilla. <\/p>\n\n\n\n<p>Se on siis melko turvallinen valinta: pelaajat eiv\u00e4t v\u00e4ltt\u00e4m\u00e4tt\u00e4 voita siit\u00e4 ilmaiskierrosten aikana j\u00e4rk\u00e4lem\u00e4isi\u00e4 voittoja.&nbsp;<\/p>\n\n\n\n<p>Toki riski sillekin on aina silti olemassa. T\u00e4t\u00e4\u00a0<a href=\"https:\/\/fastercasinos.com\/fi\/\">nopeat kasinot<\/a>\u00a0s\u00e4\u00e4telev\u00e4t kuitenkin mm. panostasoja rajoittamalla. <\/p>\n\n\n\n<p>K\u00e4yt\u00e4nn\u00f6ss\u00e4\u00a0<a href=\"https:\/\/fastercasinos.com\/fi\/kasinobonukset\/ilmaiskierroksia\/\">ilmaiskierrokset<\/a>\u00a0Starburst peliin ovat aina fiksuja napata k\u00e4ytt\u00f6\u00f6n, sill\u00e4 niiden avulla voit saada lis\u00e4\u00e4 pelikokemusta ja parhaassa tapauksessa my\u00f6s oikean rahan voittoja.<\/p>\n\n\n\n<p>Starburst kuuluu jokaisen kasinopelaajan yleissivistykseen. Se on yksi vanhimmista edelleen pinnalla olevista sloteista, ja on yksinkertaisuudessaan aidosti hurmaava. <\/p>\n\n\n\n<p>Monet valitsevat Starburstin etenkin silloin, kun pelikassaa ei v\u00e4ltt\u00e4m\u00e4tt\u00e4 ole kovin isosti: suhteellisen tasaisella tahdilla voittoja jakava slotti on oiva keino saada hieman lis\u00e4\u00e4 pelimerkkej\u00e4.<\/p>\n\n\n\n<p>Starburst on sen verran helppo kolikkopeli, ett\u00e4 se soveltuu hienosti jokaisen pelaajan ensimm\u00e4iseksi slotiksi. S\u00e4\u00e4nn\u00f6t ja toiminnot ovat yksinkertaisia, ja ulkoinen toteutuskin riitt\u00e4v\u00e4n rauhallinen.&nbsp;<\/p>\n\n\n\n<p>Mik\u00e4li olet kokeneempi pelaaja, ja viime Starburst pelikerrasta on jo aikaa, suosittelemme k\u00e4ym\u00e4\u00e4n py\u00f6rittelem\u00e4ss\u00e4 sen keloja ainakin muutaman kerran.<\/p>\n\n\n\n<p>Miellytt\u00e4v\u00e4n simppeli pelin kulku sek\u00e4 kelvollinen Starburst RTP takaavat sen, ett\u00e4 tiedossa on loistava kokemus viel\u00e4 vuosien j\u00e4lkeenkin!<\/p>\n","protected":false},"excerpt":{"rendered":"<p>Starburst Starburst on yksi maailman tunnetuimmista kolikkopeleist\u00e4. Se on pelivalmistaja NetEntin julkaisema simppeli, mutta silti mahdottoman koukuttava slotti, joka jaksaa&#8230;<\/p>\n","protected":false},"author":5,"featured_media":1771,"parent":1726,"menu_order":0,"comment_status":"closed","ping_status":"closed","template":"","meta":{"_acf_changed":false,"footnotes":""},"class_list":["post-1918","page","type-page","status-publish","has-post-thumbnail","hentry"],"acf":[],"yoast_head":"<!-- This site is optimized with the Yoast SEO plugin v27.0 - https:\/\/yoast.com\/product\/yoast-seo-wordpress\/ -->\n<title>Starburst | Nettikasinoiden suuri ja suosittu klassikkopeli<\/title>\n<meta name=\"description\" content=\"Starburst on maailman tunnetuin kolikkopeli, ja siihen on monesti tarjolla ilmaiskierroksia. Millainen Starburst peli oikein on? Tutustu!\" \/>\n<meta name=\"robots\" content=\"index, follow, max-snippet:-1, max-image-preview:large, max-video-preview:-1\" \/>\n<link rel=\"canonical\" href=\"https:\/\/fastercasinos.com\/fi\/rahapelit\/kolikkopelit\/starburst\/\" \/>\n<meta property=\"og:locale\" content=\"fi_FI\" \/>\n<meta property=\"og:type\" content=\"article\" \/>\n<meta property=\"og:title\" content=\"Starburst | Nettikasinoiden suuri ja suosittu klassikkopeli\" \/>\n<meta property=\"og:description\" content=\"Starburst on maailman tunnetuin kolikkopeli, ja siihen on monesti tarjolla ilmaiskierroksia. Millainen Starburst peli oikein on? Tutustu!\" \/>\n<meta property=\"og:url\" content=\"https:\/\/fastercasinos.com\/fi\/rahapelit\/kolikkopelit\/starburst\/\" \/>\n<meta property=\"og:site_name\" content=\"Faster casinos\" \/>\n<meta property=\"article:modified_time\" content=\"2021-12-14T10:30:37+00:00\" \/>\n<meta property=\"og:image\" content=\"https:\/\/fastercasinos.com\/wp-content\/uploads\/2021\/05\/fastercasinos-suomi.png\" \/>\n\t<meta property=\"og:image:width\" content=\"1200\" \/>\n\t<meta property=\"og:image:height\" content=\"628\" \/>\n\t<meta property=\"og:image:type\" content=\"image\/png\" \/>\n<meta name=\"twitter:card\" content=\"summary_large_image\" \/>\n<meta name=\"twitter:label1\" content=\"Arvioitu lukuaika\" \/>\n\t<meta name=\"twitter:data1\" content=\"3 minuuttia\" \/>\n<script type=\"application\/ld+json\" class=\"yoast-schema-graph\">{\"@context\":\"https:\/\/schema.org\",\"@graph\":[{\"@type\":\"WebPage\",\"@id\":\"https:\/\/fastercasinos.com\/fi\/rahapelit\/kolikkopelit\/starburst\/\",\"url\":\"https:\/\/fastercasinos.com\/fi\/rahapelit\/kolikkopelit\/starburst\/\",\"name\":\"Starburst | Nettikasinoiden suuri ja suosittu klassikkopeli\",\"isPartOf\":{\"@id\":\"https:\/\/fastercasinos.com\/fi\/#website\"},\"primaryImageOfPage\":{\"@id\":\"https:\/\/fastercasinos.com\/fi\/rahapelit\/kolikkopelit\/starburst\/#primaryimage\"},\"image\":{\"@id\":\"https:\/\/fastercasinos.com\/fi\/rahapelit\/kolikkopelit\/starburst\/#primaryimage\"},\"thumbnailUrl\":\"https:\/\/fastercasinos.com\/wp-content\/uploads\/2021\/05\/fastercasinos-suomi.png\",\"datePublished\":\"2021-11-04T09:34:19+00:00\",\"dateModified\":\"2021-12-14T10:30:37+00:00\",\"description\":\"Starburst on maailman tunnetuin kolikkopeli, ja siihen on monesti tarjolla ilmaiskierroksia. Millainen Starburst peli oikein on? Tutustu!\",\"breadcrumb\":{\"@id\":\"https:\/\/fastercasinos.com\/fi\/rahapelit\/kolikkopelit\/starburst\/#breadcrumb\"},\"inLanguage\":\"fi\",\"potentialAction\":[{\"@type\":\"ReadAction\",\"target\":[\"https:\/\/fastercasinos.com\/fi\/rahapelit\/kolikkopelit\/starburst\/\"]}]},{\"@type\":\"ImageObject\",\"inLanguage\":\"fi\",\"@id\":\"https:\/\/fastercasinos.com\/fi\/rahapelit\/kolikkopelit\/starburst\/#primaryimage\",\"url\":\"https:\/\/fastercasinos.com\/wp-content\/uploads\/2021\/05\/fastercasinos-suomi.png\",\"contentUrl\":\"https:\/\/fastercasinos.com\/wp-content\/uploads\/2021\/05\/fastercasinos-suomi.png\",\"width\":1200,\"height\":628,\"caption\":\"FasterCasinos.com Suomi\"},{\"@type\":\"BreadcrumbList\",\"@id\":\"https:\/\/fastercasinos.com\/fi\/rahapelit\/kolikkopelit\/starburst\/#breadcrumb\",\"itemListElement\":[{\"@type\":\"ListItem\",\"position\":1,\"name\":\"Nopeat Kasinot\",\"item\":\"https:\/\/fastercasinos.com\/fi\/\"},{\"@type\":\"ListItem\",\"position\":2,\"name\":\"Rahapelit\",\"item\":\"https:\/\/fastercasinos.com\/fi\/rahapelit\/\"},{\"@type\":\"ListItem\",\"position\":3,\"name\":\"Kolikkopelit\",\"item\":\"https:\/\/fastercasinos.com\/fi\/rahapelit\/kolikkopelit\/\"},{\"@type\":\"ListItem\",\"position\":4,\"name\":\"Starburst\"}]},{\"@type\":\"WebSite\",\"@id\":\"https:\/\/fastercasinos.com\/fi\/#website\",\"url\":\"https:\/\/fastercasinos.com\/fi\/\",\"name\":\"Faster casinos\",\"description\":\"Fast or nothing!\",\"publisher\":{\"@id\":\"https:\/\/fastercasinos.com\/fi\/#organization\"},\"potentialAction\":[{\"@type\":\"SearchAction\",\"target\":{\"@type\":\"EntryPoint\",\"urlTemplate\":\"https:\/\/fastercasinos.com\/fi\/?s={search_term_string}\"},\"query-input\":{\"@type\":\"PropertyValueSpecification\",\"valueRequired\":true,\"valueName\":\"search_term_string\"}}],\"inLanguage\":\"fi\"},{\"@type\":\"Organization\",\"@id\":\"https:\/\/fastercasinos.com\/fi\/#organization\",\"name\":\"Fastercasinos.com\",\"url\":\"https:\/\/fastercasinos.com\/fi\/\",\"logo\":{\"@type\":\"ImageObject\",\"inLanguage\":\"fi\",\"@id\":\"https:\/\/fastercasinos.com\/fi\/#\/schema\/logo\/image\/\",\"url\":\"https:\/\/fastercasinos.com\/wp-content\/uploads\/2022\/06\/Fastercasinos-logo.svg\",\"contentUrl\":\"https:\/\/fastercasinos.com\/wp-content\/uploads\/2022\/06\/Fastercasinos-logo.svg\",\"caption\":\"Fastercasinos.com\"},\"image\":{\"@id\":\"https:\/\/fastercasinos.com\/fi\/#\/schema\/logo\/image\/\"}}]}<\/script>\n<!-- \/ Yoast SEO plugin. -->","yoast_head_json":{"title":"Starburst | Nettikasinoiden suuri ja suosittu klassikkopeli","description":"Starburst on maailman tunnetuin kolikkopeli, ja siihen on monesti tarjolla ilmaiskierroksia. Millainen Starburst peli oikein on? Tutustu!","robots":{"index":"index","follow":"follow","max-snippet":"max-snippet:-1","max-image-preview":"max-image-preview:large","max-video-preview":"max-video-preview:-1"},"canonical":"https:\/\/fastercasinos.com\/fi\/rahapelit\/kolikkopelit\/starburst\/","og_locale":"fi_FI","og_type":"article","og_title":"Starburst | Nettikasinoiden suuri ja suosittu klassikkopeli","og_description":"Starburst on maailman tunnetuin kolikkopeli, ja siihen on monesti tarjolla ilmaiskierroksia. Millainen Starburst peli oikein on? Tutustu!","og_url":"https:\/\/fastercasinos.com\/fi\/rahapelit\/kolikkopelit\/starburst\/","og_site_name":"Faster casinos","article_modified_time":"2021-12-14T10:30:37+00:00","og_image":[{"width":1200,"height":628,"url":"https:\/\/fastercasinos.com\/wp-content\/uploads\/2021\/05\/fastercasinos-suomi.png","type":"image\/png"}],"twitter_card":"summary_large_image","twitter_misc":{"Arvioitu lukuaika":"3 minuuttia"},"schema":{"@context":"https:\/\/schema.org","@graph":[{"@type":"WebPage","@id":"https:\/\/fastercasinos.com\/fi\/rahapelit\/kolikkopelit\/starburst\/","url":"https:\/\/fastercasinos.com\/fi\/rahapelit\/kolikkopelit\/starburst\/","name":"Starburst | Nettikasinoiden suuri ja suosittu klassikkopeli","isPartOf":{"@id":"https:\/\/fastercasinos.com\/fi\/#website"},"primaryImageOfPage":{"@id":"https:\/\/fastercasinos.com\/fi\/rahapelit\/kolikkopelit\/starburst\/#primaryimage"},"image":{"@id":"https:\/\/fastercasinos.com\/fi\/rahapelit\/kolikkopelit\/starburst\/#primaryimage"},"thumbnailUrl":"https:\/\/fastercasinos.com\/wp-content\/uploads\/2021\/05\/fastercasinos-suomi.png","datePublished":"2021-11-04T09:34:19+00:00","dateModified":"2021-12-14T10:30:37+00:00","description":"Starburst on maailman tunnetuin kolikkopeli, ja siihen on monesti tarjolla ilmaiskierroksia. Millainen Starburst peli oikein on? Tutustu!","breadcrumb":{"@id":"https:\/\/fastercasinos.com\/fi\/rahapelit\/kolikkopelit\/starburst\/#breadcrumb"},"inLanguage":"fi","potentialAction":[{"@type":"ReadAction","target":["https:\/\/fastercasinos.com\/fi\/rahapelit\/kolikkopelit\/starburst\/"]}]},{"@type":"ImageObject","inLanguage":"fi","@id":"https:\/\/fastercasinos.com\/fi\/rahapelit\/kolikkopelit\/starburst\/#primaryimage","url":"https:\/\/fastercasinos.com\/wp-content\/uploads\/2021\/05\/fastercasinos-suomi.png","contentUrl":"https:\/\/fastercasinos.com\/wp-content\/uploads\/2021\/05\/fastercasinos-suomi.png","width":1200,"height":628,"caption":"FasterCasinos.com Suomi"},{"@type":"BreadcrumbList","@id":"https:\/\/fastercasinos.com\/fi\/rahapelit\/kolikkopelit\/starburst\/#breadcrumb","itemListElement":[{"@type":"ListItem","position":1,"name":"Nopeat Kasinot","item":"https:\/\/fastercasinos.com\/fi\/"},{"@type":"ListItem","position":2,"name":"Rahapelit","item":"https:\/\/fastercasinos.com\/fi\/rahapelit\/"},{"@type":"ListItem","position":3,"name":"Kolikkopelit","item":"https:\/\/fastercasinos.com\/fi\/rahapelit\/kolikkopelit\/"},{"@type":"ListItem","position":4,"name":"Starburst"}]},{"@type":"WebSite","@id":"https:\/\/fastercasinos.com\/fi\/#website","url":"https:\/\/fastercasinos.com\/fi\/","name":"Faster casinos","description":"Fast or nothing!","publisher":{"@id":"https:\/\/fastercasinos.com\/fi\/#organization"},"potentialAction":[{"@type":"SearchAction","target":{"@type":"EntryPoint","urlTemplate":"https:\/\/fastercasinos.com\/fi\/?s={search_term_string}"},"query-input":{"@type":"PropertyValueSpecification","valueRequired":true,"valueName":"search_term_string"}}],"inLanguage":"fi"},{"@type":"Organization","@id":"https:\/\/fastercasinos.com\/fi\/#organization","name":"Fastercasinos.com","url":"https:\/\/fastercasinos.com\/fi\/","logo":{"@type":"ImageObject","inLanguage":"fi","@id":"https:\/\/fastercasinos.com\/fi\/#\/schema\/logo\/image\/","url":"https:\/\/fastercasinos.com\/wp-content\/uploads\/2022\/06\/Fastercasinos-logo.svg","contentUrl":"https:\/\/fastercasinos.com\/wp-content\/uploads\/2022\/06\/Fastercasinos-logo.svg","caption":"Fastercasinos.com"},"image":{"@id":"https:\/\/fastercasinos.com\/fi\/#\/schema\/logo\/image\/"}}]}},"_links":{"self":[{"href":"https:\/\/fastercasinos.com\/fi\/wp-json\/wp\/v2\/pages\/1918","targetHints":{"allow":["GET"]}}],"collection":[{"href":"https:\/\/fastercasinos.com\/fi\/wp-json\/wp\/v2\/pages"}],"about":[{"href":"https:\/\/fastercasinos.com\/fi\/wp-json\/wp\/v2\/types\/page"}],"author":[{"embeddable":true,"href":"https:\/\/fastercasinos.com\/fi\/wp-json\/wp\/v2\/users\/5"}],"replies":[{"embeddable":true,"href":"https:\/\/fastercasinos.com\/fi\/wp-json\/wp\/v2\/comments?post=1918"}],"version-history":[{"count":5,"href":"https:\/\/fastercasinos.com\/fi\/wp-json\/wp\/v2\/pages\/1918\/revisions"}],"predecessor-version":[{"id":3510,"href":"https:\/\/fastercasinos.com\/fi\/wp-json\/wp\/v2\/pages\/1918\/revisions\/3510"}],"up":[{"embeddable":true,"href":"https:\/\/fastercasinos.com\/fi\/wp-json\/wp\/v2\/pages\/1726"}],"wp:featuredmedia":[{"embeddable":true,"href":"https:\/\/fastercasinos.com\/fi\/wp-json\/wp\/v2\/media\/1771"}],"wp:attachment":[{"href":"https:\/\/fastercasinos.com\/fi\/wp-json\/wp\/v2\/media?parent=1918"}],"curies":[{"name":"wp","href":"https:\/\/api.w.org\/{rel}","templated":true}]}}