{"id":2634,"date":"2021-11-04T09:32:23","date_gmt":"2021-11-04T09:32:23","guid":{"rendered":"https:\/\/fastercasinos.com\/?page_id=2634"},"modified":"2023-05-30T11:39:42","modified_gmt":"2023-05-30T11:39:42","slug":"battleship-direct-hit","status":"publish","type":"page","link":"https:\/\/fastercasinos.com\/fi\/rahapelit\/kolikkopelit\/battleship-direct-hit\/","title":{"rendered":"Battleship Direct Hit"},"content":{"rendered":"\n<h1 class=\"wp-block-heading\">Battleship Direct Hit<\/h1>\n\n\n\n<p>Battleship Direct Hit on kuin laivanupotuspeli kolikkopelin muodossa. Jokainen p\u00e4\u00e4seekin siis palaamaan ik\u00e4\u00e4n kuin lapsuuden leikkeihin t\u00e4ss\u00e4 j\u00e4nnitt\u00e4v\u00e4ss\u00e4 seikkailussa. Pelin on kehitt\u00e4nyt WMS Gaming, jonka aikaisempiin tuotoksiin kuuluu muun muassa Jackpot Party.<\/p>\n\n\n\n<p>Kyseinen pelinkehitt\u00e4j\u00e4 tunnetaan siit\u00e4, ett\u00e4 se osaa luoda pelaajien toiveita vastaavia pelej\u00e4. Battleship Direct Hit on juuri t\u00e4llainen hauskoine ja j\u00e4nnitt\u00e4vine seikkailuineen. Kyseess\u00e4 on samalla my\u00f6s upean visuaalinen\u00a0<a href=\"https:\/\/fastercasinos.com\/fi\/rahapelit\/kolikkopelit\/\">netti kolikkopeli<\/a>, joka t\u00e4ytyy kokea itse.<\/p>\n\n\n\n<figure class=\"wp-block-image size-large\"><img loading=\"lazy\" decoding=\"async\" width=\"600\" height=\"400\" src=\"https:\/\/fastercasinos.com\/wp-content\/uploads\/2021\/10\/etusivu-battleship-direct-hit.png\" alt=\"Etusivu Battleship Direct Hit\" class=\"wp-image-3181\" srcset=\"https:\/\/fastercasinos.com\/wp-content\/uploads\/2021\/10\/etusivu-battleship-direct-hit.png 600w, https:\/\/fastercasinos.com\/wp-content\/uploads\/2021\/10\/etusivu-battleship-direct-hit-300x200.png 300w\" sizes=\"auto, (max-width: 600px) 100vw, 600px\" \/><\/figure>\n\n\n\n<h2 class=\"wp-block-heading\">Battleship Direct Hit kolikkopeli<\/h2>\n\n\n\n<p>Battleship Direct Hit voi n\u00e4ytt\u00e4\u00e4 alkuun hieman haastavalta, sill\u00e4 se on tosiaan kuin laivanupotus kolikkopelin muodossa. Peliss\u00e4 on kuusi kiekkoa ja nelj\u00e4 rivi\u00e4, mutta ei varsinaisia voittolinjoja. Sen sijaan pelist\u00e4 l\u00f6ytyy aivan huikeat 117 659 Megaways-voittotapaa.<\/p>\n\n\n\n<p>Pelaajalle on siis luvassa voittoja varsin avok\u00e4tisesti, joten peliss\u00e4 kannattaa olla rohkea. Lis\u00e4ksi Battleship Direct Hit -peli sis\u00e4lt\u00e4\u00e4 vy\u00f6ryvi\u00e4 kiekkoja ja nelj\u00e4 eri jackpotia. Pelin 95,90 % RTP eli laskennallinen palautusprosentti sopii taatusti hyvin kaikille pelaajille. Ole siis rohkea ja l\u00e4hde upottamaan vihollisen laivoja. Niist\u00e4 saa aina mukavia bonuksia.<\/p>\n\n\n\n<h2 class=\"wp-block-heading\">Symbolit<\/h2>\n\n\n\n<p>Battleship Direct Hit sis\u00e4lt\u00e4\u00e4 monia eri arvoisia symboleita. Pienimpi\u00e4 voittoja kaikista tuovat symbolit 10, J, Q, K ja A. Sen sijaan kunniamerkit ovat normaaleista symboleista arvokkaimpia. Kunniamerkkej\u00e4 on yhteens\u00e4 viisi erilaista. N\u00e4ist\u00e4 laivaa muistuttava merkki on kaikkein arvokkain. Pelaaja voittaa saatuaan v\u00e4hint\u00e4\u00e4n kolme samaa symbolia yhdelle voittavalle linjalle.<\/p>\n\n\n\n<p>Pelist\u00e4 l\u00f6ytyy my\u00f6s wildeja. N\u00e4m\u00e4 tunnistaa laivasta ja tekstist\u00e4 wild. Wild pystyy korvaamaan kaikki muut normaalit symbolit. Wildit voivat ilmesty\u00e4 my\u00f6s pelin ilmaiskierroksilla, joille p\u00e4\u00e4see upottamalla laivan.<\/p>\n\n\n\n<h2 class=\"wp-block-heading\">Bonuspeli<\/h2>\n\n\n\n<p>Battleship Direct Hit -peli sis\u00e4lt\u00e4\u00e4 monia erikoisuuksia. Jokaisen kierroksen lopussa peliin vapautetaan kaksi tykinkuulaa. Ne tuhoavat alempiarvoisia symboleita ja korvaavat ne arvokkaammilla symboleilla.<\/p>\n\n\n\n<p>T\u00e4m\u00e4 Random Turret Fire -ominaisuus voi tuoda pelaajalle kohtalaisen mukavia ylim\u00e4\u00e4r\u00e4isi\u00e4 voittoja. Jokaisella py\u00f6r\u00e4ytyksell\u00e4 pelin\u00e4yt\u00f6n yl\u00e4reunassa olevalta alueelta paljastuu alus. Mit\u00e4 suurempi alus on, sit\u00e4 parempia ovat my\u00f6s pelaajan saamat palkinnot.<\/p>\n\n\n\n<p>Varsinaiseen bonuspeliin pelaaja p\u00e4\u00e4see upottamalla kaikki alueella n\u00e4kyv\u00e4t alukset.&nbsp;<a href=\"https:\/\/fastercasinos.com\/fi\/kasinobonukset\/ilmaiskierroksia\/\">Ilmaiskierroksia ilman talletusta<\/a>&nbsp;voi saada minimiss\u00e4\u00e4n viisi ja maksimissaan 50 kappaletta riippuen aluksen koosta. Ilmaiskierrosten aikana pelaajan on mahdollista voittaa my\u00f6s lis\u00e4\u00e4 ilmaisia kierroksia tai pelin jackpotin.<\/p>\n\n\n\n<p>Ilmaiskierrosten aikana wildeja voi esiinty\u00e4 kiekoilla 2, 3, 4 ja 5. Ne pystyv\u00e4t korvaamaan kaikki muut symbolit paitsi ammukset. Pelist\u00e4 l\u00f6ytyy nelj\u00e4 jackpotia, jotka ovat voitettavissa ilmaiskierrosten aikana. N\u00e4m\u00e4 jackpotit ovat Mini, Minor, Major ja Grand. Mini-jackpot tuo panoksen 20-kertaisena, Minor-jackpot 100-kertaisena, Major-jackpot 500-kertaisena ja Grand-jackpot jopa 2 500-kertaisena.<\/p>\n\n\n\n<h2 class=\"wp-block-heading\">Yhteenveto<\/h2>\n\n\n\n<p>Kaiken kaikkiaan Battleship Direct Hit on todella mahtava peli, joka tempaa mukaansa heti ensihetkist\u00e4 l\u00e4htien. Peliss\u00e4 pelataan ik\u00e4\u00e4n kuin kahta eri peli\u00e4. Normaalipelin aikana tavallisilla py\u00f6r\u00e4ytyksill\u00e4kin voi voittaa jo mukavia summia. Sen lis\u00e4ksi ruudun yl\u00e4osassa on menossa perinteinen laivanupotuspeli koko ajan.<\/p>\n\n\n\n<p>Pelaajan kannattaakin muistaa, ett\u00e4 mit\u00e4 suuremman aluksen saa upotettua, sit\u00e4 suurempia voittojakin on luvassa. Jokainen alus kannattaa kuitenkin upottaa kokoon katsomatta, sill\u00e4 n\u00e4in p\u00e4\u00e4see nauttimaan pelin tuottoisista ilmaiskierroksista.<\/p>\n\n\n\n<p>Battleship Direct Hit on taidokkaasti kehitetty peli, joka tuo pelaajalle varsinaisen kasinoel\u00e4myksen. T\u00e4t\u00e4 peli\u00e4 pelatessa aika unohtuu, kun pelaaja vain keskittyy pelaamaan kierroksen toisensa j\u00e4lkeen. Varovaiset pelaajat ja pienill\u00e4 budjeteilla pelaavat pystyv\u00e4t laittamaan likoon pelin minimipanoksen.<\/p>\n\n\n\n<p>Jos taas haluaa p\u00e4\u00e4st\u00e4 tavoittelemaan pelin suurinta pottia, joka on 2500-kertainen panokseen n\u00e4hden, kannattaa silloin pist\u00e4\u00e4 omat kolikkonsa likoon rohkeasti. T\u00e4ss\u00e4 seikkailullisessa laivanupotuspeliss\u00e4 se kannattaa, sill\u00e4 rohkeat taistelijat palkitaan aina.<\/p>\n\n\n\n<p>Battleship Direct Hit onkin yksi niist\u00e4 peleist\u00e4, joita jokaisen kannattaisi kokeilla edes kerran. T\u00e4st\u00e4 voi nimitt\u00e4in tulla uusi suosikkipelisi!<\/p>\n","protected":false},"excerpt":{"rendered":"<p>Battleship Direct Hit Battleship Direct Hit on kuin laivanupotuspeli kolikkopelin muodossa. Jokainen p\u00e4\u00e4seekin siis palaamaan ik\u00e4\u00e4n kuin lapsuuden leikkeihin t\u00e4ss\u00e4&#8230;<\/p>\n","protected":false},"author":5,"featured_media":0,"parent":1726,"menu_order":0,"comment_status":"closed","ping_status":"closed","template":"","meta":{"_acf_changed":false,"footnotes":""},"class_list":["post-2634","page","type-page","status-publish","hentry"],"acf":[],"yoast_head":"<!-- This site is optimized with the Yoast SEO plugin v27.0 - https:\/\/yoast.com\/product\/yoast-seo-wordpress\/ -->\n<title>Battleship Direct Hit | Laivanupotuspeli kolikkopelin muodossa<\/title>\n<meta name=\"description\" content=\"Battleship Direct Hit on taidokkaasti kehitetty peli, joka tuo pelaajalle varsinaisen kasinoel\u00e4myksen. Tutustu ja l\u00f6yd\u00e4 parhaat pelipaikat.\" \/>\n<meta name=\"robots\" content=\"index, follow, max-snippet:-1, max-image-preview:large, max-video-preview:-1\" \/>\n<link rel=\"canonical\" href=\"https:\/\/fastercasinos.com\/fi\/rahapelit\/kolikkopelit\/battleship-direct-hit\/\" \/>\n<meta property=\"og:locale\" content=\"fi_FI\" \/>\n<meta property=\"og:type\" content=\"article\" \/>\n<meta property=\"og:title\" content=\"Battleship Direct Hit | Laivanupotuspeli kolikkopelin muodossa\" \/>\n<meta property=\"og:description\" content=\"Battleship Direct Hit on taidokkaasti kehitetty peli, joka tuo pelaajalle varsinaisen kasinoel\u00e4myksen. Tutustu ja l\u00f6yd\u00e4 parhaat pelipaikat.\" \/>\n<meta property=\"og:url\" content=\"https:\/\/fastercasinos.com\/fi\/rahapelit\/kolikkopelit\/battleship-direct-hit\/\" \/>\n<meta property=\"og:site_name\" content=\"Faster casinos\" \/>\n<meta property=\"article:modified_time\" content=\"2023-05-30T11:39:42+00:00\" \/>\n<meta property=\"og:image\" content=\"https:\/\/fastercasinos.com\/wp-content\/uploads\/2021\/10\/etusivu-battleship-direct-hit.png\" \/>\n<meta name=\"twitter:card\" content=\"summary_large_image\" \/>\n<meta name=\"twitter:label1\" content=\"Arvioitu lukuaika\" \/>\n\t<meta name=\"twitter:data1\" content=\"3 minuuttia\" \/>\n<script type=\"application\/ld+json\" class=\"yoast-schema-graph\">{\"@context\":\"https:\/\/schema.org\",\"@graph\":[{\"@type\":\"WebPage\",\"@id\":\"https:\/\/fastercasinos.com\/fi\/rahapelit\/kolikkopelit\/battleship-direct-hit\/\",\"url\":\"https:\/\/fastercasinos.com\/fi\/rahapelit\/kolikkopelit\/battleship-direct-hit\/\",\"name\":\"Battleship Direct Hit | Laivanupotuspeli kolikkopelin muodossa\",\"isPartOf\":{\"@id\":\"https:\/\/fastercasinos.com\/fi\/#website\"},\"primaryImageOfPage\":{\"@id\":\"https:\/\/fastercasinos.com\/fi\/rahapelit\/kolikkopelit\/battleship-direct-hit\/#primaryimage\"},\"image\":{\"@id\":\"https:\/\/fastercasinos.com\/fi\/rahapelit\/kolikkopelit\/battleship-direct-hit\/#primaryimage\"},\"thumbnailUrl\":\"https:\/\/fastercasinos.com\/wp-content\/uploads\/2021\/10\/etusivu-battleship-direct-hit.png\",\"datePublished\":\"2021-11-04T09:32:23+00:00\",\"dateModified\":\"2023-05-30T11:39:42+00:00\",\"description\":\"Battleship Direct Hit on taidokkaasti kehitetty peli, joka tuo pelaajalle varsinaisen kasinoel\u00e4myksen. Tutustu ja l\u00f6yd\u00e4 parhaat pelipaikat.\",\"breadcrumb\":{\"@id\":\"https:\/\/fastercasinos.com\/fi\/rahapelit\/kolikkopelit\/battleship-direct-hit\/#breadcrumb\"},\"inLanguage\":\"fi\",\"potentialAction\":[{\"@type\":\"ReadAction\",\"target\":[\"https:\/\/fastercasinos.com\/fi\/rahapelit\/kolikkopelit\/battleship-direct-hit\/\"]}]},{\"@type\":\"ImageObject\",\"inLanguage\":\"fi\",\"@id\":\"https:\/\/fastercasinos.com\/fi\/rahapelit\/kolikkopelit\/battleship-direct-hit\/#primaryimage\",\"url\":\"https:\/\/fastercasinos.com\/wp-content\/uploads\/2021\/10\/etusivu-battleship-direct-hit.png\",\"contentUrl\":\"https:\/\/fastercasinos.com\/wp-content\/uploads\/2021\/10\/etusivu-battleship-direct-hit.png\"},{\"@type\":\"BreadcrumbList\",\"@id\":\"https:\/\/fastercasinos.com\/fi\/rahapelit\/kolikkopelit\/battleship-direct-hit\/#breadcrumb\",\"itemListElement\":[{\"@type\":\"ListItem\",\"position\":1,\"name\":\"Nopeat Kasinot\",\"item\":\"https:\/\/fastercasinos.com\/fi\/\"},{\"@type\":\"ListItem\",\"position\":2,\"name\":\"Rahapelit\",\"item\":\"https:\/\/fastercasinos.com\/fi\/rahapelit\/\"},{\"@type\":\"ListItem\",\"position\":3,\"name\":\"Kolikkopelit\",\"item\":\"https:\/\/fastercasinos.com\/fi\/rahapelit\/kolikkopelit\/\"},{\"@type\":\"ListItem\",\"position\":4,\"name\":\"Battleship Direct Hit\"}]},{\"@type\":\"WebSite\",\"@id\":\"https:\/\/fastercasinos.com\/fi\/#website\",\"url\":\"https:\/\/fastercasinos.com\/fi\/\",\"name\":\"Faster casinos\",\"description\":\"Fast or nothing!\",\"publisher\":{\"@id\":\"https:\/\/fastercasinos.com\/fi\/#organization\"},\"potentialAction\":[{\"@type\":\"SearchAction\",\"target\":{\"@type\":\"EntryPoint\",\"urlTemplate\":\"https:\/\/fastercasinos.com\/fi\/?s={search_term_string}\"},\"query-input\":{\"@type\":\"PropertyValueSpecification\",\"valueRequired\":true,\"valueName\":\"search_term_string\"}}],\"inLanguage\":\"fi\"},{\"@type\":\"Organization\",\"@id\":\"https:\/\/fastercasinos.com\/fi\/#organization\",\"name\":\"Fastercasinos.com\",\"url\":\"https:\/\/fastercasinos.com\/fi\/\",\"logo\":{\"@type\":\"ImageObject\",\"inLanguage\":\"fi\",\"@id\":\"https:\/\/fastercasinos.com\/fi\/#\/schema\/logo\/image\/\",\"url\":\"https:\/\/fastercasinos.com\/wp-content\/uploads\/2022\/06\/Fastercasinos-logo.svg\",\"contentUrl\":\"https:\/\/fastercasinos.com\/wp-content\/uploads\/2022\/06\/Fastercasinos-logo.svg\",\"caption\":\"Fastercasinos.com\"},\"image\":{\"@id\":\"https:\/\/fastercasinos.com\/fi\/#\/schema\/logo\/image\/\"}}]}<\/script>\n<!-- \/ Yoast SEO plugin. -->","yoast_head_json":{"title":"Battleship Direct Hit | Laivanupotuspeli kolikkopelin muodossa","description":"Battleship Direct Hit on taidokkaasti kehitetty peli, joka tuo pelaajalle varsinaisen kasinoel\u00e4myksen. Tutustu ja l\u00f6yd\u00e4 parhaat pelipaikat.","robots":{"index":"index","follow":"follow","max-snippet":"max-snippet:-1","max-image-preview":"max-image-preview:large","max-video-preview":"max-video-preview:-1"},"canonical":"https:\/\/fastercasinos.com\/fi\/rahapelit\/kolikkopelit\/battleship-direct-hit\/","og_locale":"fi_FI","og_type":"article","og_title":"Battleship Direct Hit | Laivanupotuspeli kolikkopelin muodossa","og_description":"Battleship Direct Hit on taidokkaasti kehitetty peli, joka tuo pelaajalle varsinaisen kasinoel\u00e4myksen. Tutustu ja l\u00f6yd\u00e4 parhaat pelipaikat.","og_url":"https:\/\/fastercasinos.com\/fi\/rahapelit\/kolikkopelit\/battleship-direct-hit\/","og_site_name":"Faster casinos","article_modified_time":"2023-05-30T11:39:42+00:00","og_image":[{"url":"https:\/\/fastercasinos.com\/wp-content\/uploads\/2021\/10\/etusivu-battleship-direct-hit.png","type":"","width":"","height":""}],"twitter_card":"summary_large_image","twitter_misc":{"Arvioitu lukuaika":"3 minuuttia"},"schema":{"@context":"https:\/\/schema.org","@graph":[{"@type":"WebPage","@id":"https:\/\/fastercasinos.com\/fi\/rahapelit\/kolikkopelit\/battleship-direct-hit\/","url":"https:\/\/fastercasinos.com\/fi\/rahapelit\/kolikkopelit\/battleship-direct-hit\/","name":"Battleship Direct Hit | Laivanupotuspeli kolikkopelin muodossa","isPartOf":{"@id":"https:\/\/fastercasinos.com\/fi\/#website"},"primaryImageOfPage":{"@id":"https:\/\/fastercasinos.com\/fi\/rahapelit\/kolikkopelit\/battleship-direct-hit\/#primaryimage"},"image":{"@id":"https:\/\/fastercasinos.com\/fi\/rahapelit\/kolikkopelit\/battleship-direct-hit\/#primaryimage"},"thumbnailUrl":"https:\/\/fastercasinos.com\/wp-content\/uploads\/2021\/10\/etusivu-battleship-direct-hit.png","datePublished":"2021-11-04T09:32:23+00:00","dateModified":"2023-05-30T11:39:42+00:00","description":"Battleship Direct Hit on taidokkaasti kehitetty peli, joka tuo pelaajalle varsinaisen kasinoel\u00e4myksen. Tutustu ja l\u00f6yd\u00e4 parhaat pelipaikat.","breadcrumb":{"@id":"https:\/\/fastercasinos.com\/fi\/rahapelit\/kolikkopelit\/battleship-direct-hit\/#breadcrumb"},"inLanguage":"fi","potentialAction":[{"@type":"ReadAction","target":["https:\/\/fastercasinos.com\/fi\/rahapelit\/kolikkopelit\/battleship-direct-hit\/"]}]},{"@type":"ImageObject","inLanguage":"fi","@id":"https:\/\/fastercasinos.com\/fi\/rahapelit\/kolikkopelit\/battleship-direct-hit\/#primaryimage","url":"https:\/\/fastercasinos.com\/wp-content\/uploads\/2021\/10\/etusivu-battleship-direct-hit.png","contentUrl":"https:\/\/fastercasinos.com\/wp-content\/uploads\/2021\/10\/etusivu-battleship-direct-hit.png"},{"@type":"BreadcrumbList","@id":"https:\/\/fastercasinos.com\/fi\/rahapelit\/kolikkopelit\/battleship-direct-hit\/#breadcrumb","itemListElement":[{"@type":"ListItem","position":1,"name":"Nopeat Kasinot","item":"https:\/\/fastercasinos.com\/fi\/"},{"@type":"ListItem","position":2,"name":"Rahapelit","item":"https:\/\/fastercasinos.com\/fi\/rahapelit\/"},{"@type":"ListItem","position":3,"name":"Kolikkopelit","item":"https:\/\/fastercasinos.com\/fi\/rahapelit\/kolikkopelit\/"},{"@type":"ListItem","position":4,"name":"Battleship Direct Hit"}]},{"@type":"WebSite","@id":"https:\/\/fastercasinos.com\/fi\/#website","url":"https:\/\/fastercasinos.com\/fi\/","name":"Faster casinos","description":"Fast or nothing!","publisher":{"@id":"https:\/\/fastercasinos.com\/fi\/#organization"},"potentialAction":[{"@type":"SearchAction","target":{"@type":"EntryPoint","urlTemplate":"https:\/\/fastercasinos.com\/fi\/?s={search_term_string}"},"query-input":{"@type":"PropertyValueSpecification","valueRequired":true,"valueName":"search_term_string"}}],"inLanguage":"fi"},{"@type":"Organization","@id":"https:\/\/fastercasinos.com\/fi\/#organization","name":"Fastercasinos.com","url":"https:\/\/fastercasinos.com\/fi\/","logo":{"@type":"ImageObject","inLanguage":"fi","@id":"https:\/\/fastercasinos.com\/fi\/#\/schema\/logo\/image\/","url":"https:\/\/fastercasinos.com\/wp-content\/uploads\/2022\/06\/Fastercasinos-logo.svg","contentUrl":"https:\/\/fastercasinos.com\/wp-content\/uploads\/2022\/06\/Fastercasinos-logo.svg","caption":"Fastercasinos.com"},"image":{"@id":"https:\/\/fastercasinos.com\/fi\/#\/schema\/logo\/image\/"}}]}},"_links":{"self":[{"href":"https:\/\/fastercasinos.com\/fi\/wp-json\/wp\/v2\/pages\/2634","targetHints":{"allow":["GET"]}}],"collection":[{"href":"https:\/\/fastercasinos.com\/fi\/wp-json\/wp\/v2\/pages"}],"about":[{"href":"https:\/\/fastercasinos.com\/fi\/wp-json\/wp\/v2\/types\/page"}],"author":[{"embeddable":true,"href":"https:\/\/fastercasinos.com\/fi\/wp-json\/wp\/v2\/users\/5"}],"replies":[{"embeddable":true,"href":"https:\/\/fastercasinos.com\/fi\/wp-json\/wp\/v2\/comments?post=2634"}],"version-history":[{"count":5,"href":"https:\/\/fastercasinos.com\/fi\/wp-json\/wp\/v2\/pages\/2634\/revisions"}],"predecessor-version":[{"id":3581,"href":"https:\/\/fastercasinos.com\/fi\/wp-json\/wp\/v2\/pages\/2634\/revisions\/3581"}],"up":[{"embeddable":true,"href":"https:\/\/fastercasinos.com\/fi\/wp-json\/wp\/v2\/pages\/1726"}],"wp:attachment":[{"href":"https:\/\/fastercasinos.com\/fi\/wp-json\/wp\/v2\/media?parent=2634"}],"curies":[{"name":"wp","href":"https:\/\/api.w.org\/{rel}","templated":true}]}}