{"id":2636,"date":"2021-11-04T09:34:02","date_gmt":"2021-11-04T09:34:02","guid":{"rendered":"https:\/\/fastercasinos.com\/?page_id=2636"},"modified":"2023-05-30T11:39:34","modified_gmt":"2023-05-30T11:39:34","slug":"queen-of-mars","status":"publish","type":"page","link":"https:\/\/fastercasinos.com\/fi\/rahapelit\/kolikkopelit\/queen-of-mars\/","title":{"rendered":"Queen of Mars"},"content":{"rendered":"\n<h1 class=\"wp-block-heading\">Queen of Mars<\/h1>\n\n\n\n<p>Pelinkehitt\u00e4j\u00e4 Merkur tunnetaan erikoisista kolikkopeleist\u00e4, joiden teemat eiv\u00e4t aina ole niit\u00e4 kaikkein tavallisimpia. Pelinkehitt\u00e4j\u00e4n aikaisempiin menestystarinoihin kuuluu muun muassa Amazonia, jossa sukelletaan syv\u00e4lle Amazonin sademets\u00e4\u00e4n. Queen of Mars ei sent\u00e4\u00e4n vie pelaajaa sademets\u00e4\u00e4n, vaan nyt menn\u00e4\u00e4nkin aivan toisiin sf\u00e4\u00e4reihin.<\/p>\n\n\n\n<p>Peli sijoittuu nimitt\u00e4in Marsiin, jossa pelaaja p\u00e4\u00e4see seuraamaan Marsin kuningattaren el\u00e4m\u00e4\u00e4 ja osallistumaan siihen itsekin. T\u00e4ss\u00e4 peliss\u00e4 kannattaa olla rohkea, sill\u00e4 se palkitaan varsin avok\u00e4tisesti!<\/p>\n\n\n\n<figure class=\"wp-block-image size-large\"><img loading=\"lazy\" decoding=\"async\" width=\"600\" height=\"400\" src=\"https:\/\/fastercasinos.com\/wp-content\/uploads\/2021\/10\/queen-of-mars-slotti.png\" alt=\"Queen of Mars -slotti\" class=\"wp-image-3185\" srcset=\"https:\/\/fastercasinos.com\/wp-content\/uploads\/2021\/10\/queen-of-mars-slotti.png 600w, https:\/\/fastercasinos.com\/wp-content\/uploads\/2021\/10\/queen-of-mars-slotti-300x200.png 300w\" sizes=\"auto, (max-width: 600px) 100vw, 600px\" \/><\/figure>\n\n\n\n<h2 class=\"wp-block-heading\">Queen of Mars kolikkopeli<\/h2>\n\n\n\n<p>Queen of Mars -kolikkopelist\u00e4 l\u00f6ytyy viisi kiekkoa ja kolme rivi\u00e4. Voittolinjoja peliss\u00e4 on 10 kappaletta. T\u00e4m\u00e4 mehil\u00e4isi\u00e4 kuhiseva peli pit\u00e4\u00e4 sis\u00e4ll\u00e4\u00e4n 20 voittolinjaa. Itse Queen of Mars eli Marsin kuningatar tulee vastaanottamaan pelaajat omaan viehke\u00e4\u00e4n tyylins\u00e4. H\u00e4n johdattaa jokaisen seikkailulle avaruuden uumeniin.<\/p>\n\n\n\n<p>Queen of Marsissa on panostettu jo ihan peruspeliin, mutta sen lis\u00e4ksi siit\u00e4 l\u00f6ytyy my\u00f6s muutamia mukavia erikoisominaisuuksia. Scatterit ovat edustettuina my\u00f6s t\u00e4ss\u00e4 peliss\u00e4. Scattereiden avulla p\u00e4\u00e4see aktivoimaan ilmaiskierrokset, jotka voivat tuoda entist\u00e4kin suurempia voittoja tullessaan.<\/p>\n\n\n\n<p>Queen of Mars -pelin RTP eli laskennallinen palautusprosentti on 95,94 %. Se on mukavaa keskivertoa tasoa.<\/p>\n\n\n\n<h3 class=\"wp-block-heading\">Symbolit<\/h3>\n\n\n\n<p>Queen of Mars on j\u00e4nnitt\u00e4v\u00e4 ja hieman mystinenkin peli, jota pelataan aivan toisella planeetalla. Peli on visuaalisesti viihdytt\u00e4v\u00e4 ja kaikesta huomaakin, kuinka jokaiseen yksityiskohtaan on panostettu. Pelin pienimpi\u00e4 voittoja tuovista symboleista vastaavat 10, J, Q, K ja A. V\u00e4hint\u00e4\u00e4n kolmella kullakin symbolilla voittaa.<\/p>\n\n\n\n<p>Suurempia voittoja taas on luvassa kuvallisten symboleiden avulla. Pelin kuvallisina symboleina n\u00e4hd\u00e4\u00e4n kuningattarelle kuuluvia koruja, avaruusalus sek\u00e4 kaukana h\u00e4\u00e4m\u00f6tt\u00e4v\u00e4 linna. Kuvallisia symboleita t\u00e4ytyy saada v\u00e4hint\u00e4\u00e4n kaksi kappaletta, jotta p\u00e4\u00e4see k\u00e4siksi voittoihin.<\/p>\n\n\n\n<p>Queen of Mars sis\u00e4lt\u00e4\u00e4 yhden erikoissymbolin, joka on scatter. Pelin scatterina n\u00e4hd\u00e4\u00e4n erikoinen taikapallo, joka pystyy toimimaan samalla my\u00f6s wildina. Se siis korvaa kaikki muut symbolit ja v\u00e4hint\u00e4\u00e4n kolmella scatterilla p\u00e4\u00e4see hamuamaan ylim\u00e4\u00e4r\u00e4isi\u00e4 voittoja.<\/p>\n\n\n\n<p>Ei kannata my\u00f6sk\u00e4\u00e4n unohtaa, ett\u00e4 samat v\u00e4hint\u00e4\u00e4n kolme scatteria tuovat pelaajalle kymmenen ilmaiskierrosta.<\/p>\n\n\n\n<h3 class=\"wp-block-heading\">Bonuspeli<\/h3>\n\n\n\n<p>Queen of Mars -pelist\u00e4 l\u00f6ytyy ainoastaan yksi erikoisominaisuus. T\u00e4m\u00e4 on\u00a0<a href=\"https:\/\/fastercasinos.com\/fi\/kasinobonukset\/ilmaiskierroksia\/\">ilmaiskierrokset<\/a>. Niihin p\u00e4\u00e4see siis tuttuun tyyliin ker\u00e4\u00e4m\u00e4ll\u00e4 scattereita yhteen peliin. Ilmaiskierroksia saa aina kymmenen kappaletta. <\/p>\n\n\n\n<p>Ilmaiskierrosten aikana valitaan aina satunnaisesti yksi symboli, joka laajenee ilmaiskierrosten aikana. N\u00e4in se t\u00e4ytt\u00e4\u00e4 koko kiekon. T\u00e4m\u00e4 tarkoittaa pelaajan kannalta entist\u00e4kin parempia voitonmahdollisuuksia.<\/p>\n\n\n\n<h2 class=\"wp-block-heading\">Yhteenveto<\/h2>\n\n\n\n<p>Queen of Mars on kaikin puolin peli, jota voi suositella aivan kaikille pelaajille. Sen teema on houkutteleva. Toki avaruuteen sijoittuvia kolikkopelej\u00e4 on tehty enemm\u00e4nkin, mutta aika harvoin t\u00f6rm\u00e4\u00e4 ihan oikeaan Marsin kuningattareen. H\u00e4nt\u00e4 ei kannata kuitenkaan pel\u00e4t\u00e4, sill\u00e4 kuningatar johdattaa pelaajan kohti suuria voittoja.<\/p>\n\n\n\n<p>Queen of Mars on todella visuaalinen peli, joka vieh\u00e4tt\u00e4\u00e4 heti ensihetkist\u00e4 l\u00e4htien. Sen lis\u00e4ksi peliss\u00e4 voi panostaa monella eri tavalla. Varovaiset ja aloittelevat pelaajat voivat laittaa vain pieni\u00e4 summia likoon, kun taas enemm\u00e4n pelanneet uskaltavat ottaa suuria askeleita kohti suurempia voittoja.<\/p>\n\n\n\n<p>Parasta kuitenkin on, ett\u00e4 jokainen pelaaja voi p\u00e4\u00e4tt\u00e4\u00e4 panoksensa m\u00e4\u00e4r\u00e4 t\u00e4ysin vapaasti.Queen of Marsin peruspeli on itsess\u00e4\u00e4n jo todella mukavan j\u00e4nnitt\u00e4v\u00e4, mutta l\u00f6ytyyp\u00e4 t\u00e4st\u00e4 pelist\u00e4 yksi erikoisominaisuuskin. <\/p>\n\n\n\n<p>Ilmaiskierrokset kiinnostavat aina pelaajia ja monet nime\u00e4v\u00e4tkin juuri ne suosikeikseen kaikista mahdollisista erikoisominaisuuksista. Queen of Mars antaa pelaajalle aina saman verran ilmaiskierroksia. Ei siis ole v\u00e4li\u00e4, kuinka monta scatteria pelaaja onnistuu nappaamaan.<\/p>\n\n\n\n<p>T\u00e4m\u00e4 ei kuitenkaan pelaamista haittaa, sill\u00e4 ilmaiskierrosten laajenevat wildit ovat onnistuneet viem\u00e4\u00e4n n\u00e4m\u00e4 kierrokset viel\u00e4 entist\u00e4kin paremmalle tasolle.<\/p>\n\n\n\n<p>T\u00e4t\u00e4 peli\u00e4 jokaisen kolikkopeleist\u00e4 pit\u00e4v\u00e4n kannattaakin kokeilla. Queen of Marsista voi yll\u00e4tt\u00e4en tulla vaikka suosikkipelisi!<\/p>\n","protected":false},"excerpt":{"rendered":"<p>Queen of Mars Pelinkehitt\u00e4j\u00e4 Merkur tunnetaan erikoisista kolikkopeleist\u00e4, joiden teemat eiv\u00e4t aina ole niit\u00e4 kaikkein tavallisimpia. Pelinkehitt\u00e4j\u00e4n aikaisempiin menestystarinoihin kuuluu&#8230;<\/p>\n","protected":false},"author":5,"featured_media":0,"parent":1726,"menu_order":0,"comment_status":"closed","ping_status":"closed","template":"","meta":{"_acf_changed":false,"footnotes":""},"class_list":["post-2636","page","type-page","status-publish","hentry"],"acf":[],"yoast_head":"<!-- This site is optimized with the Yoast SEO plugin v27.0 - https:\/\/yoast.com\/product\/yoast-seo-wordpress\/ -->\n<title>Queen of Mars | J\u00e4nnitt\u00e4v\u00e4 avaruusteemainen peli<\/title>\n<meta name=\"description\" content=\"Queen of Mars peli sijoittuu Marsiin, jossa pelaaja p\u00e4\u00e4see seuraamaan Marsin kuningattaren el\u00e4m\u00e4\u00e4 ja osallistumaan siihen itsekin.\" \/>\n<meta name=\"robots\" content=\"index, follow, max-snippet:-1, max-image-preview:large, max-video-preview:-1\" \/>\n<link rel=\"canonical\" href=\"https:\/\/fastercasinos.com\/fi\/rahapelit\/kolikkopelit\/queen-of-mars\/\" \/>\n<meta property=\"og:locale\" content=\"fi_FI\" \/>\n<meta property=\"og:type\" content=\"article\" \/>\n<meta property=\"og:title\" content=\"Queen of Mars | J\u00e4nnitt\u00e4v\u00e4 avaruusteemainen peli\" \/>\n<meta property=\"og:description\" content=\"Queen of Mars peli sijoittuu Marsiin, jossa pelaaja p\u00e4\u00e4see seuraamaan Marsin kuningattaren el\u00e4m\u00e4\u00e4 ja osallistumaan siihen itsekin.\" \/>\n<meta property=\"og:url\" content=\"https:\/\/fastercasinos.com\/fi\/rahapelit\/kolikkopelit\/queen-of-mars\/\" \/>\n<meta property=\"og:site_name\" content=\"Faster casinos\" \/>\n<meta property=\"article:modified_time\" content=\"2023-05-30T11:39:34+00:00\" \/>\n<meta property=\"og:image\" content=\"https:\/\/fastercasinos.com\/wp-content\/uploads\/2021\/10\/queen-of-mars-slotti.png\" \/>\n<meta name=\"twitter:card\" content=\"summary_large_image\" \/>\n<meta name=\"twitter:label1\" content=\"Arvioitu lukuaika\" \/>\n\t<meta name=\"twitter:data1\" content=\"3 minuuttia\" \/>\n<script type=\"application\/ld+json\" class=\"yoast-schema-graph\">{\"@context\":\"https:\/\/schema.org\",\"@graph\":[{\"@type\":\"WebPage\",\"@id\":\"https:\/\/fastercasinos.com\/fi\/rahapelit\/kolikkopelit\/queen-of-mars\/\",\"url\":\"https:\/\/fastercasinos.com\/fi\/rahapelit\/kolikkopelit\/queen-of-mars\/\",\"name\":\"Queen of Mars | J\u00e4nnitt\u00e4v\u00e4 avaruusteemainen peli\",\"isPartOf\":{\"@id\":\"https:\/\/fastercasinos.com\/fi\/#website\"},\"primaryImageOfPage\":{\"@id\":\"https:\/\/fastercasinos.com\/fi\/rahapelit\/kolikkopelit\/queen-of-mars\/#primaryimage\"},\"image\":{\"@id\":\"https:\/\/fastercasinos.com\/fi\/rahapelit\/kolikkopelit\/queen-of-mars\/#primaryimage\"},\"thumbnailUrl\":\"https:\/\/fastercasinos.com\/wp-content\/uploads\/2021\/10\/queen-of-mars-slotti.png\",\"datePublished\":\"2021-11-04T09:34:02+00:00\",\"dateModified\":\"2023-05-30T11:39:34+00:00\",\"description\":\"Queen of Mars peli sijoittuu Marsiin, jossa pelaaja p\u00e4\u00e4see seuraamaan Marsin kuningattaren el\u00e4m\u00e4\u00e4 ja osallistumaan siihen itsekin.\",\"breadcrumb\":{\"@id\":\"https:\/\/fastercasinos.com\/fi\/rahapelit\/kolikkopelit\/queen-of-mars\/#breadcrumb\"},\"inLanguage\":\"fi\",\"potentialAction\":[{\"@type\":\"ReadAction\",\"target\":[\"https:\/\/fastercasinos.com\/fi\/rahapelit\/kolikkopelit\/queen-of-mars\/\"]}]},{\"@type\":\"ImageObject\",\"inLanguage\":\"fi\",\"@id\":\"https:\/\/fastercasinos.com\/fi\/rahapelit\/kolikkopelit\/queen-of-mars\/#primaryimage\",\"url\":\"https:\/\/fastercasinos.com\/wp-content\/uploads\/2021\/10\/queen-of-mars-slotti.png\",\"contentUrl\":\"https:\/\/fastercasinos.com\/wp-content\/uploads\/2021\/10\/queen-of-mars-slotti.png\"},{\"@type\":\"BreadcrumbList\",\"@id\":\"https:\/\/fastercasinos.com\/fi\/rahapelit\/kolikkopelit\/queen-of-mars\/#breadcrumb\",\"itemListElement\":[{\"@type\":\"ListItem\",\"position\":1,\"name\":\"Nopeat Kasinot\",\"item\":\"https:\/\/fastercasinos.com\/fi\/\"},{\"@type\":\"ListItem\",\"position\":2,\"name\":\"Rahapelit\",\"item\":\"https:\/\/fastercasinos.com\/fi\/rahapelit\/\"},{\"@type\":\"ListItem\",\"position\":3,\"name\":\"Kolikkopelit\",\"item\":\"https:\/\/fastercasinos.com\/fi\/rahapelit\/kolikkopelit\/\"},{\"@type\":\"ListItem\",\"position\":4,\"name\":\"Queen of Mars\"}]},{\"@type\":\"WebSite\",\"@id\":\"https:\/\/fastercasinos.com\/fi\/#website\",\"url\":\"https:\/\/fastercasinos.com\/fi\/\",\"name\":\"Faster casinos\",\"description\":\"Fast or nothing!\",\"publisher\":{\"@id\":\"https:\/\/fastercasinos.com\/fi\/#organization\"},\"potentialAction\":[{\"@type\":\"SearchAction\",\"target\":{\"@type\":\"EntryPoint\",\"urlTemplate\":\"https:\/\/fastercasinos.com\/fi\/?s={search_term_string}\"},\"query-input\":{\"@type\":\"PropertyValueSpecification\",\"valueRequired\":true,\"valueName\":\"search_term_string\"}}],\"inLanguage\":\"fi\"},{\"@type\":\"Organization\",\"@id\":\"https:\/\/fastercasinos.com\/fi\/#organization\",\"name\":\"Fastercasinos.com\",\"url\":\"https:\/\/fastercasinos.com\/fi\/\",\"logo\":{\"@type\":\"ImageObject\",\"inLanguage\":\"fi\",\"@id\":\"https:\/\/fastercasinos.com\/fi\/#\/schema\/logo\/image\/\",\"url\":\"https:\/\/fastercasinos.com\/wp-content\/uploads\/2022\/06\/Fastercasinos-logo.svg\",\"contentUrl\":\"https:\/\/fastercasinos.com\/wp-content\/uploads\/2022\/06\/Fastercasinos-logo.svg\",\"caption\":\"Fastercasinos.com\"},\"image\":{\"@id\":\"https:\/\/fastercasinos.com\/fi\/#\/schema\/logo\/image\/\"}}]}<\/script>\n<!-- \/ Yoast SEO plugin. -->","yoast_head_json":{"title":"Queen of Mars | J\u00e4nnitt\u00e4v\u00e4 avaruusteemainen peli","description":"Queen of Mars peli sijoittuu Marsiin, jossa pelaaja p\u00e4\u00e4see seuraamaan Marsin kuningattaren el\u00e4m\u00e4\u00e4 ja osallistumaan siihen itsekin.","robots":{"index":"index","follow":"follow","max-snippet":"max-snippet:-1","max-image-preview":"max-image-preview:large","max-video-preview":"max-video-preview:-1"},"canonical":"https:\/\/fastercasinos.com\/fi\/rahapelit\/kolikkopelit\/queen-of-mars\/","og_locale":"fi_FI","og_type":"article","og_title":"Queen of Mars | J\u00e4nnitt\u00e4v\u00e4 avaruusteemainen peli","og_description":"Queen of Mars peli sijoittuu Marsiin, jossa pelaaja p\u00e4\u00e4see seuraamaan Marsin kuningattaren el\u00e4m\u00e4\u00e4 ja osallistumaan siihen itsekin.","og_url":"https:\/\/fastercasinos.com\/fi\/rahapelit\/kolikkopelit\/queen-of-mars\/","og_site_name":"Faster casinos","article_modified_time":"2023-05-30T11:39:34+00:00","og_image":[{"url":"https:\/\/fastercasinos.com\/wp-content\/uploads\/2021\/10\/queen-of-mars-slotti.png","type":"","width":"","height":""}],"twitter_card":"summary_large_image","twitter_misc":{"Arvioitu lukuaika":"3 minuuttia"},"schema":{"@context":"https:\/\/schema.org","@graph":[{"@type":"WebPage","@id":"https:\/\/fastercasinos.com\/fi\/rahapelit\/kolikkopelit\/queen-of-mars\/","url":"https:\/\/fastercasinos.com\/fi\/rahapelit\/kolikkopelit\/queen-of-mars\/","name":"Queen of Mars | J\u00e4nnitt\u00e4v\u00e4 avaruusteemainen peli","isPartOf":{"@id":"https:\/\/fastercasinos.com\/fi\/#website"},"primaryImageOfPage":{"@id":"https:\/\/fastercasinos.com\/fi\/rahapelit\/kolikkopelit\/queen-of-mars\/#primaryimage"},"image":{"@id":"https:\/\/fastercasinos.com\/fi\/rahapelit\/kolikkopelit\/queen-of-mars\/#primaryimage"},"thumbnailUrl":"https:\/\/fastercasinos.com\/wp-content\/uploads\/2021\/10\/queen-of-mars-slotti.png","datePublished":"2021-11-04T09:34:02+00:00","dateModified":"2023-05-30T11:39:34+00:00","description":"Queen of Mars peli sijoittuu Marsiin, jossa pelaaja p\u00e4\u00e4see seuraamaan Marsin kuningattaren el\u00e4m\u00e4\u00e4 ja osallistumaan siihen itsekin.","breadcrumb":{"@id":"https:\/\/fastercasinos.com\/fi\/rahapelit\/kolikkopelit\/queen-of-mars\/#breadcrumb"},"inLanguage":"fi","potentialAction":[{"@type":"ReadAction","target":["https:\/\/fastercasinos.com\/fi\/rahapelit\/kolikkopelit\/queen-of-mars\/"]}]},{"@type":"ImageObject","inLanguage":"fi","@id":"https:\/\/fastercasinos.com\/fi\/rahapelit\/kolikkopelit\/queen-of-mars\/#primaryimage","url":"https:\/\/fastercasinos.com\/wp-content\/uploads\/2021\/10\/queen-of-mars-slotti.png","contentUrl":"https:\/\/fastercasinos.com\/wp-content\/uploads\/2021\/10\/queen-of-mars-slotti.png"},{"@type":"BreadcrumbList","@id":"https:\/\/fastercasinos.com\/fi\/rahapelit\/kolikkopelit\/queen-of-mars\/#breadcrumb","itemListElement":[{"@type":"ListItem","position":1,"name":"Nopeat Kasinot","item":"https:\/\/fastercasinos.com\/fi\/"},{"@type":"ListItem","position":2,"name":"Rahapelit","item":"https:\/\/fastercasinos.com\/fi\/rahapelit\/"},{"@type":"ListItem","position":3,"name":"Kolikkopelit","item":"https:\/\/fastercasinos.com\/fi\/rahapelit\/kolikkopelit\/"},{"@type":"ListItem","position":4,"name":"Queen of Mars"}]},{"@type":"WebSite","@id":"https:\/\/fastercasinos.com\/fi\/#website","url":"https:\/\/fastercasinos.com\/fi\/","name":"Faster casinos","description":"Fast or nothing!","publisher":{"@id":"https:\/\/fastercasinos.com\/fi\/#organization"},"potentialAction":[{"@type":"SearchAction","target":{"@type":"EntryPoint","urlTemplate":"https:\/\/fastercasinos.com\/fi\/?s={search_term_string}"},"query-input":{"@type":"PropertyValueSpecification","valueRequired":true,"valueName":"search_term_string"}}],"inLanguage":"fi"},{"@type":"Organization","@id":"https:\/\/fastercasinos.com\/fi\/#organization","name":"Fastercasinos.com","url":"https:\/\/fastercasinos.com\/fi\/","logo":{"@type":"ImageObject","inLanguage":"fi","@id":"https:\/\/fastercasinos.com\/fi\/#\/schema\/logo\/image\/","url":"https:\/\/fastercasinos.com\/wp-content\/uploads\/2022\/06\/Fastercasinos-logo.svg","contentUrl":"https:\/\/fastercasinos.com\/wp-content\/uploads\/2022\/06\/Fastercasinos-logo.svg","caption":"Fastercasinos.com"},"image":{"@id":"https:\/\/fastercasinos.com\/fi\/#\/schema\/logo\/image\/"}}]}},"_links":{"self":[{"href":"https:\/\/fastercasinos.com\/fi\/wp-json\/wp\/v2\/pages\/2636","targetHints":{"allow":["GET"]}}],"collection":[{"href":"https:\/\/fastercasinos.com\/fi\/wp-json\/wp\/v2\/pages"}],"about":[{"href":"https:\/\/fastercasinos.com\/fi\/wp-json\/wp\/v2\/types\/page"}],"author":[{"embeddable":true,"href":"https:\/\/fastercasinos.com\/fi\/wp-json\/wp\/v2\/users\/5"}],"replies":[{"embeddable":true,"href":"https:\/\/fastercasinos.com\/fi\/wp-json\/wp\/v2\/comments?post=2636"}],"version-history":[{"count":4,"href":"https:\/\/fastercasinos.com\/fi\/wp-json\/wp\/v2\/pages\/2636\/revisions"}],"predecessor-version":[{"id":3509,"href":"https:\/\/fastercasinos.com\/fi\/wp-json\/wp\/v2\/pages\/2636\/revisions\/3509"}],"up":[{"embeddable":true,"href":"https:\/\/fastercasinos.com\/fi\/wp-json\/wp\/v2\/pages\/1726"}],"wp:attachment":[{"href":"https:\/\/fastercasinos.com\/fi\/wp-json\/wp\/v2\/media?parent=2636"}],"curies":[{"name":"wp","href":"https:\/\/api.w.org\/{rel}","templated":true}]}}