{"id":2639,"date":"2021-11-04T09:34:27","date_gmt":"2021-11-04T09:34:27","guid":{"rendered":"https:\/\/fastercasinos.com\/?page_id=2639"},"modified":"2023-05-30T11:39:26","modified_gmt":"2023-05-30T11:39:26","slug":"the-goonies","status":"publish","type":"page","link":"https:\/\/fastercasinos.com\/fi\/rahapelit\/kolikkopelit\/the-goonies\/","title":{"rendered":"The Goonies Slot"},"content":{"rendered":"\n<h1 class=\"wp-block-heading\">The Goonies Slot<\/h1>\n\n\n\n<p>The Goonies Slot vie pelaajan suoraan elokuvan maailmaan. Kyseinen\u00a0<a href=\"https:\/\/fastercasinos.com\/fi\/rahapelit\/kolikkopelit\/\">netiss\u00e4 pelattava kolikkopeli<\/a>\u00a0nimitt\u00e4in pohjautuu elokuvaan Arkajalat. Pelin on kehitt\u00e4nyt Blueprint Gaming, jonka aikaisempiin menestystarinoihin kuuluu muun muassa peli Celtic Football Club slot.<\/p>\n\n\n\n<p>The Goonies Slot on samaan aikaan sek\u00e4 perinteinen kolikkopeli ett\u00e4 moderni videokolikkopeli. Harvasta pelist\u00e4 l\u00f6ytyy n\u00e4in paljon erikoisominaisuuksia kuin mit\u00e4 The Goonies Slot pystyy tarjoamaan. Peli\u00e4 kannattaakin siis kokeilla ihan jo niiden vuoksi.<\/p>\n\n\n\n<figure class=\"wp-block-image size-large\"><img loading=\"lazy\" decoding=\"async\" width=\"600\" height=\"400\" src=\"https:\/\/fastercasinos.com\/wp-content\/uploads\/2021\/10\/etusivu-the-goonies.png\" alt=\"The Goonies kolikkopelin etusivu\" class=\"wp-image-3189\" srcset=\"https:\/\/fastercasinos.com\/wp-content\/uploads\/2021\/10\/etusivu-the-goonies.png 600w, https:\/\/fastercasinos.com\/wp-content\/uploads\/2021\/10\/etusivu-the-goonies-300x200.png 300w\" sizes=\"auto, (max-width: 600px) 100vw, 600px\" \/><\/figure>\n\n\n\n<h2 class=\"wp-block-heading\">The Goonies kolikkopeli<\/h2>\n\n\n\n<p>The Goonies slot on siin\u00e4 mieless\u00e4 perinteinen kolikkopeli, ett\u00e4 siit\u00e4 l\u00f6ytyy monien muidenkin pelien tapaan viisi kiekkoa, kolme rivi\u00e4 ja 20 voittolinjaa. Peliss\u00e4 on my\u00f6s mukava 96 % RTP eli palautusprosentti. Perinteikkyys loppuu kuitenkin t\u00e4h\u00e4n, sill\u00e4 kokonaisuudessaan The Goonies slot on todella moderni ja visuaalisesti viihdytt\u00e4v\u00e4 peli.<\/p>\n\n\n\n<p>Se pystyy tarjoamaan j\u00e4nnityst\u00e4 yht\u00e4 lailla ensimm\u00e4ist\u00e4 kertaa pelaaville kuin jo pitk\u00e4\u00e4n kolikkopelien parissa viihtyneille. Jos pelaaja viel\u00e4 sattuu olemaan Arkajalat-elokuvan fani, ei t\u00e4t\u00e4 peli\u00e4 vain kerrassaan voi ohittaa.<\/p>\n\n\n\n<h3 class=\"wp-block-heading\">Symbolit ja grafiikka<\/h3>\n\n\n\n<p>The Goonies Slot on kaikin puolin hyvin graafinen peli. Se on kuin elokuva jo itsess\u00e4\u00e4n, joten peli pystyykin tarjoamaan oikean\u00a0<a href=\"https:\/\/fastercasinos.com\/fi\/pelikasinot\/\">netti pelikasino<\/a>\u00a0el\u00e4myksen. Peliss\u00e4 voittaa symbolista riippuen joko kahdella tai kolmella samanlaisella symbolilla. Voitot maksetaan aina vasemmalta kiekolta oikealle lukien.<\/p>\n\n\n\n<p>Symboleista pienimpi\u00e4 voittoja tuovat J, Q, K ja A. Pelin normaaleista symboleista arvokkaimpia taas ovat vaaka, luuranko, merirosvolaiva, aarrearkku ja p\u00e4\u00e4kallolippu. N\u00e4ist\u00e4 p\u00e4\u00e4kalloliput voivat t\u00e4ytt\u00e4\u00e4 my\u00f6s koko kiekon tuoden entist\u00e4kin parempia voittoja.The Goonies Slot sis\u00e4lt\u00e4\u00e4 my\u00f6s tietysti wildeja ja scattereita.<\/p>\n\n\n\n<p>Wildina n\u00e4hd\u00e4\u00e4n jo hieman reik\u00e4inen hopeakolikko, jossa on teksti wild. Kahdella sellaisella p\u00e4\u00e4see k\u00e4siksi voittoihin. Sen lis\u00e4ksi wild pystyy korvaamaan kaikki muut normaalit symbolit.<\/p>\n\n\n\n<p>Ei sovi unohtaa my\u00f6sk\u00e4\u00e4n The Goonies Slotin scatteria, jona toimii merirosvo. Symbolista l\u00f6ytyy my\u00f6s sana bonus, joka viittaa siihen, ett\u00e4 merirosvo vie suoraan bonuspeliin. V\u00e4hint\u00e4\u00e4n kolmella scatterilla pelaaja p\u00e4\u00e4see One Eyed Willy\u2019s Bonus -bonuspeliin.<\/p>\n\n\n\n<h3 class=\"wp-block-heading\">Bonuspelit<\/h3>\n\n\n\n<p>The Goonies Slot sis\u00e4lt\u00e4\u00e4 yhden varsinaisen bonuspelin sek\u00e4 sen lis\u00e4ksi monia eri bonuksia, jotka k\u00e4ynnistyv\u00e4t satunnaisesti. One Eyed Willy\u2019s Riches on ominaisuus, joka voi k\u00e4ynnisty\u00e4 koska tahansa. T\u00e4ss\u00e4 ominaisuudessa pelaaja saa valita yhden kolmesta avaimesta. Avaimesta l\u00f6ytyy palkinto, jonka pelaaja saa.<\/p>\n\n\n\n<p>Truffle Shuffle Wilds tuo kiekoille ylim\u00e4\u00e4r\u00e4isi\u00e4 wildeja, kun taas Mikey\u2019s Hidden Riches muuttaa yhden kiekon kokonaan wildeiksi.N\u00e4iden lis\u00e4ksi Data\u2019s Colossal Symbols muuttaa kolme vierekk\u00e4ist\u00e4 kiekkoa yhdeksi j\u00e4ttim\u00e4iseksi kiekoksi.<\/p>\n\n\n\n<p>Mouth\u2019s Lucky Coins muuttaa kaikki kolikot kierroksen p\u00e4\u00e4tteeksi yhdeksi ja samaksi kolikoksi. One Eyed Willy\u2019s Bonus Boost taas lis\u00e4\u00e4 kiekoille scattereita eli bonussymboleita. Sloth\u2019s Win Spin taas tuo pelaajalle takuuvarman voiton.<\/p>\n\n\n\n<p>Pelin parasta antia on kuitenkin ehdottomasti varsinainen bonuspeli, johon p\u00e4\u00e4see v\u00e4hint\u00e4\u00e4n kolmella scatterilla. T\u00e4ss\u00e4 bonuspeliss\u00e4 pelaaja voi valita yhden kuudesta eri bonuksesta.<\/p>\n\n\n\n<p>T\u00e4m\u00e4n j\u00e4lkeen pelaajalla on mahdollisuus joko tyyty\u00e4 t\u00e4h\u00e4n bonukseen ja ker\u00e4t\u00e4 se tai jatkaa peli\u00e4 jonkun toisen bonuksen parissa. T\u00e4ll\u00f6in pelaaja voi mahdollisesti voittaa enemm\u00e4n tai h\u00e4vit\u00e4 jo aikaisemmin voittamansa bonuksen.<\/p>\n\n\n\n<h2 class=\"wp-block-heading\">Yhteenveto<\/h2>\n\n\n\n<p>The Goonies Slot on monelle hyvin nostalginen peli. Se vie ajassa taaksep\u00e4in, kun Arkajalka tuli teattereihin ja oli monen suosikki. Kyseess\u00e4 on siis joidenkin pelaajien kohdalla paluu lapsuuteen.<\/p>\n\n\n\n<p>T\u00e4ss\u00e4 peliss\u00e4 voi l\u00e4hte\u00e4 seikkailemaan elokuvasta tuttujen hahmojen, kuten Mikeyn, Datan, Mouthin, Chunkin, Bradin, Stefin, Slothin ja Andyn, kanssa. Tutut hahmot vilahtelevat peliss\u00e4 s\u00e4\u00e4nn\u00f6llisesti. Teema on siis hyvin selv\u00e4 ja peli noudattaakin teemaa jokaisesta yksityiskohdasta l\u00e4htien.<\/p>\n\n\n\n<p>The Goonies Slot sopii erinomaisesti aivan kaikille pelaajille. Sen tarjoamat bonukset ja varsinainen bonuspeli ovat herkkua monelle pelaajalle. T\u00e4m\u00e4n pelin parissa viihtyminen on taattua, sill\u00e4 kyseess\u00e4 on todella huippulaadukas peli kaikin puolin.<\/p>\n","protected":false},"excerpt":{"rendered":"<p>The Goonies Slot The Goonies Slot vie pelaajan suoraan elokuvan maailmaan. Kyseinen\u00a0netiss\u00e4 pelattava kolikkopeli\u00a0nimitt\u00e4in pohjautuu elokuvaan Arkajalat. Pelin on kehitt\u00e4nyt&#8230;<\/p>\n","protected":false},"author":5,"featured_media":0,"parent":1726,"menu_order":0,"comment_status":"closed","ping_status":"closed","template":"","meta":{"_acf_changed":false,"footnotes":""},"class_list":["post-2639","page","type-page","status-publish","hentry"],"acf":[],"yoast_head":"<!-- This site is optimized with the Yoast SEO plugin v27.0 - https:\/\/yoast.com\/product\/yoast-seo-wordpress\/ -->\n<title>The Goonies | Moderni ja visuaalisesti viihdytt\u00e4v\u00e4 peli<\/title>\n<meta name=\"description\" content=\"The Goonies Slot vie pelaajan suoraan elokuvan maailmaan, kun Arkajalka tuli teattereihin ja oli monen suosikki. Tutustu ja kokeile.\" \/>\n<meta name=\"robots\" content=\"index, follow, max-snippet:-1, max-image-preview:large, max-video-preview:-1\" \/>\n<link rel=\"canonical\" href=\"https:\/\/fastercasinos.com\/fi\/rahapelit\/kolikkopelit\/the-goonies\/\" \/>\n<meta property=\"og:locale\" content=\"fi_FI\" \/>\n<meta property=\"og:type\" content=\"article\" \/>\n<meta property=\"og:title\" content=\"The Goonies | Moderni ja visuaalisesti viihdytt\u00e4v\u00e4 peli\" \/>\n<meta property=\"og:description\" content=\"The Goonies Slot vie pelaajan suoraan elokuvan maailmaan, kun Arkajalka tuli teattereihin ja oli monen suosikki. Tutustu ja kokeile.\" \/>\n<meta property=\"og:url\" content=\"https:\/\/fastercasinos.com\/fi\/rahapelit\/kolikkopelit\/the-goonies\/\" \/>\n<meta property=\"og:site_name\" content=\"Faster casinos\" \/>\n<meta property=\"article:modified_time\" content=\"2023-05-30T11:39:26+00:00\" \/>\n<meta property=\"og:image\" content=\"https:\/\/fastercasinos.com\/wp-content\/uploads\/2021\/10\/etusivu-the-goonies.png\" \/>\n<meta name=\"twitter:card\" content=\"summary_large_image\" \/>\n<meta name=\"twitter:label1\" content=\"Arvioitu lukuaika\" \/>\n\t<meta name=\"twitter:data1\" content=\"3 minuuttia\" \/>\n<script type=\"application\/ld+json\" class=\"yoast-schema-graph\">{\"@context\":\"https:\/\/schema.org\",\"@graph\":[{\"@type\":\"WebPage\",\"@id\":\"https:\/\/fastercasinos.com\/fi\/rahapelit\/kolikkopelit\/the-goonies\/\",\"url\":\"https:\/\/fastercasinos.com\/fi\/rahapelit\/kolikkopelit\/the-goonies\/\",\"name\":\"The Goonies | Moderni ja visuaalisesti viihdytt\u00e4v\u00e4 peli\",\"isPartOf\":{\"@id\":\"https:\/\/fastercasinos.com\/fi\/#website\"},\"primaryImageOfPage\":{\"@id\":\"https:\/\/fastercasinos.com\/fi\/rahapelit\/kolikkopelit\/the-goonies\/#primaryimage\"},\"image\":{\"@id\":\"https:\/\/fastercasinos.com\/fi\/rahapelit\/kolikkopelit\/the-goonies\/#primaryimage\"},\"thumbnailUrl\":\"https:\/\/fastercasinos.com\/wp-content\/uploads\/2021\/10\/etusivu-the-goonies.png\",\"datePublished\":\"2021-11-04T09:34:27+00:00\",\"dateModified\":\"2023-05-30T11:39:26+00:00\",\"description\":\"The Goonies Slot vie pelaajan suoraan elokuvan maailmaan, kun Arkajalka tuli teattereihin ja oli monen suosikki. Tutustu ja kokeile.\",\"breadcrumb\":{\"@id\":\"https:\/\/fastercasinos.com\/fi\/rahapelit\/kolikkopelit\/the-goonies\/#breadcrumb\"},\"inLanguage\":\"fi\",\"potentialAction\":[{\"@type\":\"ReadAction\",\"target\":[\"https:\/\/fastercasinos.com\/fi\/rahapelit\/kolikkopelit\/the-goonies\/\"]}]},{\"@type\":\"ImageObject\",\"inLanguage\":\"fi\",\"@id\":\"https:\/\/fastercasinos.com\/fi\/rahapelit\/kolikkopelit\/the-goonies\/#primaryimage\",\"url\":\"https:\/\/fastercasinos.com\/wp-content\/uploads\/2021\/10\/etusivu-the-goonies.png\",\"contentUrl\":\"https:\/\/fastercasinos.com\/wp-content\/uploads\/2021\/10\/etusivu-the-goonies.png\"},{\"@type\":\"BreadcrumbList\",\"@id\":\"https:\/\/fastercasinos.com\/fi\/rahapelit\/kolikkopelit\/the-goonies\/#breadcrumb\",\"itemListElement\":[{\"@type\":\"ListItem\",\"position\":1,\"name\":\"Nopeat Kasinot\",\"item\":\"https:\/\/fastercasinos.com\/fi\/\"},{\"@type\":\"ListItem\",\"position\":2,\"name\":\"Rahapelit\",\"item\":\"https:\/\/fastercasinos.com\/fi\/rahapelit\/\"},{\"@type\":\"ListItem\",\"position\":3,\"name\":\"Kolikkopelit\",\"item\":\"https:\/\/fastercasinos.com\/fi\/rahapelit\/kolikkopelit\/\"},{\"@type\":\"ListItem\",\"position\":4,\"name\":\"The Goonies Slot\"}]},{\"@type\":\"WebSite\",\"@id\":\"https:\/\/fastercasinos.com\/fi\/#website\",\"url\":\"https:\/\/fastercasinos.com\/fi\/\",\"name\":\"Faster casinos\",\"description\":\"Fast or nothing!\",\"publisher\":{\"@id\":\"https:\/\/fastercasinos.com\/fi\/#organization\"},\"potentialAction\":[{\"@type\":\"SearchAction\",\"target\":{\"@type\":\"EntryPoint\",\"urlTemplate\":\"https:\/\/fastercasinos.com\/fi\/?s={search_term_string}\"},\"query-input\":{\"@type\":\"PropertyValueSpecification\",\"valueRequired\":true,\"valueName\":\"search_term_string\"}}],\"inLanguage\":\"fi\"},{\"@type\":\"Organization\",\"@id\":\"https:\/\/fastercasinos.com\/fi\/#organization\",\"name\":\"Fastercasinos.com\",\"url\":\"https:\/\/fastercasinos.com\/fi\/\",\"logo\":{\"@type\":\"ImageObject\",\"inLanguage\":\"fi\",\"@id\":\"https:\/\/fastercasinos.com\/fi\/#\/schema\/logo\/image\/\",\"url\":\"https:\/\/fastercasinos.com\/wp-content\/uploads\/2022\/06\/Fastercasinos-logo.svg\",\"contentUrl\":\"https:\/\/fastercasinos.com\/wp-content\/uploads\/2022\/06\/Fastercasinos-logo.svg\",\"caption\":\"Fastercasinos.com\"},\"image\":{\"@id\":\"https:\/\/fastercasinos.com\/fi\/#\/schema\/logo\/image\/\"}}]}<\/script>\n<!-- \/ Yoast SEO plugin. -->","yoast_head_json":{"title":"The Goonies | Moderni ja visuaalisesti viihdytt\u00e4v\u00e4 peli","description":"The Goonies Slot vie pelaajan suoraan elokuvan maailmaan, kun Arkajalka tuli teattereihin ja oli monen suosikki. Tutustu ja kokeile.","robots":{"index":"index","follow":"follow","max-snippet":"max-snippet:-1","max-image-preview":"max-image-preview:large","max-video-preview":"max-video-preview:-1"},"canonical":"https:\/\/fastercasinos.com\/fi\/rahapelit\/kolikkopelit\/the-goonies\/","og_locale":"fi_FI","og_type":"article","og_title":"The Goonies | Moderni ja visuaalisesti viihdytt\u00e4v\u00e4 peli","og_description":"The Goonies Slot vie pelaajan suoraan elokuvan maailmaan, kun Arkajalka tuli teattereihin ja oli monen suosikki. Tutustu ja kokeile.","og_url":"https:\/\/fastercasinos.com\/fi\/rahapelit\/kolikkopelit\/the-goonies\/","og_site_name":"Faster casinos","article_modified_time":"2023-05-30T11:39:26+00:00","og_image":[{"url":"https:\/\/fastercasinos.com\/wp-content\/uploads\/2021\/10\/etusivu-the-goonies.png","type":"","width":"","height":""}],"twitter_card":"summary_large_image","twitter_misc":{"Arvioitu lukuaika":"3 minuuttia"},"schema":{"@context":"https:\/\/schema.org","@graph":[{"@type":"WebPage","@id":"https:\/\/fastercasinos.com\/fi\/rahapelit\/kolikkopelit\/the-goonies\/","url":"https:\/\/fastercasinos.com\/fi\/rahapelit\/kolikkopelit\/the-goonies\/","name":"The Goonies | Moderni ja visuaalisesti viihdytt\u00e4v\u00e4 peli","isPartOf":{"@id":"https:\/\/fastercasinos.com\/fi\/#website"},"primaryImageOfPage":{"@id":"https:\/\/fastercasinos.com\/fi\/rahapelit\/kolikkopelit\/the-goonies\/#primaryimage"},"image":{"@id":"https:\/\/fastercasinos.com\/fi\/rahapelit\/kolikkopelit\/the-goonies\/#primaryimage"},"thumbnailUrl":"https:\/\/fastercasinos.com\/wp-content\/uploads\/2021\/10\/etusivu-the-goonies.png","datePublished":"2021-11-04T09:34:27+00:00","dateModified":"2023-05-30T11:39:26+00:00","description":"The Goonies Slot vie pelaajan suoraan elokuvan maailmaan, kun Arkajalka tuli teattereihin ja oli monen suosikki. Tutustu ja kokeile.","breadcrumb":{"@id":"https:\/\/fastercasinos.com\/fi\/rahapelit\/kolikkopelit\/the-goonies\/#breadcrumb"},"inLanguage":"fi","potentialAction":[{"@type":"ReadAction","target":["https:\/\/fastercasinos.com\/fi\/rahapelit\/kolikkopelit\/the-goonies\/"]}]},{"@type":"ImageObject","inLanguage":"fi","@id":"https:\/\/fastercasinos.com\/fi\/rahapelit\/kolikkopelit\/the-goonies\/#primaryimage","url":"https:\/\/fastercasinos.com\/wp-content\/uploads\/2021\/10\/etusivu-the-goonies.png","contentUrl":"https:\/\/fastercasinos.com\/wp-content\/uploads\/2021\/10\/etusivu-the-goonies.png"},{"@type":"BreadcrumbList","@id":"https:\/\/fastercasinos.com\/fi\/rahapelit\/kolikkopelit\/the-goonies\/#breadcrumb","itemListElement":[{"@type":"ListItem","position":1,"name":"Nopeat Kasinot","item":"https:\/\/fastercasinos.com\/fi\/"},{"@type":"ListItem","position":2,"name":"Rahapelit","item":"https:\/\/fastercasinos.com\/fi\/rahapelit\/"},{"@type":"ListItem","position":3,"name":"Kolikkopelit","item":"https:\/\/fastercasinos.com\/fi\/rahapelit\/kolikkopelit\/"},{"@type":"ListItem","position":4,"name":"The Goonies Slot"}]},{"@type":"WebSite","@id":"https:\/\/fastercasinos.com\/fi\/#website","url":"https:\/\/fastercasinos.com\/fi\/","name":"Faster casinos","description":"Fast or nothing!","publisher":{"@id":"https:\/\/fastercasinos.com\/fi\/#organization"},"potentialAction":[{"@type":"SearchAction","target":{"@type":"EntryPoint","urlTemplate":"https:\/\/fastercasinos.com\/fi\/?s={search_term_string}"},"query-input":{"@type":"PropertyValueSpecification","valueRequired":true,"valueName":"search_term_string"}}],"inLanguage":"fi"},{"@type":"Organization","@id":"https:\/\/fastercasinos.com\/fi\/#organization","name":"Fastercasinos.com","url":"https:\/\/fastercasinos.com\/fi\/","logo":{"@type":"ImageObject","inLanguage":"fi","@id":"https:\/\/fastercasinos.com\/fi\/#\/schema\/logo\/image\/","url":"https:\/\/fastercasinos.com\/wp-content\/uploads\/2022\/06\/Fastercasinos-logo.svg","contentUrl":"https:\/\/fastercasinos.com\/wp-content\/uploads\/2022\/06\/Fastercasinos-logo.svg","caption":"Fastercasinos.com"},"image":{"@id":"https:\/\/fastercasinos.com\/fi\/#\/schema\/logo\/image\/"}}]}},"_links":{"self":[{"href":"https:\/\/fastercasinos.com\/fi\/wp-json\/wp\/v2\/pages\/2639","targetHints":{"allow":["GET"]}}],"collection":[{"href":"https:\/\/fastercasinos.com\/fi\/wp-json\/wp\/v2\/pages"}],"about":[{"href":"https:\/\/fastercasinos.com\/fi\/wp-json\/wp\/v2\/types\/page"}],"author":[{"embeddable":true,"href":"https:\/\/fastercasinos.com\/fi\/wp-json\/wp\/v2\/users\/5"}],"replies":[{"embeddable":true,"href":"https:\/\/fastercasinos.com\/fi\/wp-json\/wp\/v2\/comments?post=2639"}],"version-history":[{"count":3,"href":"https:\/\/fastercasinos.com\/fi\/wp-json\/wp\/v2\/pages\/2639\/revisions"}],"predecessor-version":[{"id":3511,"href":"https:\/\/fastercasinos.com\/fi\/wp-json\/wp\/v2\/pages\/2639\/revisions\/3511"}],"up":[{"embeddable":true,"href":"https:\/\/fastercasinos.com\/fi\/wp-json\/wp\/v2\/pages\/1726"}],"wp:attachment":[{"href":"https:\/\/fastercasinos.com\/fi\/wp-json\/wp\/v2\/media?parent=2639"}],"curies":[{"name":"wp","href":"https:\/\/api.w.org\/{rel}","templated":true}]}}