{"id":2641,"date":"2021-11-04T09:34:39","date_gmt":"2021-11-04T09:34:39","guid":{"rendered":"https:\/\/fastercasinos.com\/?page_id=2641"},"modified":"2023-05-30T11:39:52","modified_gmt":"2023-05-30T11:39:52","slug":"wild-swarm","status":"publish","type":"page","link":"https:\/\/fastercasinos.com\/fi\/rahapelit\/kolikkopelit\/wild-swarm\/","title":{"rendered":"Wild Swarm"},"content":{"rendered":"\n<h1 class=\"wp-block-heading\">Wild Swarm<\/h1>\n\n\n\n<p>Wild Swarm on todella mielenkiintoinen uutuus, josta ei innovatiivisia ominaisuuksia puutu. T\u00e4m\u00e4\u00a0<a href=\"https:\/\/fastercasinos.com\/fi\/rahapelit\/kolikkopelit\/\">kolikkopeli<\/a>\u00a0kuuluu Push Gamingin uutuuksiin, sill\u00e4 Wild Swarm julkaistiin vuonna 2018. Aikaisemmin pelinkehitt\u00e4j\u00e4lt\u00e4 on totuttu n\u00e4kem\u00e4\u00e4n sellaisia pelej\u00e4 kuin Blaze of Ra.<\/p>\n\n\n\n<p>Wild Swarm houkuttelee pelaajia varsin korkealla palautusprosentillaan. Pelin palautusprosentti eli RTP on nimitt\u00e4in 97,03 %. Wild Swarm -peli\u00e4 kannattaa siis kokeilla, sill\u00e4 t\u00e4m\u00e4 peli vie \u00e4kki\u00e4 mukanaan.<\/p>\n\n\n\n<figure class=\"wp-block-image size-large\"><img loading=\"lazy\" decoding=\"async\" width=\"600\" height=\"400\" src=\"https:\/\/fastercasinos.com\/wp-content\/uploads\/2021\/10\/wild-swarm-slotti.png\" alt=\"Wild Swarm -slotti\" class=\"wp-image-3193\" srcset=\"https:\/\/fastercasinos.com\/wp-content\/uploads\/2021\/10\/wild-swarm-slotti.png 600w, https:\/\/fastercasinos.com\/wp-content\/uploads\/2021\/10\/wild-swarm-slotti-300x200.png 300w\" sizes=\"auto, (max-width: 600px) 100vw, 600px\" \/><\/figure>\n\n\n\n<h2 class=\"wp-block-heading\">Wild Swarm kolikkopeli<\/h2>\n\n\n\n<p>Wild Swarm -kolikkopelist\u00e4 l\u00f6ytyy viisi kiekkoa ja nelj\u00e4 rivi\u00e4. T\u00e4m\u00e4 mehil\u00e4isi\u00e4 kuhiseva peli pit\u00e4\u00e4 sis\u00e4ll\u00e4\u00e4n 20 voittolinjaa. Pelist\u00e4 l\u00f6ytyv\u00e4t niin\u00a0<a href=\"https:\/\/fastercasinos.com\/fi\/kasinobonukset\/ilmaiskierroksia\/\">ilmaiskierrokset<\/a>\u00a0kuin bonuspelikin. N\u00e4iden ominaisuuksien avulla jopa kaikkein kokeneimman pelaajan mielenkiinto pysyy taatusti yll\u00e4. <\/p>\n\n\n\n<p>Kannattaa siis laittaa rohkeasti panoksia likoon, sill\u00e4 t\u00e4ss\u00e4 peliss\u00e4 rohkeus palkitaan. \u00c4l\u00e4 my\u00f6sk\u00e4\u00e4n pelk\u00e4\u00e4 mehil\u00e4isi\u00e4 tai v\u00e4lttele mehil\u00e4ispesi\u00e4, sill\u00e4 niiden avulla pystyt saavuttamaan entist\u00e4kin suurempia voittoja.<\/p>\n\n\n\n<h3 class=\"wp-block-heading\">Symbolit ja grafiikka<\/h3>\n\n\n\n<p>Wild Swarm on kaikin puolin todella graafinen peli. Pelinkehitt\u00e4j\u00e4 Push Gaming tunnetaan loistavista grafiikoistaan ja \u00e4\u00e4nitehosteistaan, jotka n\u00e4kyv\u00e4t selke\u00e4sti my\u00f6s t\u00e4ss\u00e4 peliss\u00e4. Kaikki pelin symboleista noudattavat hyvin pelin teemaa, joka t\u00e4ss\u00e4 peliss\u00e4 py\u00f6rii selke\u00e4sti mehil\u00e4isten ymp\u00e4rill\u00e4.<\/p>\n\n\n\n<p>Kaikista pienimpi\u00e4 voittoja tuovat symbolit J, Q, K ja A. Suurempia voittoja tuovat kuvalliset symbolit. N\u00e4iden joukkoon kuuluvat violetti kukka, valkoinen kukka, hunajapurkki, mehil\u00e4iskuningatar sek\u00e4 dollarin merkki.<\/p>\n\n\n\n<p>Wild Swarm -pelist\u00e4 l\u00f6ytyy my\u00f6s erikoissymboleita. Pelin wildit tunnistaa helposti tekstist\u00e4 wild. Wild pystyy korvaamaan kaikki muut symbolit paitsi scatterit ja aarrearkut. Wildit voivat olla my\u00f6s Stacked wildeja. Ne ilmestyv\u00e4t ilmaiskierrosten aikana.<\/p>\n\n\n\n<p>Stacked wildit pysyv\u00e4t paikoillaan ilmaiskierrosten ajan. Peliss\u00e4 on my\u00f6s mehil\u00e4ispes\u00e4-scatter. Scattereiden avulla p\u00e4\u00e4see ilmaiskierroksille. Ei kannata unohtaa my\u00f6sk\u00e4\u00e4n bonussymbolia, joka t\u00e4ss\u00e4 peliss\u00e4 on aarrearkku.<\/p>\n\n\n\n<h3 class=\"wp-block-heading\">Bonuspelit<\/h3>\n\n\n\n<p>Wild Swarm -pelin ilmaiskierroksille p\u00e4\u00e4see saamalla v\u00e4hint\u00e4\u00e4n kolme scatteria. Ilmaiskierrosten aikana Stacked wildit j\u00e4\u00e4v\u00e4t paikoilleen koko ilmaiskierrosten ajaksi, jolloin ne voivat tuoda useammin parempia voittoyhdistelmi\u00e4. Ilmaiskierrosten m\u00e4\u00e4r\u00e4 riippuu siit\u00e4, kuinka monta scatteria pelaaja onnistuu saamaan.<\/p>\n\n\n\n<p>Ilmaiskierrosten lis\u00e4ksi Wild Swarm -peliss\u00e4 on viel\u00e4 erillinen bonusominaisuus. Peliruudukon oikealta puolelta l\u00f6ytyy mittari, joka t\u00e4yttyy aina sit\u00e4 mukaa, kun mehil\u00e4isi\u00e4 lent\u00e4\u00e4 pes\u00e4\u00e4n. Kun mittari on t\u00e4yttynyt, se alkaa olla valmis r\u00e4j\u00e4ht\u00e4m\u00e4\u00e4n.<\/p>\n\n\n\n<p>Milloin tahansa mittarin t\u00e4yttymisen j\u00e4lkeen pes\u00e4\u00e4n lent\u00e4v\u00e4 mehil\u00e4inen voi r\u00e4j\u00e4ytt\u00e4\u00e4 pes\u00e4n kokonaan. Kun r\u00e4j\u00e4hdys tapahtuu, aktivoituu Parvi-toiminto. Parvi-toiminto lis\u00e4\u00e4 kiekoille stacked wildeja, jotka pysyv\u00e4t kiekoilla koko bonuksen ajan.<\/p>\n\n\n\n<p>Parvi-toiminnossa pelaajalle annetaan kymmenen ilmaiskierrosta. Panoksensa voi saada takaisin jopa 1 500-kertaisena, joten kyseess\u00e4 on todella tuottoisa ominaisuus.<\/p>\n\n\n\n<h2 class=\"wp-block-heading\">Yhteenveto<\/h2>\n\n\n\n<p>Wild Swarm on peli, joka sopii loistavasti aivan kaikille pelaajille. Peli n\u00e4ytt\u00e4\u00e4 todella hyv\u00e4lt\u00e4 ja on visuaalisesti taitavasti tehty. Pelin teema py\u00f6rii mehil\u00e4isten ymp\u00e4rill\u00e4. Mehil\u00e4isten eiv\u00e4t olekaan kolikkopelien parista kovinkaan tuttu aihe, joten kyseess\u00e4 on siin\u00e4 mieless\u00e4 erikoinen peli. <\/p>\n\n\n\n<p>Pelaajan on helppo p\u00e4\u00e4st\u00e4 sis\u00e4lle peliin. Sen lis\u00e4ksi kaksi erilaista erikoisominaisuutta houkuttelevat pelaajia puoleensa. N\u00e4m\u00e4 ovatkin niit\u00e4 syit\u00e4, miksi Wild Swarm -peli\u00e4 voi huoletta kutsua yhdeksi koko vuoden 2018 parhaimmista peleist\u00e4. Pelaajat l\u00f6ysiv\u00e4t pelin melkein heti sen julkaisun j\u00e4lkeen ja pelaajam\u00e4\u00e4r\u00e4 on vain kasvanut hetki hetkelt\u00e4.<\/p>\n\n\n\n<p>Peli sopii monen tasoisille pelaajille juurikin panostusmahdollisuuksiensa puolesta. Wild Swarm -peli\u00e4 p\u00e4\u00e4see pelaamaan jo aivan minimisummalla. Jos taas haluaa tavoitella pelin suurinta pottia, kannattaa silloin my\u00f6s panostaa rohkeasti.<\/p>\n\n\n\n<p>Suurimpia voittoja p\u00e4\u00e4see tavoittelemaan esimerkiksi Parvi-toiminnon aikana. Jo panos kerrottuna summalla 1 500 on kohtalaisen suuri palkintopotti, joten se on omiaan kiinnostamaan jopa kaikkein kokeneimpia pelaajia. Wild Swarm -peli\u00e4 kannattaa siis ehdottomasti kokeilla!<\/p>\n","protected":false},"excerpt":{"rendered":"<p>Wild Swarm Wild Swarm on todella mielenkiintoinen uutuus, josta ei innovatiivisia ominaisuuksia puutu. T\u00e4m\u00e4\u00a0kolikkopeli\u00a0kuuluu Push Gamingin uutuuksiin, sill\u00e4 Wild Swarm&#8230;<\/p>\n","protected":false},"author":5,"featured_media":0,"parent":1726,"menu_order":0,"comment_status":"closed","ping_status":"closed","template":"","meta":{"_acf_changed":false,"footnotes":""},"class_list":["post-2641","page","type-page","status-publish","hentry"],"acf":[],"yoast_head":"<!-- This site is optimized with the Yoast SEO plugin v27.0 - https:\/\/yoast.com\/product\/yoast-seo-wordpress\/ -->\n<title>Wild Swarm | Mehil\u00e4isteemainen viihdytt\u00e4v\u00e4 peli<\/title>\n<meta name=\"description\" content=\"Wild Swarm sopii loistavasti aivan kaikille pelaajille. Peli n\u00e4ytt\u00e4\u00e4 todella hyv\u00e4lt\u00e4 ja on taitavasti visualisoitu.\" \/>\n<meta name=\"robots\" content=\"index, follow, max-snippet:-1, max-image-preview:large, max-video-preview:-1\" \/>\n<link rel=\"canonical\" href=\"https:\/\/fastercasinos.com\/fi\/rahapelit\/kolikkopelit\/wild-swarm\/\" \/>\n<meta property=\"og:locale\" content=\"fi_FI\" \/>\n<meta property=\"og:type\" content=\"article\" \/>\n<meta property=\"og:title\" content=\"Wild Swarm | Mehil\u00e4isteemainen viihdytt\u00e4v\u00e4 peli\" \/>\n<meta property=\"og:description\" content=\"Wild Swarm sopii loistavasti aivan kaikille pelaajille. Peli n\u00e4ytt\u00e4\u00e4 todella hyv\u00e4lt\u00e4 ja on taitavasti visualisoitu.\" \/>\n<meta property=\"og:url\" content=\"https:\/\/fastercasinos.com\/fi\/rahapelit\/kolikkopelit\/wild-swarm\/\" \/>\n<meta property=\"og:site_name\" content=\"Faster casinos\" \/>\n<meta property=\"article:modified_time\" content=\"2023-05-30T11:39:52+00:00\" \/>\n<meta property=\"og:image\" content=\"https:\/\/fastercasinos.com\/wp-content\/uploads\/2021\/10\/wild-swarm-slotti.png\" \/>\n<meta name=\"twitter:card\" content=\"summary_large_image\" \/>\n<meta name=\"twitter:label1\" content=\"Arvioitu lukuaika\" \/>\n\t<meta name=\"twitter:data1\" content=\"3 minuuttia\" \/>\n<script type=\"application\/ld+json\" class=\"yoast-schema-graph\">{\"@context\":\"https:\/\/schema.org\",\"@graph\":[{\"@type\":\"WebPage\",\"@id\":\"https:\/\/fastercasinos.com\/fi\/rahapelit\/kolikkopelit\/wild-swarm\/\",\"url\":\"https:\/\/fastercasinos.com\/fi\/rahapelit\/kolikkopelit\/wild-swarm\/\",\"name\":\"Wild Swarm | Mehil\u00e4isteemainen viihdytt\u00e4v\u00e4 peli\",\"isPartOf\":{\"@id\":\"https:\/\/fastercasinos.com\/fi\/#website\"},\"primaryImageOfPage\":{\"@id\":\"https:\/\/fastercasinos.com\/fi\/rahapelit\/kolikkopelit\/wild-swarm\/#primaryimage\"},\"image\":{\"@id\":\"https:\/\/fastercasinos.com\/fi\/rahapelit\/kolikkopelit\/wild-swarm\/#primaryimage\"},\"thumbnailUrl\":\"https:\/\/fastercasinos.com\/wp-content\/uploads\/2021\/10\/wild-swarm-slotti.png\",\"datePublished\":\"2021-11-04T09:34:39+00:00\",\"dateModified\":\"2023-05-30T11:39:52+00:00\",\"description\":\"Wild Swarm sopii loistavasti aivan kaikille pelaajille. Peli n\u00e4ytt\u00e4\u00e4 todella hyv\u00e4lt\u00e4 ja on taitavasti visualisoitu.\",\"breadcrumb\":{\"@id\":\"https:\/\/fastercasinos.com\/fi\/rahapelit\/kolikkopelit\/wild-swarm\/#breadcrumb\"},\"inLanguage\":\"fi\",\"potentialAction\":[{\"@type\":\"ReadAction\",\"target\":[\"https:\/\/fastercasinos.com\/fi\/rahapelit\/kolikkopelit\/wild-swarm\/\"]}]},{\"@type\":\"ImageObject\",\"inLanguage\":\"fi\",\"@id\":\"https:\/\/fastercasinos.com\/fi\/rahapelit\/kolikkopelit\/wild-swarm\/#primaryimage\",\"url\":\"https:\/\/fastercasinos.com\/wp-content\/uploads\/2021\/10\/wild-swarm-slotti.png\",\"contentUrl\":\"https:\/\/fastercasinos.com\/wp-content\/uploads\/2021\/10\/wild-swarm-slotti.png\"},{\"@type\":\"BreadcrumbList\",\"@id\":\"https:\/\/fastercasinos.com\/fi\/rahapelit\/kolikkopelit\/wild-swarm\/#breadcrumb\",\"itemListElement\":[{\"@type\":\"ListItem\",\"position\":1,\"name\":\"Nopeat Kasinot\",\"item\":\"https:\/\/fastercasinos.com\/fi\/\"},{\"@type\":\"ListItem\",\"position\":2,\"name\":\"Rahapelit\",\"item\":\"https:\/\/fastercasinos.com\/fi\/rahapelit\/\"},{\"@type\":\"ListItem\",\"position\":3,\"name\":\"Kolikkopelit\",\"item\":\"https:\/\/fastercasinos.com\/fi\/rahapelit\/kolikkopelit\/\"},{\"@type\":\"ListItem\",\"position\":4,\"name\":\"Wild Swarm\"}]},{\"@type\":\"WebSite\",\"@id\":\"https:\/\/fastercasinos.com\/fi\/#website\",\"url\":\"https:\/\/fastercasinos.com\/fi\/\",\"name\":\"Faster casinos\",\"description\":\"Fast or nothing!\",\"publisher\":{\"@id\":\"https:\/\/fastercasinos.com\/fi\/#organization\"},\"potentialAction\":[{\"@type\":\"SearchAction\",\"target\":{\"@type\":\"EntryPoint\",\"urlTemplate\":\"https:\/\/fastercasinos.com\/fi\/?s={search_term_string}\"},\"query-input\":{\"@type\":\"PropertyValueSpecification\",\"valueRequired\":true,\"valueName\":\"search_term_string\"}}],\"inLanguage\":\"fi\"},{\"@type\":\"Organization\",\"@id\":\"https:\/\/fastercasinos.com\/fi\/#organization\",\"name\":\"Fastercasinos.com\",\"url\":\"https:\/\/fastercasinos.com\/fi\/\",\"logo\":{\"@type\":\"ImageObject\",\"inLanguage\":\"fi\",\"@id\":\"https:\/\/fastercasinos.com\/fi\/#\/schema\/logo\/image\/\",\"url\":\"https:\/\/fastercasinos.com\/wp-content\/uploads\/2022\/06\/Fastercasinos-logo.svg\",\"contentUrl\":\"https:\/\/fastercasinos.com\/wp-content\/uploads\/2022\/06\/Fastercasinos-logo.svg\",\"caption\":\"Fastercasinos.com\"},\"image\":{\"@id\":\"https:\/\/fastercasinos.com\/fi\/#\/schema\/logo\/image\/\"}}]}<\/script>\n<!-- \/ Yoast SEO plugin. -->","yoast_head_json":{"title":"Wild Swarm | Mehil\u00e4isteemainen viihdytt\u00e4v\u00e4 peli","description":"Wild Swarm sopii loistavasti aivan kaikille pelaajille. Peli n\u00e4ytt\u00e4\u00e4 todella hyv\u00e4lt\u00e4 ja on taitavasti visualisoitu.","robots":{"index":"index","follow":"follow","max-snippet":"max-snippet:-1","max-image-preview":"max-image-preview:large","max-video-preview":"max-video-preview:-1"},"canonical":"https:\/\/fastercasinos.com\/fi\/rahapelit\/kolikkopelit\/wild-swarm\/","og_locale":"fi_FI","og_type":"article","og_title":"Wild Swarm | Mehil\u00e4isteemainen viihdytt\u00e4v\u00e4 peli","og_description":"Wild Swarm sopii loistavasti aivan kaikille pelaajille. Peli n\u00e4ytt\u00e4\u00e4 todella hyv\u00e4lt\u00e4 ja on taitavasti visualisoitu.","og_url":"https:\/\/fastercasinos.com\/fi\/rahapelit\/kolikkopelit\/wild-swarm\/","og_site_name":"Faster casinos","article_modified_time":"2023-05-30T11:39:52+00:00","og_image":[{"url":"https:\/\/fastercasinos.com\/wp-content\/uploads\/2021\/10\/wild-swarm-slotti.png","type":"","width":"","height":""}],"twitter_card":"summary_large_image","twitter_misc":{"Arvioitu lukuaika":"3 minuuttia"},"schema":{"@context":"https:\/\/schema.org","@graph":[{"@type":"WebPage","@id":"https:\/\/fastercasinos.com\/fi\/rahapelit\/kolikkopelit\/wild-swarm\/","url":"https:\/\/fastercasinos.com\/fi\/rahapelit\/kolikkopelit\/wild-swarm\/","name":"Wild Swarm | Mehil\u00e4isteemainen viihdytt\u00e4v\u00e4 peli","isPartOf":{"@id":"https:\/\/fastercasinos.com\/fi\/#website"},"primaryImageOfPage":{"@id":"https:\/\/fastercasinos.com\/fi\/rahapelit\/kolikkopelit\/wild-swarm\/#primaryimage"},"image":{"@id":"https:\/\/fastercasinos.com\/fi\/rahapelit\/kolikkopelit\/wild-swarm\/#primaryimage"},"thumbnailUrl":"https:\/\/fastercasinos.com\/wp-content\/uploads\/2021\/10\/wild-swarm-slotti.png","datePublished":"2021-11-04T09:34:39+00:00","dateModified":"2023-05-30T11:39:52+00:00","description":"Wild Swarm sopii loistavasti aivan kaikille pelaajille. Peli n\u00e4ytt\u00e4\u00e4 todella hyv\u00e4lt\u00e4 ja on taitavasti visualisoitu.","breadcrumb":{"@id":"https:\/\/fastercasinos.com\/fi\/rahapelit\/kolikkopelit\/wild-swarm\/#breadcrumb"},"inLanguage":"fi","potentialAction":[{"@type":"ReadAction","target":["https:\/\/fastercasinos.com\/fi\/rahapelit\/kolikkopelit\/wild-swarm\/"]}]},{"@type":"ImageObject","inLanguage":"fi","@id":"https:\/\/fastercasinos.com\/fi\/rahapelit\/kolikkopelit\/wild-swarm\/#primaryimage","url":"https:\/\/fastercasinos.com\/wp-content\/uploads\/2021\/10\/wild-swarm-slotti.png","contentUrl":"https:\/\/fastercasinos.com\/wp-content\/uploads\/2021\/10\/wild-swarm-slotti.png"},{"@type":"BreadcrumbList","@id":"https:\/\/fastercasinos.com\/fi\/rahapelit\/kolikkopelit\/wild-swarm\/#breadcrumb","itemListElement":[{"@type":"ListItem","position":1,"name":"Nopeat Kasinot","item":"https:\/\/fastercasinos.com\/fi\/"},{"@type":"ListItem","position":2,"name":"Rahapelit","item":"https:\/\/fastercasinos.com\/fi\/rahapelit\/"},{"@type":"ListItem","position":3,"name":"Kolikkopelit","item":"https:\/\/fastercasinos.com\/fi\/rahapelit\/kolikkopelit\/"},{"@type":"ListItem","position":4,"name":"Wild Swarm"}]},{"@type":"WebSite","@id":"https:\/\/fastercasinos.com\/fi\/#website","url":"https:\/\/fastercasinos.com\/fi\/","name":"Faster casinos","description":"Fast or nothing!","publisher":{"@id":"https:\/\/fastercasinos.com\/fi\/#organization"},"potentialAction":[{"@type":"SearchAction","target":{"@type":"EntryPoint","urlTemplate":"https:\/\/fastercasinos.com\/fi\/?s={search_term_string}"},"query-input":{"@type":"PropertyValueSpecification","valueRequired":true,"valueName":"search_term_string"}}],"inLanguage":"fi"},{"@type":"Organization","@id":"https:\/\/fastercasinos.com\/fi\/#organization","name":"Fastercasinos.com","url":"https:\/\/fastercasinos.com\/fi\/","logo":{"@type":"ImageObject","inLanguage":"fi","@id":"https:\/\/fastercasinos.com\/fi\/#\/schema\/logo\/image\/","url":"https:\/\/fastercasinos.com\/wp-content\/uploads\/2022\/06\/Fastercasinos-logo.svg","contentUrl":"https:\/\/fastercasinos.com\/wp-content\/uploads\/2022\/06\/Fastercasinos-logo.svg","caption":"Fastercasinos.com"},"image":{"@id":"https:\/\/fastercasinos.com\/fi\/#\/schema\/logo\/image\/"}}]}},"_links":{"self":[{"href":"https:\/\/fastercasinos.com\/fi\/wp-json\/wp\/v2\/pages\/2641","targetHints":{"allow":["GET"]}}],"collection":[{"href":"https:\/\/fastercasinos.com\/fi\/wp-json\/wp\/v2\/pages"}],"about":[{"href":"https:\/\/fastercasinos.com\/fi\/wp-json\/wp\/v2\/types\/page"}],"author":[{"embeddable":true,"href":"https:\/\/fastercasinos.com\/fi\/wp-json\/wp\/v2\/users\/5"}],"replies":[{"embeddable":true,"href":"https:\/\/fastercasinos.com\/fi\/wp-json\/wp\/v2\/comments?post=2641"}],"version-history":[{"count":3,"href":"https:\/\/fastercasinos.com\/fi\/wp-json\/wp\/v2\/pages\/2641\/revisions"}],"predecessor-version":[{"id":3513,"href":"https:\/\/fastercasinos.com\/fi\/wp-json\/wp\/v2\/pages\/2641\/revisions\/3513"}],"up":[{"embeddable":true,"href":"https:\/\/fastercasinos.com\/fi\/wp-json\/wp\/v2\/pages\/1726"}],"wp:attachment":[{"href":"https:\/\/fastercasinos.com\/fi\/wp-json\/wp\/v2\/media?parent=2641"}],"curies":[{"name":"wp","href":"https:\/\/api.w.org\/{rel}","templated":true}]}}