{"id":4942,"date":"2023-05-26T13:58:51","date_gmt":"2023-05-26T13:58:51","guid":{"rendered":"https:\/\/fastercasinos.com\/?page_id=4942"},"modified":"2024-03-07T14:29:37","modified_gmt":"2024-03-07T14:29:37","slug":"trustly-kasinot","status":"publish","type":"page","link":"https:\/\/fastercasinos.com\/fi\/nettikasinot\/trustly-kasinot\/","title":{"rendered":"Trustly kasinot"},"content":{"rendered":"\n<h1 class=\"wp-block-heading\">Trustly kasinot<\/h1>\n\n\n\n<p>Trustly kasinot ovat t\u00e4ll\u00e4 hetkell\u00e4 todella kuumaa tavaraa nettikasinoilla. T\u00e4h\u00e4n on periaatteessa kaksi syyt\u00e4: palvelun k\u00e4yt\u00f6n vaivattomuus ja toisaalta t\u00e4ysin uudenlaisten kasinoiden saapuminen markkinoille.<\/p>\n\n\n\n<p>Trustly on k\u00e4yt\u00f6ss\u00e4 t\u00e4n\u00e4 p\u00e4iv\u00e4n\u00e4 l\u00e4hes jokaisella suomalaisenkin pelaajan suosimalla nettikasinolla.<\/p>\n\n\n<ol class=\"card-list\"><li class=\"card-list-item\">\n    <div class=\"casino-card\">\n        <div class=\"col\">\n\n            <div class=\"logo\">\n                <img decoding=\"async\" src=\"https:\/\/fastercasinos.com\/wp-content\/uploads\/2023\/09\/Casiplay.png\" alt=\"Casiplay\" \/>\n            <\/div>\n        <\/div>\n        <div class=\"col\">\n            <div class=\"name\">\n                Casiplay\n            <\/div>\n            <div class=\"usp primary\">\n                Verovapaa kasino\n            <\/div>\n        <\/div>\n        <div class=\"col\">\n            <div class=\"usp\">\n                <div>Bonus:800\u20ac<\/div>\n            <\/div>\n        <\/div>\n        <div class=\"col\">\n            <div class=\"icons\">\n                <div class=\"icon \">\n                    <img decoding=\"async\" src=\"\/wp-content\/themes\/affilliate-theme-one\/assets\/dist\/img\/bankid.svg\" alt=\"BankID\">\n                <\/div>\n                <div class=\"icon \">\n                    <img decoding=\"async\" src=\"\/wp-content\/themes\/affilliate-theme-one\/assets\/dist\/img\/swish.svg\" alt=\"Swish\">\n                <\/div>\n                <div class=\"icon active\">\n                    <img decoding=\"async\" src=\"\/wp-content\/themes\/affilliate-theme-one\/assets\/dist\/img\/trustly.svg\" alt=\"Trusyly\">\n                <\/div>\n                <div class=\"icon \">\n                    <img decoding=\"async\" src=\"\/wp-content\/themes\/affilliate-theme-one\/assets\/dist\/img\/zimpler.svg\" alt=\"Zimpler\">\n                <\/div>\n            <\/div>\n            <div class=\"cta\">\n                <a href=\"\/ref\/5085\" class=\"button\" target=\"_blank\">Kasinolle<\/a>\n            <\/div>\n            <div class=\"terms\"> <\/div>\n        <\/div>\n    <\/div>\n<\/li>\n<li class=\"card-list-item\">\n    <div class=\"casino-card\">\n        <div class=\"col\">\n\n            <div class=\"logo\">\n                <img decoding=\"async\" src=\"https:\/\/fastercasinos.com\/wp-content\/uploads\/2023\/09\/Teho-kasinop.png\" alt=\"Teho\" \/>\n            <\/div>\n        <\/div>\n        <div class=\"col\">\n            <div class=\"name\">\n                Teho\n            <\/div>\n            <div class=\"usp primary\">\n                150% JOPA 600\u20ac ASTI\n            <\/div>\n        <\/div>\n        <div class=\"col\">\n            <div class=\"usp\">\n                <div>MGA kasino = Verovapaa<\/div>\n            <\/div>\n        <\/div>\n        <div class=\"col\">\n            <div class=\"icons\">\n                <div class=\"icon \">\n                    <img decoding=\"async\" src=\"\/wp-content\/themes\/affilliate-theme-one\/assets\/dist\/img\/bankid.svg\" alt=\"BankID\">\n                <\/div>\n                <div class=\"icon \">\n                    <img decoding=\"async\" src=\"\/wp-content\/themes\/affilliate-theme-one\/assets\/dist\/img\/swish.svg\" alt=\"Swish\">\n                <\/div>\n                <div class=\"icon active\">\n                    <img decoding=\"async\" src=\"\/wp-content\/themes\/affilliate-theme-one\/assets\/dist\/img\/trustly.svg\" alt=\"Trusyly\">\n                <\/div>\n                <div class=\"icon \">\n                    <img decoding=\"async\" src=\"\/wp-content\/themes\/affilliate-theme-one\/assets\/dist\/img\/zimpler.svg\" alt=\"Zimpler\">\n                <\/div>\n            <\/div>\n            <div class=\"cta\">\n                <a href=\"\/ref\/5095\" class=\"button\" target=\"_blank\">Kasinolle<\/a>\n            <\/div>\n            <div class=\"terms\"> <\/div>\n        <\/div>\n    <\/div>\n<\/li>\n<\/ol>\n\n\n\n<h2 class=\"wp-block-heading\">Trustly kasino niitt\u00e4\u00e4 suosiota<\/h2>\n\n\n\n<p>Erityisesti&nbsp;nettikasino ilman rekister\u00f6inti\u00e4&nbsp;pelisivustot ovat ottaneet Trustlyn laajasti k\u00e4ytt\u00f6\u00f6n ja niiss\u00e4 Trustly on ehdottomasti k\u00e4ytetyin maksupalvelu.<\/p>\n\n\n\n<p>Miten palvelu pelaa, ja mill\u00e4 tasolla Trustly luotettavuus on? Muun muassa n\u00e4ist\u00e4 aiheista opit enemm\u00e4n t\u00e4ss\u00e4 artikkelissa!<\/p>\n\n\n\n<ul class=\"wp-block-list\"><li>yleinen maksutapa nettikasinoilla \u2013 k\u00e4yt\u00f6ss\u00e4 l\u00e4hes kaikkialla<\/li><li>palvelun k\u00e4ytt\u00f6 yleens\u00e4 ilmaista<\/li><li>turvallinen ja luotettava maksumenetelm\u00e4<\/li><\/ul>\n\n\n\n<h2 class=\"wp-block-heading\">Miten Trustly casino maksutapa toimii?<\/h2>\n\n\n\n<p>Trustlyn k\u00e4ytt\u00f6 on helppoa, eik\u00e4 se edellyt\u00e4 sinulta erillisten ohjelmien tai sovellusten lataamista. Kun haluat maksaa Trustlyn avulla, voit vain yksinkertaisesti valita sen maksutavaksi, ja suorittaa talletuksen nettikasinolla verkkopankkitunnuksilla.<\/p>\n\n\n\n<p>Talletuksen tekeminen ei l\u00e4ht\u00f6kohtaisesti koskaan maksa sinulle mit\u00e4\u00e4n, ellei yksitt\u00e4inen nettikasino ole p\u00e4\u00e4tt\u00e4nyt peri\u00e4 erillisi\u00e4 kuluja rahansiirroista. Mik\u00e4li kasino veloittaa kuluja maksuliikenteest\u00e4, saat siit\u00e4 tiedon jo ennen talletuksen tai noston tekemist\u00e4.<\/p>\n\n\n\n<h3 class=\"wp-block-heading\">Trustly talletus<\/h3>\n\n\n\n<p>Trustly talletus on k\u00e4tev\u00e4 ja turvallinen maksumenetelm\u00e4 nettikasinolla. Trustly kasinot ovat kahdenlaisia: osassa sinun tulee avata itsellesi ensin pelitili, ja toisten kohdalla pelitilin rekister\u00f6inti\u00e4 ei edellytet\u00e4 lainkaan.<\/p>\n\n\n\n<p>J\u00e4lkimm\u00e4iset niin kutsutu&nbsp;<a href=\"https:\/\/fastercasinos.com\/fi\/\">nopeat kasinot<\/a>&nbsp;ovat kasvattaneet suosiotaan viimeisen muutaman vuoden aikana suorastaan r\u00e4j\u00e4hdysm\u00e4isell\u00e4 tavalla.<\/p>\n\n\n\n<p>Se ei ole ihme, sill\u00e4 n\u00e4ill\u00e4 sivustoilla pelaamisen aloittaminen k\u00e4y nopeasti. Esittelemme t\u00e4ss\u00e4 silti molemmat kaksi tapaa tehd\u00e4 talletuksia Trustlylla. Otetaan k\u00e4sittelyyn ensimm\u00e4iseksi se, miten perinteinen Trustly casino talletus onnistuu.<\/p>\n\n\n\n<p>Kun haluat tehd\u00e4 talletuksen perinteisell\u00e4 tavalla toimivalle kasinolle, tulee sinun aivan ensimm\u00e4iseksi luoda itsellesi oma pelitili.<\/p>\n\n\n\n<p>Sen tekeminen on periaatteessa yksinkertainen prosessi, jossa sinulta kysyt\u00e4\u00e4n joitakin henkil\u00f6tietoja. Pelitilin avaamiseksi sinun tulee tavallisesti antaa itsest\u00e4si ainakin seuraavat tiedot:<\/p>\n\n\n\n<ul class=\"wp-block-list\"><li>etu- ja sukunimi<\/li><li>kotiosoite<\/li><li>s\u00e4hk\u00f6postiosoite<\/li><li>puhelinnumero<\/li><li>syntym\u00e4aika<\/li><\/ul>\n\n\n\n<p>Kun olet antanut n\u00e4m\u00e4 tiedot, pelitili aukaistaan. Sinun tulee t\u00e4m\u00e4n j\u00e4lkeen viel\u00e4 vahvistaa pelitilisi joko s\u00e4hk\u00f6postiin tai puhelimeesi saapuneen linkin tai koodin avulla. T\u00e4m\u00e4n j\u00e4lkeen p\u00e4\u00e4set tekem\u00e4\u00e4n talletusta.<\/p>\n\n\n\n<p>Monet t\u00e4llaiset perinteiset Trustly kasinot mahdollistavat useiden eri maksutapojen k\u00e4yt\u00f6n. Voitkin valita, teetk\u00f6 talletuksen juuri Trustlyn kautta verkkopankissa, vai k\u00e4yt\u00e4tk\u00f6 esimerkiksi luotto- tai pankkikorttia, prepaid-maksua tai nettilompakoita.<\/p>\n\n\n\n<h4 class=\"wp-block-heading\">Hyv\u00e4 huomioida Trustlyn k\u00e4yt\u00f6ss\u00e4<\/h4>\n\n\n\n<p>Perinteisten Trustly kasinoiden kohdalla tulee muistaa, ett\u00e4 pelitili on my\u00f6s varmennettava. Itse asiassa, et varmenna niink\u00e4\u00e4n pelitili\u00e4si, vaan henkil\u00f6llisyytesi.<\/p>\n\n\n\n<p>T\u00e4m\u00e4n teet l\u00e4hett\u00e4m\u00e4ll\u00e4 kasinolle mm. kopion kuvallisesta henkil\u00f6llisyystodistuksesta, esimerkiksi passista. Lis\u00e4ksi tarvitaan viel\u00e4 muitakin asiakirjoja, kuten todistusta osoitteesta.<\/p>\n\n\n\n<p>T\u00e4m\u00e4 hoituu kotiisi tulleen talouslaskun avulla. Siin\u00e4 tulee n\u00e4ky\u00e4 oma nimesi, osoitteesi ja se voi olla yleens\u00e4 maksimissaan kolme tai nelj\u00e4 kuukautta vanha. Jokainen Trustly kasino voi m\u00e4\u00e4ritell\u00e4 n\u00e4it\u00e4 seikkoja osittain itse, joten noudata aina yksitt\u00e4isen kasinon ohjeita.<\/p>\n\n\n\n<p>Vasta, kun pelitili on varmistettu, voit tehd\u00e4 kotiutuspyynn\u00f6n. T\u00e4h\u00e4n palaamme hetken p\u00e4\u00e4st\u00e4. K\u00e4sittelemme sit\u00e4 ennen viel\u00e4 sen, miten Trustly talletus tehd\u00e4\u00e4n uuden aallon kasinolla, eli pay n play kasinolla.<\/p>\n\n\n\n<p>Kun haluat aloittaa pelaamisen sellaisella Trustly kasinolla, johon ei edellytet\u00e4 erillist\u00e4 pelitilin avausta, toimi seuraavalla tavalla:<\/p>\n\n\n\n<ol class=\"wp-block-list\"><li>Klikkaa kasinon sivustolla n\u00e4kem\u00e4\u00e4si painiketta, jossa lukee esimerkiksi \u201cTee talletus\u201d.<\/li><li>Ilmoita sitten se summa, jonka aiot tallettaa.<\/li><li>Klikkaa painiketta, josta p\u00e4\u00e4set seuraavaan vaiheeseen.<\/li><li>Eteesi avautuu ikkuna, jossa n\u00e4et kaikki kotimaassa toimivat pankit ja niiden tunnukset. Valitse joukosta omasi.<\/li><li>Anna verkkopankkitunnukset, salasana ja vahvista maksu.<\/li><li>Nopea Trustly maksaminen on nyt tehty, ja voit aloittaa pelaamisen.<\/li><\/ol>\n\n\n\n<p>Muista, ett\u00e4 Trustly kasinot voivat tarjota uusille pelaajille tervetuloetuja. Kannattaa huomioida t\u00e4m\u00e4 talletuksen tekemisen yhteydess\u00e4. Osa kasinoista antaa etua varten erillisen koodin, kun taas toisten kasinoiden kohdalla sinun tulee valita bonus k\u00e4ytt\u00f6\u00f6si talletusta tehdess\u00e4si erillisest\u00e4 boksista.<\/p>\n\n\n\n<h3 class=\"wp-block-heading\">Trustly pankit<\/h3>\n\n\n\n<p>Pankit, joita Trustly casino antaa sinun k\u00e4ytt\u00e4\u00e4 Suomessa ovat:<\/p>\n\n\n\n<ul class=\"wp-block-list\"><li>Nordea<\/li><li>OP Pohjola<\/li><li>Handelsbanken<\/li><li>Aktia<\/li><li>Danske Bank<\/li><li>OmaSP<\/li><li>S-Pankki<\/li><li>S\u00e4\u00e4st\u00f6pankki<\/li><li>\u00c5landsbanken<\/li><\/ul>\n\n\n\n<h3 class=\"wp-block-heading\">Trustly kotiutus<\/h3>\n\n\n\n<p>Sitten on aika k\u00e4sitell\u00e4 se, miten Trustly kotiutus oikein toimii. Siin\u00e4 miss\u00e4 talletuksen tekemisess\u00e4 eri nettikasinoiden toimintatavoissa on eroa, kuten yll\u00e4 jo huomasit, tapahtuu kotiutus melko lailla samalla kaavalla kaikilla kasinoilla. Nostopyynt\u00f6jen k\u00e4sittelyajat kuitenkin voivat poiketa toisistaan runsaastikin.<\/p>\n\n\n\n<p>Perinteiset Trustly kasinot k\u00e4sittelev\u00e4t kotiutuspyynn\u00f6t tavallisesti manuaalisesti. T\u00e4m\u00e4 tarkoittaa sit\u00e4, ett\u00e4 jokainen nostopyynt\u00f6 k\u00e4sitell\u00e4\u00e4n kasinon henkil\u00f6kunnan toimesta. T\u00e4ss\u00e4 jokaisella nettikasinolla saattaa olla hieman toisistaan poikkeavia k\u00e4yt\u00e4nt\u00f6j\u00e4.<\/p>\n\n\n\n<p>Osalla nostopyynt\u00f6 on ensin odotustilassa, ja vasta, kun on kulunut esimerkiksi vuorokauden tai kahden verran, se siirtyy henkil\u00f6kunnan k\u00e4siin. Toisinaan k\u00e4sittelyajat voivat veny\u00e4, sill\u00e4 kasinoilla saattaa olla ruuhkaa.<\/p>\n\n\n\n<p>Modernit Trustly kasinot, eli ne sivustot, joissa pelitili\u00e4 ei tarvitse avata, sen sijaan k\u00e4sittelev\u00e4t kaikki nostopyynn\u00f6t t\u00e4ysin automaattisesti. T\u00e4m\u00e4 merkitsee pelaajan kannalta sit\u00e4, ett\u00e4 voittorahat l\u00e4htev\u00e4t ulos kasinolta heti, ja kotiutuksen kesto riippuu en\u00e4\u00e4 vain pelaajan k\u00e4ytt\u00e4m\u00e4st\u00e4 pankista.<\/p>\n\n\n\n<p>Parhaassa tapauksessa Trustly kasino maksaakin siis voiton tilillesi jopa muutamien minuuttien kuluessa siit\u00e4, kun teit kotiutuspyynt\u00f6si. Toisaalta joidenkin pankkien k\u00e4sittelyajat voivat olla muutamia tunteja, tai jopa noin vuorokauden verran.<\/p>\n\n\n\n<p>L\u00e4ht\u00f6kohtaisesti voidaan kuitenkin todeta, ett\u00e4 Trustly kotiutus on sek\u00e4 perinteisill\u00e4 ett\u00e4 moderneilla nettikasinoilla nopeaa, ja mik\u00e4 parasta, aina takuulla turvallista.<\/p>\n\n\n\n<h4 class=\"wp-block-heading\">Hyv\u00e4 tiet\u00e4\u00e4<\/h4>\n\n\n\n<p><strong>Onnistuuko Trustly kotiutus viikonloppuna?<\/strong>&nbsp;Voit tehd\u00e4 nostopyynn\u00f6t kasinoilta luonnollisesti my\u00f6s viikonloppuisin. Se, siirtyyk\u00f6 rahat tilillesi, riippuu t\u00e4ysin k\u00e4ytt\u00e4m\u00e4st\u00e4si pankista. On melko tavanomaista, etteiv\u00e4t pankit hoida maksuliikennett\u00e4 viikonloppuisin.<\/p>\n\n\n\n<p>Ent\u00e4 verot,&nbsp;<strong>pit\u00e4\u00e4k\u00f6 Trustlyn kautta tehdyist\u00e4 rahansiirroista maksaa veroja?<\/strong>&nbsp;T\u00e4m\u00e4 riippuu t\u00e4ysin siit\u00e4, mist\u00e4 maasta ja milt\u00e4 toimijalta pelaamasi kasinon lisenssit ovat per\u00e4isin. Mik\u00e4li pelaat kasinolla, joka on saanut toimiluvat esimerkiksi Maltan tai Viron peliviranomaiselta, ei voitoista tarvitse maksaa veroja.<\/p>\n\n\n\n<p>Jos taas pelaat Curacaon lisenssill\u00e4 toimivalla kasinolla, pit\u00e4\u00e4 sinun ilmoittaa voitoistasi verottajalle t\u00e4nne Suomeen.<\/p>\n\n\n\n<figure class=\"wp-block-image\"><img loading=\"lazy\" decoding=\"async\" width=\"1024\" height=\"536\" src=\"https:\/\/fastercasinos.com\/wp-content\/uploads\/2021\/05\/parhaat-trustly-kasinot-1024x536.png\" alt=\"Parhaat Trustly kasinot\" class=\"wp-image-1898\" srcset=\"https:\/\/fastercasinos.com\/wp-content\/uploads\/2021\/05\/parhaat-trustly-kasinot-1024x536.png 1024w, https:\/\/fastercasinos.com\/wp-content\/uploads\/2021\/05\/parhaat-trustly-kasinot-300x157.png 300w, https:\/\/fastercasinos.com\/wp-content\/uploads\/2021\/05\/parhaat-trustly-kasinot-768x402.png 768w, https:\/\/fastercasinos.com\/wp-content\/uploads\/2021\/05\/parhaat-trustly-kasinot.png 1200w\" sizes=\"auto, (max-width: 1024px) 100vw, 1024px\" \/><\/figure>\n\n\n\n<h2 class=\"wp-block-heading\">Trustly kokemuksia kasinolla<\/h2>\n\n\n\n<p>Meille Trustly kokemuksia&nbsp; on ehtinyt vuosien saatossa kerty\u00e4 rutkasti. Trustly maksu on helppo ja nopea tehd\u00e4, etenkin nyt uusien pay n play kasinoiden kohdalla. K\u00e4yt\u00f6st\u00e4 ei my\u00f6sk\u00e4\u00e4n juuri koskaan perit\u00e4 mit\u00e4\u00e4n erillisi\u00e4 maksuja, joten Trustly on erinomainen vaihtoehto my\u00f6s siin\u00e4 mieless\u00e4.<\/p>\n\n\n\n<p>Kokemukset Trustlyn k\u00e4yt\u00f6st\u00e4 ovat positiivisia selke\u00e4sti my\u00f6s eri yhti\u00f6iden mielest\u00e4. Palvelu on helppo ottaa k\u00e4ytt\u00f6\u00f6n, ja Trustly luotettavuus on aivan omassa luokassaan. Verkkomaksut ovat k\u00e4tevi\u00e4 ja n\u00e4pp\u00e4ri\u00e4 sek\u00e4 nettikasinon ett\u00e4 pelaajan kannalta.<\/p>\n\n\n\n<p>Turvallisuus on t\u00e4n\u00e4 p\u00e4iv\u00e4n\u00e4 noussut markkinoilla arvoon arvaamattomaan, ja Trustlyn k\u00e4ytt\u00e4m\u00e4t, moneen kertaan suojatut yhteydet on todettu vuodesta toiseen laadukkaiksi ja luotettaviksi.<\/p>\n\n\n\n<p>Me voimme suositella Trustlyn k\u00e4ytt\u00f6\u00e4 sinulle enemm\u00e4n kuin l\u00e4mpim\u00e4sti. Verkkopankkitalletukset nettikasinolle ovat nopeasti valmiita, ja samalla ne ovat l\u00e4ht\u00f6kohtaisesti aina maksuttomia.<\/p>\n\n\n\n<p>Pay n play kasinoiden kohdalla Trustlyn k\u00e4yt\u00f6n etu tulee sille my\u00f6s siin\u00e4, miten saat talletuksen yhteydess\u00e4 hoidettua my\u00f6s henkil\u00f6llisyytesi varmentamisen!<\/p>\n\n\n\n<h2 class=\"wp-block-heading\">Trustly casino tarjonta \u2013 Miss\u00e4 voit k\u00e4ytt\u00e4\u00e4?<\/h2>\n\n\n\n<p>Trustly kasinot ovat k\u00e4yt\u00e4nn\u00f6ss\u00e4 kaikkialla. Melkeinp\u00e4 ainoat kasinot, joissa Trustly maksaminen ei onnistu, ovat sellaiset pay n play kasinot, joissa maksuliikenteest\u00e4 huolehtii jokin toinen palvelu, kuten Entercash tai Euteller.<\/p>\n\n\n\n<p>Voit t\u00f6rm\u00e4t\u00e4 Trustlyyn my\u00f6s monissa muissa netin palveluissa, kuten verkkokaupoissa, ja jatkossa vain yh\u00e4 useammassa sellaisessa. Voit siis kerrytt\u00e4\u00e4 Trustly kokemuksia l\u00e4hes jokaisella nettikasinolla, ja aina yht\u00e4 turvallisesti.<\/p>\n\n\n\n<p>Muista kuitenkin tarkistaa erikseen, veloittaako kasino Trustly maksu palvelun k\u00e4yt\u00f6st\u00e4 sinulta jotakin. Tavallisesti maksua ei perit\u00e4, kuten jo aikaisemmin kerroimme, mutta poikkeuksia l\u00f6ytyy silti aina.<\/p>\n","protected":false},"excerpt":{"rendered":"<p>Trustly kasinot Trustly kasinot ovat t\u00e4ll\u00e4 hetkell\u00e4 todella kuumaa tavaraa nettikasinoilla. T\u00e4h\u00e4n on periaatteessa kaksi syyt\u00e4: palvelun k\u00e4yt\u00f6n vaivattomuus ja&#8230;<\/p>\n","protected":false},"author":5,"featured_media":1898,"parent":4658,"menu_order":0,"comment_status":"closed","ping_status":"closed","template":"","meta":{"_acf_changed":false,"footnotes":""},"class_list":["post-4942","page","type-page","status-publish","has-post-thumbnail","hentry"],"acf":[],"yoast_head":"<!-- This site is optimized with the Yoast SEO plugin v27.0 - https:\/\/yoast.com\/product\/yoast-seo-wordpress\/ -->\n<title>Trustly Kasinot | Nopeat maksut nettikasinoille Trustlyn kautta<\/title>\n<meta name=\"description\" content=\"Trustly kasinot tarjoavat helpon ja nopean maksutavan nettikasinoilla. Katso Trustly casino listaus ja l\u00f6yd\u00e4 itsellesi sopivin pelipaikka.\" \/>\n<meta name=\"robots\" content=\"index, follow, max-snippet:-1, max-image-preview:large, max-video-preview:-1\" \/>\n<link rel=\"canonical\" href=\"https:\/\/fastercasinos.com\/fi\/nettikasinot\/trustly-kasinot\/\" \/>\n<meta property=\"og:locale\" content=\"fi_FI\" \/>\n<meta property=\"og:type\" content=\"article\" \/>\n<meta property=\"og:title\" content=\"Trustly Kasinot | Nopeat maksut nettikasinoille Trustlyn kautta\" \/>\n<meta property=\"og:description\" content=\"Trustly kasinot tarjoavat helpon ja nopean maksutavan nettikasinoilla. Katso Trustly casino listaus ja l\u00f6yd\u00e4 itsellesi sopivin pelipaikka.\" \/>\n<meta property=\"og:url\" content=\"https:\/\/fastercasinos.com\/fi\/nettikasinot\/trustly-kasinot\/\" \/>\n<meta property=\"og:site_name\" content=\"Faster casinos\" \/>\n<meta property=\"article:modified_time\" content=\"2024-03-07T14:29:37+00:00\" \/>\n<meta property=\"og:image\" content=\"https:\/\/fastercasinos.com\/wp-content\/uploads\/2021\/05\/parhaat-trustly-kasinot.png\" \/>\n\t<meta property=\"og:image:width\" content=\"1200\" \/>\n\t<meta property=\"og:image:height\" content=\"628\" \/>\n\t<meta property=\"og:image:type\" content=\"image\/png\" \/>\n<meta name=\"twitter:card\" content=\"summary_large_image\" \/>\n<meta name=\"twitter:label1\" content=\"Arvioitu lukuaika\" \/>\n\t<meta name=\"twitter:data1\" content=\"6 minuuttia\" \/>\n<script type=\"application\/ld+json\" class=\"yoast-schema-graph\">{\"@context\":\"https:\/\/schema.org\",\"@graph\":[{\"@type\":\"WebPage\",\"@id\":\"https:\/\/fastercasinos.com\/fi\/nettikasinot\/trustly-kasinot\/\",\"url\":\"https:\/\/fastercasinos.com\/fi\/nettikasinot\/trustly-kasinot\/\",\"name\":\"Trustly Kasinot | Nopeat maksut nettikasinoille Trustlyn kautta\",\"isPartOf\":{\"@id\":\"https:\/\/fastercasinos.com\/fi\/#website\"},\"primaryImageOfPage\":{\"@id\":\"https:\/\/fastercasinos.com\/fi\/nettikasinot\/trustly-kasinot\/#primaryimage\"},\"image\":{\"@id\":\"https:\/\/fastercasinos.com\/fi\/nettikasinot\/trustly-kasinot\/#primaryimage\"},\"thumbnailUrl\":\"https:\/\/fastercasinos.com\/wp-content\/uploads\/2021\/05\/parhaat-trustly-kasinot.png\",\"datePublished\":\"2023-05-26T13:58:51+00:00\",\"dateModified\":\"2024-03-07T14:29:37+00:00\",\"description\":\"Trustly kasinot tarjoavat helpon ja nopean maksutavan nettikasinoilla. Katso Trustly casino listaus ja l\u00f6yd\u00e4 itsellesi sopivin pelipaikka.\",\"breadcrumb\":{\"@id\":\"https:\/\/fastercasinos.com\/fi\/nettikasinot\/trustly-kasinot\/#breadcrumb\"},\"inLanguage\":\"fi\",\"potentialAction\":[{\"@type\":\"ReadAction\",\"target\":[\"https:\/\/fastercasinos.com\/fi\/nettikasinot\/trustly-kasinot\/\"]}]},{\"@type\":\"ImageObject\",\"inLanguage\":\"fi\",\"@id\":\"https:\/\/fastercasinos.com\/fi\/nettikasinot\/trustly-kasinot\/#primaryimage\",\"url\":\"https:\/\/fastercasinos.com\/wp-content\/uploads\/2021\/05\/parhaat-trustly-kasinot.png\",\"contentUrl\":\"https:\/\/fastercasinos.com\/wp-content\/uploads\/2021\/05\/parhaat-trustly-kasinot.png\",\"width\":1200,\"height\":628,\"caption\":\"Parhaat Trustly kasinot\"},{\"@type\":\"BreadcrumbList\",\"@id\":\"https:\/\/fastercasinos.com\/fi\/nettikasinot\/trustly-kasinot\/#breadcrumb\",\"itemListElement\":[{\"@type\":\"ListItem\",\"position\":1,\"name\":\"Nopeat Kasinot\",\"item\":\"https:\/\/fastercasinos.com\/fi\/\"},{\"@type\":\"ListItem\",\"position\":2,\"name\":\"Nettikasinot\",\"item\":\"https:\/\/fastercasinos.com\/fi\/nettikasinot\/\"},{\"@type\":\"ListItem\",\"position\":3,\"name\":\"Trustly kasinot\"}]},{\"@type\":\"WebSite\",\"@id\":\"https:\/\/fastercasinos.com\/fi\/#website\",\"url\":\"https:\/\/fastercasinos.com\/fi\/\",\"name\":\"Faster casinos\",\"description\":\"Fast or nothing!\",\"publisher\":{\"@id\":\"https:\/\/fastercasinos.com\/fi\/#organization\"},\"potentialAction\":[{\"@type\":\"SearchAction\",\"target\":{\"@type\":\"EntryPoint\",\"urlTemplate\":\"https:\/\/fastercasinos.com\/fi\/?s={search_term_string}\"},\"query-input\":{\"@type\":\"PropertyValueSpecification\",\"valueRequired\":true,\"valueName\":\"search_term_string\"}}],\"inLanguage\":\"fi\"},{\"@type\":\"Organization\",\"@id\":\"https:\/\/fastercasinos.com\/fi\/#organization\",\"name\":\"Fastercasinos.com\",\"url\":\"https:\/\/fastercasinos.com\/fi\/\",\"logo\":{\"@type\":\"ImageObject\",\"inLanguage\":\"fi\",\"@id\":\"https:\/\/fastercasinos.com\/fi\/#\/schema\/logo\/image\/\",\"url\":\"https:\/\/fastercasinos.com\/wp-content\/uploads\/2022\/06\/Fastercasinos-logo.svg\",\"contentUrl\":\"https:\/\/fastercasinos.com\/wp-content\/uploads\/2022\/06\/Fastercasinos-logo.svg\",\"caption\":\"Fastercasinos.com\"},\"image\":{\"@id\":\"https:\/\/fastercasinos.com\/fi\/#\/schema\/logo\/image\/\"}}]}<\/script>\n<!-- \/ Yoast SEO plugin. -->","yoast_head_json":{"title":"Trustly Kasinot | Nopeat maksut nettikasinoille Trustlyn kautta","description":"Trustly kasinot tarjoavat helpon ja nopean maksutavan nettikasinoilla. Katso Trustly casino listaus ja l\u00f6yd\u00e4 itsellesi sopivin pelipaikka.","robots":{"index":"index","follow":"follow","max-snippet":"max-snippet:-1","max-image-preview":"max-image-preview:large","max-video-preview":"max-video-preview:-1"},"canonical":"https:\/\/fastercasinos.com\/fi\/nettikasinot\/trustly-kasinot\/","og_locale":"fi_FI","og_type":"article","og_title":"Trustly Kasinot | Nopeat maksut nettikasinoille Trustlyn kautta","og_description":"Trustly kasinot tarjoavat helpon ja nopean maksutavan nettikasinoilla. Katso Trustly casino listaus ja l\u00f6yd\u00e4 itsellesi sopivin pelipaikka.","og_url":"https:\/\/fastercasinos.com\/fi\/nettikasinot\/trustly-kasinot\/","og_site_name":"Faster casinos","article_modified_time":"2024-03-07T14:29:37+00:00","og_image":[{"width":1200,"height":628,"url":"https:\/\/fastercasinos.com\/wp-content\/uploads\/2021\/05\/parhaat-trustly-kasinot.png","type":"image\/png"}],"twitter_card":"summary_large_image","twitter_misc":{"Arvioitu lukuaika":"6 minuuttia"},"schema":{"@context":"https:\/\/schema.org","@graph":[{"@type":"WebPage","@id":"https:\/\/fastercasinos.com\/fi\/nettikasinot\/trustly-kasinot\/","url":"https:\/\/fastercasinos.com\/fi\/nettikasinot\/trustly-kasinot\/","name":"Trustly Kasinot | Nopeat maksut nettikasinoille Trustlyn kautta","isPartOf":{"@id":"https:\/\/fastercasinos.com\/fi\/#website"},"primaryImageOfPage":{"@id":"https:\/\/fastercasinos.com\/fi\/nettikasinot\/trustly-kasinot\/#primaryimage"},"image":{"@id":"https:\/\/fastercasinos.com\/fi\/nettikasinot\/trustly-kasinot\/#primaryimage"},"thumbnailUrl":"https:\/\/fastercasinos.com\/wp-content\/uploads\/2021\/05\/parhaat-trustly-kasinot.png","datePublished":"2023-05-26T13:58:51+00:00","dateModified":"2024-03-07T14:29:37+00:00","description":"Trustly kasinot tarjoavat helpon ja nopean maksutavan nettikasinoilla. Katso Trustly casino listaus ja l\u00f6yd\u00e4 itsellesi sopivin pelipaikka.","breadcrumb":{"@id":"https:\/\/fastercasinos.com\/fi\/nettikasinot\/trustly-kasinot\/#breadcrumb"},"inLanguage":"fi","potentialAction":[{"@type":"ReadAction","target":["https:\/\/fastercasinos.com\/fi\/nettikasinot\/trustly-kasinot\/"]}]},{"@type":"ImageObject","inLanguage":"fi","@id":"https:\/\/fastercasinos.com\/fi\/nettikasinot\/trustly-kasinot\/#primaryimage","url":"https:\/\/fastercasinos.com\/wp-content\/uploads\/2021\/05\/parhaat-trustly-kasinot.png","contentUrl":"https:\/\/fastercasinos.com\/wp-content\/uploads\/2021\/05\/parhaat-trustly-kasinot.png","width":1200,"height":628,"caption":"Parhaat Trustly kasinot"},{"@type":"BreadcrumbList","@id":"https:\/\/fastercasinos.com\/fi\/nettikasinot\/trustly-kasinot\/#breadcrumb","itemListElement":[{"@type":"ListItem","position":1,"name":"Nopeat Kasinot","item":"https:\/\/fastercasinos.com\/fi\/"},{"@type":"ListItem","position":2,"name":"Nettikasinot","item":"https:\/\/fastercasinos.com\/fi\/nettikasinot\/"},{"@type":"ListItem","position":3,"name":"Trustly kasinot"}]},{"@type":"WebSite","@id":"https:\/\/fastercasinos.com\/fi\/#website","url":"https:\/\/fastercasinos.com\/fi\/","name":"Faster casinos","description":"Fast or nothing!","publisher":{"@id":"https:\/\/fastercasinos.com\/fi\/#organization"},"potentialAction":[{"@type":"SearchAction","target":{"@type":"EntryPoint","urlTemplate":"https:\/\/fastercasinos.com\/fi\/?s={search_term_string}"},"query-input":{"@type":"PropertyValueSpecification","valueRequired":true,"valueName":"search_term_string"}}],"inLanguage":"fi"},{"@type":"Organization","@id":"https:\/\/fastercasinos.com\/fi\/#organization","name":"Fastercasinos.com","url":"https:\/\/fastercasinos.com\/fi\/","logo":{"@type":"ImageObject","inLanguage":"fi","@id":"https:\/\/fastercasinos.com\/fi\/#\/schema\/logo\/image\/","url":"https:\/\/fastercasinos.com\/wp-content\/uploads\/2022\/06\/Fastercasinos-logo.svg","contentUrl":"https:\/\/fastercasinos.com\/wp-content\/uploads\/2022\/06\/Fastercasinos-logo.svg","caption":"Fastercasinos.com"},"image":{"@id":"https:\/\/fastercasinos.com\/fi\/#\/schema\/logo\/image\/"}}]}},"_links":{"self":[{"href":"https:\/\/fastercasinos.com\/fi\/wp-json\/wp\/v2\/pages\/4942","targetHints":{"allow":["GET"]}}],"collection":[{"href":"https:\/\/fastercasinos.com\/fi\/wp-json\/wp\/v2\/pages"}],"about":[{"href":"https:\/\/fastercasinos.com\/fi\/wp-json\/wp\/v2\/types\/page"}],"author":[{"embeddable":true,"href":"https:\/\/fastercasinos.com\/fi\/wp-json\/wp\/v2\/users\/5"}],"replies":[{"embeddable":true,"href":"https:\/\/fastercasinos.com\/fi\/wp-json\/wp\/v2\/comments?post=4942"}],"version-history":[{"count":3,"href":"https:\/\/fastercasinos.com\/fi\/wp-json\/wp\/v2\/pages\/4942\/revisions"}],"predecessor-version":[{"id":5114,"href":"https:\/\/fastercasinos.com\/fi\/wp-json\/wp\/v2\/pages\/4942\/revisions\/5114"}],"up":[{"embeddable":true,"href":"https:\/\/fastercasinos.com\/fi\/wp-json\/wp\/v2\/pages\/4658"}],"wp:featuredmedia":[{"embeddable":true,"href":"https:\/\/fastercasinos.com\/fi\/wp-json\/wp\/v2\/media\/1898"}],"wp:attachment":[{"href":"https:\/\/fastercasinos.com\/fi\/wp-json\/wp\/v2\/media?parent=4942"}],"curies":[{"name":"wp","href":"https:\/\/api.w.org\/{rel}","templated":true}]}}