{"id":5259,"date":"2024-04-05T09:25:07","date_gmt":"2024-04-05T09:25:07","guid":{"rendered":"https:\/\/fastercasinos.com\/?page_id=5259"},"modified":"2024-04-05T09:38:42","modified_gmt":"2024-04-05T09:38:42","slug":"vedonlyonti","status":"publish","type":"page","link":"https:\/\/fastercasinos.com\/fi\/vedonlyonti\/","title":{"rendered":"Vedonly\u00f6nti"},"content":{"rendered":"\n<h1 class=\"wp-block-heading\">Vedonly\u00f6nti<\/h1>\n\n\n\n<p>Vedonly\u00f6nti verkossa on tullut suosituksi viihdemuodoksi monille suomalaisille. Monien eri urheilutapahtumien ja pelivaihtoehtojen ansiosta verkossa vedonly\u00f6nti tarjoaa j\u00e4nnitt\u00e4v\u00e4n tavan lis\u00e4t\u00e4 ylim\u00e4\u00e4r\u00e4ist\u00e4 j\u00e4nnityst\u00e4 suosikkilajeihin. T\u00e4ss\u00e4 artikkelissa tutustumme online-vedonly\u00f6nnin maailmaan ja annamme sinulle oppaan aloittamiseen.<\/p>\n\n\n\n<h2 class=\"wp-block-heading\">Viimeisimm\u00e4t vedonly\u00f6ntiartikkelimme<\/h2>\n\n\n<div class=\"news-wrapper\"><div class=\"news-item \">\n    <div class=\"news-item-image-wrapper\" style=\"background-image:url('https:\/\/fastercasinos.com\/wp-content\/uploads\/2024\/04\/fastercasinos-com-1.png');\"><\/div>\n    <div class=\"news-item-text-wrapper\">\n        <div class=\"news-title-wrapper\">\n            <div class=\"date\">2024-04-08<\/div>\n            <div class=\"title\">Mestarien liiga sarjataulukot<\/div>\n        <\/div>\n        <div class=\"excerpt\">Mestarien liiga sarjataulukot Jalkapalloa rakastavat fanit tiet\u00e4v\u00e4t, ett\u00e4 kauden alkaessa pit\u00e4\u00e4 tallettaa nettiselaimen suosikeihin&nbsp;Mestarien liiga sarjataulukot&nbsp;tai \u00e4lylaitteen n\u00e4yt\u00f6lle sovellus, josta...<\/div>\n    <\/div>\n\n    <div class=\"news-item-cta-wrapper\">\n        <a href=\"https:\/\/fastercasinos.com\/fi\/vedonlyonti\/mestarien-liiga-sarjataulukot\/\" class=\"button outline\">Lue lis\u00e4\u00e4<\/a>\n    <\/div>\n<\/div><div class=\"news-item \">\n    <div class=\"news-item-image-wrapper\" style=\"background-image:url('https:\/\/fastercasinos.com\/wp-content\/uploads\/2021\/11\/fastercasinos-com.png');\"><\/div>\n    <div class=\"news-item-text-wrapper\">\n        <div class=\"news-title-wrapper\">\n            <div class=\"date\">2024-04-05<\/div>\n            <div class=\"title\">Valioliigan sarjataulukot<\/div>\n        <\/div>\n        <div class=\"excerpt\">Valioliigan sarjataulukot Olipa kyseess\u00e4 laji mik\u00e4 tahansa, ovat sarjataulukot hy\u00f6dyllisi\u00e4 seurattavia joukkueiden menestyksest\u00e4 vallitsevan kauden aikana.\u00a0Valioliigan sarjataulukot\u00a0koostavat kattavan kuvan siit\u00e4,...<\/div>\n    <\/div>\n\n    <div class=\"news-item-cta-wrapper\">\n        <a href=\"https:\/\/fastercasinos.com\/fi\/vedonlyonti\/valioliigan-sarjataulukot\/\" class=\"button outline\">Lue lis\u00e4\u00e4<\/a>\n    <\/div>\n<\/div><\/div>\n\n\n\n<h2 class=\"wp-block-heading\">Miksi valita online-vedonly\u00f6nti?<\/h2>\n\n\n\n<p>Verkossa vedonly\u00f6nnill\u00e4 on useita etuja perinteisiin fyysisiin pelipaikkoihin verrattuna. Ensinn\u00e4kin se antaa sinulle mahdollisuuden ly\u00f6d\u00e4 vetoa milloin tahansa ja miss\u00e4 tahansa, kunhan sinulla on internetyhteys. Lis\u00e4ksi online-vedonly\u00f6nti tarjoaa usein laajemman valikoiman pelivaihtoehtoja ja paremmat kertoimet verrattuna fyysisiin pelipaikkoihin. Lis\u00e4ksi verkossa pelaaville tarjotaan erilaisia bonuksia ja kampanjoita, jotka voivat lis\u00e4t\u00e4 vetojesi arvoa.<\/p>\n\n\n\n<h2 class=\"wp-block-heading\">Kuinka online-vedonly\u00f6nti toimii?<\/h2>\n\n\n\n<p>Aloittaaksesi online-vedonly\u00f6nnin sinun on ensin valittava luotettava pelisivusto. On t\u00e4rke\u00e4\u00e4 valita lisensioitu ja s\u00e4\u00e4nnelty operaattori varmistaaksesi turvallisen ja oikeudenmukaisen pelikokemuksen. Kun olet valinnut sivuston, sinun on luotava tili ja talletettava rahaa voidaksesi asettaa vetoja.<\/p>\n\n\n\n<p>Kun tili on luotu ja rahoitettu, voit alkaa tutkia erilaisia pelivaihtoehtoja, joita tarjotaan. Monilla pelisivustoilla on laaja valikoima urheilulajeja ja tapahtumia, jalkapallosta ja j\u00e4\u00e4kiekosta tennikseen ja koripalloon. Voit yleens\u00e4 ly\u00f6d\u00e4 vetoa erilaisista tuloksista, mukaan lukien ottelun voittaja, pistem\u00e4\u00e4r\u00e4t ja kokonaispisteet.<\/p>\n\n\n\n<h2 class=\"wp-block-heading\">Vinkkej\u00e4 menestyksekk\u00e4\u00e4seen vedonly\u00f6ntiin<\/h2>\n\n\n\n<p>Menestyksek\u00e4s vedonly\u00f6j\u00e4ksi tuleminen vaatii hieman tutkimusta ja strategiaa. T\u00e4ss\u00e4 muutamia vinkkej\u00e4, jotka voivat auttaa sinua maksimoimaan voittomahdollisuutesi:<\/p>\n\n\n\n<ol class=\"wp-block-list\">\n<li><strong>Tee tutkimusta<\/strong>: Ennen kuin asetat vetoa, on t\u00e4rke\u00e4\u00e4 tutkia mukana olevia joukkueita tai pelaajia. Selvit\u00e4 heid\u00e4n kuntonsa, loukkaantumiset ja aiemmat tulokset, jotta voit tehd\u00e4 informoituja p\u00e4\u00e4t\u00f6ksi\u00e4.<\/li>\n\n\n\n<li><strong>Hallitse pelikassaasi<\/strong>: M\u00e4\u00e4rit\u00e4 budjetti vedonly\u00f6nnillesi ja pid\u00e4 siit\u00e4 kiinni. Pelikassasi hallitseminen vastuullisesti on t\u00e4rke\u00e4\u00e4 pitk\u00e4aikaisen menestyksen kannalta.<\/li>\n\n\n\n<li><strong>Vertaa kertoimia<\/strong>: Ennen vedon asettamista vertaa eri pelisivustojen kertoimia varmistaaksesi, ett\u00e4 saat parhaan mahdollisen arvon.<\/li>\n\n\n\n<li><strong>Ole kurinalainen<\/strong>: V\u00e4lt\u00e4 vedonly\u00f6nti\u00e4 hetken mielijohteesta tai tunnepohjalta. Pid\u00e4 selke\u00e4 strategia ja noudata sit\u00e4 johdonmukaisesti.<\/li>\n<\/ol>\n\n\n\n<h2 class=\"wp-block-heading\">Johtop\u00e4\u00e4t\u00f6s<\/h2>\n\n\n\n<p>Online-vedonly\u00f6nti tarjoaa suomalaisille pelaajille j\u00e4nnitt\u00e4v\u00e4n ja k\u00e4tev\u00e4n tavan osallistua suosikkilajeihinsa. Valitsemalla luotettavan pelisivuston, tekem\u00e4ll\u00e4 tutkimusta ja olemaan kurinalainen vedonly\u00f6nniss\u00e4si voit lis\u00e4t\u00e4 mahdollisuuksiasi menestykseen. Muista, ett\u00e4 vedonly\u00f6nnin tulisi olla hauskaa, ja vastuullinen pelaaminen on aina t\u00e4rke\u00e4\u00e4. Onnea matkaan!<\/p>\n","protected":false},"excerpt":{"rendered":"<p>Vedonly\u00f6nti Vedonly\u00f6nti verkossa on tullut suosituksi viihdemuodoksi monille suomalaisille. Monien eri urheilutapahtumien ja pelivaihtoehtojen ansiosta verkossa vedonly\u00f6nti tarjoaa j\u00e4nnitt\u00e4v\u00e4n tavan&#8230;<\/p>\n","protected":false},"author":5,"featured_media":0,"parent":0,"menu_order":0,"comment_status":"closed","ping_status":"closed","template":"","meta":{"_acf_changed":false,"footnotes":""},"class_list":["post-5259","page","type-page","status-publish","hentry"],"acf":[],"yoast_head":"<!-- This site is optimized with the Yoast SEO plugin v27.0 - https:\/\/yoast.com\/product\/yoast-seo-wordpress\/ -->\n<title>Vedonly\u00f6nti - Faster casinos<\/title>\n<meta name=\"robots\" content=\"index, follow, max-snippet:-1, max-image-preview:large, max-video-preview:-1\" \/>\n<link rel=\"canonical\" href=\"https:\/\/fastercasinos.com\/fi\/vedonlyonti\/\" \/>\n<meta property=\"og:locale\" content=\"fi_FI\" \/>\n<meta property=\"og:type\" content=\"article\" \/>\n<meta property=\"og:title\" content=\"Vedonly\u00f6nti - Faster casinos\" \/>\n<meta property=\"og:description\" content=\"Vedonly\u00f6nti Vedonly\u00f6nti verkossa on tullut suosituksi viihdemuodoksi monille suomalaisille. Monien eri urheilutapahtumien ja pelivaihtoehtojen ansiosta verkossa vedonly\u00f6nti tarjoaa j\u00e4nnitt\u00e4v\u00e4n tavan...\" \/>\n<meta property=\"og:url\" content=\"https:\/\/fastercasinos.com\/fi\/vedonlyonti\/\" \/>\n<meta property=\"og:site_name\" content=\"Faster casinos\" \/>\n<meta property=\"article:modified_time\" content=\"2024-04-05T09:38:42+00:00\" \/>\n<meta name=\"twitter:card\" content=\"summary_large_image\" \/>\n<meta name=\"twitter:label1\" content=\"Arvioitu lukuaika\" \/>\n\t<meta name=\"twitter:data1\" content=\"2 minuuttia\" \/>\n<script type=\"application\/ld+json\" class=\"yoast-schema-graph\">{\"@context\":\"https:\/\/schema.org\",\"@graph\":[{\"@type\":\"WebPage\",\"@id\":\"https:\/\/fastercasinos.com\/fi\/vedonlyonti\/\",\"url\":\"https:\/\/fastercasinos.com\/fi\/vedonlyonti\/\",\"name\":\"Vedonly\u00f6nti - Faster casinos\",\"isPartOf\":{\"@id\":\"https:\/\/fastercasinos.com\/fi\/#website\"},\"datePublished\":\"2024-04-05T09:25:07+00:00\",\"dateModified\":\"2024-04-05T09:38:42+00:00\",\"breadcrumb\":{\"@id\":\"https:\/\/fastercasinos.com\/fi\/vedonlyonti\/#breadcrumb\"},\"inLanguage\":\"fi\",\"potentialAction\":[{\"@type\":\"ReadAction\",\"target\":[\"https:\/\/fastercasinos.com\/fi\/vedonlyonti\/\"]}]},{\"@type\":\"BreadcrumbList\",\"@id\":\"https:\/\/fastercasinos.com\/fi\/vedonlyonti\/#breadcrumb\",\"itemListElement\":[{\"@type\":\"ListItem\",\"position\":1,\"name\":\"Nopeat Kasinot\",\"item\":\"https:\/\/fastercasinos.com\/fi\/\"},{\"@type\":\"ListItem\",\"position\":2,\"name\":\"Vedonly\u00f6nti\"}]},{\"@type\":\"WebSite\",\"@id\":\"https:\/\/fastercasinos.com\/fi\/#website\",\"url\":\"https:\/\/fastercasinos.com\/fi\/\",\"name\":\"Faster casinos\",\"description\":\"Fast or nothing!\",\"publisher\":{\"@id\":\"https:\/\/fastercasinos.com\/fi\/#organization\"},\"potentialAction\":[{\"@type\":\"SearchAction\",\"target\":{\"@type\":\"EntryPoint\",\"urlTemplate\":\"https:\/\/fastercasinos.com\/fi\/?s={search_term_string}\"},\"query-input\":{\"@type\":\"PropertyValueSpecification\",\"valueRequired\":true,\"valueName\":\"search_term_string\"}}],\"inLanguage\":\"fi\"},{\"@type\":\"Organization\",\"@id\":\"https:\/\/fastercasinos.com\/fi\/#organization\",\"name\":\"Fastercasinos.com\",\"url\":\"https:\/\/fastercasinos.com\/fi\/\",\"logo\":{\"@type\":\"ImageObject\",\"inLanguage\":\"fi\",\"@id\":\"https:\/\/fastercasinos.com\/fi\/#\/schema\/logo\/image\/\",\"url\":\"https:\/\/fastercasinos.com\/wp-content\/uploads\/2022\/06\/Fastercasinos-logo.svg\",\"contentUrl\":\"https:\/\/fastercasinos.com\/wp-content\/uploads\/2022\/06\/Fastercasinos-logo.svg\",\"caption\":\"Fastercasinos.com\"},\"image\":{\"@id\":\"https:\/\/fastercasinos.com\/fi\/#\/schema\/logo\/image\/\"}}]}<\/script>\n<!-- \/ Yoast SEO plugin. -->","yoast_head_json":{"title":"Vedonly\u00f6nti - Faster casinos","robots":{"index":"index","follow":"follow","max-snippet":"max-snippet:-1","max-image-preview":"max-image-preview:large","max-video-preview":"max-video-preview:-1"},"canonical":"https:\/\/fastercasinos.com\/fi\/vedonlyonti\/","og_locale":"fi_FI","og_type":"article","og_title":"Vedonly\u00f6nti - Faster casinos","og_description":"Vedonly\u00f6nti Vedonly\u00f6nti verkossa on tullut suosituksi viihdemuodoksi monille suomalaisille. Monien eri urheilutapahtumien ja pelivaihtoehtojen ansiosta verkossa vedonly\u00f6nti tarjoaa j\u00e4nnitt\u00e4v\u00e4n tavan...","og_url":"https:\/\/fastercasinos.com\/fi\/vedonlyonti\/","og_site_name":"Faster casinos","article_modified_time":"2024-04-05T09:38:42+00:00","twitter_card":"summary_large_image","twitter_misc":{"Arvioitu lukuaika":"2 minuuttia"},"schema":{"@context":"https:\/\/schema.org","@graph":[{"@type":"WebPage","@id":"https:\/\/fastercasinos.com\/fi\/vedonlyonti\/","url":"https:\/\/fastercasinos.com\/fi\/vedonlyonti\/","name":"Vedonly\u00f6nti - Faster casinos","isPartOf":{"@id":"https:\/\/fastercasinos.com\/fi\/#website"},"datePublished":"2024-04-05T09:25:07+00:00","dateModified":"2024-04-05T09:38:42+00:00","breadcrumb":{"@id":"https:\/\/fastercasinos.com\/fi\/vedonlyonti\/#breadcrumb"},"inLanguage":"fi","potentialAction":[{"@type":"ReadAction","target":["https:\/\/fastercasinos.com\/fi\/vedonlyonti\/"]}]},{"@type":"BreadcrumbList","@id":"https:\/\/fastercasinos.com\/fi\/vedonlyonti\/#breadcrumb","itemListElement":[{"@type":"ListItem","position":1,"name":"Nopeat Kasinot","item":"https:\/\/fastercasinos.com\/fi\/"},{"@type":"ListItem","position":2,"name":"Vedonly\u00f6nti"}]},{"@type":"WebSite","@id":"https:\/\/fastercasinos.com\/fi\/#website","url":"https:\/\/fastercasinos.com\/fi\/","name":"Faster casinos","description":"Fast or nothing!","publisher":{"@id":"https:\/\/fastercasinos.com\/fi\/#organization"},"potentialAction":[{"@type":"SearchAction","target":{"@type":"EntryPoint","urlTemplate":"https:\/\/fastercasinos.com\/fi\/?s={search_term_string}"},"query-input":{"@type":"PropertyValueSpecification","valueRequired":true,"valueName":"search_term_string"}}],"inLanguage":"fi"},{"@type":"Organization","@id":"https:\/\/fastercasinos.com\/fi\/#organization","name":"Fastercasinos.com","url":"https:\/\/fastercasinos.com\/fi\/","logo":{"@type":"ImageObject","inLanguage":"fi","@id":"https:\/\/fastercasinos.com\/fi\/#\/schema\/logo\/image\/","url":"https:\/\/fastercasinos.com\/wp-content\/uploads\/2022\/06\/Fastercasinos-logo.svg","contentUrl":"https:\/\/fastercasinos.com\/wp-content\/uploads\/2022\/06\/Fastercasinos-logo.svg","caption":"Fastercasinos.com"},"image":{"@id":"https:\/\/fastercasinos.com\/fi\/#\/schema\/logo\/image\/"}}]}},"_links":{"self":[{"href":"https:\/\/fastercasinos.com\/fi\/wp-json\/wp\/v2\/pages\/5259","targetHints":{"allow":["GET"]}}],"collection":[{"href":"https:\/\/fastercasinos.com\/fi\/wp-json\/wp\/v2\/pages"}],"about":[{"href":"https:\/\/fastercasinos.com\/fi\/wp-json\/wp\/v2\/types\/page"}],"author":[{"embeddable":true,"href":"https:\/\/fastercasinos.com\/fi\/wp-json\/wp\/v2\/users\/5"}],"replies":[{"embeddable":true,"href":"https:\/\/fastercasinos.com\/fi\/wp-json\/wp\/v2\/comments?post=5259"}],"version-history":[{"count":4,"href":"https:\/\/fastercasinos.com\/fi\/wp-json\/wp\/v2\/pages\/5259\/revisions"}],"predecessor-version":[{"id":5267,"href":"https:\/\/fastercasinos.com\/fi\/wp-json\/wp\/v2\/pages\/5259\/revisions\/5267"}],"wp:attachment":[{"href":"https:\/\/fastercasinos.com\/fi\/wp-json\/wp\/v2\/media?parent=5259"}],"curies":[{"name":"wp","href":"https:\/\/api.w.org\/{rel}","templated":true}]}}