{"id":5326,"date":"2024-04-08T10:58:16","date_gmt":"2024-04-08T10:58:16","guid":{"rendered":"https:\/\/fastercasinos.com\/?page_id=5326"},"modified":"2024-04-08T11:16:08","modified_gmt":"2024-04-08T11:16:08","slug":"paskahousu-saannot","status":"publish","type":"page","link":"https:\/\/fastercasinos.com\/fi\/rahapelit\/paskahousu-saannot\/","title":{"rendered":"Paskahousu s\u00e4\u00e4nn\u00f6t"},"content":{"rendered":"\n<h1 class=\"wp-block-heading\">Paskahousu s\u00e4\u00e4nn\u00f6t<\/h1>\n\n\n\n<p>Korttipeli, jonka tuntee melkein jokainen ymp\u00e4ri maailman, ei ole pokeri, baccarat tai <a href=\"https:\/\/fastercasinos.com\/fi\/rahapelit\/blackjack\/\">blackjack<\/a>, vaan Paskahousu. Nimen\u00e4 tuo kuulostaa varsin muulta kuin korttipelilt\u00e4, mutta hauska ja viihdytt\u00e4v\u00e4 peli se kuitenkin on. Paskahousu on ennen kaikkea peli, jota pelataan yleens\u00e4 rentona ajanvietteen\u00e4 perheen ja yst\u00e4vien kesken.<\/p>\n\n\n\n<p>Se ei ole my\u00f6sk\u00e4\u00e4n mik\u00e4\u00e4n tyls\u00e4 korttipeli, se tarjoaa hauskaa haastetta pelaajilleen. Tutustutaanpa tarkemmin Paskahousuun, sen s\u00e4\u00e4nt\u00f6ihin ja pelin kulkuun. Tarvitaanko peliss\u00e4 osaamista, taktisia taitoja tai pelatessaan paskaiset housut?<\/p>\n\n\n\n<h2 class=\"wp-block-heading\">Mik\u00e4 ihmeen&nbsp;Paskahousu korttipeli?<\/h2>\n\n\n\n<p>Paskahousu on koukuttanut pelaajia korttipelin pariin jo vuosien ajan ja se on edelleen suosittu yli sukupolvien. Koska korttipakka on helppo napata mukaansa, menness\u00e4\u00e4n vaikka m\u00f6kille, on Paskahousu yksi viihdytt\u00e4vimmist\u00e4 korttipeleist\u00e4, johon riitt\u00e4\u00e4 52 korttia ja reipas mieli.<\/p>\n\n\n\n<p>Paskahousu sopii peliksi rentoihin illanviettoihin ja hetkiin, kun halutaan viett\u00e4\u00e4 aikaa perheen kanssa tai nauttia yst\u00e4vien kanssa yhdess\u00e4olosta. Paskahoususta on olemassa eri versioita, joten ennen sen aloittamista on syyt\u00e4 kertailla&nbsp;Paskahousu s\u00e4\u00e4nn\u00f6t, etteiv\u00e4t vastapelurit p\u00e4\u00e4se huijaamaan pelin edetess\u00e4.<\/p>\n\n\n\n<h3 class=\"wp-block-heading\">Mit\u00e4 Paskahousun pelaamiseen tarvitaan?<\/h3>\n\n\n\n<p>Paskahousua pelataan yleens\u00e4 yhdell\u00e4 korttipakalla, mutta joskus voi olla mukava kokeilla pelaamista kahdella pakalla. Se lis\u00e4\u00e4 peliin mukavasti haastetta ja pit\u00e4\u00e4 pelaajien mielen virke\u00e4n\u00e4. Jos pelaa Paskahousua kahdella pakalla, on syyt\u00e4 olla tarkemmin selvill\u00e4 mitk\u00e4 ovat peruspelin&nbsp;Paskahousu s\u00e4\u00e4nn\u00f6t.<\/p>\n\n\n\n<p>S\u00e4\u00e4nt\u00f6j\u00e4 voi kukin tavallaan soveltaa, ja Valepaskahousu on my\u00f6s yksi vaihtoehto tavalliselle Paskahousulle. Valepaskahoususta kerromme tuonnempana lis\u00e4\u00e4, mutta sanottakoon, ett\u00e4 lis\u00e4j\u00e4nnityst\u00e4 pelailuun tuo ehdottomasti se, valehteleeko kaveri vai ei.<\/p>\n\n\n\n<p>Yleisesti ottaen Paskahousun pelaamiseen ei tarvita monimutkaisia s\u00e4\u00e4nt\u00f6j\u00e4 tai erikoisia v\u00e4lineit\u00e4. T\u00e4m\u00e4 tekee pelist\u00e4 helposti aloitettavan, pelattavan ja lopetettavan pelin. Se sopii korttipelin\u00e4 kaiken ik\u00e4isille pelaajille. Paskahousu on joustava peli, jonka s\u00e4\u00e4nt\u00f6j\u00e4 voidaan muokata ja mukauttaa pelaajien mieltymysten mukaan.<\/p>\n\n\n\n<h2 class=\"wp-block-heading\">Paskahousun historia<\/h2>\n\n\n\n<p>Paskahousulla ei ole varsinaista tarkkaa historiallista alkuper\u00e4\u00e4, mutta se on pelin\u00e4 levinnyt moniin eri maihin vuosien saatossa, ik\u00e4\u00e4n kuin kulttuuriperint\u00f6n\u00e4. Sen nimikin vaihtelee eri maissa, mutta Suomessa peli on tunnettu Paskahousuna jo kauan.<\/p>\n\n\n\n<p>On mahdollista, ett\u00e4 Paskahousun kaltaiset korttipelit ovat olleet olemassa jo vuosisatoja ja levinneet eri yhteis\u00f6jen v\u00e4lityksell\u00e4 suullisena perint\u00f6n\u00e4. Korttipelien suosio kasvoi erityisesti 1900-luvulla, kun korttipelit tulivat yh\u00e4 yleisemmiksi viihdemuodoiksi, eik\u00e4 nykyp\u00e4iv\u00e4n tietotekniikkaa ollut viel\u00e4 kaikkien saatavilla.<\/p>\n\n\n\n<p>Paskahousu korttipeli&nbsp;on yksi niist\u00e4 peleist\u00e4, jotka ovat s\u00e4ilyneet suosittuina vuosien varrella. Suosio jatkuu edelleen. Sen yksinkertaisuus ja hauskuus tekev\u00e4t siit\u00e4 loistavan vaihtoehdon niin aloitteleville korttipelaajille kuin kokeneemmillekin konkareille. Pelin nimi kuulostaa humoristiselta, ja sen vuoksi siit\u00e4 on muotoutunutkin kevyt ja viihteellinen korttipeli.&nbsp;Paskahousu korttipeli&nbsp;on my\u00f6s opettavainen peli, jonka avulla voi oppia nokkelaa taktikointia ja vuorovaikutustaitoja. Samalla my\u00f6s sosiaaliset taidot kehittyv\u00e4t.<\/p>\n\n\n\n<h2 class=\"wp-block-heading\">Paskahousua rennossa ja sosiaalisessa ilmapiiriss\u00e4<\/h2>\n\n\n\n<p>T\u00e4m\u00e4n yksinkertaisempaa peli\u00e4 saa hakea.&nbsp;Paskahousu s\u00e4\u00e4nn\u00f6t&nbsp;ovat helpot. Kortteja jaetaan joko viisi tai kuusi per pelaaja. Pelin aloittaa pelaaja, jolla on pienin kortti k\u00e4dess\u00e4\u00e4n. Paskahousussa suurin kortti on kakkonen, joten peli alkaa kolmosesta. Aloittajan j\u00e4lkeen seuraava pelaaja laittaa p\u00f6yt\u00e4\u00e4n v\u00e4hint\u00e4\u00e4n yht\u00e4 suuren tai samaa maata olevan kortin. Pelaajan tulee pit\u00e4\u00e4 kortteja k\u00e4dess\u00e4\u00e4n aina viisi (tai kuusi) siihen asti, kunnes pakan kortit loppuvat.<\/p>\n\n\n\n<p>Jos pelaajalla ei ole k\u00e4ytt\u00f6kelpoista korttia, h\u00e4n voi yritt\u00e4\u00e4 ly\u00f6d\u00e4 pakan p\u00e4\u00e4llimm\u00e4isen kortin p\u00f6yt\u00e4\u00e4n. Aina t\u00e4m\u00e4k\u00e4\u00e4n ei kuitenkaan onnistu, jolloin ainoa vaihtoehto on pelaajan nostaa kaikki kortit itselleen. P\u00f6yd\u00e4n kortit voi nostaa my\u00f6s vapaaehtoisesti, vaikka omaisikin sopivan kortin. T\u00e4m\u00e4 ei aina ole paras vaihtoehto, mutta taktisesti tehden, se voi toisinaan tuoda voiton. On my\u00f6s mahdollista, ettei pelaaja ly\u00f6 korttia pakan p\u00e4\u00e4lle ollenkaan umpipakasta, nostaa vain kortit vuorollaan.<\/p>\n\n\n\n<h2 class=\"wp-block-heading\">Paskahousu s\u00e4\u00e4nn\u00f6t&nbsp;ja pelin kulku<\/h2>\n\n\n\n<p>Paskahousun aloitus vaihtelee hieman riippuen osallistujien m\u00e4\u00e4r\u00e4st\u00e4 ja pelin s\u00e4\u00e4nn\u00f6ist\u00e4.&nbsp;Paskahousu korttipeli&nbsp;on hauska ja j\u00e4nnitt\u00e4v\u00e4 korttipeli, joka sopii mainiosti yst\u00e4vien ja perheen kanssa pelattavaksi. Jokainen pelikerta on erilainen, ja peliin voi lis\u00e4t\u00e4 omia s\u00e4\u00e4nt\u00f6j\u00e4 ja variaatioita lis\u00e4\u00e4m\u00e4\u00e4n haastetta ja hauskuutta.<\/p>\n\n\n\n<p>Yleens\u00e4 peli\u00e4 pelataan tavallisella 52 kortin pakalla, ilman jokereita. Osallistujia voi olla 3\u20125 pelaajaa, ja jokaiselle jaetaan aluksi tasapuolisesti viisi korttia. T\u00e4m\u00e4n j\u00e4lkeen pelaajat yleens\u00e4 j\u00e4rjest\u00e4v\u00e4t saamansa kortit k\u00e4teens\u00e4 sopivaan j\u00e4rjestykseen. Helpottaakseen pelin aloittamista, kortit j\u00e4rjestet\u00e4\u00e4n arvon tai maan mukaan.<\/p>\n\n\n\n<h3 class=\"wp-block-heading\">Korttien arvo Paskahousussa<\/h3>\n\n\n\n<p>Kuten jo mainitsimme, suurin kortti Paskahousussa on kaksi. Korttien arvo on nouseva, pienimm\u00e4st\u00e4 suurimpaan, mutta on olemassa muutamia poikkeuksia. Koska kakkonen on suurin kortti, sit\u00e4 ei voi kaataa. Kakkosen p\u00e4\u00e4lle voi pelaaja ly\u00f6d\u00e4 aina vain kakkosen. Kymppi ja \u00e4ss\u00e4 ovat Paskahousussa kaatokortteja, jotka voivat tyhjent\u00e4\u00e4 p\u00f6yd\u00e4lt\u00e4 koko korttikasan.<\/p>\n\n\n\n<p>Jos pelaaja ly\u00f6 kympin p\u00f6yd\u00e4lle, pinon voi kaataa, jos p\u00e4\u00e4llimm\u00e4inen kortti on 3\u20139, ja \u00e4ss\u00e4ll\u00e4 kaadetaan kuvakortit. Pelatessaan muokatuilla s\u00e4\u00e4nn\u00f6ill\u00e4, voi sopia, ett\u00e4 \u00e4ss\u00e4 onkin numero 14, eik\u00e4 se t\u00e4ll\u00f6in kaada mit\u00e4\u00e4n. T\u00e4ll\u00f6in kymppi kaataa my\u00f6s kuvakortit ja \u00e4ss\u00e4n. Useimmissa muunnelmissa samanarvoisia kortteja voi ly\u00f6d\u00e4 useita kerrallaan. Kuitenkaan kasia ja sit\u00e4 suurempia kortteja voi yleens\u00e4 ly\u00f6d\u00e4 vain yksi kerrallaan ja toisenkin pelaajan on laitettava saman verran kortteja.<\/p>\n\n\n\n<h3 class=\"wp-block-heading\">Paskahousun s\u00e4\u00e4nn\u00f6t pelin edetess\u00e4<\/h3>\n\n\n\n<p>Kun korttipakka loppuu, pelaajat yritt\u00e4v\u00e4t p\u00e4\u00e4st\u00e4 eroon k\u00e4dess\u00e4\u00e4n olevista korteista. Pelaaja, jolle j\u00e4\u00e4 viimeisen\u00e4 kortit k\u00e4teens\u00e4, h\u00e4vi\u00e4\u00e4 pelin. H\u00e4vi\u00e4j\u00e4st\u00e4 tulee Paskahousu.&nbsp;Paskahousu korttipeli&nbsp;on kiehtova peli. Sen j\u00e4nnitys vet\u00e4\u00e4 pelaajan mukaansa, sill\u00e4 kukaan ei haluaisi olla se, joka j\u00e4\u00e4 viimeiseksi kortteineen ja saa lempinimen &#8221;paskahousu&#8221;.<\/p>\n\n\n\n<p>Vaikka jokainen pelaaja tiet\u00e4\u00e4 pelin aloittaessaan, ett\u00e4 voi pelin p\u00e4\u00e4tteeksi olla illan Paskahousu, on&nbsp;Paskahousu korttipelikoukuttava peli. Peli on vet\u00e4nyt ihmisi\u00e4 puoleensa vuosien ajan, eik\u00e4 mik\u00e4\u00e4n illanvietto tunnu t\u00e4ydelliselt\u00e4 ilman yht\u00e4 tai useampaa Paskahousua.<\/p>\n\n\n\n<h3 class=\"wp-block-heading\">Paskahousu s\u00e4\u00e4nn\u00f6t&nbsp;kaikessa yksinkertaisuudessaan<\/h3>\n\n\n\n<p>Peli sopii i\u00e4st\u00e4 riippumatta kaikille.&nbsp;Paskahousu korttipeli&nbsp;sopii kaikenik\u00e4isille pelaajille nuorista ik\u00e4ihmisiin, sill\u00e4&nbsp;Paskahousu s\u00e4\u00e4nn\u00f6t&nbsp;ovat yksinkertaiset ja muunneltavissa pelaajien taitotason ja mielenkiinnon mukaan.<\/p>\n\n\n\n<p><strong>Pelaajien m\u00e4\u00e4r\u00e4<\/strong><\/p>\n\n\n\n<ul class=\"wp-block-list\">\n<li>Paskahousu vaatii v\u00e4hint\u00e4\u00e4n kolme pelaajaa, mutta sit\u00e4 voidaan pelata my\u00f6s suuremmalla porukalla.<\/li>\n<\/ul>\n\n\n\n<p><strong>Tarvikkeet<\/strong><\/p>\n\n\n\n<ul class=\"wp-block-list\">\n<li>Tavallinen korttipakka eli 52 pelikorttia, ilman jokereita (pois lukien muunnelmat).<\/li>\n<\/ul>\n\n\n\n<p><strong>Paskahousu-pelin tavoite<\/strong><\/p>\n\n\n\n<ul class=\"wp-block-list\">\n<li>Tavoite on p\u00e4\u00e4st\u00e4 eroon kaikista korteistaan olemalla ensimm\u00e4inen pelaaja, jolla ei ole en\u00e4\u00e4 j\u00e4ljell\u00e4 yht\u00e4k\u00e4\u00e4n korttia k\u00e4dess\u00e4\u00e4n.<\/li>\n<\/ul>\n\n\n\n<p>Paskahousu on suosittu korttipeli, ja vaikka se tunnetaankin suomalaisena, l\u00f6ytyy samantyyppisi\u00e4 versioita my\u00f6s muista maista. Paskahousun eri versioita on useita, ja monet pit\u00e4v\u00e4t niin sanottua valepaskahousua alkuper\u00e4isen\u00e4 ja parhaana versiona. Jokaisen mielipiteelle on toki sijansa.<\/p>\n\n\n\n<h2 class=\"wp-block-heading\">Vinkit Paskahousu-nimityksen v\u00e4ltt\u00e4miseen<\/h2>\n\n\n\n<p>Kun&nbsp;Paskahousu korttipeli&nbsp;alkaa olla tuttu kaikille pelaajille, kannattaa opetella taktikointia seuraamalla pelin aikana muun muassa seuraavia asioita.<\/p>\n\n\n\n<ul class=\"wp-block-list\">\n<li>Jos omassa k\u00e4dess\u00e4 on pieni\u00e4 kortteja, voi olla kannattavaa yritt\u00e4\u00e4 kaataa pakka.<\/li>\n\n\n\n<li>Kakkosia kannattaa s\u00e4\u00e4st\u00e4\u00e4 t\u00e4rkeisiin tilanteisiin, joissa muita kortteja ei ole k\u00e4ytett\u00e4viss\u00e4.<\/li>\n\n\n\n<li>Kymppien ja \u00e4ssien m\u00e4\u00e4r\u00e4n seuraaminen on j\u00e4rkev\u00e4\u00e4, sill\u00e4 niiden loppuminen vaikuttaa oleellisesti pelin kulkuun.<\/li>\n\n\n\n<li>Kaatokortteja kannattaa s\u00e4\u00e4st\u00e4\u00e4 pelin loppupuolelle, sill\u00e4 niiden avulla pystyy sekoittamaan vastapelureiden suunnitelmia tehokkaasti.<\/li>\n<\/ul>\n\n\n\n<p>Paskahousua pelatakseen on t\u00e4rke\u00e4\u00e4 suunnitella pelistrategiaa ja muistaa korttien erityisominaisuudet tarkkaan. Kakkosia kannattaa s\u00e4\u00e4stell\u00e4, ja avopakan nostoa kannattaa harkita huolellisesti. Pelin loppupuolella kannattaa olla valppaana ja hy\u00f6dynt\u00e4\u00e4 kaatokorttien mahdollisuuksia pelin k\u00e4\u00e4nt\u00e4miseksi omaksi eduksi.<\/p>\n\n\n\n<h2 class=\"wp-block-heading\">S\u00e4\u00e4nt\u00f6muunnelmilla lis\u00e4maustetta Paskahousun pelaamiseen<\/h2>\n\n\n\n<p>Paskahousu korttipeli&nbsp;saa lis\u00e4maustetta erilaisilla s\u00e4\u00e4nt\u00f6muunnelmilla. Esimerkiksi Valepaskahousussa pyrit\u00e4\u00e4n huijaamaan vastapelureita jos jonkinmoisilla huijauksilla.&nbsp;Paskahousu s\u00e4\u00e4nn\u00f6t&nbsp;eiv\u00e4t ole koskaan kiveen kirjoitettuja, vaan pelaajien tahtotila huomioiden, s\u00e4\u00e4nt\u00f6j\u00e4 voidaan muokata miten halutaan.<\/p>\n\n\n\n<p>Kaiken kaikkiaan Paskahousu on suosittu korttipeli. Se tarjoaa pelaajilleen hauskoja ja j\u00e4nnitt\u00e4vi\u00e4 hetki\u00e4. Pelin monipuolisuus ja erilaiset muunnelmat tekev\u00e4t siit\u00e4 suositun valinnan erilaisissa peli-illoissa ja sosiaalisissa tapahtumissa.<\/p>\n\n\n\n<h3 class=\"wp-block-heading\">Paskahousun muunnelma Valepaska eli Kusihousu<\/h3>\n\n\n\n<p>Valepaska tunnetaan my\u00f6s nimell\u00e4 Kusihousu. Se noudattaa p\u00e4\u00e4osin perinteisen Paskahousun s\u00e4\u00e4nt\u00f6j\u00e4. T\u00e4ss\u00e4 versiossa kortit asetetaan p\u00f6yd\u00e4lle selk\u00e4puoli yl\u00f6sp\u00e4in. T\u00e4m\u00e4 lis\u00e4\u00e4 peliin j\u00e4nnityst\u00e4, kun kaikki pelaajat ovat ep\u00e4varmoja toistensa rehellisyydest\u00e4.<\/p>\n\n\n\n<p>Pelaajan asettaessa kortin p\u00f6yd\u00e4lle, h\u00e4nen tulee antaa muille pelaajille k\u00e4sitys siit\u00e4, mik\u00e4 kortti p\u00f6yd\u00e4lle on laskettu. Muut pelaajat p\u00e4\u00e4tt\u00e4v\u00e4t, uskoako vai ei, ja paljastavatko kortin vai ei. Jos kortti paljastuu juuri sellaiseksi kortiksi kuin pelaaja on sen esitt\u00e4nyt, katsoja joutuu nostamaan kortit. Pelaajan j\u00e4\u00e4dess\u00e4 kiinni valheesta, h\u00e4n joutuu itse nostamaan p\u00f6yd\u00e4ll\u00e4 olevat kortit.<\/p>\n\n\n\n<p>Valepaskaa voidaan pelata my\u00f6s jokereilla, jolloin pelaajan on annettava jokerille jokin toinen arvo. Jos pelaaja paljastuu valheesta, h\u00e4n nostaa kortit k\u00e4teens\u00e4.<\/p>\n\n\n\n<h3 class=\"wp-block-heading\">Paskahousun muunnelma Valepaska jokereilla<\/h3>\n\n\n\n<p>Valepaska jokereilla on variaatio perinteisest\u00e4 Paskahousu-pelist\u00e4. Jokerit toimivat t\u00e4ss\u00e4 variaatiossa niin kutsuttuina erikoiskortteina. Jokereiden avulla pystyy muuttamaan pelin kulun aivan p\u00e4\u00e4laelleen. Niiden avulla voidaan korvata mik\u00e4 kortti tahansa. Joissakin s\u00e4\u00e4nt\u00f6muunnelmissa jokereilla pystyy hetkellisesti k\u00e4\u00e4nt\u00e4m\u00e4\u00e4n korttien arvoj\u00e4rjestyksen yl\u00f6salaisin.<\/p>\n\n\n\n<p>Jokerit tuovat peliin mukavaa s\u00e4rm\u00e4\u00e4, kun pelaajat joutuvat mukautumaan uusiin mahdollisuuksiin. Jos perinteinen&nbsp;Paskahousu korttipeli&nbsp;ei innosta perinteisine s\u00e4\u00e4nt\u00f6ineen, kannattaa kokeilla Valepaskaa jokereilla.<\/p>\n\n\n\n<h3 class=\"wp-block-heading\">Muita Paskahousu variaatioita<\/h3>\n\n\n\n<p>Paskahousulle on olemassa lukemattomia eri versioita ja muunnelmia ymp\u00e4ri maailmaa. Paskahousun muunnelmissa saattaa piill\u00e4 monenlaisia ainutlaatuisia piirteit\u00e4, jotka perustuvat erikoiskortteihin, korttien m\u00e4\u00e4r\u00e4\u00e4n tai niiden arvoj\u00e4rjestykseen. Paskahousu-pelin erilaiset muunnelmat vaikuttavat pelin dynamiikkaan ja pelaajien strategioihin.<\/p>\n\n\n\n<p>Muunnelmat saattavat sis\u00e4lt\u00e4\u00e4 pelin eri vaiheita, joissa pelis\u00e4\u00e4nn\u00f6t muuttuvat. Tiettyjen korttikombinaatioiden k\u00e4ytt\u00e4minen voi tarjota pelaajille my\u00f6s erityisetuoikeuksia. T\u00e4llaiset hauskat muunnelmat pit\u00e4v\u00e4t paskahousun mielenkiintoisena pelin\u00e4. Paskahousuun ei kyll\u00e4sty helposti.<\/p>\n\n\n\n<h2 class=\"wp-block-heading\">Paskahousu-pelin erikoiskortit<\/h2>\n\n\n\n<p>Paskahousussa erikoiskortit ovat keskeinen osa monia paskahousun eri versioita. Erikoiskorteilla pystyt\u00e4\u00e4n muuttamaan pelin kulkua ja niiden avulla voidaan tarjota pelaajille mahdollisuutta strategisiin siirtoihin. Erikoiskortit vaihtelevat eri versioiden ja muunnelmien v\u00e4lill\u00e4. Yleisin erikoiskortti on kuitenkin kakkonen, sill\u00e4 se on suurin kortti Paskahousussa, eik\u00e4 sit\u00e4 voi voittaa. Muut erikoiskortit ovat l\u00e4hinn\u00e4 kymppi ja \u00e4ss\u00e4, jotka toimivat kaatokortteina.<\/p>\n\n\n\n<p>Paskahousua pidet\u00e4\u00e4n yksinkertaisena pelin\u00e4, jossa kortteja pelataan nopeatempoisesti pois k\u00e4dest\u00e4 ja p\u00f6yd\u00e4lt\u00e4. Peli sis\u00e4lt\u00e4\u00e4 kuitenkin yll\u00e4tt\u00e4v\u00e4n paljon taktikointia ja pelaajien tarkkaavaisuutta. Pelaajien tulee mietti\u00e4 tarkkaan, miss\u00e4 kohtaa peli\u00e4 on strategisesti j\u00e4rkev\u00e4\u00e4 hy\u00f6dynt\u00e4\u00e4 erikoiskortteja optimaalisesti. Erikoiskorteilla voi ratkaista pelin lopputuloksen. Ne tuovat my\u00f6s odottamattomia k\u00e4\u00e4nnekotia peliin.<\/p>\n\n\n\n<h2 class=\"wp-block-heading\">Paskahousu yhteenveto<\/h2>\n\n\n\n<p>Kukaan meist\u00e4 ei halua itselleen lis\u00e4nime\u00e4 Paskahousu, mutta pelatessa sen nimist\u00e4 peli\u00e4, pit\u00e4\u00e4 ottaa tuo mahdollisuus avoimin sylin vastaan. Paskahousu on melko armoton peli. Jos pelaaja ei pysty tai halua pelata korttiaan, h\u00e4nen on aina nostettava koko avopakka itselleen.<\/p>\n\n\n\n<p>Tavoitteena on p\u00e4\u00e4st\u00e4 mahdollisimman nopeasti eroon k\u00e4dess\u00e4 olevista korteistaan. Kun pelaajalta loppuvat kortit, h\u00e4net julistetaan voittajaksi ja muiden t\u00e4ytyy laskea korttiensa pisteet. Eniten pisteit\u00e4 k\u00e4dess\u00e4\u00e4n pit\u00e4v\u00e4 pelaaja nimet\u00e4\u00e4n Paskahousuksi.<\/p>\n","protected":false},"excerpt":{"rendered":"<p>Paskahousu s\u00e4\u00e4nn\u00f6t Korttipeli, jonka tuntee melkein jokainen ymp\u00e4ri maailman, ei ole pokeri, baccarat tai blackjack, vaan Paskahousu. Nimen\u00e4 tuo kuulostaa&#8230;<\/p>\n","protected":false},"author":5,"featured_media":0,"parent":1715,"menu_order":0,"comment_status":"closed","ping_status":"closed","template":"","meta":{"_acf_changed":false,"footnotes":""},"class_list":["post-5326","page","type-page","status-publish","hentry"],"acf":[],"yoast_head":"<!-- This site is optimized with the Yoast SEO plugin v27.0 - https:\/\/yoast.com\/product\/yoast-seo-wordpress\/ -->\n<title>Paskahousu s\u00e4\u00e4nn\u00f6t \u2012 Helppo peli kaiken ik\u00e4isille - Fastercasinos.com<\/title>\n<meta name=\"description\" content=\"Paskahousu on helppo ja viihdytt\u00e4v\u00e4 korttipeli. Sit\u00e4 on pelattu jo vuosien ajan, mutta kaikki eiv\u00e4t sit\u00e4 ole kokeilleet. Kerrataan yhdess\u00e4 Paskahousu s\u00e4\u00e4nn\u00f6t.\" \/>\n<meta name=\"robots\" content=\"index, follow, max-snippet:-1, max-image-preview:large, max-video-preview:-1\" \/>\n<link rel=\"canonical\" href=\"https:\/\/fastercasinos.com\/fi\/rahapelit\/paskahousu-saannot\/\" \/>\n<meta property=\"og:locale\" content=\"fi_FI\" \/>\n<meta property=\"og:type\" content=\"article\" \/>\n<meta property=\"og:title\" content=\"Paskahousu s\u00e4\u00e4nn\u00f6t \u2012 Helppo peli kaiken ik\u00e4isille - Fastercasinos.com\" \/>\n<meta property=\"og:description\" content=\"Paskahousu on helppo ja viihdytt\u00e4v\u00e4 korttipeli. Sit\u00e4 on pelattu jo vuosien ajan, mutta kaikki eiv\u00e4t sit\u00e4 ole kokeilleet. Kerrataan yhdess\u00e4 Paskahousu s\u00e4\u00e4nn\u00f6t.\" \/>\n<meta property=\"og:url\" content=\"https:\/\/fastercasinos.com\/fi\/rahapelit\/paskahousu-saannot\/\" \/>\n<meta property=\"og:site_name\" content=\"Faster casinos\" \/>\n<meta property=\"article:modified_time\" content=\"2024-04-08T11:16:08+00:00\" \/>\n<meta name=\"twitter:card\" content=\"summary_large_image\" \/>\n<meta name=\"twitter:label1\" content=\"Arvioitu lukuaika\" \/>\n\t<meta name=\"twitter:data1\" content=\"8 minuuttia\" \/>\n<script type=\"application\/ld+json\" class=\"yoast-schema-graph\">{\"@context\":\"https:\/\/schema.org\",\"@graph\":[{\"@type\":\"WebPage\",\"@id\":\"https:\/\/fastercasinos.com\/fi\/rahapelit\/paskahousu-saannot\/\",\"url\":\"https:\/\/fastercasinos.com\/fi\/rahapelit\/paskahousu-saannot\/\",\"name\":\"Paskahousu s\u00e4\u00e4nn\u00f6t \u2012 Helppo peli kaiken ik\u00e4isille - Fastercasinos.com\",\"isPartOf\":{\"@id\":\"https:\/\/fastercasinos.com\/fi\/#website\"},\"datePublished\":\"2024-04-08T10:58:16+00:00\",\"dateModified\":\"2024-04-08T11:16:08+00:00\",\"description\":\"Paskahousu on helppo ja viihdytt\u00e4v\u00e4 korttipeli. Sit\u00e4 on pelattu jo vuosien ajan, mutta kaikki eiv\u00e4t sit\u00e4 ole kokeilleet. Kerrataan yhdess\u00e4 Paskahousu s\u00e4\u00e4nn\u00f6t.\",\"breadcrumb\":{\"@id\":\"https:\/\/fastercasinos.com\/fi\/rahapelit\/paskahousu-saannot\/#breadcrumb\"},\"inLanguage\":\"fi\",\"potentialAction\":[{\"@type\":\"ReadAction\",\"target\":[\"https:\/\/fastercasinos.com\/fi\/rahapelit\/paskahousu-saannot\/\"]}]},{\"@type\":\"BreadcrumbList\",\"@id\":\"https:\/\/fastercasinos.com\/fi\/rahapelit\/paskahousu-saannot\/#breadcrumb\",\"itemListElement\":[{\"@type\":\"ListItem\",\"position\":1,\"name\":\"Nopeat Kasinot\",\"item\":\"https:\/\/fastercasinos.com\/fi\/\"},{\"@type\":\"ListItem\",\"position\":2,\"name\":\"Rahapelit\",\"item\":\"https:\/\/fastercasinos.com\/fi\/rahapelit\/\"},{\"@type\":\"ListItem\",\"position\":3,\"name\":\"Paskahousu s\u00e4\u00e4nn\u00f6t\"}]},{\"@type\":\"WebSite\",\"@id\":\"https:\/\/fastercasinos.com\/fi\/#website\",\"url\":\"https:\/\/fastercasinos.com\/fi\/\",\"name\":\"Faster casinos\",\"description\":\"Fast or nothing!\",\"publisher\":{\"@id\":\"https:\/\/fastercasinos.com\/fi\/#organization\"},\"potentialAction\":[{\"@type\":\"SearchAction\",\"target\":{\"@type\":\"EntryPoint\",\"urlTemplate\":\"https:\/\/fastercasinos.com\/fi\/?s={search_term_string}\"},\"query-input\":{\"@type\":\"PropertyValueSpecification\",\"valueRequired\":true,\"valueName\":\"search_term_string\"}}],\"inLanguage\":\"fi\"},{\"@type\":\"Organization\",\"@id\":\"https:\/\/fastercasinos.com\/fi\/#organization\",\"name\":\"Fastercasinos.com\",\"url\":\"https:\/\/fastercasinos.com\/fi\/\",\"logo\":{\"@type\":\"ImageObject\",\"inLanguage\":\"fi\",\"@id\":\"https:\/\/fastercasinos.com\/fi\/#\/schema\/logo\/image\/\",\"url\":\"https:\/\/fastercasinos.com\/wp-content\/uploads\/2022\/06\/Fastercasinos-logo.svg\",\"contentUrl\":\"https:\/\/fastercasinos.com\/wp-content\/uploads\/2022\/06\/Fastercasinos-logo.svg\",\"caption\":\"Fastercasinos.com\"},\"image\":{\"@id\":\"https:\/\/fastercasinos.com\/fi\/#\/schema\/logo\/image\/\"}}]}<\/script>\n<!-- \/ Yoast SEO plugin. -->","yoast_head_json":{"title":"Paskahousu s\u00e4\u00e4nn\u00f6t \u2012 Helppo peli kaiken ik\u00e4isille - Fastercasinos.com","description":"Paskahousu on helppo ja viihdytt\u00e4v\u00e4 korttipeli. Sit\u00e4 on pelattu jo vuosien ajan, mutta kaikki eiv\u00e4t sit\u00e4 ole kokeilleet. Kerrataan yhdess\u00e4 Paskahousu s\u00e4\u00e4nn\u00f6t.","robots":{"index":"index","follow":"follow","max-snippet":"max-snippet:-1","max-image-preview":"max-image-preview:large","max-video-preview":"max-video-preview:-1"},"canonical":"https:\/\/fastercasinos.com\/fi\/rahapelit\/paskahousu-saannot\/","og_locale":"fi_FI","og_type":"article","og_title":"Paskahousu s\u00e4\u00e4nn\u00f6t \u2012 Helppo peli kaiken ik\u00e4isille - Fastercasinos.com","og_description":"Paskahousu on helppo ja viihdytt\u00e4v\u00e4 korttipeli. Sit\u00e4 on pelattu jo vuosien ajan, mutta kaikki eiv\u00e4t sit\u00e4 ole kokeilleet. Kerrataan yhdess\u00e4 Paskahousu s\u00e4\u00e4nn\u00f6t.","og_url":"https:\/\/fastercasinos.com\/fi\/rahapelit\/paskahousu-saannot\/","og_site_name":"Faster casinos","article_modified_time":"2024-04-08T11:16:08+00:00","twitter_card":"summary_large_image","twitter_misc":{"Arvioitu lukuaika":"8 minuuttia"},"schema":{"@context":"https:\/\/schema.org","@graph":[{"@type":"WebPage","@id":"https:\/\/fastercasinos.com\/fi\/rahapelit\/paskahousu-saannot\/","url":"https:\/\/fastercasinos.com\/fi\/rahapelit\/paskahousu-saannot\/","name":"Paskahousu s\u00e4\u00e4nn\u00f6t \u2012 Helppo peli kaiken ik\u00e4isille - Fastercasinos.com","isPartOf":{"@id":"https:\/\/fastercasinos.com\/fi\/#website"},"datePublished":"2024-04-08T10:58:16+00:00","dateModified":"2024-04-08T11:16:08+00:00","description":"Paskahousu on helppo ja viihdytt\u00e4v\u00e4 korttipeli. Sit\u00e4 on pelattu jo vuosien ajan, mutta kaikki eiv\u00e4t sit\u00e4 ole kokeilleet. Kerrataan yhdess\u00e4 Paskahousu s\u00e4\u00e4nn\u00f6t.","breadcrumb":{"@id":"https:\/\/fastercasinos.com\/fi\/rahapelit\/paskahousu-saannot\/#breadcrumb"},"inLanguage":"fi","potentialAction":[{"@type":"ReadAction","target":["https:\/\/fastercasinos.com\/fi\/rahapelit\/paskahousu-saannot\/"]}]},{"@type":"BreadcrumbList","@id":"https:\/\/fastercasinos.com\/fi\/rahapelit\/paskahousu-saannot\/#breadcrumb","itemListElement":[{"@type":"ListItem","position":1,"name":"Nopeat Kasinot","item":"https:\/\/fastercasinos.com\/fi\/"},{"@type":"ListItem","position":2,"name":"Rahapelit","item":"https:\/\/fastercasinos.com\/fi\/rahapelit\/"},{"@type":"ListItem","position":3,"name":"Paskahousu s\u00e4\u00e4nn\u00f6t"}]},{"@type":"WebSite","@id":"https:\/\/fastercasinos.com\/fi\/#website","url":"https:\/\/fastercasinos.com\/fi\/","name":"Faster casinos","description":"Fast or nothing!","publisher":{"@id":"https:\/\/fastercasinos.com\/fi\/#organization"},"potentialAction":[{"@type":"SearchAction","target":{"@type":"EntryPoint","urlTemplate":"https:\/\/fastercasinos.com\/fi\/?s={search_term_string}"},"query-input":{"@type":"PropertyValueSpecification","valueRequired":true,"valueName":"search_term_string"}}],"inLanguage":"fi"},{"@type":"Organization","@id":"https:\/\/fastercasinos.com\/fi\/#organization","name":"Fastercasinos.com","url":"https:\/\/fastercasinos.com\/fi\/","logo":{"@type":"ImageObject","inLanguage":"fi","@id":"https:\/\/fastercasinos.com\/fi\/#\/schema\/logo\/image\/","url":"https:\/\/fastercasinos.com\/wp-content\/uploads\/2022\/06\/Fastercasinos-logo.svg","contentUrl":"https:\/\/fastercasinos.com\/wp-content\/uploads\/2022\/06\/Fastercasinos-logo.svg","caption":"Fastercasinos.com"},"image":{"@id":"https:\/\/fastercasinos.com\/fi\/#\/schema\/logo\/image\/"}}]}},"_links":{"self":[{"href":"https:\/\/fastercasinos.com\/fi\/wp-json\/wp\/v2\/pages\/5326","targetHints":{"allow":["GET"]}}],"collection":[{"href":"https:\/\/fastercasinos.com\/fi\/wp-json\/wp\/v2\/pages"}],"about":[{"href":"https:\/\/fastercasinos.com\/fi\/wp-json\/wp\/v2\/types\/page"}],"author":[{"embeddable":true,"href":"https:\/\/fastercasinos.com\/fi\/wp-json\/wp\/v2\/users\/5"}],"replies":[{"embeddable":true,"href":"https:\/\/fastercasinos.com\/fi\/wp-json\/wp\/v2\/comments?post=5326"}],"version-history":[{"count":2,"href":"https:\/\/fastercasinos.com\/fi\/wp-json\/wp\/v2\/pages\/5326\/revisions"}],"predecessor-version":[{"id":5331,"href":"https:\/\/fastercasinos.com\/fi\/wp-json\/wp\/v2\/pages\/5326\/revisions\/5331"}],"up":[{"embeddable":true,"href":"https:\/\/fastercasinos.com\/fi\/wp-json\/wp\/v2\/pages\/1715"}],"wp:attachment":[{"href":"https:\/\/fastercasinos.com\/fi\/wp-json\/wp\/v2\/media?parent=5326"}],"curies":[{"name":"wp","href":"https:\/\/api.w.org\/{rel}","templated":true}]}}