{"id":5329,"date":"2024-04-08T11:14:52","date_gmt":"2024-04-08T11:14:52","guid":{"rendered":"https:\/\/fastercasinos.com\/?page_id=5329"},"modified":"2024-04-08T11:14:55","modified_gmt":"2024-04-08T11:14:55","slug":"ristiseiska-saannot","status":"publish","type":"page","link":"https:\/\/fastercasinos.com\/fi\/rahapelit\/ristiseiska-saannot\/","title":{"rendered":"Ristiseiska s\u00e4\u00e4nn\u00f6t"},"content":{"rendered":"\n<h1 class=\"wp-block-heading\">Ristiseiska s\u00e4\u00e4nn\u00f6t<\/h1>\n\n\n\n<p>L\u00e4hes kaikkien suomalaisten tuntema ristiseiska on yksi kaikkien aikojen suosituimmista korttipeleist\u00e4. T\u00e4m\u00e4 viihdytt\u00e4v\u00e4 peli tunnetaan tietyill\u00e4 alueilla my\u00f6s hieman harvinaisemmilla nimill\u00e4 pihistys tai kiusa tai pelk\u00e4st\u00e4\u00e4n nimell\u00e4 seiska.<\/p>\n\n\n\n<p>Ristiseiska on yhteis\u00f6llinen peli, joka vaatii sek\u00e4 strategista ajattelua ett\u00e4 taktiikkaa. Pelin historia juontaa juurensa vanhaan suomalaiseen korttipeliperinteeseen, ja se on s\u00e4ilytt\u00e4nyt suosionsa vuosien varrella erityisesti nuoremman v\u00e4est\u00f6n keskuudessa. Osa pelin vieh\u00e4tyksest\u00e4 piilee varmasti siin\u00e4, ett\u00e4 sen s\u00e4\u00e4nn\u00f6t on helppo oppia ja peli on erinomaista ajanvietett\u00e4 koko perheen kesken. T\u00e4ss\u00e4 artikkelissa tutustumme ristiseiskan historiaan, sen s\u00e4\u00e4nt\u00f6ihin sek\u00e4 annamme vinkkej\u00e4 pelin voittamiseen.<\/p>\n\n\n\n<h2 class=\"wp-block-heading\">Ristiseiskan historia<\/h2>\n\n\n\n<p>Ristiseiska on perinteinen suomalainen korttipeli, joka on ollut osa suomalaista pelikulttuuria jo vuosikymmenien ajan. Vaikka tarkkaa alkuper\u00e4\u00e4 ei tiedet\u00e4, on arvioitu, ett\u00e4 peli on saattanut saada alkunsa Suomessa jo 1800-luvulla. Alun perin se saattoi olla yksi monista korttipeleist\u00e4, joita suomalaiset pelasivat iltaisin kokoontuessaan yhteen.<\/p>\n\n\n\n<p>Pelin tavoitteena on saada pelattua kaikki kortit pois k\u00e4dest\u00e4\u00e4n mahdollisimman nopeasti. Joillain alueilla peli tunnetaan my\u00f6s nimill\u00e4 pihistys, kiusa tai seiska, mitk\u00e4 viittaavat pelin alkuper\u00e4iseen nimeen ja s\u00e4\u00e4nt\u00f6ihin. Kyseess\u00e4 on pitk\u00e4lti suullisen perim\u00e4tiedon ja kaveripiiriss\u00e4 opittujen s\u00e4\u00e4nt\u00f6jen varassa kulkeva helposti opittava peli, mik\u00e4 on osaltaan s\u00e4ilytt\u00e4nyt sen suosion.<\/p>\n\n\n\n<h2 class=\"wp-block-heading\">Ristiseiska s\u00e4\u00e4nn\u00f6t<\/h2>\n\n\n\n<p>Ristiseiska-peli vaatii minimiss\u00e4\u00e4n kolme kappaletta pelaajia, mutta sit\u00e4 voi pelata my\u00f6s suuremmilla pelaajam\u00e4\u00e4rill\u00e4. Pelin suurin mahdollinen pelaajam\u00e4\u00e4r\u00e4 on noin viisi pelaajaa. Pelist\u00e4 on kuitenkin kehitetty hieman erilaisilla s\u00e4\u00e4nn\u00f6ill\u00e4 versio my\u00f6s kahta pelaajaa varten. Ristiseiskaa varten tarvitaan tavallinen 52 kortin pakka, ja peli\u00e4 pelataan vastap\u00e4iv\u00e4\u00e4n.<\/p>\n\n\n\n<h3 class=\"wp-block-heading\">Pelin aloittaminen<\/h3>\n\n\n\n<p>Ristiseiska-pelin alussa korttipakan kortit jaetaan kaikkien pelaajien kesken. Mik\u00e4li kortit eiv\u00e4t mene tasan voidaan p\u00f6yt\u00e4\u00e4n j\u00e4tt\u00e4\u00e4 kuvapuoli alasp\u00e4in yksi kortti tai vaihtoehtoisesti aloittaa peli siten, ett\u00e4 yhdell\u00e4 pelaajista on yksi kortti enemm\u00e4n kuin muilla.<\/p>\n\n\n\n<p>Ristiseiska-pelin tavoitteena on p\u00e4\u00e4st\u00e4 eroon korteista mahdollisimman nopeasti. Alussa peli k\u00e4ynnistyy, kun pelaaja, jolla on ristiseiska k\u00e4dess\u00e4\u00e4n, aloittaa asettamalla sen keskelle pelip\u00f6yt\u00e4\u00e4. Mik\u00e4li kortit eiv\u00e4t menneet niit\u00e4 jakaessa tasan ja p\u00f6yd\u00e4ll\u00e4 on yksi kortti kuvapuoli alasp\u00e4in, nostaa ristiseiskan pelannut pelaaja t\u00e4m\u00e4n kortin itselleen.<\/p>\n\n\n\n<h3 class=\"wp-block-heading\">Pelin kulku<\/h3>\n\n\n\n<p>Ensimm\u00e4isen pelaajan laitettua ristiseiskan p\u00f6yt\u00e4\u00e4n jokainen pelaaja pelaa vuorollaan kortin p\u00f6yt\u00e4\u00e4n. Omalla vuorolla pelataan aina vain yksi kortti kerrallaan, poikkeuksen t\u00e4h\u00e4n tekee ainoastaan tilanne, jossa pelaaja kaataa jonkin maan pinon, mutta palaamme t\u00e4h\u00e4n hieman my\u00f6hemmin.<\/p>\n\n\n\n<p>Kortit on aseteltava pelip\u00f6yd\u00e4lle seuraavassa j\u00e4rjestyksess\u00e4: seiska mist\u00e4 tahansa maasta, seuraavaksi kutonen sellaisesta maasta, josta seiska on jo p\u00f6yd\u00e4ss\u00e4 ja t\u00e4m\u00e4n j\u00e4lkeen sellaisen maan kasi, josta seiska ja kutonen on jo ly\u00f6ty p\u00f6yt\u00e4\u00e4n.<\/p>\n\n\n\n<p>T\u00e4m\u00e4n j\u00e4lkeen muut kortit sijoitetaan pelin edetess\u00e4 p\u00f6yd\u00e4lle niin, ett\u00e4 seiskat laitetaan vierekk\u00e4in ja isommat sek\u00e4 pienemm\u00e4t kortit sijoitetaan kyseisen maan seiskan ala- ja yl\u00e4puolelle. Kunkin pelaajan tulee vuorollaan pelata kortti, jos se on mahdollista. Jos pelaaja ei pysty pelaamaan korttiaan, h\u00e4nen on otettava yksi kortti viereiselt\u00e4 pelaajalta rangaistukseksi s\u00e4\u00e4nn\u00f6n rikkomisesta.<\/p>\n\n\n\n<p>Pelaaja pelaa yhden kortin jokaisella vuorollaan, lukuun ottamatta kortin pyyt\u00e4mist\u00e4 ja \u00e4ss\u00e4n sek\u00e4 kuninkaan pelaamista, jolloin pelaaja saa pelata useamman kuin yhden kortin. Lis\u00e4ohjeita ja yksityiskohtaisempia s\u00e4\u00e4nt\u00f6j\u00e4 l\u00f6ytyy my\u00f6hemmin.<\/p>\n\n\n\n<p>Pelin voittaa se pelaaja, joka p\u00e4\u00e4see ensimm\u00e4isen\u00e4 eroon kaikista korteistaan. Muut pelaajat saavat pisteit\u00e4 k\u00e4teen j\u00e4\u00e4neist\u00e4 korteista joko niiden arvon tai lukum\u00e4\u00e4r\u00e4n mukaan, ja pelin voittanut pelaaja saa nolla pistett\u00e4.<\/p>\n\n\n\n<h3 class=\"wp-block-heading\">Kortin pyyt\u00e4minen<\/h3>\n\n\n\n<p>Jos pelaaja ei kykene asettamaan p\u00f6yt\u00e4\u00e4n yht\u00e4\u00e4n korttia, h\u00e4nen on pyydett\u00e4v\u00e4 korttia edelliselt\u00e4 pelaajalta. Ensimm\u00e4isell\u00e4 kierroksella t\u00e4t\u00e4 ei tarvitse tehd\u00e4, vaan pelaaja voi valita &#8221;Ohin&#8221;, jos ei voi pelata yht\u00e4\u00e4n korttia. Jos edellisell\u00e4 pelaajalla on vain yksi kortti, pyynt\u00f6 siirtyy seuraavalle pelaajalle, ja niin edelleen. Mik\u00e4li kaikilla muilla pelaajilla on vain yksi kortti, sovitaan, ett\u00e4 pelaajan ei tarvitse pyyt\u00e4\u00e4 korttia ollenkaan.<\/p>\n\n\n\n<p>Pyydetty\u00e4 korttia ei saa n\u00e4ytt\u00e4\u00e4 muille pelaajille ennen sen vastaanottamista. Kun kortti on annettu, vuoro siirtyy seuraavalle pelaajalle. Kortin pyyt\u00e4j\u00e4 ei saa pelata korttia samalla vuorolla, vaikka saamansa kortti sopisikin p\u00f6yt\u00e4\u00e4n.<\/p>\n\n\n\n<h3 class=\"wp-block-heading\">Kuninkaan ja \u00e4ss\u00e4n pelaaminen<\/h3>\n\n\n\n<p>Kun pelaaja asettaa p\u00f6yt\u00e4\u00e4n \u00e4ss\u00e4n tai kuninkaan, h\u00e4nell\u00e4 on oikeus jatkaa vuoroaan, koska kyseinen kortti p\u00e4\u00e4tt\u00e4\u00e4 tai kaataa yhden pinon. Normaalisti valmiiksi kertyneet kasat (eli kortit 8-K tai 6-A) k\u00e4\u00e4nnet\u00e4\u00e4n eli toisin sanoen kaadetaan yleens\u00e4 nurinp\u00e4in.<\/p>\n\n\n\n<p>T\u00e4m\u00e4n j\u00e4lkeen pelaaja voi pelata toisen kortin (ja jos se on \u00e4ss\u00e4 tai kuningas, h\u00e4n voi edelleen jatkaa vuoroaan). Vaikka pelaajalla onkin mahdollisuus jatkaa vuoroaan, h\u00e4nell\u00e4 ei ole velvollisuutta tehd\u00e4 niin. Usein taktiikan kannalta on parempi odottaa ja pid\u00e4tt\u00e4yty\u00e4 pelaamasta liian monta korttia yhdell\u00e4 vuorolla.<\/p>\n\n\n\n<h3 class=\"wp-block-heading\">Ristiseiska-pelin lopettaminen<\/h3>\n\n\n\n<p>Pelin p\u00e4\u00e4tt\u00e4miseen on olemassa kaksi erilaista vaihtoehtoista tapaa Ensimm\u00e4inen vaihtoehto on se, ett\u00e4 peli p\u00e4\u00e4ttyy siihen, ett\u00e4 vain yhdell\u00e4 pelaajalla on en\u00e4\u00e4 kortteja k\u00e4dess\u00e4\u00e4n. T\u00e4m\u00e4 pelaaja h\u00e4vi\u00e4\u00e4 pelin ja toimii seuraavan jaon jakajana. T\u00e4ss\u00e4 versiossa pisteit\u00e4 ei yleens\u00e4 lasketa, paitsi jos p\u00e4\u00e4tet\u00e4\u00e4n pit\u00e4\u00e4 kirjaa jokaisen pelaajan h\u00e4vi\u00e4mien pelien m\u00e4\u00e4r\u00e4st\u00e4.<\/p>\n\n\n\n<p>Toinen pelin p\u00e4\u00e4tt\u00e4misen vaihtoehto on se, ett\u00e4 peli p\u00e4\u00e4ttyy v\u00e4litt\u00f6m\u00e4sti siihen, kun yksi pelaajista p\u00e4\u00e4see eroon kaikista korteistaan. T\u00e4ss\u00e4 tapauksessa sovelletaan pistelaskua, jossa jokainen pelaaja saa miinuspisteit\u00e4 k\u00e4siss\u00e4\u00e4n olevista korteista. Pistelaskutapa on sovittava etuk\u00e4teen, kuten esimerkiksi antamalla \u00e4ss\u00e4st\u00e4 14 pistett\u00e4 ja muista korteista niiden silm\u00e4lukujen mukaisesti (J=11, Q=12, K=13), tai antamalla jokaisesta k\u00e4dess\u00e4 olevasta kortista yhden pisteen.<\/p>\n\n\n\n<h2 class=\"wp-block-heading\">Ristiseiskan s\u00e4\u00e4nt\u00f6muunnelmia<\/h2>\n\n\n\n<p>Kuten monista muistakin peleist\u00e4, joiden s\u00e4\u00e4nn\u00f6t ovat siirtyneet l\u00e4hinn\u00e4 suullisen perim\u00e4tiedon mukaan sukupolvilta toisille, my\u00f6s&nbsp;ristiseiska s\u00e4\u00e4nn\u00f6t&nbsp;saattavat vaihdella eri peliporukoiden kesken hieman. K\u00e4yd\u00e4\u00e4n seuraavaksi l\u00e4pi hieman n\u00e4it\u00e4 s\u00e4\u00e4nt\u00f6variaatioita.<\/p>\n\n\n\n<p>Toiset pelaavat ristiseiskaa siten, ett\u00e4 kasilla alkavan pinon kaatokorttina toimii \u00e4ss\u00e4 ja kutosella alkavan pinon kaatokorttina kakkonen. T\u00e4ll\u00f6in kuningas ei luonnollisestikaan kaada pinoa. Toiset my\u00f6s pelaavat peli\u00e4 siten, ett\u00e4 seiskojen j\u00e4lkeen pelataan seuraavaksi kasi ja kutosen saa laittaa vasta kasin jo ilmestytty\u00e4 p\u00f6yt\u00e4\u00e4n.<\/p>\n\n\n\n<h3 class=\"wp-block-heading\">Pantin k\u00e4ytt\u00e4minen<\/h3>\n\n\n\n<p>Ristiseiskasta on lis\u00e4ksi k\u00e4yt\u00f6ss\u00e4 s\u00e4\u00e4nt\u00f6muunnelma, jossa pelaaja ei otakaan toiselta pelaajalta korttia silloin kun ei pysty pelaamaan mit\u00e4\u00e4n korttia p\u00f6yt\u00e4\u00e4n, vaan k\u00e4yt\u00f6ss\u00e4 on pantti. Peli\u00e4 voidaan pelata k\u00e4ytt\u00e4en panttia, joka voi olla mik\u00e4 tahansa pieni esine, kuten tulitikkurasia tai pelikorttien kotelo.<\/p>\n\n\n\n<p>Panttiversiossa peli p\u00e4\u00e4ttyy v\u00e4litt\u00f6m\u00e4sti, kun joku pelaajista p\u00e4\u00e4see eroon korteistaan. Pistelaskussa k\u00e4ytt\u00e4m\u00e4tt\u00f6m\u00e4t kortit arvotetaan silm\u00e4lukujen mukaan, \u00e4ss\u00e4 on 14 pistett\u00e4. Lis\u00e4ksi pantin haltija saa 25 pistett\u00e4. Pelin lopettamiseksi sovitaan etuk\u00e4teen, ett\u00e4 kun joku pelaaja saavuttaa ennalta m\u00e4\u00e4r\u00e4tyn miinuspistem\u00e4\u00e4r\u00e4n, esimerkiksi 200, peli p\u00e4\u00e4ttyy.<\/p>\n\n\n\n<p>Panttia k\u00e4ytett\u00e4ess\u00e4 voidaan lis\u00e4ksi sopia erilaisia lis\u00e4s\u00e4\u00e4nt\u00f6j\u00e4, kuten se, ett\u00e4 pelin seiskoja, kutosia ja kaseja saa pihdata. Pihtaaminenhan on muutoin kielletty\u00e4 ja kortti on aina pelattava silloin, jos se sopii p\u00f6yt\u00e4\u00e4n. Toinen lis\u00e4s\u00e4\u00e4nt\u00f6 panttia k\u00e4ytett\u00e4ess\u00e4 voi olla se, ett\u00e4 mik\u00e4li pelaaja on ottanut itselleen pantin, joko erehdyksess\u00e4 tai tahallaan silloin kun jokin pelaajan korteista olisikin k\u00e4ynyt p\u00f6yt\u00e4\u00e4n, saa pelaaja pistelaskuun automaattisesti 50 miinuspistett\u00e4.<\/p>\n\n\n\n<h3 class=\"wp-block-heading\">Kahden pakan ristiseiska<\/h3>\n\n\n\n<p>Ristiseiskaa voidaan pelata my\u00f6s kahdella pakalla. Kahdella pakalla pelattaessa peli\u00e4 voi pelata kahdella hieman eri\u00e4v\u00e4ll\u00e4 tavalla eli kahden samanlaisen pakan ristiseiskaa ja kahden erilaisen pakan ristiseiskaa.<\/p>\n\n\n\n<p>Kahden samanlaisen pakan ristiseiska. T\u00e4ss\u00e4 versiossa kaksi pakkaa sekoitetaan ja jaetaan tavalliseen tapaan. Johtuen siit\u00e4, ett\u00e4 pelist\u00e4 l\u00f6ytyy kaksi ristiseiska-korttia, aloittaja on se pelaaja, joka ensimm\u00e4isen\u00e4 asettaa ristiseiskan p\u00f6yd\u00e4lle. Toisen ristiseiskan j\u00e4lkeen seiskat toimivat samoin kuin muiden maiden seiskat. Pelin kuluessa p\u00f6yd\u00e4lle muodostuu lopulta kahdeksan seiskaa vierekk\u00e4in.<\/p>\n\n\n\n<p>Taktiikka t\u00e4ss\u00e4 peliss\u00e4 eroaa merkitt\u00e4v\u00e4sti yhden pakan ristiseiskasta, koska &#8221;pihtausta&#8221; voi yritt\u00e4\u00e4 vain, jos molemmat kyseiset kortit ovat joko k\u00e4dess\u00e4 tai toinen niist\u00e4 on jo p\u00f6yd\u00e4ll\u00e4. Usein pihtausten yritykset p\u00e4\u00e4ttyv\u00e4t, kun joku pelaaja asettaa saman kortin p\u00f6yd\u00e4lle, jolloin pihtausta yritt\u00e4nyt joutuu odottamaan toisen saman maan pakan avaamista p\u00e4\u00e4st\u00e4kseen eroon kortistaan.<\/p>\n\n\n\n<p>Kahden erilaisen pakan ristiseiska. T\u00e4ss\u00e4 versiossa molemmat pakat sekoitetaan yhteen ja jaetaan pelaajien kesken. Ristiseiska-korteista kumpi tahansa voi aloittaa, ja sen j\u00e4lkeen toimii samoin kuin muiden maiden seiskat. Koska pakat ovat erilaisia, peliss\u00e4 on kahdeksan maata, eik\u00e4 eri pakoista olevia kortteja voi k\u00e4ytt\u00e4\u00e4 kesken\u00e4\u00e4n. Korttien pihtaaminen toimii t\u00e4ss\u00e4 versiossa samoin kuin yhden pakan ristiseiskassa. Parhaiten t\u00e4m\u00e4 versio toimii pakoilla, joissa on samanlaiset taustat mutta erilaiset arvopuolet. T\u00e4llaisen pakan saattaa joutua tekem\u00e4\u00e4n itse.<\/p>\n\n\n\n<h3 class=\"wp-block-heading\">Jokerit mukana peliss\u00e4<\/h3>\n\n\n\n<p>Ristiseiskassa on mahdollista ottaa peliin mukaan my\u00f6s jokerit, mutta t\u00e4m\u00e4 toimii vain silloin, kun pelataan kortinpyyt\u00e4miss\u00e4\u00e4nn\u00f6ill\u00e4. Jokereilla ei siis voi pelata silloin, kun peliss\u00e4 k\u00e4ytet\u00e4\u00e4n panttis\u00e4\u00e4nt\u00f6\u00e4.<\/p>\n\n\n\n<p>Ristiseiskassa voi olla 1 tai 2 jokeria normaalien korttien lis\u00e4ksi. Jokeri voi korvata mink\u00e4 tahansa kortin, paitsi ristiseiskan. Jos pelaajalla on k\u00e4dess\u00e4\u00e4n kortti, jonka tilalla on jokeri p\u00f6yd\u00e4ll\u00e4, h\u00e4n voi vaihtaa sen ottamalla jokerin k\u00e4teens\u00e4 ja laittamalla oman korttinsa tilalle. T\u00e4m\u00e4 on mahdollista vain pelaajan omalla vuorolla, ja vain jos jokeri on edelleen n\u00e4kyviss\u00e4 p\u00f6yd\u00e4ll\u00e4 (eli seuraavaa pinon korttia ei ole pelattu sen p\u00e4\u00e4lle).<\/p>\n\n\n\n<p>Korvatun (ei risti-) seiskan voi siis vaihtaa milloin tahansa. Jos esimerkiksi jokeri korvaa ruutukympin ja ruutuj\u00e4tk\u00e4 ehtii tulla p\u00f6yt\u00e4\u00e4n ennen jokerin vaihtoa, vaihtoa ei voi en\u00e4\u00e4 tehd\u00e4. Sama koskee, kun pakka k\u00e4\u00e4nnet\u00e4\u00e4n ja jokeri korvaa \u00e4ss\u00e4n tai kuninkaan. T\u00e4ll\u00f6in jokerilla korvatusta kortista tulee &#8221;kuollut kortti&#8221;, joka ei kelpaa p\u00f6yt\u00e4\u00e4n ja j\u00e4\u00e4 viimeiselle pelaajalle asti pelatessaan pelin h\u00e4vi\u00e4j\u00e4n k\u00e4teen. Jos kaikki jokerit onnistutaan vaihtamaan takaisin pelin aikana, jokerit j\u00e4\u00e4v\u00e4t h\u00e4vi\u00e4j\u00e4n k\u00e4teen.<\/p>\n\n\n\n<h2 class=\"wp-block-heading\">Ristiseiskan s\u00e4\u00e4nt\u00f6variaatio kahdelle pelaajalle<\/h2>\n\n\n\n<p>Ristiseiska voidaan soveltaa my\u00f6s kahdelle pelaajalle. T\u00e4ss\u00e4 kahden pelaajan pelimuunnelmassa ristiseiska-kortti otetaan talteen ennen korttien jakamista ja sijoitetaan valmiiksi p\u00f6yd\u00e4lle. T\u00e4m\u00e4n j\u00e4lkeen kortit jaetaan kolmeen osaan, joista kaksi jaetaan pelaajille ja yksi j\u00e4\u00e4 umpipakaksi p\u00f6yd\u00e4lle.<\/p>\n\n\n\n<p>Peliss\u00e4 noudatetaan samankaltaisia s\u00e4\u00e4nt\u00f6j\u00e4 kuin perinteisess\u00e4 ristiseiskassa. Ainoa ero on siin\u00e4, ett\u00e4 etumies aloittaa pelin, koska ristiseiska-kortti on jo valmiiksi p\u00f6yd\u00e4ll\u00e4. Aloituskortiksi k\u00e4y siis joko risti-6 tai jokin seiskoista. Mik\u00e4li pelaaja ei kykene ly\u00f6m\u00e4\u00e4n korttia (sopivia kortteja ei ole umpipakassa tai vastapelaajalla), h\u00e4nen on nostettava kortti umpipakasta.<\/p>\n\n\n\n<h2 class=\"wp-block-heading\">Vinkkej\u00e4 Ristiseiska-pelin voittamiseen<\/h2>\n\n\n\n<ol class=\"wp-block-list\">\n<li><strong>Taktikoi erikoiskorteilla:<\/strong>&nbsp;Ristiseiska on taktinen peli, ja erikoiskorttien k\u00e4ytt\u00f6 voi ratkaista voiton. \u00c4l\u00e4 k\u00e4yt\u00e4 niit\u00e4 liian aikaisin, vaan odota sopivaa hetke\u00e4, jolloin voit hy\u00f6dynt\u00e4\u00e4 niiden voimaa parhaalla mahdollisella tavalla.<\/li>\n\n\n\n<li><strong>Pid\u00e4 silm\u00e4ll\u00e4 vastustajien kortteja:<\/strong>&nbsp;Yrit\u00e4 arvioida vastustajien k\u00e4sien sis\u00e4lt\u00f6\u00e4 ja pelitaktiikkaa. T\u00e4m\u00e4 auttaa sinua tekem\u00e4\u00e4n parempia p\u00e4\u00e4t\u00f6ksi\u00e4 ja est\u00e4m\u00e4\u00e4n vastustajien suunnitelmia. Etenkin kolmen pelaajan peliss\u00e4 saattaa olla mahdollista tehd\u00e4 p\u00e4\u00e4telmi\u00e4 muiden korteista.<\/li>\n\n\n\n<li><strong>\u00c4l\u00e4 pelaa liikaa kortteja kerralla:<\/strong>&nbsp;Vaikka pelin tavoitteena on p\u00e4\u00e4st\u00e4 eroon korteista, joskus on parempi olla k\u00e4ytt\u00e4m\u00e4tt\u00e4 mahdollisuutta jatkaa silloin, kun pinon kaataa. Liian h\u00e4t\u00e4inen pelaaminen voi johtaa ansaan ja lis\u00e4t\u00e4 k\u00e4siss\u00e4 olevien korttien m\u00e4\u00e4r\u00e4\u00e4 (tai tuoda pantin), mik\u00e4li itsell\u00e4 ei en\u00e4\u00e4 olekaan p\u00f6yt\u00e4\u00e4n sopivia kortteja.<\/li>\n\n\n\n<li><strong>Ole valmis sopeutumaan:<\/strong>&nbsp;Ristiseiska on nopeatempoinen peli, ja tilanteet voivat muuttua nopeasti. Varustaudu muuttamaan pelisuunnitelmaasi tarpeen mukaan ja hy\u00f6dynn\u00e4 joustavuuttasi pelin edetess\u00e4.<\/li>\n\n\n\n<li><strong>Harjoittele ja opi:<\/strong>&nbsp;Kuten kaikissa peleiss\u00e4, harjoittelu tekee mestarin my\u00f6s ristiseiskassa. Pelaa usein ja opi tuntemaan pelin hienovaraisuudet ja strategiat, jotka auttavat sinua voittamaan useammin.<\/li>\n<\/ol>\n\n\n\n<p>Ristiseiska on hauska ja j\u00e4nnitt\u00e4v\u00e4 korttipeli, joka tarjoaa paljon viihdett\u00e4 ja haasteita pelaajilleen. Oli kyseess\u00e4 sitten rento peli kaveriporukassa tai kisailu perheen kesken, ristiseiska on aina varma valinta. Joten ota korttipakka k\u00e4teen, kertaa&nbsp;ristiseiska s\u00e4\u00e4nn\u00f6t&nbsp;ja valmistaudu nauttimaan pelin j\u00e4nnitt\u00e4v\u00e4st\u00e4 maailmasta!<\/p>\n\n\n\n<p><\/p>\n","protected":false},"excerpt":{"rendered":"<p>Ristiseiska s\u00e4\u00e4nn\u00f6t L\u00e4hes kaikkien suomalaisten tuntema ristiseiska on yksi kaikkien aikojen suosituimmista korttipeleist\u00e4. T\u00e4m\u00e4 viihdytt\u00e4v\u00e4 peli tunnetaan tietyill\u00e4 alueilla my\u00f6s&#8230;<\/p>\n","protected":false},"author":5,"featured_media":0,"parent":1715,"menu_order":0,"comment_status":"closed","ping_status":"closed","template":"","meta":{"_acf_changed":false,"footnotes":""},"class_list":["post-5329","page","type-page","status-publish","hentry"],"acf":[],"yoast_head":"<!-- This site is optimized with the Yoast SEO plugin v27.0 - https:\/\/yoast.com\/product\/yoast-seo-wordpress\/ -->\n<title>Ristiseiska s\u00e4\u00e4nn\u00f6t - N\u00e4in pelaat suosikkikorttipeli\u00e4 - Fastercasinos.com<\/title>\n<meta name=\"description\" content=\"Ristiseiska on monissa suomalaiskodeissa pelattu viihdytt\u00e4v\u00e4 ja suosittu korttipeli. Etk\u00f6 viel\u00e4 osaa t\u00e4t\u00e4 klassikkopeli\u00e4? Tarkista ristiseiska s\u00e4\u00e4nn\u00f6t t\u00e4\u00e4lt\u00e4.\" \/>\n<meta name=\"robots\" content=\"index, follow, max-snippet:-1, max-image-preview:large, max-video-preview:-1\" \/>\n<link rel=\"canonical\" href=\"https:\/\/fastercasinos.com\/fi\/rahapelit\/ristiseiska-saannot\/\" \/>\n<meta property=\"og:locale\" content=\"fi_FI\" \/>\n<meta property=\"og:type\" content=\"article\" \/>\n<meta property=\"og:title\" content=\"Ristiseiska s\u00e4\u00e4nn\u00f6t - N\u00e4in pelaat suosikkikorttipeli\u00e4 - Fastercasinos.com\" \/>\n<meta property=\"og:description\" content=\"Ristiseiska on monissa suomalaiskodeissa pelattu viihdytt\u00e4v\u00e4 ja suosittu korttipeli. Etk\u00f6 viel\u00e4 osaa t\u00e4t\u00e4 klassikkopeli\u00e4? Tarkista ristiseiska s\u00e4\u00e4nn\u00f6t t\u00e4\u00e4lt\u00e4.\" \/>\n<meta property=\"og:url\" content=\"https:\/\/fastercasinos.com\/fi\/rahapelit\/ristiseiska-saannot\/\" \/>\n<meta property=\"og:site_name\" content=\"Faster casinos\" \/>\n<meta property=\"article:modified_time\" content=\"2024-04-08T11:14:55+00:00\" \/>\n<meta name=\"twitter:card\" content=\"summary_large_image\" \/>\n<meta name=\"twitter:label1\" content=\"Arvioitu lukuaika\" \/>\n\t<meta name=\"twitter:data1\" content=\"9 minuuttia\" \/>\n<script type=\"application\/ld+json\" class=\"yoast-schema-graph\">{\"@context\":\"https:\/\/schema.org\",\"@graph\":[{\"@type\":\"WebPage\",\"@id\":\"https:\/\/fastercasinos.com\/fi\/rahapelit\/ristiseiska-saannot\/\",\"url\":\"https:\/\/fastercasinos.com\/fi\/rahapelit\/ristiseiska-saannot\/\",\"name\":\"Ristiseiska s\u00e4\u00e4nn\u00f6t - N\u00e4in pelaat suosikkikorttipeli\u00e4 - Fastercasinos.com\",\"isPartOf\":{\"@id\":\"https:\/\/fastercasinos.com\/fi\/#website\"},\"datePublished\":\"2024-04-08T11:14:52+00:00\",\"dateModified\":\"2024-04-08T11:14:55+00:00\",\"description\":\"Ristiseiska on monissa suomalaiskodeissa pelattu viihdytt\u00e4v\u00e4 ja suosittu korttipeli. Etk\u00f6 viel\u00e4 osaa t\u00e4t\u00e4 klassikkopeli\u00e4? Tarkista ristiseiska s\u00e4\u00e4nn\u00f6t t\u00e4\u00e4lt\u00e4.\",\"breadcrumb\":{\"@id\":\"https:\/\/fastercasinos.com\/fi\/rahapelit\/ristiseiska-saannot\/#breadcrumb\"},\"inLanguage\":\"fi\",\"potentialAction\":[{\"@type\":\"ReadAction\",\"target\":[\"https:\/\/fastercasinos.com\/fi\/rahapelit\/ristiseiska-saannot\/\"]}]},{\"@type\":\"BreadcrumbList\",\"@id\":\"https:\/\/fastercasinos.com\/fi\/rahapelit\/ristiseiska-saannot\/#breadcrumb\",\"itemListElement\":[{\"@type\":\"ListItem\",\"position\":1,\"name\":\"Nopeat Kasinot\",\"item\":\"https:\/\/fastercasinos.com\/fi\/\"},{\"@type\":\"ListItem\",\"position\":2,\"name\":\"Rahapelit\",\"item\":\"https:\/\/fastercasinos.com\/fi\/rahapelit\/\"},{\"@type\":\"ListItem\",\"position\":3,\"name\":\"Ristiseiska s\u00e4\u00e4nn\u00f6t\"}]},{\"@type\":\"WebSite\",\"@id\":\"https:\/\/fastercasinos.com\/fi\/#website\",\"url\":\"https:\/\/fastercasinos.com\/fi\/\",\"name\":\"Faster casinos\",\"description\":\"Fast or nothing!\",\"publisher\":{\"@id\":\"https:\/\/fastercasinos.com\/fi\/#organization\"},\"potentialAction\":[{\"@type\":\"SearchAction\",\"target\":{\"@type\":\"EntryPoint\",\"urlTemplate\":\"https:\/\/fastercasinos.com\/fi\/?s={search_term_string}\"},\"query-input\":{\"@type\":\"PropertyValueSpecification\",\"valueRequired\":true,\"valueName\":\"search_term_string\"}}],\"inLanguage\":\"fi\"},{\"@type\":\"Organization\",\"@id\":\"https:\/\/fastercasinos.com\/fi\/#organization\",\"name\":\"Fastercasinos.com\",\"url\":\"https:\/\/fastercasinos.com\/fi\/\",\"logo\":{\"@type\":\"ImageObject\",\"inLanguage\":\"fi\",\"@id\":\"https:\/\/fastercasinos.com\/fi\/#\/schema\/logo\/image\/\",\"url\":\"https:\/\/fastercasinos.com\/wp-content\/uploads\/2022\/06\/Fastercasinos-logo.svg\",\"contentUrl\":\"https:\/\/fastercasinos.com\/wp-content\/uploads\/2022\/06\/Fastercasinos-logo.svg\",\"caption\":\"Fastercasinos.com\"},\"image\":{\"@id\":\"https:\/\/fastercasinos.com\/fi\/#\/schema\/logo\/image\/\"}}]}<\/script>\n<!-- \/ Yoast SEO plugin. -->","yoast_head_json":{"title":"Ristiseiska s\u00e4\u00e4nn\u00f6t - N\u00e4in pelaat suosikkikorttipeli\u00e4 - Fastercasinos.com","description":"Ristiseiska on monissa suomalaiskodeissa pelattu viihdytt\u00e4v\u00e4 ja suosittu korttipeli. Etk\u00f6 viel\u00e4 osaa t\u00e4t\u00e4 klassikkopeli\u00e4? Tarkista ristiseiska s\u00e4\u00e4nn\u00f6t t\u00e4\u00e4lt\u00e4.","robots":{"index":"index","follow":"follow","max-snippet":"max-snippet:-1","max-image-preview":"max-image-preview:large","max-video-preview":"max-video-preview:-1"},"canonical":"https:\/\/fastercasinos.com\/fi\/rahapelit\/ristiseiska-saannot\/","og_locale":"fi_FI","og_type":"article","og_title":"Ristiseiska s\u00e4\u00e4nn\u00f6t - N\u00e4in pelaat suosikkikorttipeli\u00e4 - Fastercasinos.com","og_description":"Ristiseiska on monissa suomalaiskodeissa pelattu viihdytt\u00e4v\u00e4 ja suosittu korttipeli. Etk\u00f6 viel\u00e4 osaa t\u00e4t\u00e4 klassikkopeli\u00e4? Tarkista ristiseiska s\u00e4\u00e4nn\u00f6t t\u00e4\u00e4lt\u00e4.","og_url":"https:\/\/fastercasinos.com\/fi\/rahapelit\/ristiseiska-saannot\/","og_site_name":"Faster casinos","article_modified_time":"2024-04-08T11:14:55+00:00","twitter_card":"summary_large_image","twitter_misc":{"Arvioitu lukuaika":"9 minuuttia"},"schema":{"@context":"https:\/\/schema.org","@graph":[{"@type":"WebPage","@id":"https:\/\/fastercasinos.com\/fi\/rahapelit\/ristiseiska-saannot\/","url":"https:\/\/fastercasinos.com\/fi\/rahapelit\/ristiseiska-saannot\/","name":"Ristiseiska s\u00e4\u00e4nn\u00f6t - N\u00e4in pelaat suosikkikorttipeli\u00e4 - Fastercasinos.com","isPartOf":{"@id":"https:\/\/fastercasinos.com\/fi\/#website"},"datePublished":"2024-04-08T11:14:52+00:00","dateModified":"2024-04-08T11:14:55+00:00","description":"Ristiseiska on monissa suomalaiskodeissa pelattu viihdytt\u00e4v\u00e4 ja suosittu korttipeli. Etk\u00f6 viel\u00e4 osaa t\u00e4t\u00e4 klassikkopeli\u00e4? Tarkista ristiseiska s\u00e4\u00e4nn\u00f6t t\u00e4\u00e4lt\u00e4.","breadcrumb":{"@id":"https:\/\/fastercasinos.com\/fi\/rahapelit\/ristiseiska-saannot\/#breadcrumb"},"inLanguage":"fi","potentialAction":[{"@type":"ReadAction","target":["https:\/\/fastercasinos.com\/fi\/rahapelit\/ristiseiska-saannot\/"]}]},{"@type":"BreadcrumbList","@id":"https:\/\/fastercasinos.com\/fi\/rahapelit\/ristiseiska-saannot\/#breadcrumb","itemListElement":[{"@type":"ListItem","position":1,"name":"Nopeat Kasinot","item":"https:\/\/fastercasinos.com\/fi\/"},{"@type":"ListItem","position":2,"name":"Rahapelit","item":"https:\/\/fastercasinos.com\/fi\/rahapelit\/"},{"@type":"ListItem","position":3,"name":"Ristiseiska s\u00e4\u00e4nn\u00f6t"}]},{"@type":"WebSite","@id":"https:\/\/fastercasinos.com\/fi\/#website","url":"https:\/\/fastercasinos.com\/fi\/","name":"Faster casinos","description":"Fast or nothing!","publisher":{"@id":"https:\/\/fastercasinos.com\/fi\/#organization"},"potentialAction":[{"@type":"SearchAction","target":{"@type":"EntryPoint","urlTemplate":"https:\/\/fastercasinos.com\/fi\/?s={search_term_string}"},"query-input":{"@type":"PropertyValueSpecification","valueRequired":true,"valueName":"search_term_string"}}],"inLanguage":"fi"},{"@type":"Organization","@id":"https:\/\/fastercasinos.com\/fi\/#organization","name":"Fastercasinos.com","url":"https:\/\/fastercasinos.com\/fi\/","logo":{"@type":"ImageObject","inLanguage":"fi","@id":"https:\/\/fastercasinos.com\/fi\/#\/schema\/logo\/image\/","url":"https:\/\/fastercasinos.com\/wp-content\/uploads\/2022\/06\/Fastercasinos-logo.svg","contentUrl":"https:\/\/fastercasinos.com\/wp-content\/uploads\/2022\/06\/Fastercasinos-logo.svg","caption":"Fastercasinos.com"},"image":{"@id":"https:\/\/fastercasinos.com\/fi\/#\/schema\/logo\/image\/"}}]}},"_links":{"self":[{"href":"https:\/\/fastercasinos.com\/fi\/wp-json\/wp\/v2\/pages\/5329","targetHints":{"allow":["GET"]}}],"collection":[{"href":"https:\/\/fastercasinos.com\/fi\/wp-json\/wp\/v2\/pages"}],"about":[{"href":"https:\/\/fastercasinos.com\/fi\/wp-json\/wp\/v2\/types\/page"}],"author":[{"embeddable":true,"href":"https:\/\/fastercasinos.com\/fi\/wp-json\/wp\/v2\/users\/5"}],"replies":[{"embeddable":true,"href":"https:\/\/fastercasinos.com\/fi\/wp-json\/wp\/v2\/comments?post=5329"}],"version-history":[{"count":1,"href":"https:\/\/fastercasinos.com\/fi\/wp-json\/wp\/v2\/pages\/5329\/revisions"}],"predecessor-version":[{"id":5330,"href":"https:\/\/fastercasinos.com\/fi\/wp-json\/wp\/v2\/pages\/5329\/revisions\/5330"}],"up":[{"embeddable":true,"href":"https:\/\/fastercasinos.com\/fi\/wp-json\/wp\/v2\/pages\/1715"}],"wp:attachment":[{"href":"https:\/\/fastercasinos.com\/fi\/wp-json\/wp\/v2\/media?parent=5329"}],"curies":[{"name":"wp","href":"https:\/\/api.w.org\/{rel}","templated":true}]}}