{"id":5846,"date":"2025-06-12T08:09:57","date_gmt":"2025-06-12T08:09:57","guid":{"rendered":"https:\/\/fastercasinos.com\/?page_id=5846"},"modified":"2025-06-12T08:10:27","modified_gmt":"2025-06-12T08:10:27","slug":"uutiset","status":"publish","type":"page","link":"https:\/\/fastercasinos.com\/fi\/uutiset\/","title":{"rendered":"Uutiset"},"content":{"rendered":"\n<h1 class=\"wp-block-heading\">Uutiset<\/h1>\n\n\n\n<p>Tarjoamme ajankohtaisia uutisia ja oppaita sek\u00e4 kasinopelien ett\u00e4 urheilun maailmasta \u2013 aina strategiavinkeist\u00e4 vastuulliseen pelaamiseen ja kertoimen analyyseihin. Olitpa sitten pelaaja, urheilufani tai utelias aloittelija, l\u00f6yd\u00e4t meilt\u00e4 kaiken tarvittavan pysy\u00e4ksesi ajan tasalla.<\/p>\n\n\n<div class=\"news-wrapper\"><div class=\"news-item stretch\">\n    <div class=\"news-item-image-wrapper\" style=\"background-image:url('https:\/\/fastercasinos.com\/wp-content\/uploads\/2025\/06\/Viktoria20Azarenka20teki20tennishistoriaa20murskavoitolla20Ranskan20avoimissa-Thu20Jun201220202520083A103A2120GMT2B000020Coordinated20Universal20Time.jpg');\"><\/div>\n    <div class=\"news-item-text-wrapper\">\n        <div class=\"news-title-wrapper\">\n            <div class=\"date\">2025-06-12<\/div>\n            <div class=\"title\">Viktoria Azarenka teki tennishistoriaa murskavoitolla Ranskan avoimissa<\/div>\n        <\/div>\n        <div class=\"excerpt\">Viktoria Azarenka teki tennishistoriaa murskavoitolla Ranskan avoimissa Jos joku luuli, ett\u00e4 Viktoria Azarenkan parhaat pelit olisivat jo mennytt\u00e4, oli Ranskan...<\/div>\n    <\/div>\n\n    <div class=\"news-item-cta-wrapper\">\n        <a href=\"https:\/\/fastercasinos.com\/fi\/uutiset\/viktoria-azarenka-teki-tennishistoriaa-murskavoitolla-ranskan-avoimissa\/\" class=\"button outline\">Lue lis\u00e4\u00e4<\/a>\n    <\/div>\n<\/div><\/div>\n","protected":false},"excerpt":{"rendered":"<p>Uutiset Tarjoamme ajankohtaisia uutisia ja oppaita sek\u00e4 kasinopelien ett\u00e4 urheilun maailmasta \u2013 aina strategiavinkeist\u00e4 vastuulliseen pelaamiseen ja kertoimen analyyseihin. Olitpa&#8230;<\/p>\n","protected":false},"author":12,"featured_media":0,"parent":0,"menu_order":0,"comment_status":"closed","ping_status":"closed","template":"","meta":{"_acf_changed":false,"footnotes":""},"class_list":["post-5846","page","type-page","status-publish","hentry"],"acf":[],"yoast_head":"<!-- This site is optimized with the Yoast SEO plugin v27.0 - https:\/\/yoast.com\/product\/yoast-seo-wordpress\/ -->\n<title>Kasinopelit ja urheilu \u2013 uutiset, oppaat &amp; vinkit - Faster casinos<\/title>\n<meta name=\"description\" content=\"Lue tuoreimmat uutiset ja oppaat kasinopelien ja urheilun maailmasta. Strategiat, vastuullinen pelaaminen ja kertoimen analyysit yhdess\u00e4 paikassa.\" \/>\n<meta name=\"robots\" content=\"index, follow, max-snippet:-1, max-image-preview:large, max-video-preview:-1\" \/>\n<link rel=\"canonical\" href=\"https:\/\/fastercasinos.com\/fi\/uutiset\/\" \/>\n<meta property=\"og:locale\" content=\"fi_FI\" \/>\n<meta property=\"og:type\" content=\"article\" \/>\n<meta property=\"og:title\" content=\"Kasinopelit ja urheilu \u2013 uutiset, oppaat &amp; vinkit - Faster casinos\" \/>\n<meta property=\"og:description\" content=\"Lue tuoreimmat uutiset ja oppaat kasinopelien ja urheilun maailmasta. Strategiat, vastuullinen pelaaminen ja kertoimen analyysit yhdess\u00e4 paikassa.\" \/>\n<meta property=\"og:url\" content=\"https:\/\/fastercasinos.com\/fi\/uutiset\/\" \/>\n<meta property=\"og:site_name\" content=\"Faster casinos\" \/>\n<meta property=\"article:modified_time\" content=\"2025-06-12T08:10:27+00:00\" \/>\n<meta name=\"twitter:card\" content=\"summary_large_image\" \/>\n<meta name=\"twitter:label1\" content=\"Arvioitu lukuaika\" \/>\n\t<meta name=\"twitter:data1\" content=\"1 minuutti\" \/>\n<script type=\"application\/ld+json\" class=\"yoast-schema-graph\">{\"@context\":\"https:\/\/schema.org\",\"@graph\":[{\"@type\":\"WebPage\",\"@id\":\"https:\/\/fastercasinos.com\/fi\/uutiset\/\",\"url\":\"https:\/\/fastercasinos.com\/fi\/uutiset\/\",\"name\":\"Kasinopelit ja urheilu \u2013 uutiset, oppaat & vinkit - Faster casinos\",\"isPartOf\":{\"@id\":\"https:\/\/fastercasinos.com\/fi\/#website\"},\"datePublished\":\"2025-06-12T08:09:57+00:00\",\"dateModified\":\"2025-06-12T08:10:27+00:00\",\"description\":\"Lue tuoreimmat uutiset ja oppaat kasinopelien ja urheilun maailmasta. Strategiat, vastuullinen pelaaminen ja kertoimen analyysit yhdess\u00e4 paikassa.\",\"breadcrumb\":{\"@id\":\"https:\/\/fastercasinos.com\/fi\/uutiset\/#breadcrumb\"},\"inLanguage\":\"fi\",\"potentialAction\":[{\"@type\":\"ReadAction\",\"target\":[\"https:\/\/fastercasinos.com\/fi\/uutiset\/\"]}]},{\"@type\":\"BreadcrumbList\",\"@id\":\"https:\/\/fastercasinos.com\/fi\/uutiset\/#breadcrumb\",\"itemListElement\":[{\"@type\":\"ListItem\",\"position\":1,\"name\":\"Nopeat Kasinot\",\"item\":\"https:\/\/fastercasinos.com\/fi\/\"},{\"@type\":\"ListItem\",\"position\":2,\"name\":\"Uutiset\"}]},{\"@type\":\"WebSite\",\"@id\":\"https:\/\/fastercasinos.com\/fi\/#website\",\"url\":\"https:\/\/fastercasinos.com\/fi\/\",\"name\":\"Faster casinos\",\"description\":\"Fast or nothing!\",\"publisher\":{\"@id\":\"https:\/\/fastercasinos.com\/fi\/#organization\"},\"potentialAction\":[{\"@type\":\"SearchAction\",\"target\":{\"@type\":\"EntryPoint\",\"urlTemplate\":\"https:\/\/fastercasinos.com\/fi\/?s={search_term_string}\"},\"query-input\":{\"@type\":\"PropertyValueSpecification\",\"valueRequired\":true,\"valueName\":\"search_term_string\"}}],\"inLanguage\":\"fi\"},{\"@type\":\"Organization\",\"@id\":\"https:\/\/fastercasinos.com\/fi\/#organization\",\"name\":\"Fastercasinos.com\",\"url\":\"https:\/\/fastercasinos.com\/fi\/\",\"logo\":{\"@type\":\"ImageObject\",\"inLanguage\":\"fi\",\"@id\":\"https:\/\/fastercasinos.com\/fi\/#\/schema\/logo\/image\/\",\"url\":\"https:\/\/fastercasinos.com\/wp-content\/uploads\/2022\/06\/Fastercasinos-logo.svg\",\"contentUrl\":\"https:\/\/fastercasinos.com\/wp-content\/uploads\/2022\/06\/Fastercasinos-logo.svg\",\"caption\":\"Fastercasinos.com\"},\"image\":{\"@id\":\"https:\/\/fastercasinos.com\/fi\/#\/schema\/logo\/image\/\"}}]}<\/script>\n<!-- \/ Yoast SEO plugin. -->","yoast_head_json":{"title":"Kasinopelit ja urheilu \u2013 uutiset, oppaat & vinkit - Faster casinos","description":"Lue tuoreimmat uutiset ja oppaat kasinopelien ja urheilun maailmasta. Strategiat, vastuullinen pelaaminen ja kertoimen analyysit yhdess\u00e4 paikassa.","robots":{"index":"index","follow":"follow","max-snippet":"max-snippet:-1","max-image-preview":"max-image-preview:large","max-video-preview":"max-video-preview:-1"},"canonical":"https:\/\/fastercasinos.com\/fi\/uutiset\/","og_locale":"fi_FI","og_type":"article","og_title":"Kasinopelit ja urheilu \u2013 uutiset, oppaat & vinkit - Faster casinos","og_description":"Lue tuoreimmat uutiset ja oppaat kasinopelien ja urheilun maailmasta. Strategiat, vastuullinen pelaaminen ja kertoimen analyysit yhdess\u00e4 paikassa.","og_url":"https:\/\/fastercasinos.com\/fi\/uutiset\/","og_site_name":"Faster casinos","article_modified_time":"2025-06-12T08:10:27+00:00","twitter_card":"summary_large_image","twitter_misc":{"Arvioitu lukuaika":"1 minuutti"},"schema":{"@context":"https:\/\/schema.org","@graph":[{"@type":"WebPage","@id":"https:\/\/fastercasinos.com\/fi\/uutiset\/","url":"https:\/\/fastercasinos.com\/fi\/uutiset\/","name":"Kasinopelit ja urheilu \u2013 uutiset, oppaat & vinkit - Faster casinos","isPartOf":{"@id":"https:\/\/fastercasinos.com\/fi\/#website"},"datePublished":"2025-06-12T08:09:57+00:00","dateModified":"2025-06-12T08:10:27+00:00","description":"Lue tuoreimmat uutiset ja oppaat kasinopelien ja urheilun maailmasta. Strategiat, vastuullinen pelaaminen ja kertoimen analyysit yhdess\u00e4 paikassa.","breadcrumb":{"@id":"https:\/\/fastercasinos.com\/fi\/uutiset\/#breadcrumb"},"inLanguage":"fi","potentialAction":[{"@type":"ReadAction","target":["https:\/\/fastercasinos.com\/fi\/uutiset\/"]}]},{"@type":"BreadcrumbList","@id":"https:\/\/fastercasinos.com\/fi\/uutiset\/#breadcrumb","itemListElement":[{"@type":"ListItem","position":1,"name":"Nopeat Kasinot","item":"https:\/\/fastercasinos.com\/fi\/"},{"@type":"ListItem","position":2,"name":"Uutiset"}]},{"@type":"WebSite","@id":"https:\/\/fastercasinos.com\/fi\/#website","url":"https:\/\/fastercasinos.com\/fi\/","name":"Faster casinos","description":"Fast or nothing!","publisher":{"@id":"https:\/\/fastercasinos.com\/fi\/#organization"},"potentialAction":[{"@type":"SearchAction","target":{"@type":"EntryPoint","urlTemplate":"https:\/\/fastercasinos.com\/fi\/?s={search_term_string}"},"query-input":{"@type":"PropertyValueSpecification","valueRequired":true,"valueName":"search_term_string"}}],"inLanguage":"fi"},{"@type":"Organization","@id":"https:\/\/fastercasinos.com\/fi\/#organization","name":"Fastercasinos.com","url":"https:\/\/fastercasinos.com\/fi\/","logo":{"@type":"ImageObject","inLanguage":"fi","@id":"https:\/\/fastercasinos.com\/fi\/#\/schema\/logo\/image\/","url":"https:\/\/fastercasinos.com\/wp-content\/uploads\/2022\/06\/Fastercasinos-logo.svg","contentUrl":"https:\/\/fastercasinos.com\/wp-content\/uploads\/2022\/06\/Fastercasinos-logo.svg","caption":"Fastercasinos.com"},"image":{"@id":"https:\/\/fastercasinos.com\/fi\/#\/schema\/logo\/image\/"}}]}},"_links":{"self":[{"href":"https:\/\/fastercasinos.com\/fi\/wp-json\/wp\/v2\/pages\/5846","targetHints":{"allow":["GET"]}}],"collection":[{"href":"https:\/\/fastercasinos.com\/fi\/wp-json\/wp\/v2\/pages"}],"about":[{"href":"https:\/\/fastercasinos.com\/fi\/wp-json\/wp\/v2\/types\/page"}],"author":[{"embeddable":true,"href":"https:\/\/fastercasinos.com\/fi\/wp-json\/wp\/v2\/users\/12"}],"replies":[{"embeddable":true,"href":"https:\/\/fastercasinos.com\/fi\/wp-json\/wp\/v2\/comments?post=5846"}],"version-history":[{"count":2,"href":"https:\/\/fastercasinos.com\/fi\/wp-json\/wp\/v2\/pages\/5846\/revisions"}],"predecessor-version":[{"id":5848,"href":"https:\/\/fastercasinos.com\/fi\/wp-json\/wp\/v2\/pages\/5846\/revisions\/5848"}],"wp:attachment":[{"href":"https:\/\/fastercasinos.com\/fi\/wp-json\/wp\/v2\/media?parent=5846"}],"curies":[{"name":"wp","href":"https:\/\/api.w.org\/{rel}","templated":true}]}}